{"id":1123,"date":"2022-05-17T14:31:29","date_gmt":"2022-05-17T17:31:29","guid":{"rendered":"https:\/\/www.ipasemar.pa.gov.br\/transparencia\/?page_id=1123"},"modified":"2026-04-30T16:54:46","modified_gmt":"2026-04-30T19:54:46","slug":"processo-de-credenciamento-de-instituicoes-para-receber-as-aplicacoes-dos-recursos","status":"publish","type":"page","link":"https:\/\/www.ipasemar.pa.gov.br\/transparencia\/processo-de-credenciamento-de-instituicoes-para-receber-as-aplicacoes-dos-recursos\/","title":{"rendered":"Processo de Credenciamento de Institui\u00e7\u00f5es para Receber as Aplica\u00e7\u00f5es dos Recursos"},"content":{"rendered":"<p>&nbsp;<\/p>\n<h5 style=\"padding-left: 40px;\"><a href=\"https:\/\/drive.google.com\/drive\/folders\/135vyimC1dMT7m9nGgSDmnZZTLII5jI_F?usp=sharing\"><span style=\"color: #ff0000;\"><strong>An\u00e1lise de Fundos de Investimentos<\/strong><\/span><\/a><\/h5>\n<ul>\n<li><a href=\"https:\/\/www.ipasemar.pa.gov.br\/transparencia\/wp-content\/uploads\/sites\/2\/2023\/02\/M-44-Manual-de-Credenciamento-Rev.00-01.pdf\"><span style=\"color: #003366;\"><strong>Manual de Credenciamento das Institui\u00e7\u00f5es (Acesse aqui)<\/strong><\/span><\/a><\/li>\n<\/ul>\n<h5><\/h5>\n<ul>\n<li><a href=\"https:\/\/drive.google.com\/file\/d\/1RZTvNTIdgfL2H_keHKoDJRDYtXTMAEuq\/view?usp=sharing\"><span style=\"color: #003366;\"><strong>Rela\u00e7\u00e3o de Entidades Credenciadas<\/strong><\/span><\/a><\/li>\n<li><strong><a href=\"https:\/\/www.ipasemar.pa.gov.br\/transparencia\/500-2\/\"><span style=\"color: #003366;\">Atas das Reuni\u00f5es do Comit\u00ea de Investimentos<\/span><\/a><\/strong><\/li>\n<\/ul>\n<h4 style=\"padding-left: 80px;\"><span style=\"color: #003366;\"><strong>2026<\/strong><\/span><\/h4>\n<ul>\n<li><a href=\"http:\/\/www.ipasemar.pa.gov.br\/transparencia\/wp-content\/uploads\/sites\/2\/2026\/04\/TERMO-DE-CREDENCIAMENTO-DISTRIBUIDOR-01-2026-CEF.pdf\"><span style=\"color: #003366;\">01\/2026-TERMO DE CREDENCIAMENTO DO DISTRIBUIDOR OU INSTITUI\u00c7\u00c3O INTEGRANTE DO SISTEMA DE DISTRIBUI\u00c7\u00c3O-<strong>CAIXA ECON\u00d4MICA FEDERAL<\/strong>;<\/span><\/a><\/li>\n<li><a href=\"http:\/\/www.ipasemar.pa.gov.br\/transparencia\/wp-content\/uploads\/sites\/2\/2026\/04\/TERMO-DE-CREDENCIAMENTO-CUSTODIANTE-02-2026-CEF.pdf\"><span style=\"color: #003366;\">02\/2026-TERMO DE CREDENCIAMENTO DE PRESTADORES DE SERVI\u00c7OS DE CUST\u00d3DIA-<strong>CAIXA ECON\u00d4MICA FEDERAL<\/strong><\/span><\/a><\/li>\n<li><a href=\"http:\/\/www.ipasemar.pa.gov.br\/transparencia\/wp-content\/uploads\/sites\/2\/2026\/04\/TERMO-DE-CREDENCIAMENTO-ADMINISTRADOR-GESTOR-03-2026-CEF.pdf\"><span style=\"color: #003366;\">03\/2026-TERMO DE AN\u00c1LISE E ATESTADO DE CREDENCIAMENTO DO ADMINISTRADOR OU GESTOR DE FUNDOS DE <strong>INVESTIMENTO-CAIXA<\/strong> ECON\u00d4MICA FEDERAL;<\/span><\/a><\/li>\n<li><a href=\"http:\/\/www.ipasemar.pa.gov.br\/transparencia\/wp-content\/uploads\/sites\/2\/2026\/04\/TERMO-DE-CREDENCIAMENTO-GESTOR-04-2026-CAIXA-DTVM.pdf\"><span style=\"color: #003366;\">04\/2026-TERMO DE AN\u00c1LISE E ATESTADO DE CREDENCIAMENTO DO ADMINISTRADOR OU GESTOR DE FUNDOS DE <strong>INVESTIMENTO-CAIXA<\/strong> DISTRIBUIDORA DE T\u00cdTULOS E VALORES MOBILI\u00c1RIOS S.A.;<\/span><\/a><\/li>\n<li><a href=\"http:\/\/www.ipasemar.pa.gov.br\/transparencia\/wp-content\/uploads\/sites\/2\/2026\/04\/TERMO-DE-CREDENCIAMENTO-EMISSOR-ATIVO-RF-05-2026-SANTANDER.pdf\"><span style=\"color: #003366;\">05\/2026-TERMO DE AN\u00c1LISE E ATESTADO DE CREDENCIAMENTO DA INSTITUI\u00c7\u00c3O FINANCEIRA BANC\u00c1RIA &#8211; APLICA\u00c7\u00c3O DIRETA EM ATIVO FINANCEIRO DE RENDA FIXA (ART. 7\u00ba, VI, RESOLU\u00c7\u00c3O CMN N\u00ba 5.272\/2025)-<strong>BANCO SANTANDER (BRASIL) S.A.;<\/strong><\/span><\/a><\/li>\n<li><a href=\"http:\/\/www.ipasemar.pa.gov.br\/transparencia\/wp-content\/uploads\/sites\/2\/2026\/04\/TERMO-DE-CREDENCIAMENTO-DISTRIBUIDOR-06-2026-SANTANDER.pdf\"><span style=\"color: #003366;\">06\/2026-TERMO DE CREDENCIAMENTO DO DISTRIBUIDOR OU INSTITUI\u00c7\u00c3O INTEGRANTE DO SISTEMA DE DISTRIBUI\u00c7\u00c3O-<strong>BANCO SANTANDER (BRASIL) S.A.<\/strong>;<\/span><\/a><\/li>\n<li><a href=\"http:\/\/www.ipasemar.pa.gov.br\/transparencia\/wp-content\/uploads\/sites\/2\/2026\/04\/TERMO-DE-CREDENCIAMENTO-GESTOR-07-2026-4UM.pdf\"><span style=\"color: #003366;\">07\/2026-TERMO DE AN\u00c1LISE E ATESTADO DE CREDENCIAMENTO DO ADMINISTRADOR OU GESTOR DE FUNDOS DE INVESTIMENTO-<strong>4UM GEST\u00c3O DE RECURSOS LTDA.<\/strong><\/span><\/a><\/li>\n<\/ul>\n<h4 style=\"padding-left: 80px;\"><span style=\"color: #003366;\">2025<\/span><\/h4>\n<ul>\n<li><a href=\"https:\/\/drive.google.com\/file\/d\/1RZVQaW_R96djqxFvj6t9Cz_HVarJ9y3C\/view?usp=sharing\"><span style=\"color: #003366;\">TERMO DE AN\u00c1LISE E ATESTADO DE CREDENCIAMENTO 02-2025 <em><strong>CAIXA &#8211; ADMINISTRADOR<\/strong><\/em><\/span><\/a><\/li>\n<li><a href=\"https:\/\/drive.google.com\/file\/d\/1PDK0lHcgkRKQDrLGvE8opvIx9h-Jkyes\/view?usp=sharing\"><span style=\"color: #003366;\">TERMO DE AN\u00c1LISE E ATESTADO DE CREDENCIAMENTO 03-2025 <em><strong>BRADESCO &#8211; ADMINISTRADOR<\/strong><\/em><\/span><\/a><\/li>\n<li><a href=\"https:\/\/drive.google.com\/file\/d\/1JjSDYjqa_R4wG-dzvIb_fOMX3vmE0jEu\/view?usp=sharing\"><span style=\"color: #003366;\">TERMO DE AN\u00c1LISE E ATESTADO DE CREDENCIAMENTO 05-2025 <strong><em>BB DTVM &#8211; ADMINISTRADOR<\/em><\/strong><\/span><\/a><\/li>\n<li><a href=\"https:\/\/drive.google.com\/file\/d\/1zbb42NiLpXVt4yzD8G5LOkyDQEVasiBE\/view?usp=sharing\"><span style=\"color: #003366;\">TERMO DE AN\u00c1LISE E ATESTADO DE CREDENCIAMENTO 06-2025 <strong><em>BEM DTVM &#8211; ADMINISTRADOR<\/em><\/strong><\/span><\/a><\/li>\n<li><a href=\"https:\/\/drive.google.com\/file\/d\/16LKJ9NQz9mu2mzGmiFvHVzu_P2D9LzqO\/view?usp=sharing\"><span style=\"color: #003366;\">TERMO DE AN\u00c1LISE E ATESTADO DE CREDENCIAMENTO 01-2025 <strong><em>CAIXA DTVM &#8211; GESTOR<\/em><\/strong><\/span><\/a><\/li>\n<li><a href=\"https:\/\/drive.google.com\/file\/d\/1PDK0lHcgkRKQDrLGvE8opvIx9h-Jkyes\/view?usp=sharing\"><span style=\"color: #003366;\">TERMO DE AN\u00c1LISE E ATESTADO DE CREDENCIAMENTO 03-2025 <strong><em>BRADESCO &#8211; GESTOR<\/em><\/strong><\/span><\/a><\/li>\n<li><a href=\"https:\/\/drive.google.com\/file\/d\/1JjSDYjqa_R4wG-dzvIb_fOMX3vmE0jEu\/view?usp=sharing\"><span style=\"color: #003366;\">TERMO DE AN\u00c1LISE E ATESTADO DE CREDENCIAMENTO 05-2025 <strong><em>BB DTVM &#8211; GESTOR<\/em><\/strong><\/span><\/a><\/li>\n<li><a href=\"https:\/\/drive.google.com\/file\/d\/1pmfyyVTuDcOS2K685Djc6n0AbKMNmsPe\/view?usp=sharing\"><span style=\"color: #003366;\">TERMO DE AN\u00c1LISE E ATESTADO DE CREDENCIAMENTO 04-2025 <strong><em>BRADESCO &#8211; DISTRIBUIDOR<\/em><\/strong><\/span><\/a><\/li>\n<li><a href=\"https:\/\/drive.google.com\/file\/d\/1ze5lgEf9Y3a4aXB5lae5z7EjzpQ-nwqC\/view?usp=sharing\"><span style=\"color: #003366;\">TERMO DE AN\u00c1LISE E ATESTADO DE CREDENCIAMENTO 07-2025 <strong><em>XP CCTVM S.A CUSTODIANTE<\/em><\/strong><\/span><\/a><\/li>\n<li><a href=\"https:\/\/drive.google.com\/file\/d\/15SbKX_AgcaGPPX38LWa2zN-rntR7-Bon\/view?usp=sharing\"><span style=\"color: #003366;\">TERMO DE AN\u00c1LISE E ATESTADO DE CREDENCIAMENTO 08-2025<strong><em> FINACAP &#8211; GESTOR<\/em><\/strong><\/span><\/a><\/li>\n<li><a href=\"https:\/\/drive.google.com\/file\/d\/1waBp7pNAdlvbHVeKH9V0p-2ZT3XbBpLW\/view?usp=sharing\"><span style=\"color: #003366;\">TERMO DE AN\u00c1LISE E ATESTADO DE CREDENCIAMENTO 09-2025 <strong><em>BB<\/em> <\/strong>&#8211; <strong><em>\u00a0CUSTODIANTE<\/em><\/strong><\/span><\/a><\/li>\n<\/ul>\n<h4 style=\"padding-left: 80px;\"><span style=\"color: #003366;\">2024<\/span><\/h4>\n<ul>\n<li><a href=\"http:\/\/www.ipasemar.pa.gov.br\/transparencia\/wp-content\/uploads\/sites\/2\/2024\/04\/TERMO-DE-CREDENCIAMENTO-DO-DISTRIBUIDOR-01-2024-CEF_compressed.pdf\"><span style=\"color: #003366;\">TERMO DE AN\u00c1LISE E ATESTADO DE CREDENCIAMENTO 01-2024 <strong><em>CAIXA DTVM<\/em><\/strong><\/span><\/a><\/li>\n<li><a href=\"http:\/\/www.ipasemar.pa.gov.br\/transparencia\/wp-content\/uploads\/sites\/2\/2024\/04\/TERMO-DE-CREDENCIAMENTO-CUSTODIANTE-02-2024-CEF_compressed.pdf\"><span style=\"color: #003366;\">TERMO DE AN\u00c1LISE E ATESTADO DE CREDENCIAMENTO 02-2024 <strong><em>CAIXA DTVM<\/em><\/strong><\/span><\/a><\/li>\n<li><a href=\"http:\/\/www.ipasemar.pa.gov.br\/transparencia\/wp-content\/uploads\/sites\/2\/2024\/04\/TERMO-DE-ANALISE-E-ATESTADO-DE-CREDENCIAMENTO-03-2024-SAFRA-SERVICOS_compressed.pdf\"><span style=\"color: #003366;\">TERMO DE AN\u00c1LISE E ATESTADO DE CREDENCIAMENTO 03-2024 <strong><em>SAFRA SERVI\u00c7OS<\/em><\/strong><\/span><\/a><\/li>\n<li><a href=\"http:\/\/www.ipasemar.pa.gov.br\/transparencia\/wp-content\/uploads\/sites\/2\/2024\/04\/TERMO-DE-ANALISE-E-ATESTADO-DE-CREDENCIAMENTO-04-2024-SAFRA-WEALTH_compressed.pdf\"><span style=\"color: #003366;\">TERMO DE AN\u00c1LISE E ATESTADO DE CREDENCIAMENTO 04-2024 <strong><em>SAFRA WEALTH<\/em><\/strong><\/span><\/a><\/li>\n<\/ul>\n<h4 style=\"padding-left: 80px;\"><span style=\"color: #003366;\">2023<\/span><\/h4>\n<ul>\n<li><a href=\"https:\/\/www.ipasemar.pa.gov.br\/transparencia\/wp-content\/uploads\/sites\/2\/2023\/03\/TERMO-DE-ANALISE-E-ATESTADO-DE-CREDENCIAMENTO-01-2023-CEF-compactado.pdf\"><span style=\"color: #003366;\">TERMO DE ANALISE E ATESTADO DE CREDENCIAMENTO 01-2023<\/span><strong><em><span style=\"color: #003366;\"> CAIXA DTVM<\/span><\/em><\/strong><\/a><\/li>\n<li><a href=\"https:\/\/drive.google.com\/file\/d\/1MkNwONsnSKQThi5lHOw2e1cw2F-ItJD_\/view?usp=share_link\"><span style=\"color: #003366;\">TERMO DE ANALISE E ATESTADO DE CREDENCIAMENTO 02-2023<\/span><strong><em><span style=\"color: #003366;\"> CAIXA DTVM<\/span><\/em><\/strong><\/a><\/li>\n<li><span style=\"color: #003366;\"><a style=\"color: #003366;\" href=\"https:\/\/www.ipasemar.pa.gov.br\/transparencia\/wp-content\/uploads\/sites\/2\/2023\/10\/TERMO-DE-ANALISE-E-ATESTADO-DE-CREDENCIAMENTO-03-2023-ITAU-ADMINISTRADOR.pdf\">TERMO DE AN\u00c1LISE E ATESTADO DE CREDENCIAMENTO 03-2023 <strong>ITA\u00da &#8211; ADMINISTRADOR<\/strong><\/a><\/span><\/li>\n<li><span style=\"color: #003366;\"><a style=\"color: #003366;\" href=\"https:\/\/www.ipasemar.pa.gov.br\/transparencia\/wp-content\/uploads\/sites\/2\/2023\/10\/TERMO-DE-ANALISE-E-ATESTADO-DE-CREDENCIAMENTO-04-2023-ITAU-ASSET-GESTOR.pdf\">TERMO DE AN\u00c1LISE E ATESTADO DE CREDENCIAMENTO 04-2023 <strong>ITA\u00da ASSET &#8211; GESTOR<\/strong><\/a><\/span><\/li>\n<li><span style=\"color: #003366;\"><a style=\"color: #003366;\" href=\"https:\/\/www.ipasemar.pa.gov.br\/transparencia\/wp-content\/uploads\/sites\/2\/2023\/10\/TERMO-DE-ANALISE-E-ATESTADO-DE-CREDENCIAMENTO-05-2023-ITAU-DISTRIBUIDOR_compressed.pdf\">TERMO DE AN\u00c1LISE E ATESTADO DE CREDENCIAMENTO 05-2023 <strong>ITA\u00da &#8211; DISTRIBUIDOR<\/strong><\/a><\/span><\/li>\n<li><a href=\"https:\/\/www.ipasemar.pa.gov.br\/transparencia\/wp-content\/uploads\/sites\/2\/2023\/10\/TERMO-DE-ANALISE-E-ATESTADO-DE-CREDENCIAMENTO-06-2023-BB-DTVM-ADMINISTRADOR-E-GESTOR_compressed.pdf\"><span style=\"color: #003366;\">TERMO DE AN\u00c1LISE E ATESTADO DE CREDENCIAMENTO 06-2023 <\/span><strong><span style=\"color: #003366;\">BB DTVM &#8211; ADMINISTRADOR E GESTOR<\/span><\/strong><\/a><\/li>\n<\/ul>\n<h4 style=\"padding-left: 80px;\"><span style=\"color: #003366;\">2022<\/span><\/h4>\n<ul>\n<li><span style=\"color: #003366;\"><a style=\"color: #003366;\" href=\"https:\/\/drive.google.com\/file\/d\/1BVfxDOHw5eBHfyQTwDnFvJtbMj115lRo\/view?usp=sharing\">TERMO DE ANALISE E ATESTADO DE CREDENCIAMENTO 01-2022 <strong>CEF<\/strong><\/a><\/span><\/li>\n<li><span style=\"color: #003366;\"><a style=\"color: #003366;\" href=\"https:\/\/drive.google.com\/file\/d\/1qENIot-13yw5h842wYoDtQr5nU7SK408\/view?usp=sharing\">TERMO DE ANALISE E ATESTADO DE CREDENCIAMENTO 02-2022 <strong>CAIXA DTVM<\/strong><\/a><\/span><\/li>\n<li><span style=\"color: #003366;\"><a style=\"color: #003366;\" href=\"https:\/\/drive.google.com\/file\/d\/13J2Pxtqf7utBjS9al8HHILK_erwvdaKU\/view?usp=sharing\">TERMO DE ANALISE E ATESTADO DE CREDENCIAMENTO 03-2022 <strong>XP INVESTIMENTO CCTVM<\/strong><\/a><\/span><\/li>\n<li><a href=\"https:\/\/drive.google.com\/file\/d\/1BN94SYV4UN7WWgzWn9HAJ3J9Z0QfZY-J\/view?usp=sharing\"><span style=\"color: #333333;\"><span style=\"color: #003366;\">TERMO DE ANALISE E ATESTADO DE CREDENCIAMENTO 04-2022 <strong>BB DTVM<\/strong><\/span><\/span><\/a><\/li>\n<li><span style=\"color: #003366;\"><a style=\"color: #003366;\" href=\"https:\/\/www.ipasemar.pa.gov.br\/transparencia\/wp-content\/uploads\/sites\/2\/2023\/10\/TERMO-DE-ANALISE-E-ATESTADO-DE-CREDENCIAMENTO-05-2022-SANTANDER-BRASIL-GESTAO-DE-RECURSOS-GESTOR.pdf\">TERMO DE ANALISE E ATESTADO DE CREDENCIAMENTO 05\/2022 <strong>SANTANDER BRASIL &#8211; GESTOR<\/strong><\/a><\/span><\/li>\n<li><a href=\"https:\/\/www.ipasemar.pa.gov.br\/transparencia\/wp-content\/uploads\/sites\/2\/2023\/10\/TERMO-DE-ANALISE-E-ATESTADO-DE-CREDENCIAMENTO-06-2022-BANCO-SANTANDER-SA-ADMINISTRADOR.pdf\"><span style=\"color: #003366;\">TERMO DE ANALISE E ATESTADO DE CREDENCIAMENTO 06\/2022 <\/span><strong><span style=\"color: #003366;\">BANCO SANTANDER SA &#8211; ADMINISTRADOR<\/span><\/strong><\/a><\/li>\n<\/ul>\n<h4 style=\"padding-left: 80px;\"><span style=\"color: #003366;\">2021<\/span><\/h4>\n<ul>\n<li><a href=\"https:\/\/drive.google.com\/file\/d\/1YM_fvUsRK86RSEN3pYhMxd4f31GulYcZ\/view?usp=sharing\"><span style=\"color: #003366;\">TERMO DE ANALISE E ATESTADO DE CREDENCIAMENTO 01-2021 <em><strong>BANCO BRADESCO<\/strong><\/em><\/span><\/a><\/li>\n<li><span style=\"color: #003366;\"><a style=\"color: #003366;\" href=\"https:\/\/drive.google.com\/file\/d\/1WUt7BMCr5hRZmJ1In3gBq2YLm_VeKXvU\/view?usp=sharing\">TERMO DE ANALISE E ATESTADO DE CREDENCIAMENTO 02-2021 <em><strong>XP INVESTIMENTOS CCTVM<\/strong><\/em><\/a><\/span><\/li>\n<li><span style=\"color: #003366;\"><a style=\"color: #003366;\" href=\"https:\/\/drive.google.com\/file\/d\/1HY-4V1Ns56YUf5I4LhfOk0FdqV5b65gK\/view?usp=sharing\">TERMO DE ANALISE E ATESTADO DE CREDENCIAMENTO 03-2021 <em><strong>SANTANDER BRASIL GESTAO DE RECURSOS<\/strong><\/em><\/a><\/span><\/li>\n<li><span style=\"color: #003366;\"><a style=\"color: #003366;\" href=\"https:\/\/drive.google.com\/file\/d\/10fi_9UBxiFkfI18_jtWk3gCXiIsoyl9Q\/view?usp=sharing\">TERMO DE ANALISE E ATESTADO DE CREDENCIAMENTO 04-2021<em><strong> BB DTVM<\/strong><\/em><\/a><\/span><\/li>\n<li><span style=\"color: #003366;\"><a style=\"color: #003366;\" href=\"https:\/\/drive.google.com\/file\/d\/1IsD4X1HkHGYvfuvfjxVheNzF333TRVYv\/view?usp=sharing\">TERMO DE ANALISE E ATESTADO DE CREDENCIAMENTO 05-2021 <em><strong>BANCO SANTANDER<\/strong><\/em><\/a><\/span><\/li>\n<li><span style=\"color: #003366;\"><a style=\"color: #003366;\" href=\"https:\/\/drive.google.com\/file\/d\/1fm1vHKxG1ufheXrYSsNpmRlb80dMN-c6\/view?usp=sharing\">TERMO DE ANALISE E ATESTADO DE CREDENCIAMENTO 06-2021 <em><strong>VOTORANTIM ASSET MANAGEMENT DTVM LTDA<\/strong><\/em><\/a><\/span><\/li>\n<li><span style=\"color: #003366;\"><a style=\"color: #003366;\" href=\"https:\/\/drive.google.com\/file\/d\/1xZI5LnQ2dnMqyyQOUck8uFE9TLdnye0s\/view?usp=sharing\">TERMO DE ANALISE E ATESTADO DE CREDENCIAMENTO 07-2021 <em><strong>BEM DTVM LTDA<\/strong><\/em><\/a><\/span><\/li>\n<li><span style=\"color: #003366;\"><a style=\"color: #003366;\" href=\"https:\/\/drive.google.com\/file\/d\/1ZrYFVFpkrxt6qqRZ5f1KsmrUdyi1ypez\/view?usp=sharing\">TERMO DE ANALISE E ATESTADO DE CREDENCIAMENTO 08-2021 <strong><em>ITAU DTVM S.A.<\/em><\/strong><\/a><\/span><\/li>\n<li><span style=\"color: #003366;\"><a style=\"color: #003366;\" href=\"https:\/\/drive.google.com\/file\/d\/1UVnT_w1BGiwQPmhcsPCDJRmQn_oHrmAI\/view?usp=sharing\">TERMO DE ANALISE E ATESTADO DE CREDENCIAMENTO 09-2021 <em><strong>CONFEDERACAO SICREDI<\/strong><\/em><\/a><\/span><\/li>\n<li><span style=\"color: #003366;\"><a style=\"color: #003366;\" href=\"https:\/\/drive.google.com\/file\/d\/1UdHY1xKI3w5jmlN_pc_qUG4fWt7ibcrq\/view?usp=sharing\">TERMO DE ANALISE E ATESTADO DE CREDENCIAMENTO 10-2021 <strong><em>BANCO COOPERATIVO SICREDI<\/em><\/strong><\/a><\/span><\/li>\n<\/ul>\n<h5 style=\"padding-left: 80px;\"><\/h5>\n<ul>\n<li style=\"list-style-type: none;\">\n<ul>\n<li><span style=\"color: #003366;\"><strong>Atas que aprovaram os Termos de Credenciamento.<br \/>\n<\/strong><\/span><\/li>\n<\/ul>\n<\/li>\n<\/ul>\n<h4 style=\"padding-left: 80px;\"><span style=\"color: #003366;\">2024<\/span><\/h4>\n<p style=\"padding-left: 80px;\"><span style=\"color: #003366;\">Ata do Conselho de Administra\u00e7\u00e3o do Ipasemar &#8211; CAI<\/span><\/p>\n<ul>\n<li style=\"list-style-type: none;\">\n<ul>\n<li style=\"list-style-type: none;\">\n<ul>\n<li style=\"list-style-type: none;\">\n<ul>\n<li><a href=\"https:\/\/drive.google.com\/file\/d\/10_H3dvBTDwkbKnRdsDCCtVz70TkytF-g\/view?usp=sharing\"><span style=\"color: #003366;\">ATA 03\/2024<\/span><\/a><\/li>\n<\/ul>\n<\/li>\n<\/ul>\n<\/li>\n<\/ul>\n<\/li>\n<\/ul>\n<p style=\"padding-left: 80px;\"><span style=\"color: #003366;\">Ata do Comit\u00ea de Investimentos do Ipasemar &#8211; COINVEST<\/span><\/p>\n<ul>\n<li style=\"list-style-type: none;\">\n<ul>\n<li style=\"list-style-type: none;\">\n<ul>\n<li style=\"list-style-type: none;\">\n<ul>\n<li><a href=\"https:\/\/drive.google.com\/file\/d\/1FJboMzb7js8ie0pVSRWvN_Nse6mkfKUc\/view?usp=sharing\"><span style=\"color: #003366;\">ATA 03\/2024<\/span><\/a><\/li>\n<\/ul>\n<\/li>\n<\/ul>\n<\/li>\n<\/ul>\n<\/li>\n<\/ul>\n<h4 style=\"padding-left: 80px;\"><span style=\"color: #003366;\">2023<\/span><\/h4>\n<p style=\"padding-left: 80px;\"><span style=\"color: #003366;\">Ata do Conselho de Administra\u00e7\u00e3o do Ipasemar- CAI<\/span><\/p>\n<ul>\n<li style=\"list-style-type: none;\">\n<ul>\n<li style=\"list-style-type: none;\">\n<ul>\n<li style=\"list-style-type: none;\">\n<ul>\n<li><a href=\"https:\/\/drive.google.com\/file\/d\/1kUoG19hXznezUZQ8UE3paufOW227-d2i\/view?usp=share_link\"><span style=\"color: #003366;\">ATA 02\/2023<\/span><\/a><\/li>\n<\/ul>\n<\/li>\n<\/ul>\n<\/li>\n<\/ul>\n<\/li>\n<\/ul>\n<p style=\"padding-left: 80px;\"><span style=\"color: #003366;\">Ata do Comit\u00ea de Investimentos do Ipasemar &#8211; COINVEST<\/span><\/p>\n<ul>\n<li style=\"list-style-type: none;\">\n<ul>\n<li style=\"list-style-type: none;\">\n<ul>\n<li style=\"list-style-type: none;\">\n<ul>\n<li><a href=\"https:\/\/drive.google.com\/file\/d\/1kUoG19hXznezUZQ8UE3paufOW227-d2i\/view?usp=share_link\"><span style=\"color: #003366;\">ATA 02\/2023<\/span><\/a><\/li>\n<\/ul>\n<\/li>\n<\/ul>\n<\/li>\n<\/ul>\n<\/li>\n<\/ul>\n<h4 style=\"padding-left: 80px;\"><span style=\"color: #003366;\">2022<\/span><\/h4>\n<p style=\"padding-left: 80px;\"><span style=\"color: #003366;\">Atas do Conselho de Administra\u00e7\u00e3o do Ipasemar- CAI<\/span><\/p>\n<ul>\n<li style=\"list-style-type: none;\">\n<ul>\n<li style=\"list-style-type: none;\">\n<ul>\n<li style=\"list-style-type: none;\">\n<ul>\n<li><span style=\"color: #003366;\"><a style=\"color: #003366;\" href=\"https:\/\/drive.google.com\/file\/d\/1ckdK16K3Tj5lyu--cYVvtc4QJNA-ifsp\/view?usp=sharing\">ATA 05\/2022<\/a><\/span><\/li>\n<li><span style=\"color: #003366;\"><a style=\"color: #003366;\" href=\"https:\/\/drive.google.com\/file\/d\/1mOPtiwYoeNh-vmv0_Vep4HPFOPzCTvA2\/view?usp=sharing\">ATA 02\/2022<\/a><\/span><\/li>\n<\/ul>\n<\/li>\n<\/ul>\n<\/li>\n<\/ul>\n<\/li>\n<\/ul>\n<p style=\"padding-left: 80px;\"><span style=\"color: #003366;\">Atas do Comit\u00ea de Investimentos do Ipasemar &#8211; COINVEST<\/span><\/p>\n<ul>\n<li style=\"list-style-type: none;\">\n<ul>\n<li style=\"list-style-type: none;\">\n<ul>\n<li style=\"list-style-type: none;\">\n<ul>\n<li><span style=\"color: #003366;\"><a style=\"color: #003366;\" href=\"https:\/\/drive.google.com\/file\/d\/1NdWUqHDq7FJl4HTvMbd7vfgwp5Vlx47G\/view?usp=sharing\">ATA 07\/2022<\/a><\/span><\/li>\n<li><span style=\"color: #003366;\"><a style=\"color: #003366;\" href=\"https:\/\/drive.google.com\/file\/d\/1-Uv0-Q7jfQ4KydxsLYRLhZlIuWnUTkJF\/view?usp=sharing\">ATA 03\/2022<\/a><\/span><\/li>\n<\/ul>\n<\/li>\n<\/ul>\n<\/li>\n<\/ul>\n<\/li>\n<\/ul>\n<h4 style=\"padding-left: 80px;\"><span style=\"color: #003366;\">2021<\/span><\/h4>\n<p style=\"padding-left: 80px;\"><span style=\"color: #003366;\">Atas do Conselho de Administra\u00e7\u00e3o do Ipasemar- CAI<\/span><\/p>\n<ul>\n<li style=\"list-style-type: none;\">\n<ul>\n<li style=\"list-style-type: none;\">\n<ul>\n<li style=\"list-style-type: none;\">\n<ul>\n<li><span style=\"color: #003366;\"><a style=\"color: #003366;\" href=\"https:\/\/drive.google.com\/file\/d\/1gS8A3FhTfUyv_sOnm5JnzlIm_z4LGtXb\/view?usp=sharing\">ATA 08\/2021<\/a><\/span><\/li>\n<li><span style=\"color: #003366;\"><a style=\"color: #003366;\" href=\"https:\/\/drive.google.com\/file\/d\/1fsOsX4Q0iWovgBKSu2yyeuxH_X3Cym1o\/view?usp=sharing\">ATA 06\/2021 &#8211; ORDIN\u00c1RIA<\/a><\/span><\/li>\n<\/ul>\n<\/li>\n<\/ul>\n<\/li>\n<\/ul>\n<\/li>\n<\/ul>\n<p style=\"padding-left: 80px;\"><span style=\"color: #003366;\">Atas do Comit\u00ea de Investimentos do Ipasemar &#8211; COINVEST<\/span><\/p>\n<ul>\n<li style=\"list-style-type: none;\">\n<ul>\n<li style=\"list-style-type: none;\">\n<ul>\n<li style=\"list-style-type: none;\">\n<ul>\n<li><span style=\"color: #003366;\"><a style=\"color: #003366;\" href=\"https:\/\/drive.google.com\/file\/d\/1oSKFPwLUoEgGlnguGu_C_1lIVsF-5pu3\/view?usp=sharing\">ATA 08\/2021<\/a><\/span><\/li>\n<li><span style=\"color: #003366;\"><a style=\"color: #003366;\" href=\"https:\/\/drive.google.com\/file\/d\/1fJWurN5QaulNmqbdQyUxCFu_LLw39cf2\/view?usp=sharing\">ATA 07\/2021<\/a><\/span><\/li>\n<li><a href=\"https:\/\/drive.google.com\/file\/d\/1uLKhCXS2T36jeX43A9B8JVz084dxbX6i\/view?usp=sharing\"><span style=\"color: #333333;\"><span style=\"color: #003366;\">ATA 06\/2021 E PARECER<\/span><\/span><\/a><\/li>\n<\/ul>\n<\/li>\n<\/ul>\n<\/li>\n<\/ul>\n<\/li>\n<\/ul>\n<p>&nbsp;<\/p>\n","protected":false},"excerpt":{"rendered":"<p>&nbsp; An\u00e1lise de Fundos de Investimentos Manual de Credenciamento das Institui\u00e7\u00f5es (Acesse aqui) Rela\u00e7\u00e3o de Entidades Credenciadas Atas das Reuni\u00f5es do Comit\u00ea de Investimentos 2026 01\/2026-TERMO DE CREDENCIAMENTO DO DISTRIBUIDOR OU INSTITUI\u00c7\u00c3O INTEGRANTE DO SISTEMA DE DISTRIBUI\u00c7\u00c3O-CAIXA ECON\u00d4MICA FEDERAL; 02\/2026-TERMO DE CREDENCIAMENTO DE PRESTADORES DE SERVI\u00c7OS DE CUST\u00d3DIA-CAIXA ECON\u00d4MICA FEDERAL 03\/2026-TERMO DE AN\u00c1LISE E ATESTADO [&hellip;]<\/p>\n","protected":false},"author":3,"featured_media":0,"parent":0,"menu_order":0,"comment_status":"closed","ping_status":"closed","template":"","meta":{"footnotes":""},"class_list":["post-1123","page","type-page","status-publish","hentry"],"_links":{"self":[{"href":"https:\/\/www.ipasemar.pa.gov.br\/transparencia\/wp-json\/wp\/v2\/pages\/1123","targetHints":{"allow":["GET"]}}],"collection":[{"href":"https:\/\/www.ipasemar.pa.gov.br\/transparencia\/wp-json\/wp\/v2\/pages"}],"about":[{"href":"https:\/\/www.ipasemar.pa.gov.br\/transparencia\/wp-json\/wp\/v2\/types\/page"}],"author":[{"embeddable":true,"href":"https:\/\/www.ipasemar.pa.gov.br\/transparencia\/wp-json\/wp\/v2\/users\/3"}],"replies":[{"embeddable":true,"href":"https:\/\/www.ipasemar.pa.gov.br\/transparencia\/wp-json\/wp\/v2\/comments?post=1123"}],"version-history":[{"count":41,"href":"https:\/\/www.ipasemar.pa.gov.br\/transparencia\/wp-json\/wp\/v2\/pages\/1123\/revisions"}],"predecessor-version":[{"id":4221,"href":"https:\/\/www.ipasemar.pa.gov.br\/transparencia\/wp-json\/wp\/v2\/pages\/1123\/revisions\/4221"}],"wp:attachment":[{"href":"https:\/\/www.ipasemar.pa.gov.br\/transparencia\/wp-json\/wp\/v2\/media?parent=1123"}],"curies":[{"name":"wp","href":"https:\/\/api.w.org\/{rel}","templated":true}]}}