{"id":1249,"date":"2022-06-09T09:12:13","date_gmt":"2022-06-09T12:12:13","guid":{"rendered":"https:\/\/www.ipasemar.pa.gov.br\/transparencia\/?page_id=1249"},"modified":"2026-04-06T10:21:19","modified_gmt":"2026-04-06T13:21:19","slug":"atas-conselho-fiscal","status":"publish","type":"page","link":"https:\/\/www.ipasemar.pa.gov.br\/transparencia\/atas-conselho-fiscal\/","title":{"rendered":"Atas Conselho Fiscal"},"content":{"rendered":"<div class=\"wpb-content-wrapper\"><div class=\"vc_row wpb_row vc_row-fluid\"><div class=\"wpb_column vc_column_container vc_col-sm-2\"><div class=\"vc_column-inner\"><div class=\"wpb_wrapper\">\n\t<div class=\"wpb_text_column wpb_content_element\" >\n\t\t<div class=\"wpb_wrapper\">\n\t\t\t<h5><span style=\"color: #003366;\">2021<\/span><\/h5>\n<ul>\n<li><span style=\"color: #003366;\"><a style=\"color: #003366;\" href=\"https:\/\/www.ipasemar.pa.gov.br\/wp-content\/uploads\/2022\/06\/ata-001-2021-conselho-fiscal_000929.pdf\">Janeiro<\/a><\/span><\/li>\n<li><span style=\"color: #003366;\"><a style=\"color: #003366;\" href=\"https:\/\/www.ipasemar.pa.gov.br\/wp-content\/uploads\/2022\/06\/ATA-02-2021-ORDINARIA-CONSELHO-FISCAL.pdf\">Fevereiro<\/a><\/span><\/li>\n<li><span style=\"color: #003366;\"><a style=\"color: #003366;\" href=\"https:\/\/www.ipasemar.pa.gov.br\/wp-content\/uploads\/2022\/06\/ata-03-2021-conselho-fiscal_000957.pdf\">Mar\u00e7o<\/a><\/span><\/li>\n<li><span style=\"color: #003366;\"><a style=\"color: #003366;\" href=\"https:\/\/www.ipasemar.pa.gov.br\/wp-content\/uploads\/2022\/06\/ATA-04-2021-23-04-2021-CONFISC.pdf\">Abril<\/a><\/span><\/li>\n<li><span style=\"color: #003366;\"><a style=\"color: #003366;\" href=\"https:\/\/www.ipasemar.pa.gov.br\/wp-content\/uploads\/2022\/06\/ATA-05-2021-ORDINARIA-CONSELHO-FISCAL.pdf\">Maio<\/a><\/span><\/li>\n<li><span style=\"color: #003366;\"><a style=\"color: #003366;\" href=\"https:\/\/www.ipasemar.pa.gov.br\/wp-content\/uploads\/2022\/06\/ATA-06-2021-CONFISC_000997extraordinaria.pdf\">Maio (Extraordin\u00e1ria)<\/a><\/span><\/li>\n<li><span style=\"color: #003366;\"><a style=\"color: #003366;\" href=\"https:\/\/www.ipasemar.pa.gov.br\/wp-content\/uploads\/2022\/06\/ata-07-2021-conselho-fiscal_001009junho.pdf\">Junho<\/a><\/span><\/li>\n<li><span style=\"color: #003366;\"><a style=\"color: #003366;\" href=\"https:\/\/www.ipasemar.pa.gov.br\/wp-content\/uploads\/2022\/06\/ATA-08-2021-CONFISCjulho.pdf\">Julho<\/a><\/span><\/li>\n<li><span style=\"color: #003366;\"><a style=\"color: #003366;\" href=\"https:\/\/www.ipasemar.pa.gov.br\/wp-content\/uploads\/2022\/06\/ATA-09-2021-CONSELHO-FISCAL-_001047agosto.pdf\">Agosto<\/a><\/span><\/li>\n<li><span style=\"color: #003366;\"><a style=\"color: #003366;\" href=\"https:\/\/www.ipasemar.pa.gov.br\/wp-content\/uploads\/2022\/06\/ata-10-2021-conselho-fiscal_001058.pdf\">Setembro<\/a><\/span><\/li>\n<li><span style=\"color: #003366;\"><a style=\"color: #003366;\" href=\"https:\/\/www.ipasemar.pa.gov.br\/wp-content\/uploads\/2022\/06\/ata-11-2021-conselho-de-fiscal_001096.pdf\">Outubro<\/a><\/span><\/li>\n<li><span style=\"color: #003366;\"><a style=\"color: #003366;\" href=\"https:\/\/www.ipasemar.pa.gov.br\/wp-content\/uploads\/2022\/06\/ATA-12-2021.pdf\">Novembro<\/a><\/span><\/li>\n<li><span style=\"color: #003366;\">Dezembro (N\u00e3o houve reuni\u00e3o)<br \/>\n<\/span><\/li>\n<\/ul>\n\n\t\t<\/div>\n\t<\/div>\n<\/div><\/div><\/div><div class=\"wpb_column vc_column_container vc_col-sm-2\"><div class=\"vc_column-inner\"><div class=\"wpb_wrapper\">\n\t<div class=\"wpb_text_column wpb_content_element\" >\n\t\t<div class=\"wpb_wrapper\">\n\t\t\t<h5><span style=\"color: #003366;\">2022<\/span><\/h5>\n<ul>\n<li><span style=\"color: #003366;\"><a style=\"color: #003366;\" href=\"https:\/\/www.ipasemar.pa.gov.br\/transparencia\/wp-content\/uploads\/sites\/2\/2022\/06\/Ata-01-2022-ConFisc.pdf\">Janeiro<\/a><\/span><\/li>\n<li><span style=\"color: #003366;\"><a style=\"color: #003366;\" href=\"https:\/\/www.ipasemar.pa.gov.br\/transparencia\/wp-content\/uploads\/sites\/2\/2022\/06\/ata-002-20022-conselho-fiscal_001165.pdf\">Fevereiro<\/a><\/span><\/li>\n<li><span style=\"color: #003366;\"><a style=\"color: #003366;\" href=\"https:\/\/www.ipasemar.pa.gov.br\/transparencia\/wp-content\/uploads\/sites\/2\/2022\/06\/ata-003-2022conselho-fiscal_001173.pdf\">Mar\u00e7o<\/a><\/span><\/li>\n<li><span style=\"color: #003366;\"><a style=\"color: #003366;\" href=\"https:\/\/www.ipasemar.pa.gov.br\/transparencia\/wp-content\/uploads\/sites\/2\/2022\/06\/Ata-004-2022-conselho-fiscal_001178.pdf\">Abril<\/a><\/span><\/li>\n<li><span style=\"color: #003366;\"><a style=\"color: #003366;\" href=\"https:\/\/www.ipasemar.pa.gov.br\/transparencia\/wp-content\/uploads\/sites\/2\/2022\/06\/ata-005-2022-conselho-fiscal_001198.pdf\">Maio<\/a><\/span><\/li>\n<li><span style=\"color: #003366;\"><a style=\"color: #003366;\" href=\"https:\/\/www.ipasemar.pa.gov.br\/wp-content\/uploads\/2022\/08\/ata-005-2022-conselho-fiscal_001198.pdf\">Junho<\/a><\/span><\/li>\n<li><span style=\"color: #003366;\"><a style=\"color: #003366;\" href=\"https:\/\/www.ipasemar.pa.gov.br\/wp-content\/uploads\/2022\/08\/ATA-006-2022-CONSELHO-FISCAL_001223.pdf\">Julho<\/a><\/span><\/li>\n<li><span style=\"color: #333399;\"><a style=\"color: #333399;\" href=\"https:\/\/drive.google.com\/file\/d\/1f5JT5XYmuIickCxuZUZWfPH89XqS9Hc7\/view?usp=sharing\"><span style=\"color: #003366;\">Setembro<\/span><\/a><\/span><\/li>\n<\/ul>\n<p style=\"padding-left: 40px;\"><span style=\"color: #ff0000;\">\u00a0<\/span><\/p>\n\n\t\t<\/div>\n\t<\/div>\n<\/div><\/div><\/div><div class=\"wpb_column vc_column_container vc_col-sm-2\"><div class=\"vc_column-inner\"><div class=\"wpb_wrapper\">\n\t<div class=\"wpb_text_column wpb_content_element\" >\n\t\t<div class=\"wpb_wrapper\">\n\t\t\t<h5><span style=\"color: #003366;\">2023<\/span><\/h5>\n<ul>\n<li><span style=\"color: #003366;\"><a style=\"color: #003366;\" href=\"https:\/\/drive.google.com\/file\/d\/1dX3UsZAq-Kg7wOJIFjSqXgvCDi7EPcV0\/view?usp=share_link\">Janeiro<\/a><\/span><\/li>\n<li><span style=\"color: #003366;\"><a style=\"color: #003366;\" href=\"https:\/\/www.ipasemar.pa.gov.br\/transparencia\/wp-content\/uploads\/sites\/2\/2023\/05\/ATA-ORDINARIA-02-2023-CONFISC.pdf\">Maio<\/a><\/span><\/li>\n<li><span style=\"color: #003366;\"><a style=\"color: #003366;\" href=\"https:\/\/www.ipasemar.pa.gov.br\/transparencia\/wp-content\/uploads\/sites\/2\/2023\/05\/ATA-EXTRAORDINARIA-03-2023-CONFISC.pdf\">Maio (Extraordin\u00e1ria)<\/a><\/span><\/li>\n<li><span style=\"color: #333399;\"><a style=\"color: #333399;\" href=\"https:\/\/www.ipasemar.pa.gov.br\/transparencia\/wp-content\/uploads\/sites\/2\/2023\/10\/BRN3C2AF45522C4_239927.pdf\"><span style=\"color: #003366;\">Setembro<\/span><\/a><\/span><\/li>\n<\/ul>\n\n\t\t<\/div>\n\t<\/div>\n<\/div><\/div><\/div><div class=\"wpb_column vc_column_container vc_col-sm-2\"><div class=\"vc_column-inner\"><div class=\"wpb_wrapper\">\n\t<div class=\"wpb_text_column wpb_content_element\" >\n\t\t<div class=\"wpb_wrapper\">\n\t\t\t<h5><span style=\"color: #003366;\">2024<\/span><\/h5>\n<ul>\n<li><span style=\"color: #003366;\"><a style=\"color: #003366;\" href=\"http:\/\/www.ipasemar.pa.gov.br\/transparencia\/wp-content\/uploads\/sites\/2\/2024\/02\/ATA-01-2024-CONFISC.pdf\">Janeiro<\/a><\/span><\/li>\n<li><span style=\"color: #333399;\"><a style=\"color: #333399;\" href=\"http:\/\/www.ipasemar.pa.gov.br\/transparencia\/wp-content\/uploads\/sites\/2\/2024\/02\/ATA-02-2024-CONFISC.pdf\"><span style=\"color: #003366;\">Janeiro (Extraordin\u00e1ria)<\/span><\/a><\/span><\/li>\n<li><span style=\"color: #003366;\"><a style=\"color: #003366;\" href=\"https:\/\/www.ipasemar.pa.gov.br\/wp-content\/uploads\/2024\/06\/ata-ordinaria-conselho-fiscal-compactado.pdf\">Maio<\/a><\/span><\/li>\n<li><a href=\"http:\/\/www.ipasemar.pa.gov.br\/transparencia\/wp-content\/uploads\/sites\/2\/2024\/06\/ata-extraordinaria-conselho-fiscal.pdf\"><span style=\"color: #003366;\">Junho (Extraordin\u00e1ria)<\/span><\/a><\/li>\n<li><span style=\"color: #003366;\"><a style=\"color: #003366;\" href=\"http:\/\/www.ipasemar.pa.gov.br\/transparencia\/wp-content\/uploads\/sites\/2\/2024\/10\/ATA-5.pdf\">Setembro<\/a><\/span><\/li>\n<li><span style=\"color: #003366;\"><a style=\"color: #003366;\" href=\"http:\/\/www.ipasemar.pa.gov.br\/transparencia\/wp-content\/uploads\/sites\/2\/2024\/10\/ATA_06-2024_CONFISC_compressed.pdf\">Setembro (Ordin\u00e1ria)<\/a><\/span><\/li>\n<li><span style=\"color: #003366;\"><a style=\"color: #003366;\" href=\"http:\/\/www.ipasemar.pa.gov.br\/transparencia\/wp-content\/uploads\/sites\/2\/2024\/10\/ATA_07-2024_CONFISC_compressed.pdf\">Setembro (Ordin\u00e1ria)<\/a><\/span><\/li>\n<\/ul>\n<p style=\"padding-left: 40px;\"><span style=\"color: #ff0000;\">\u00a0<\/span><\/p>\n\n\t\t<\/div>\n\t<\/div>\n<\/div><\/div><\/div><div class=\"wpb_column vc_column_container vc_col-sm-2\"><div class=\"vc_column-inner\"><div class=\"wpb_wrapper\">\n\t<div class=\"wpb_text_column wpb_content_element\" >\n\t\t<div class=\"wpb_wrapper\">\n\t\t\t<h5><span style=\"color: #003366;\">2025<\/span><\/h5>\n<ul>\n<li><a href=\"https:\/\/drive.google.com\/file\/d\/1pfJfbp-kq2z8hsOZfUs_wkPdvfBZITJ_\/view?usp=sharing\"><span style=\"color: #003366;\">Janeiro<\/span><\/a><\/li>\n<li><a href=\"http:\/\/www.ipasemar.pa.gov.br\/transparencia\/wp-content\/uploads\/sites\/2\/2025\/06\/ATA_02_2024_ORDINARIA_-_CONSELHO_FISCAL_assinado_assinado_assinado.pdf\"><span style=\"color: #003366;\">Maio<\/span><\/a><\/li>\n<li><a href=\"http:\/\/www.ipasemar.pa.gov.br\/transparencia\/wp-content\/uploads\/sites\/2\/2025\/10\/SEI_1103095_Ata_de_Reuniao-3.pdf\"><span style=\"color: #003366;\">Outubro<\/span><\/a><\/li>\n<\/ul>\n<p style=\"padding-left: 40px;\"><span style=\"color: #ff0000;\">\u00a0<\/span><\/p>\n\n\t\t<\/div>\n\t<\/div>\n<\/div><\/div><\/div><div class=\"wpb_column vc_column_container vc_col-sm-2\"><div class=\"vc_column-inner\"><div class=\"wpb_wrapper\">\n\t<div class=\"wpb_text_column wpb_content_element\" >\n\t\t<div class=\"wpb_wrapper\">\n\t\t\t<h5><span style=\"color: #003366;\">2026<\/span><\/h5>\n<ul>\n<li><a href=\"http:\/\/www.ipasemar.pa.gov.br\/transparencia\/wp-content\/uploads\/sites\/2\/2026\/04\/SEI_1544097_Ata_de_Reuniao-6.pdf\"><span style=\"color: #003366;\">Fevereiro<\/span><\/a><\/li>\n<\/ul>\n\n\t\t<\/div>\n\t<\/div>\n<\/div><\/div><\/div><\/div>\n<\/div>","protected":false},"excerpt":{"rendered":"2021 Janeiro Fevereiro Mar\u00e7o Abril Maio Maio (Extraordin\u00e1ria) Junho Julho Agosto Setembro Outubro Novembro Dezembro (N\u00e3o houve reuni\u00e3o) 2022 Janeiro Fevereiro Mar\u00e7o Abril Maio Junho Julho Setembro \u00a0 2023 Janeiro Maio Maio (Extraordin\u00e1ria) Setembro 2024 Janeiro Janeiro (Extraordin\u00e1ria) Maio Junho (Extraordin\u00e1ria) Setembro Setembro (Ordin\u00e1ria) Setembro (Ordin\u00e1ria) \u00a0 2025 Janeiro Maio Outubro \u00a0 2026 Fevereiro","protected":false},"author":3,"featured_media":0,"parent":0,"menu_order":0,"comment_status":"closed","ping_status":"closed","template":"","meta":{"footnotes":""},"class_list":["post-1249","page","type-page","status-publish","hentry"],"_links":{"self":[{"href":"https:\/\/www.ipasemar.pa.gov.br\/transparencia\/wp-json\/wp\/v2\/pages\/1249","targetHints":{"allow":["GET"]}}],"collection":[{"href":"https:\/\/www.ipasemar.pa.gov.br\/transparencia\/wp-json\/wp\/v2\/pages"}],"about":[{"href":"https:\/\/www.ipasemar.pa.gov.br\/transparencia\/wp-json\/wp\/v2\/types\/page"}],"author":[{"embeddable":true,"href":"https:\/\/www.ipasemar.pa.gov.br\/transparencia\/wp-json\/wp\/v2\/users\/3"}],"replies":[{"embeddable":true,"href":"https:\/\/www.ipasemar.pa.gov.br\/transparencia\/wp-json\/wp\/v2\/comments?post=1249"}],"version-history":[{"count":32,"href":"https:\/\/www.ipasemar.pa.gov.br\/transparencia\/wp-json\/wp\/v2\/pages\/1249\/revisions"}],"predecessor-version":[{"id":4155,"href":"https:\/\/www.ipasemar.pa.gov.br\/transparencia\/wp-json\/wp\/v2\/pages\/1249\/revisions\/4155"}],"wp:attachment":[{"href":"https:\/\/www.ipasemar.pa.gov.br\/transparencia\/wp-json\/wp\/v2\/media?parent=1249"}],"curies":[{"name":"wp","href":"https:\/\/api.w.org\/{rel}","templated":true}]}}