{"id":1393,"date":"2022-07-08T11:44:05","date_gmt":"2022-07-08T14:44:05","guid":{"rendered":"https:\/\/www.ipasemar.pa.gov.br\/transparencia\/?page_id=1393"},"modified":"2023-01-18T15:10:33","modified_gmt":"2023-01-18T18:10:33","slug":"portarias-do-mtp","status":"publish","type":"page","link":"https:\/\/www.ipasemar.pa.gov.br\/transparencia\/portarias-do-mtp\/","title":{"rendered":"Portarias do MTP\/MPS-MF"},"content":{"rendered":"<h5 style=\"padding-left: 40px;\"><a href=\"https:\/\/www.ipasemar.pa.gov.br\/transparencia\/wp-content\/uploads\/sites\/2\/2023\/01\/SEI_30818500_Portaria_Interministerial_26.pdf\"><span class=\"fontstyle0\" style=\"color: #003366;\"> PORTARIA INTERMINISTERIAL MPS\/MF N\u00ba 26, DE 10 DE JANEIRO DE 2023<\/span><\/a><\/h5>\n<p style=\"text-align: left; padding-left: 80px;\"><a href=\"https:\/\/www.ipasemar.pa.gov.br\/transparencia\/wp-content\/uploads\/sites\/2\/2023\/01\/SEI_30818500_Portaria_Interministerial_26.pdf\"><span class=\"fontstyle0\" style=\"color: #003366;\"> Disp\u00f5e sobre o reajuste dos benef\u00edcios pagos pelo Instituto Nacional do Seguro Social &#8211; INSS e demais valores constantes do Regulamento da Previd\u00eancia Social &#8211; RPS e dos valores previstos nos incisos II a VIII do \u00a7 1\u00ba do art. 11 da Emenda Constitucional n\u00ba 103, de 12 de novembro de 2019, que trata da aplica\u00e7\u00e3o das al\u00edquotas da contribui\u00e7\u00e3o previdenci\u00e1ria prevista nos arts. 4\u00ba, 5\u00ba e 6\u00ba da Lei n\u00ba 10.887, de 18 de junho de 2004. (Processo n\u00ba 10128.118262\/2022-61)<\/span><\/a><\/p>\n<h5><\/h5>\n<h5 style=\"padding-left: 40px;\"><a href=\"https:\/\/drive.google.com\/file\/d\/11fgcKAel0is9N4ttX2qf1TcWcHytbvfQ\/view?usp=sharing\"><span style=\"color: #003366;\">PORTARIA MTP N\u00ba 1467, DE 02 DE JUNHO DE 2022<\/span><\/a><\/h5>\n<p style=\"padding-left: 80px;\"><span style=\"color: #003366;\">Disciplina os par\u00e2metros e as diretrizes gerais para organiza\u00e7\u00e3o e funcionamento dos regimes pr\u00f3prios de previd\u00eancia social dos servidores p\u00fablicos da Uni\u00e3o, dos Estados, do Distrito Federal e dos Munic\u00edpios, em cumprimento \u00e0 Lei n\u00ba 9.717, de 1998, aos arts. 1\u00ba e 2\u00ba da Lei n\u00ba 10.887, de 2004 e \u00e0 Emenda Constitucional n\u00ba 103, de 2019.<\/span><\/p>\n<h5 style=\"padding-left: 40px;\"><a href=\"https:\/\/drive.google.com\/file\/d\/1PqRmNfSFltD2drNvcIf3Lu6rz0djRz3j\/view?usp=sharing\"><span style=\"color: #003366;\">PORTARIA MTP N\u00ba 1.837, DE 30 DE JUNHO DE 2022<\/span><\/a><\/h5>\n<p style=\"padding-left: 80px;\"><span style=\"color: #003366;\">Altera a Portaria\/MTP n\u00ba 1.467, de 2 de junho de 2022.<\/span><\/p>\n","protected":false},"excerpt":{"rendered":"<p>PORTARIA INTERMINISTERIAL MPS\/MF N\u00ba 26, DE 10 DE JANEIRO DE 2023 Disp\u00f5e sobre o reajuste dos benef\u00edcios pagos pelo Instituto Nacional do Seguro Social &#8211; INSS e demais valores constantes do Regulamento da Previd\u00eancia Social &#8211; RPS e dos valores previstos nos incisos II a VIII do \u00a7 1\u00ba do art. 11 da Emenda Constitucional [&hellip;]<\/p>\n","protected":false},"author":3,"featured_media":0,"parent":0,"menu_order":0,"comment_status":"closed","ping_status":"closed","template":"","meta":{"footnotes":""},"class_list":["post-1393","page","type-page","status-publish","hentry"],"_links":{"self":[{"href":"https:\/\/www.ipasemar.pa.gov.br\/transparencia\/wp-json\/wp\/v2\/pages\/1393","targetHints":{"allow":["GET"]}}],"collection":[{"href":"https:\/\/www.ipasemar.pa.gov.br\/transparencia\/wp-json\/wp\/v2\/pages"}],"about":[{"href":"https:\/\/www.ipasemar.pa.gov.br\/transparencia\/wp-json\/wp\/v2\/types\/page"}],"author":[{"embeddable":true,"href":"https:\/\/www.ipasemar.pa.gov.br\/transparencia\/wp-json\/wp\/v2\/users\/3"}],"replies":[{"embeddable":true,"href":"https:\/\/www.ipasemar.pa.gov.br\/transparencia\/wp-json\/wp\/v2\/comments?post=1393"}],"version-history":[{"count":4,"href":"https:\/\/www.ipasemar.pa.gov.br\/transparencia\/wp-json\/wp\/v2\/pages\/1393\/revisions"}],"predecessor-version":[{"id":1659,"href":"https:\/\/www.ipasemar.pa.gov.br\/transparencia\/wp-json\/wp\/v2\/pages\/1393\/revisions\/1659"}],"wp:attachment":[{"href":"https:\/\/www.ipasemar.pa.gov.br\/transparencia\/wp-json\/wp\/v2\/media?parent=1393"}],"curies":[{"name":"wp","href":"https:\/\/api.w.org\/{rel}","templated":true}]}}