{"id":1479,"date":"2022-09-27T11:19:57","date_gmt":"2022-09-27T14:19:57","guid":{"rendered":"https:\/\/www.ipasemar.pa.gov.br\/transparencia\/?page_id=1479"},"modified":"2026-04-09T11:21:03","modified_gmt":"2026-04-09T14:21:03","slug":"resolucoes-anteriores-a-2020","status":"publish","type":"page","link":"https:\/\/www.ipasemar.pa.gov.br\/transparencia\/resolucoes-anteriores-a-2020\/","title":{"rendered":"Resolu\u00e7\u00f5es anteriores \u00e0 2020"},"content":{"rendered":"<p><span style=\"color: #003366;\"><a style=\"color: #003366;\" href=\"https:\/\/drive.google.com\/file\/d\/1oSob-UGk_sTF74WdBi7yGsVOlhgFdfnK\/view?usp=sharing\"><strong>RESOLU\u00c7\u00c3O 081\/2018, de 30 de Outubro de 2018<\/strong><\/a><\/span><\/p>\n<p style=\"padding-left: 40px;\"><a href=\"https:\/\/drive.google.com\/file\/d\/1oSob-UGk_sTF74WdBi7yGsVOlhgFdfnK\/view?usp=sharing\"><span style=\"color: #003366;\">Disp\u00f5e sobre o recolhimento das contribui\u00e7\u00f5es previdenci\u00e1rias ao Ipasemar dos Servidores Municipais efetivos <strong>afastados<\/strong> do Exerc\u00edcio de seus cargos, <strong>cedidos<\/strong> ou <strong>licenciados<\/strong>, bem como sobre restitui\u00e7\u00e3o de contribui\u00e7\u00e3o previdenci\u00e1ria <\/span><strong><span style=\"color: #003366;\">indevidas.<\/span><\/strong><\/a><\/p>\n<p><a href=\"http:\/\/www.ipasemar.pa.gov.br\/transparencia\/wp-content\/uploads\/sites\/2\/2026\/04\/RESOLUCAO-006-DE-24-DE-SETEMBRO-DE-2019.pdf\"><span style=\"color: #003366;\"><strong>RESOLU\u00c7\u00c3O N\u00ba 006 DE 24 DE SETEMBRO DE 2019<\/strong><\/span><\/a><\/p>\n<p style=\"padding-left: 40px;\"><em><span style=\"color: #003366;\">Aprova o c\u00f3digo de \u00c9tica no \u00e2mbito do Instituto de Previd\u00eancia\u00a0<\/span><\/em><\/p>\n<p><strong><span style=\"color: #003366;\"><a style=\"color: #003366;\" href=\"https:\/\/drive.google.com\/file\/d\/1DylXE5-E1dFIqDJCKXqWU18vLhzw-Zgt\/view?usp=sharing\">RESOLU\u00c7\u00c3O 005\/2019, de 22 de julho de 2019.<\/a><\/span><\/strong><\/p>\n<p style=\"padding-left: 40px;\"><a href=\"https:\/\/drive.google.com\/file\/d\/1DylXE5-E1dFIqDJCKXqWU18vLhzw-Zgt\/view?usp=sharing\"><span style=\"color: #003366;\">Aprova a Pol\u00edtica de Seguran\u00e7a da Informa\u00e7\u00e3o no \u00e2mbito do IPASEMAR.<\/span><\/a><\/p>\n","protected":false},"excerpt":{"rendered":"<p>RESOLU\u00c7\u00c3O 081\/2018, de 30 de Outubro de 2018 Disp\u00f5e sobre o recolhimento das contribui\u00e7\u00f5es previdenci\u00e1rias ao Ipasemar dos Servidores Municipais efetivos afastados do Exerc\u00edcio de seus cargos, cedidos ou licenciados, bem como sobre restitui\u00e7\u00e3o de contribui\u00e7\u00e3o previdenci\u00e1ria indevidas. RESOLU\u00c7\u00c3O N\u00ba 006 DE 24 DE SETEMBRO DE 2019 Aprova o c\u00f3digo de \u00c9tica no \u00e2mbito do [&hellip;]<\/p>\n","protected":false},"author":3,"featured_media":0,"parent":0,"menu_order":0,"comment_status":"closed","ping_status":"closed","template":"","meta":{"footnotes":""},"class_list":["post-1479","page","type-page","status-publish","hentry"],"_links":{"self":[{"href":"https:\/\/www.ipasemar.pa.gov.br\/transparencia\/wp-json\/wp\/v2\/pages\/1479","targetHints":{"allow":["GET"]}}],"collection":[{"href":"https:\/\/www.ipasemar.pa.gov.br\/transparencia\/wp-json\/wp\/v2\/pages"}],"about":[{"href":"https:\/\/www.ipasemar.pa.gov.br\/transparencia\/wp-json\/wp\/v2\/types\/page"}],"author":[{"embeddable":true,"href":"https:\/\/www.ipasemar.pa.gov.br\/transparencia\/wp-json\/wp\/v2\/users\/3"}],"replies":[{"embeddable":true,"href":"https:\/\/www.ipasemar.pa.gov.br\/transparencia\/wp-json\/wp\/v2\/comments?post=1479"}],"version-history":[{"count":6,"href":"https:\/\/www.ipasemar.pa.gov.br\/transparencia\/wp-json\/wp\/v2\/pages\/1479\/revisions"}],"predecessor-version":[{"id":4170,"href":"https:\/\/www.ipasemar.pa.gov.br\/transparencia\/wp-json\/wp\/v2\/pages\/1479\/revisions\/4170"}],"wp:attachment":[{"href":"https:\/\/www.ipasemar.pa.gov.br\/transparencia\/wp-json\/wp\/v2\/media?parent=1479"}],"curies":[{"name":"wp","href":"https:\/\/api.w.org\/{rel}","templated":true}]}}