{"id":1525,"date":"2022-11-10T17:02:10","date_gmt":"2022-11-10T20:02:10","guid":{"rendered":"https:\/\/www.ipasemar.pa.gov.br\/transparencia\/?page_id=1525"},"modified":"2023-12-19T20:35:37","modified_gmt":"2023-12-19T23:35:37","slug":"fale-conosco","status":"publish","type":"page","link":"https:\/\/www.ipasemar.pa.gov.br\/transparencia\/fale-conosco\/","title":{"rendered":"Fale conosco"},"content":{"rendered":"<div id=\"quform-a0381f\" class=\"quform quform-2 quform-theme-light quform-support-page-caching\"><form id=\"quform-form-a0381f\" class=\"quform-form quform-form-2\" action=\"\/transparencia\/wp-json\/wp\/v2\/pages\/1525#quform-a0381f\" method=\"post\" enctype=\"multipart\/form-data\" novalidate=\"novalidate\" data-options=\"{&quot;id&quot;:2,&quot;uniqueId&quot;:&quot;a0381f&quot;,&quot;theme&quot;:&quot;light&quot;,&quot;ajax&quot;:true,&quot;logic&quot;:{&quot;logic&quot;:[],&quot;dependents&quot;:[],&quot;elementIds&quot;:[],&quot;dependentElementIds&quot;:[],&quot;animate&quot;:true},&quot;currentPageId&quot;:5,&quot;errorsIcon&quot;:&quot;&quot;,&quot;updateFancybox&quot;:true,&quot;hasPages&quot;:false,&quot;pages&quot;:[5],&quot;pageProgressType&quot;:&quot;numbers&quot;,&quot;tooltipsEnabled&quot;:true,&quot;tooltipClasses&quot;:&quot;qtip-plain qtip-shadow&quot;,&quot;tooltipMy&quot;:&quot;left center&quot;,&quot;tooltipAt&quot;:&quot;right center&quot;,&quot;isRtl&quot;:false,&quot;scrollOffset&quot;:-50,&quot;scrollSpeed&quot;:800}\"><button class=\"quform-default-submit\" name=\"quform_submit\" type=\"submit\" value=\"submit\" aria-hidden=\"true\" tabindex=\"-1\"><\/button><div class=\"quform-form-inner quform-form-inner-2\"><input type=\"hidden\" name=\"quform_form_id\" value=\"2\" \/><input type=\"hidden\" name=\"quform_form_uid\" value=\"a0381f\" \/><input type=\"hidden\" name=\"quform_count\" value=\"1\" \/><input type=\"hidden\" name=\"form_url\" value=\"https:\/\/www.ipasemar.pa.gov.br\/transparencia\/wp-json\/wp\/v2\/pages\/1525\" \/><input type=\"hidden\" name=\"referring_url\" value=\"\" \/><input type=\"hidden\" name=\"post_id\" value=\"\" \/><input type=\"hidden\" name=\"post_title\" value=\"\" \/><input type=\"hidden\" name=\"quform_current_page_id\" value=\"5\" \/><input type=\"hidden\" name=\"quform_csrf_token\" value=\"0IoGpHGEQDdQnPGKiicxODQJaAD4Sbjf2uGyQdwq\" \/><div class=\"quform-elements quform-elements-2 quform-cf quform-responsive-elements-phone-landscape\"><div class=\"quform-element quform-element-page quform-page-5 quform-page-2_5 quform-cf quform-group-style-plain quform-first-page quform-last-page quform-current-page\"><div class=\"quform-child-elements\"><div class=\"quform-element quform-element-text quform-element-2_1 quform-cf quform-element-required\"><div class=\"quform-spacer\"><div class=\"quform-label quform-label-2_1\"><label class=\"quform-label-text\" for=\"quform_2_1_a0381f\">Nome (Para an\u00f4nimo, digite \"An\u00f4nimo\")<span class=\"quform-required\">(obrigat\u00f3rio)<\/span><\/label><\/div><div class=\"quform-inner quform-inner-text quform-inner-2_1\"><div class=\"quform-input quform-input-text quform-input-2_1 quform-cf\"><input type=\"text\" id=\"quform_2_1_a0381f\" name=\"quform_2_1\" class=\"quform-field quform-field-text quform-field-2_1\" \/><\/div><\/div><\/div><\/div><div class=\"quform-element quform-element-text quform-element-2_2 quform-cf quform-element-required\"><div class=\"quform-spacer\"><div class=\"quform-label quform-label-2_2\"><label class=\"quform-label-text\" for=\"quform_2_2_a0381f\">E-mail<span class=\"quform-required\">(obrigat\u00f3rio)<\/span><\/label><\/div><div class=\"quform-inner quform-inner-text quform-inner-2_2\"><div class=\"quform-input quform-input-text quform-input-2_2 quform-cf\"><input type=\"text\" id=\"quform_2_2_a0381f\" name=\"quform_2_2\" class=\"quform-field quform-field-text quform-field-2_2\" \/><\/div><\/div><\/div><\/div><div class=\"quform-element quform-element-text quform-element-2_3 quform-cf quform-element-optional\"><div class=\"quform-spacer\"><div class=\"quform-label quform-label-2_3\"><label class=\"quform-label-text\" for=\"quform_2_3_a0381f\">Assunto<\/label><\/div><div class=\"quform-inner quform-inner-text quform-inner-2_3\"><div class=\"quform-input quform-input-text quform-input-2_3 quform-cf\"><input type=\"text\" id=\"quform_2_3_a0381f\" name=\"quform_2_3\" class=\"quform-field quform-field-text quform-field-2_3\" \/><\/div><\/div><\/div><\/div><div class=\"quform-element quform-element-textarea quform-element-2_4 quform-cf quform-element-required\"><div class=\"quform-spacer\"><div class=\"quform-label quform-label-2_4\"><label class=\"quform-label-text\" for=\"quform_2_4_a0381f\">Mensagem<span class=\"quform-required\">(obrigat\u00f3rio)<\/span><\/label><\/div><div class=\"quform-inner quform-inner-textarea quform-inner-2_4\"><div class=\"quform-input quform-input-textarea quform-input-2_4 quform-cf\"><textarea id=\"quform_2_4_a0381f\" name=\"quform_2_4\" class=\"quform-field quform-field-textarea quform-field-2_4\"><\/textarea><\/div><\/div><\/div><\/div><div class=\"quform-element quform-element-submit quform-element-2_6 quform-cf quform-button-style-theme\"><div class=\"quform-button-submit quform-button-submit-default quform-button-submit-2_6\"><button name=\"quform_submit\" type=\"submit\" class=\"quform-submit\" value=\"submit\"><span class=\"quform-button-text quform-button-submit-text\">Send<\/span><\/button><\/div><div class=\"quform-loading quform-loading-position-left quform-loading-type-spinner-1\"><div class=\"quform-loading-inner\"><div class=\"quform-loading-spinner\"><div class=\"quform-loading-spinner-inner\"><\/div><\/div><\/div><\/div><\/div><div class=\"quform-element-tree\"><label for=\"quform_2_0_a0381f\">This field should be left blank<\/label><input type=\"text\" id=\"quform_2_0_a0381f\" name=\"quform_2_0\" class=\"quform-field quform-field-tree quform-field-2_0\" tabindex=\"-1\" autocomplete=\"off\" \/><\/div><\/div><\/div><\/div><\/div><\/form><\/div>\n","protected":false},"excerpt":{"rendered":"Nome (Para an\u00f4nimo, digite \"An\u00f4nimo\")(obrigat\u00f3rio)E-mail(obrigat\u00f3rio)AssuntoMensagem(obrigat\u00f3rio)SendThis field should be left blank","protected":false},"author":3,"featured_media":0,"parent":0,"menu_order":0,"comment_status":"closed","ping_status":"closed","template":"","meta":{"footnotes":""},"class_list":["post-1525","page","type-page","status-publish","hentry"],"_links":{"self":[{"href":"https:\/\/www.ipasemar.pa.gov.br\/transparencia\/wp-json\/wp\/v2\/pages\/1525","targetHints":{"allow":["GET"]}}],"collection":[{"href":"https:\/\/www.ipasemar.pa.gov.br\/transparencia\/wp-json\/wp\/v2\/pages"}],"about":[{"href":"https:\/\/www.ipasemar.pa.gov.br\/transparencia\/wp-json\/wp\/v2\/types\/page"}],"author":[{"embeddable":true,"href":"https:\/\/www.ipasemar.pa.gov.br\/transparencia\/wp-json\/wp\/v2\/users\/3"}],"replies":[{"embeddable":true,"href":"https:\/\/www.ipasemar.pa.gov.br\/transparencia\/wp-json\/wp\/v2\/comments?post=1525"}],"version-history":[{"count":2,"href":"https:\/\/www.ipasemar.pa.gov.br\/transparencia\/wp-json\/wp\/v2\/pages\/1525\/revisions"}],"predecessor-version":[{"id":2330,"href":"https:\/\/www.ipasemar.pa.gov.br\/transparencia\/wp-json\/wp\/v2\/pages\/1525\/revisions\/2330"}],"wp:attachment":[{"href":"https:\/\/www.ipasemar.pa.gov.br\/transparencia\/wp-json\/wp\/v2\/media?parent=1525"}],"curies":[{"name":"wp","href":"https:\/\/api.w.org\/{rel}","templated":true}]}}