{"id":1539,"date":"2022-11-14T15:32:54","date_gmt":"2022-11-14T18:32:54","guid":{"rendered":"https:\/\/www.ipasemar.pa.gov.br\/transparencia\/?page_id=1539"},"modified":"2023-03-06T09:15:09","modified_gmt":"2023-03-06T12:15:09","slug":"fale-conosco-2","status":"publish","type":"page","link":"https:\/\/www.ipasemar.pa.gov.br\/transparencia\/fale-conosco-2\/","title":{"rendered":"FALE CONOSCO"},"content":{"rendered":"<h6><strong><span style=\"color: #003366;\">FALE CONOSCO<\/span><\/strong><\/h6>\n<ul>\n<li><span style=\"color: #003366;\"><strong>Respons\u00e1vel:<\/strong> Athos Cesar Pinheiro Filho<br \/>\n<\/span><\/li>\n<li><span style=\"color: #003366;\"><strong>Endere\u00e7o:<\/strong> Folha 32 Quadra 14 Lote 01 &#8211; Nova Marab\u00e1 &#8211; Marab\u00e1 &#8211; PA<\/span><\/li>\n<li><span style=\"color: #003366;\"><strong>E-mail:<\/strong> atendimento@ipasemar.pa.gov.br<\/span><\/li>\n<li><span style=\"color: #003366;\"><strong>Fone:<\/strong> (94) 3322-3870 \/ (94) 99136-6397 (Whatsapp)<\/span><\/li>\n<li><span style=\"color: #003366;\"><strong>Hor\u00e1rio de Atendimento:<\/strong> 08:00 \u00e0s 18:00<\/span><\/li>\n<li><span style=\"color: #003366;\"><a style=\"color: #003366;\" href=\"https:\/\/www.ipasemar.pa.gov.br\/transparencia\/fale-conosco\/\"><span style=\"color: #ff0000;\">Solicitar informa\u00e7\u00e3o (abre em nova janela)<\/span><\/a><\/span><\/li>\n<\/ul>\n<p><span style=\"color: #003366;\"><strong>Obs.:<\/strong>\u00a0Para solicitar a informa\u00e7\u00e3o presencialmente,\u00a0<span style=\"color: #ff0000;\"><a style=\"color: #ff0000;\" href=\"https:\/\/ipmb.breves.pa.gov.br\/wp-content\/uploads\/2014\/04\/REQUERIMENTO_LAI.pdf\" target=\"_blank\" rel=\"noopener noreferrer\">imprima aqui o requerimento<\/a><\/span>, preencha\u00a0e leve ao local indicado.<\/span><\/p>\n","protected":false},"excerpt":{"rendered":"<p>FALE CONOSCO Respons\u00e1vel: Athos Cesar Pinheiro Filho Endere\u00e7o: Folha 32 Quadra 14 Lote 01 &#8211; Nova Marab\u00e1 &#8211; Marab\u00e1 &#8211; PA E-mail: atendimento@ipasemar.pa.gov.br Fone: (94) 3322-3870 \/ (94) 99136-6397 (Whatsapp) Hor\u00e1rio de Atendimento: 08:00 \u00e0s 18:00 Solicitar informa\u00e7\u00e3o (abre em nova janela) Obs.:\u00a0Para solicitar a informa\u00e7\u00e3o presencialmente,\u00a0imprima aqui o requerimento, preencha\u00a0e leve ao local indicado.<\/p>\n","protected":false},"author":3,"featured_media":0,"parent":0,"menu_order":0,"comment_status":"closed","ping_status":"closed","template":"","meta":{"footnotes":""},"class_list":["post-1539","page","type-page","status-publish","hentry"],"_links":{"self":[{"href":"https:\/\/www.ipasemar.pa.gov.br\/transparencia\/wp-json\/wp\/v2\/pages\/1539","targetHints":{"allow":["GET"]}}],"collection":[{"href":"https:\/\/www.ipasemar.pa.gov.br\/transparencia\/wp-json\/wp\/v2\/pages"}],"about":[{"href":"https:\/\/www.ipasemar.pa.gov.br\/transparencia\/wp-json\/wp\/v2\/types\/page"}],"author":[{"embeddable":true,"href":"https:\/\/www.ipasemar.pa.gov.br\/transparencia\/wp-json\/wp\/v2\/users\/3"}],"replies":[{"embeddable":true,"href":"https:\/\/www.ipasemar.pa.gov.br\/transparencia\/wp-json\/wp\/v2\/comments?post=1539"}],"version-history":[{"count":5,"href":"https:\/\/www.ipasemar.pa.gov.br\/transparencia\/wp-json\/wp\/v2\/pages\/1539\/revisions"}],"predecessor-version":[{"id":1791,"href":"https:\/\/www.ipasemar.pa.gov.br\/transparencia\/wp-json\/wp\/v2\/pages\/1539\/revisions\/1791"}],"wp:attachment":[{"href":"https:\/\/www.ipasemar.pa.gov.br\/transparencia\/wp-json\/wp\/v2\/media?parent=1539"}],"curies":[{"name":"wp","href":"https:\/\/api.w.org\/{rel}","templated":true}]}}