{"id":1546,"date":"2022-11-14T16:09:29","date_gmt":"2022-11-14T19:09:29","guid":{"rendered":"https:\/\/www.ipasemar.pa.gov.br\/transparencia\/?page_id=1546"},"modified":"2026-04-30T10:57:57","modified_gmt":"2026-04-30T13:57:57","slug":"ouvidoria-2","status":"publish","type":"page","link":"https:\/\/www.ipasemar.pa.gov.br\/transparencia\/ouvidoria-2\/","title":{"rendered":"OUVIDORIA"},"content":{"rendered":"<h6><span style=\"color: #003366;\"><strong>OUVIDORIA<\/strong><\/span><\/h6>\n<h6><a href=\"https:\/\/www.ipasemar.pa.gov.br\/transparencia\/wp-content\/uploads\/sites\/2\/2023\/07\/17391-2009-Cria-e-regulamenta-a-ouvidoria-publica-no-ambito-do-municipio-de-Maraba.pdf\"><span style=\"color: #003366;\"><em>Legisla\u00e7\u00e3o que criou e regulamentou a Ouvidoria P\u00fablica municipal de marab\u00e1. <span style=\"color: #ff0000;\">(Acesse aqui)<\/span><\/em><\/span><\/a><\/h6>\n<ul>\n<li><span style=\"color: #003366;\"><strong>Respons\u00e1vel:<\/strong> Athos Cesar Pinheiro Filho<br \/>\n<\/span><\/li>\n<li><span style=\"color: #003366;\"><strong>Endere\u00e7o:<\/strong> Folha 32 Quadra 14 Lote 01 &#8211; Nova Marab\u00e1 &#8211; Marab\u00e1 &#8211; PA<\/span><\/li>\n<li><span style=\"color: #003366;\"><strong>E-mail:<\/strong> ouvidoria.ipasemar@gmail.com<br \/>\n<\/span><\/li>\n<li><span style=\"color: #003366;\"><strong>Fone:<\/strong> (94) 3322-3870 \/ (94) 99136-6397 (Whatsapp)<\/span><\/li>\n<li><span style=\"color: #003366;\"><strong>Hor\u00e1rio de Atendimento:<\/strong> 08:00 \u00e0s 18:00<\/span><\/li>\n<li><span style=\"color: #ff0000;\"><a style=\"color: #ff0000;\" href=\"https:\/\/www.ipasemar.pa.gov.br\/transparencia\/1529-2\/\">Solicitar informa\u00e7\u00e3o (abre em nova janela)<\/a><\/span><\/li>\n<\/ul>\n<p><span style=\"color: #003366;\"><strong>Obs.:<\/strong>\u00a0Para solicitar a informa\u00e7\u00e3o presencialmente,<span style=\"color: #ff0000;\">\u00a0<a href=\"http:\/\/www.ipasemar.pa.gov.br\/transparencia\/wp-content\/uploads\/sites\/2\/2024\/05\/REQUERIMENTO-ipasemar.pdf\"><span style=\"color: #ff0000;\">imprima aqui o requerimento<\/span><\/a><\/span>, preencha\u00a0e leve ao local indicado.<\/span><\/p>\n<p>&nbsp;<\/p>\n<h3><a href=\"https:\/\/www.ipasemar.pa.gov.br\/transparencia\/1529-2\/\"><span style=\"color: #000000;\">Den\u00fancias sobre Investimentos (Acesse aqui)<\/span><\/a><\/h3>\n","protected":false},"excerpt":{"rendered":"<p>OUVIDORIA Legisla\u00e7\u00e3o que criou e regulamentou a Ouvidoria P\u00fablica municipal de marab\u00e1. (Acesse aqui) Respons\u00e1vel: Athos Cesar Pinheiro Filho Endere\u00e7o: Folha 32 Quadra 14 Lote 01 &#8211; Nova Marab\u00e1 &#8211; Marab\u00e1 &#8211; PA E-mail: ouvidoria.ipasemar@gmail.com Fone: (94) 3322-3870 \/ (94) 99136-6397 (Whatsapp) Hor\u00e1rio de Atendimento: 08:00 \u00e0s 18:00 Solicitar informa\u00e7\u00e3o (abre em nova janela) Obs.:\u00a0Para [&hellip;]<\/p>\n","protected":false},"author":3,"featured_media":0,"parent":0,"menu_order":0,"comment_status":"closed","ping_status":"closed","template":"","meta":{"footnotes":""},"class_list":["post-1546","page","type-page","status-publish","hentry"],"_links":{"self":[{"href":"https:\/\/www.ipasemar.pa.gov.br\/transparencia\/wp-json\/wp\/v2\/pages\/1546","targetHints":{"allow":["GET"]}}],"collection":[{"href":"https:\/\/www.ipasemar.pa.gov.br\/transparencia\/wp-json\/wp\/v2\/pages"}],"about":[{"href":"https:\/\/www.ipasemar.pa.gov.br\/transparencia\/wp-json\/wp\/v2\/types\/page"}],"author":[{"embeddable":true,"href":"https:\/\/www.ipasemar.pa.gov.br\/transparencia\/wp-json\/wp\/v2\/users\/3"}],"replies":[{"embeddable":true,"href":"https:\/\/www.ipasemar.pa.gov.br\/transparencia\/wp-json\/wp\/v2\/comments?post=1546"}],"version-history":[{"count":10,"href":"https:\/\/www.ipasemar.pa.gov.br\/transparencia\/wp-json\/wp\/v2\/pages\/1546\/revisions"}],"predecessor-version":[{"id":4205,"href":"https:\/\/www.ipasemar.pa.gov.br\/transparencia\/wp-json\/wp\/v2\/pages\/1546\/revisions\/4205"}],"wp:attachment":[{"href":"https:\/\/www.ipasemar.pa.gov.br\/transparencia\/wp-json\/wp\/v2\/media?parent=1546"}],"curies":[{"name":"wp","href":"https:\/\/api.w.org\/{rel}","templated":true}]}}