{"id":1551,"date":"2022-11-14T16:51:45","date_gmt":"2022-11-14T19:51:45","guid":{"rendered":"https:\/\/www.ipasemar.pa.gov.br\/transparencia\/?page_id=1551"},"modified":"2023-12-20T14:46:01","modified_gmt":"2023-12-20T17:46:01","slug":"e-sic-2","status":"publish","type":"page","link":"https:\/\/www.ipasemar.pa.gov.br\/transparencia\/e-sic-2\/","title":{"rendered":"e-Sic"},"content":{"rendered":"<div id=\"quform-f27133\" class=\"quform quform-4 quform-support-page-caching\"><form id=\"quform-form-f27133\" class=\"quform-form quform-form-4\" action=\"\/transparencia\/wp-json\/wp\/v2\/pages\/1551#quform-f27133\" method=\"post\" enctype=\"multipart\/form-data\" novalidate=\"novalidate\" data-options=\"{&quot;id&quot;:4,&quot;uniqueId&quot;:&quot;f27133&quot;,&quot;theme&quot;:&quot;&quot;,&quot;ajax&quot;:true,&quot;logic&quot;:{&quot;logic&quot;:[],&quot;dependents&quot;:[],&quot;elementIds&quot;:[],&quot;dependentElementIds&quot;:[],&quot;animate&quot;:true},&quot;currentPageId&quot;:15,&quot;errorsIcon&quot;:&quot;&quot;,&quot;updateFancybox&quot;:true,&quot;hasPages&quot;:false,&quot;pages&quot;:[15],&quot;pageProgressType&quot;:&quot;numbers&quot;,&quot;tooltipsEnabled&quot;:true,&quot;tooltipClasses&quot;:&quot;qtip-plain qtip-shadow&quot;,&quot;tooltipMy&quot;:&quot;left center&quot;,&quot;tooltipAt&quot;:&quot;right center&quot;,&quot;isRtl&quot;:false,&quot;scrollOffset&quot;:-50,&quot;scrollSpeed&quot;:800}\"><button class=\"quform-default-submit\" name=\"quform_submit\" type=\"submit\" value=\"submit\" aria-hidden=\"true\" tabindex=\"-1\"><\/button><div class=\"quform-form-inner quform-form-inner-4\"><input type=\"hidden\" name=\"quform_form_id\" value=\"4\" \/><input type=\"hidden\" name=\"quform_form_uid\" value=\"f27133\" \/><input type=\"hidden\" name=\"quform_count\" value=\"1\" \/><input type=\"hidden\" name=\"form_url\" value=\"https:\/\/www.ipasemar.pa.gov.br\/transparencia\/wp-json\/wp\/v2\/pages\/1551\" \/><input type=\"hidden\" name=\"referring_url\" value=\"\" \/><input type=\"hidden\" name=\"post_id\" value=\"\" \/><input type=\"hidden\" name=\"post_title\" value=\"\" \/><input type=\"hidden\" name=\"quform_current_page_id\" value=\"15\" \/><input type=\"hidden\" name=\"quform_csrf_token\" value=\"0IoGpHGEQDdQnPGKiicxODQJaAD4Sbjf2uGyQdwq\" \/><div class=\"quform-elements quform-elements-4 quform-cf quform-responsive-elements-phone-landscape\"><div class=\"quform-element quform-element-page quform-page-15 quform-page-4_15 quform-cf quform-group-style-plain quform-first-page quform-last-page quform-current-page\"><div class=\"quform-child-elements\"><div class=\"quform-element quform-element-text quform-element-4_1 quform-cf quform-element-required\"><div class=\"quform-spacer\"><div class=\"quform-label quform-label-4_1\"><label class=\"quform-label-text\" for=\"quform_4_1_f27133\">Sem nome (Para an\u00f4nimo, digite \"An\u00f4nimo\")<span class=\"quform-required\">(obrigat\u00f3rio)<\/span><\/label><\/div><div class=\"quform-inner quform-inner-text quform-inner-4_1\"><div class=\"quform-input quform-input-text quform-input-4_1 quform-cf\"><input type=\"text\" id=\"quform_4_1_f27133\" name=\"quform_4_1\" class=\"quform-field quform-field-text quform-field-4_1\" \/><\/div><\/div><\/div><\/div><div class=\"quform-element quform-element-email quform-element-4_2 quform-cf quform-element-required\"><div class=\"quform-spacer\"><div class=\"quform-label quform-label-4_2\"><label class=\"quform-label-text\" for=\"quform_4_2_f27133\">Endere\u00e7o de e-mail<span class=\"quform-required\">(obrigat\u00f3rio)<\/span><\/label><\/div><div class=\"quform-inner quform-inner-email quform-inner-4_2\"><div class=\"quform-input quform-input-email quform-input-4_2 quform-cf\"><input type=\"email\" id=\"quform_4_2_f27133\" name=\"quform_4_2\" class=\"quform-field quform-field-email quform-field-4_2\" \/><\/div><\/div><\/div><\/div><div class=\"quform-element quform-element-checkbox quform-element-4_14 quform-cf quform-element-optional\"><div class=\"quform-spacer\"><div class=\"quform-label quform-label-4_14\"><label class=\"quform-label-text\" id=\"quform_4_14_f27133_label\">Modo de resposta<\/label><\/div><div class=\"quform-inner quform-inner-checkbox quform-inner-4_14\"><div class=\"quform-input quform-input-checkbox quform-input-4_14 quform-cf\"><div class=\"quform-options quform-cf quform-options-block quform-options-simple\" role=\"group\" aria-labelledby=\"quform_4_14_f27133_label\"><div class=\"quform-option\"><input type=\"checkbox\" name=\"quform_4_14[]\" id=\"quform_4_14_f27133_1\" class=\"quform-field quform-field-checkbox quform-field-4_14 quform-field-4_14_1\" value=\"E-mail\" \/><label for=\"quform_4_14_f27133_1\" class=\"quform-option-label quform-option-label-4_14_1\"><span class=\"quform-option-text\">E-mail<\/span><\/label><\/div><div class=\"quform-option\"><input type=\"checkbox\" name=\"quform_4_14[]\" id=\"quform_4_14_f27133_2\" class=\"quform-field quform-field-checkbox quform-field-4_14 quform-field-4_14_2\" value=\"Correspond\u00eancia f\u00edsica (com custos)\" \/><label for=\"quform_4_14_f27133_2\" class=\"quform-option-label quform-option-label-4_14_2\"><span class=\"quform-option-text\">Correspond\u00eancia f\u00edsica (com custos)<\/span><\/label><\/div><div class=\"quform-option\"><input type=\"checkbox\" name=\"quform_4_14[]\" id=\"quform_4_14_f27133_3\" class=\"quform-field quform-field-checkbox quform-field-4_14 quform-field-4_14_3\" value=\"Buscar\/consultar pessoalmente\" \/><label for=\"quform_4_14_f27133_3\" class=\"quform-option-label quform-option-label-4_14_3\"><span class=\"quform-option-text\">Buscar\/consultar pessoalmente<\/span><\/label><\/div><div class=\"quform-option\"><input type=\"checkbox\" name=\"quform_4_14[]\" id=\"quform_4_14_f27133_4\" class=\"quform-field quform-field-checkbox quform-field-4_14 quform-field-4_14_4\" value=\"Por telefone\" \/><label for=\"quform_4_14_f27133_4\" class=\"quform-option-label quform-option-label-4_14_4\"><span class=\"quform-option-text\">Por telefone<\/span><\/label><\/div><\/div><\/div><\/div><\/div><\/div><div class=\"quform-element quform-element-text quform-element-4_4 quform-cf quform-element-optional\"><div class=\"quform-spacer\"><div class=\"quform-label quform-label-4_4\"><label class=\"quform-label-text\" for=\"quform_4_4_f27133\">Cpf<\/label><\/div><div class=\"quform-inner quform-inner-text quform-inner-4_4\"><div class=\"quform-input quform-input-text quform-input-4_4 quform-cf\"><input type=\"text\" id=\"quform_4_4_f27133\" name=\"quform_4_4\" class=\"quform-field quform-field-text quform-field-4_4\" \/><\/div><\/div><\/div><\/div><div class=\"quform-element quform-element-text quform-element-4_5 quform-cf quform-element-optional\"><div class=\"quform-spacer\"><div class=\"quform-label quform-label-4_5\"><label class=\"quform-label-text\" for=\"quform_4_5_f27133\">Endere\u00e7o<\/label><\/div><div class=\"quform-inner quform-inner-text quform-inner-4_5\"><div class=\"quform-input quform-input-text quform-input-4_5 quform-cf\"><input type=\"text\" id=\"quform_4_5_f27133\" name=\"quform_4_5\" class=\"quform-field quform-field-text quform-field-4_5\" \/><\/div><\/div><\/div><\/div><div class=\"quform-element quform-element-text quform-element-4_6 quform-cf quform-element-optional\"><div class=\"quform-spacer\"><div class=\"quform-label quform-label-4_6\"><label class=\"quform-label-text\" for=\"quform_4_6_f27133\">N\u00famero<\/label><\/div><div class=\"quform-inner quform-inner-text quform-inner-4_6\"><div class=\"quform-input quform-input-text quform-input-4_6 quform-cf\"><input type=\"text\" id=\"quform_4_6_f27133\" name=\"quform_4_6\" class=\"quform-field quform-field-text quform-field-4_6\" \/><\/div><\/div><\/div><\/div><div class=\"quform-element quform-element-text quform-element-4_7 quform-cf quform-element-optional\"><div class=\"quform-spacer\"><div class=\"quform-label quform-label-4_7\"><label class=\"quform-label-text\" for=\"quform_4_7_f27133\">Cep<\/label><\/div><div class=\"quform-inner quform-inner-text quform-inner-4_7\"><div class=\"quform-input quform-input-text quform-input-4_7 quform-cf\"><input type=\"text\" id=\"quform_4_7_f27133\" name=\"quform_4_7\" class=\"quform-field quform-field-text quform-field-4_7\" \/><\/div><\/div><\/div><\/div><div class=\"quform-element quform-element-text quform-element-4_8 quform-cf quform-element-optional\"><div class=\"quform-spacer\"><div class=\"quform-label quform-label-4_8\"><label class=\"quform-label-text\" for=\"quform_4_8_f27133\">Cidade - UF<\/label><\/div><div class=\"quform-inner quform-inner-text quform-inner-4_8\"><div class=\"quform-input quform-input-text quform-input-4_8 quform-cf\"><input type=\"text\" id=\"quform_4_8_f27133\" name=\"quform_4_8\" class=\"quform-field quform-field-text quform-field-4_8\" \/><\/div><\/div><\/div><\/div><div class=\"quform-element quform-element-text quform-element-4_9 quform-cf quform-element-optional\"><div class=\"quform-spacer\"><div class=\"quform-label quform-label-4_9\"><label class=\"quform-label-text\" for=\"quform_4_9_f27133\">Telefone<\/label><\/div><div class=\"quform-inner quform-inner-text quform-inner-4_9\"><div class=\"quform-input quform-input-text quform-input-4_9 quform-cf\"><input type=\"text\" id=\"quform_4_9_f27133\" name=\"quform_4_9\" class=\"quform-field quform-field-text quform-field-4_9\" \/><\/div><\/div><\/div><\/div><div class=\"quform-element quform-element-text quform-element-4_10 quform-cf quform-element-optional\"><div class=\"quform-spacer\"><div class=\"quform-label quform-label-4_10\"><label class=\"quform-label-text\" for=\"quform_4_10_f27133\">Assunto<\/label><\/div><div class=\"quform-inner quform-inner-text quform-inner-4_10\"><div class=\"quform-input quform-input-text quform-input-4_10 quform-cf\"><input type=\"text\" id=\"quform_4_10_f27133\" name=\"quform_4_10\" class=\"quform-field quform-field-text quform-field-4_10\" \/><\/div><\/div><\/div><\/div><div class=\"quform-element quform-element-textarea quform-element-4_11 quform-cf quform-element-required\"><div class=\"quform-spacer\"><div class=\"quform-label quform-label-4_11\"><label class=\"quform-label-text\" for=\"quform_4_11_f27133\">Mensagem<span class=\"quform-required\">(obrigat\u00f3rio)<\/span><\/label><\/div><div class=\"quform-inner quform-inner-textarea quform-inner-4_11\"><div class=\"quform-input quform-input-textarea quform-input-4_11 quform-cf\"><textarea id=\"quform_4_11_f27133\" name=\"quform_4_11\" class=\"quform-field quform-field-textarea quform-field-4_11\"><\/textarea><\/div><\/div><\/div><\/div><div class=\"quform-element quform-element-file quform-element-4_13 quform-cf quform-element-optional\"><div class=\"quform-spacer\"><div class=\"quform-label quform-label-4_13\"><label class=\"quform-label-text\" for=\"quform_4_13_f27133\">Upload de arquivo<\/label><\/div><div class=\"quform-inner quform-inner-file quform-inner-4_13\"><div class=\"quform-input quform-input-file quform-input-4_13 quform-cf quform-button-style-theme\"><input type=\"file\" id=\"quform_4_13_f27133\" name=\"quform_4_13[]\" class=\"quform-field quform-field-file quform-field-4_13 quform-field-file-enhanced\" data-config=\"{&quot;id&quot;:13,&quot;identifier&quot;:&quot;4_13&quot;,&quot;name&quot;:&quot;quform_4_13&quot;,&quot;max&quot;:1,&quot;size&quot;:10485760,&quot;allowedExtensions&quot;:[&quot;jpg&quot;,&quot;jpeg&quot;,&quot;png&quot;,&quot;gif&quot;],&quot;notAllowedTypeWithFilename&quot;:&quot;File type of &#039;%filename%&#039; is not allowed&quot;,&quot;tooBigWithFilename&quot;:&quot;File &#039;%filename%&#039; exceeds the maximum allowed file size&quot;,&quot;tooMany&quot;:&quot;You cannot upload more than %max% file(s)&quot;,&quot;buttonType&quot;:&quot;button&quot;,&quot;buttonText&quot;:&quot;Browse...&quot;,&quot;buttonIcon&quot;:&quot;qicon-file_upload&quot;,&quot;buttonIconPosition&quot;:&quot;right&quot;}\" \/><\/div><p class=\"quform-description quform-description-below\">Tamanho m\u00e1ximo \u00e9 10MB<\/p><\/div><\/div><\/div><div class=\"quform-element quform-element-submit quform-element-4_16 quform-cf quform-button-style-theme\"><div class=\"quform-button-submit quform-button-submit-default quform-button-submit-4_16\"><button name=\"quform_submit\" type=\"submit\" class=\"quform-submit\" value=\"submit\"><span class=\"quform-button-text quform-button-submit-text\">Send<\/span><\/button><\/div><div class=\"quform-loading quform-loading-position-left quform-loading-type-spinner-1\"><div class=\"quform-loading-inner\"><div class=\"quform-loading-spinner\"><div class=\"quform-loading-spinner-inner\"><\/div><\/div><\/div><\/div><\/div><div class=\"quform-element-tree\"><label for=\"quform_4_0_f27133\">This field should be left blank<\/label><input type=\"text\" id=\"quform_4_0_f27133\" name=\"quform_4_0\" class=\"quform-field quform-field-tree quform-field-4_0\" tabindex=\"-1\" autocomplete=\"off\" \/><\/div><\/div><\/div><\/div><div class=\"quform-upload-progress-wrap\"><div class=\"quform-upload-progress-bar-wrap\"><div class=\"quform-upload-progress-bar\"><\/div><\/div><div class=\"quform-upload-info quform-cf\"><div class=\"quform-upload-filename\"><\/div><\/div><\/div><\/div><\/form><\/div>\n","protected":false},"excerpt":{"rendered":"Sem nome (Para an\u00f4nimo, digite \"An\u00f4nimo\")(obrigat\u00f3rio)Endere\u00e7o de e-mail(obrigat\u00f3rio)Modo de respostaE-mailCorrespond\u00eancia f\u00edsica (com custos)Buscar\/consultar pessoalmentePor telefoneCpfEndere\u00e7oN\u00fameroCepCidade - UFTelefoneAssuntoMensagem(obrigat\u00f3rio)Upload de arquivoTamanho m\u00e1ximo \u00e9 10MBSendThis field should be left blank","protected":false},"author":3,"featured_media":0,"parent":0,"menu_order":0,"comment_status":"closed","ping_status":"closed","template":"","meta":{"footnotes":""},"class_list":["post-1551","page","type-page","status-publish","hentry"],"_links":{"self":[{"href":"https:\/\/www.ipasemar.pa.gov.br\/transparencia\/wp-json\/wp\/v2\/pages\/1551","targetHints":{"allow":["GET"]}}],"collection":[{"href":"https:\/\/www.ipasemar.pa.gov.br\/transparencia\/wp-json\/wp\/v2\/pages"}],"about":[{"href":"https:\/\/www.ipasemar.pa.gov.br\/transparencia\/wp-json\/wp\/v2\/types\/page"}],"author":[{"embeddable":true,"href":"https:\/\/www.ipasemar.pa.gov.br\/transparencia\/wp-json\/wp\/v2\/users\/3"}],"replies":[{"embeddable":true,"href":"https:\/\/www.ipasemar.pa.gov.br\/transparencia\/wp-json\/wp\/v2\/comments?post=1551"}],"version-history":[{"count":2,"href":"https:\/\/www.ipasemar.pa.gov.br\/transparencia\/wp-json\/wp\/v2\/pages\/1551\/revisions"}],"predecessor-version":[{"id":2332,"href":"https:\/\/www.ipasemar.pa.gov.br\/transparencia\/wp-json\/wp\/v2\/pages\/1551\/revisions\/2332"}],"wp:attachment":[{"href":"https:\/\/www.ipasemar.pa.gov.br\/transparencia\/wp-json\/wp\/v2\/media?parent=1551"}],"curies":[{"name":"wp","href":"https:\/\/api.w.org\/{rel}","templated":true}]}}