{"id":1573,"date":"2022-11-14T21:56:16","date_gmt":"2022-11-15T00:56:16","guid":{"rendered":"https:\/\/www.ipasemar.pa.gov.br\/transparencia\/?page_id=1573"},"modified":"2023-03-06T09:13:17","modified_gmt":"2023-03-06T12:13:17","slug":"e-sic-fisico","status":"publish","type":"page","link":"https:\/\/www.ipasemar.pa.gov.br\/transparencia\/e-sic-fisico\/","title":{"rendered":"e-Sic F\u00edsico"},"content":{"rendered":"<h6><span style=\"color: #003366;\"><strong>e-Sic F\u00edsico<br \/>\n<\/strong><\/span><\/h6>\n<ul>\n<li><span style=\"color: #003366;\"><strong>Respons\u00e1vel:<\/strong> Athos Cesar Pinheiro Filho<br \/>\n<\/span><\/li>\n<li><span style=\"color: #003366;\"><strong>Endere\u00e7o:<\/strong> Folha 32 Quadra 14 Lote 01 &#8211; Nova Marab\u00e1 &#8211; Marab\u00e1 &#8211; PA<\/span><\/li>\n<li><span style=\"color: #003366;\"><strong>E-mail:<\/strong> atendimento@ipasemar.pa.gov.br<\/span><\/li>\n<li><span style=\"color: #003366;\"><strong>Fone:<\/strong> (94) 3322-3870 \/ (94) 99136-6397 (Whatsapp)<\/span><\/li>\n<li><span style=\"color: #003366;\"><strong>Hor\u00e1rio de Atendimento:<\/strong> 08:00 \u00e0s 18:00<\/span><\/li>\n<\/ul>\n","protected":false},"excerpt":{"rendered":"<p>e-Sic F\u00edsico Respons\u00e1vel: Athos Cesar Pinheiro Filho Endere\u00e7o: Folha 32 Quadra 14 Lote 01 &#8211; Nova Marab\u00e1 &#8211; Marab\u00e1 &#8211; PA E-mail: atendimento@ipasemar.pa.gov.br Fone: (94) 3322-3870 \/ (94) 99136-6397 (Whatsapp) Hor\u00e1rio de Atendimento: 08:00 \u00e0s 18:00<\/p>\n","protected":false},"author":3,"featured_media":0,"parent":0,"menu_order":0,"comment_status":"closed","ping_status":"closed","template":"","meta":{"footnotes":""},"class_list":["post-1573","page","type-page","status-publish","hentry"],"_links":{"self":[{"href":"https:\/\/www.ipasemar.pa.gov.br\/transparencia\/wp-json\/wp\/v2\/pages\/1573","targetHints":{"allow":["GET"]}}],"collection":[{"href":"https:\/\/www.ipasemar.pa.gov.br\/transparencia\/wp-json\/wp\/v2\/pages"}],"about":[{"href":"https:\/\/www.ipasemar.pa.gov.br\/transparencia\/wp-json\/wp\/v2\/types\/page"}],"author":[{"embeddable":true,"href":"https:\/\/www.ipasemar.pa.gov.br\/transparencia\/wp-json\/wp\/v2\/users\/3"}],"replies":[{"embeddable":true,"href":"https:\/\/www.ipasemar.pa.gov.br\/transparencia\/wp-json\/wp\/v2\/comments?post=1573"}],"version-history":[{"count":2,"href":"https:\/\/www.ipasemar.pa.gov.br\/transparencia\/wp-json\/wp\/v2\/pages\/1573\/revisions"}],"predecessor-version":[{"id":1788,"href":"https:\/\/www.ipasemar.pa.gov.br\/transparencia\/wp-json\/wp\/v2\/pages\/1573\/revisions\/1788"}],"wp:attachment":[{"href":"https:\/\/www.ipasemar.pa.gov.br\/transparencia\/wp-json\/wp\/v2\/media?parent=1573"}],"curies":[{"name":"wp","href":"https:\/\/api.w.org\/{rel}","templated":true}]}}