{"id":1720,"date":"2023-02-10T16:00:45","date_gmt":"2023-02-10T19:00:45","guid":{"rendered":"https:\/\/www.ipasemar.pa.gov.br\/transparencia\/?page_id=1720"},"modified":"2026-03-13T09:11:51","modified_gmt":"2026-03-13T12:11:51","slug":"manuais-e-mapeamento-de-processos","status":"publish","type":"page","link":"https:\/\/www.ipasemar.pa.gov.br\/transparencia\/manuais-e-mapeamento-de-processos\/","title":{"rendered":"Manuais e Mapeamentos de processos"},"content":{"rendered":"<h3><span style=\"color: #003366;\"><strong>MANUAIS<\/strong><\/span><\/h3>\n<ul>\n<li><a href=\"https:\/\/www.ipasemar.pa.gov.br\/wp-content\/uploads\/2023\/02\/M-05-Manual-COMPREV-Rev.03.pdf\"><span style=\"color: #003366;\">Manual Comprev<\/span><\/a><\/li>\n<li><span style=\"color: #003366;\"><a href=\"https:\/\/www.ipasemar.pa.gov.br\/wp-content\/uploads\/2023\/02\/M-11-Manual-de-Aposentadoria-por-Tempo-de-Contribuicao-Rev.-01.pdf\">Manual de Aposentadoria por Tempo de Contribui\u00e7\u00e3o<\/a> <\/span><\/li>\n<li><span style=\"color: #003366;\"><a href=\"https:\/\/www.ipasemar.pa.gov.br\/wp-content\/uploads\/2023\/02\/M-12-Manual-de-Aposentadoria-por-Idade-Rev.00-01.pdf\">Manual de Aposentadoria por Idade<\/a> <\/span><\/li>\n<li><a href=\"https:\/\/www.ipasemar.pa.gov.br\/wp-content\/uploads\/2023\/02\/M-13-Manual-de-Aposentadoria-por-Invalidez-Rev.00-01.pdf\"><span style=\"color: #003366;\">Manual de Aposentadoria por Invalidez<\/span><\/a><\/li>\n<li><span style=\"color: #003366;\"><a href=\"https:\/\/www.ipasemar.pa.gov.br\/wp-content\/uploads\/2023\/02\/M-14-Manual-de-Aposentadoria-Compulsoria-Rev.00-01.pdf\">Manual de Aposentadoria Compuls\u00f3ria<\/a> <\/span><\/li>\n<li><span style=\"color: #003366;\"><a href=\"https:\/\/www.ipasemar.pa.gov.br\/wp-content\/uploads\/2023\/02\/M-15-Manual-de-Abono-de-Permanencia-Rev.00-01.pdf\">Manual de Abono de Perman\u00eancia<\/a> <\/span><\/li>\n<li><span style=\"color: #003366;\"><a href=\"https:\/\/www.ipasemar.pa.gov.br\/wp-content\/uploads\/2023\/02\/M-16-Manual-de-Pensao-por-Morte-de-Ativo-Rev.00-01.pdf\">Manual de Pens\u00e3o por Morte de Ativo<\/a> <\/span><\/li>\n<li><span style=\"color: #003366;\"><a href=\"https:\/\/www.ipasemar.pa.gov.br\/wp-content\/uploads\/2023\/02\/M-17-Manual-de-Pensao-por-Morte-de-Inativo-Rev.00-01.pdf\">Manual de Pens\u00e3o por Morte de Inativo<\/a> <\/span><\/li>\n<li><a href=\"https:\/\/www.ipasemar.pa.gov.br\/wp-content\/uploads\/2023\/02\/M-26-Manual-de-Emissao-de-Certidao-de-Tempo-de-Contribuicao-Rev.00-01.pdf\"><span style=\"color: #003366;\">Manual de Emiss\u00e3o de Certid\u00e3o de Tempo de Contribui\u00e7\u00e3o<\/span><\/a><\/li>\n<li><span style=\"color: #003366;\"><a href=\"https:\/\/www.ipasemar.pa.gov.br\/wp-content\/uploads\/2023\/02\/M-29-Manual-de-Emissao-de-Boletos-de-Cobranca-Rev.00.pdf\">Manual de Arrecada\u00e7\u00e3o<\/a> <\/span><\/li>\n<li><a href=\"https:\/\/www.ipasemar.pa.gov.br\/wp-content\/uploads\/2023\/02\/M-36-Manual-de-parcelamento-contribuicao-previdenciaria-em-atraso-servidor-Rev.00-01-NIL.pdf\"><span style=\"color: #003366;\">Manual de parcelamento contribui\u00e7\u00e3o previdenci\u00e1ria em atraso servidor<\/span><\/a><\/li>\n<li><span style=\"color: #003366;\"><a href=\"https:\/\/www.ipasemar.pa.gov.br\/wp-content\/uploads\/2023\/02\/M-44-Manual-de-Credenciamento-Rev.00-01.pdf\">Manual de Credenciamento<\/a> <\/span><\/li>\n<li><a href=\"https:\/\/www.ipasemar.pa.gov.br\/wp-content\/uploads\/2023\/02\/M-48-Manual-de-processo-de-contribuicao-previdenciaria-em-atraso-dos-servidores-licenciados-e-cedidos-Rev.00-01-NIL.pdf\"><span style=\"color: #003366;\">Manual de processo de contribui\u00e7\u00e3o previdenci\u00e1ria em atraso dos servidores licenciados e cedidos<\/span><\/a><\/li>\n<li><a href=\"https:\/\/www.ipasemar.pa.gov.br\/wp-content\/uploads\/2023\/02\/M-49-Manual-de-parcelamento-e-Cobranca-de-Contribuicoes-Previdenciarias-atrasadas-dos-entes-NIL.pdf\"><span style=\"color: #003366;\">Manual de parcelamento e Cobran\u00e7a de Contribui\u00e7\u00f5es Previdenci\u00e1rias atrasadas dos entes<\/span><\/a><\/li>\n<li><a href=\"https:\/\/www.ipasemar.pa.gov.br\/wp-content\/uploads\/2023\/02\/M-50-Manual-de-revisao-de-processo-Rev.00-01.pdf\"><span style=\"color: #003366;\">Manual de revis\u00e3o de processo<\/span><\/a><\/li>\n<li><a href=\"http:\/\/www.ipasemar.pa.gov.br\/transparencia\/wp-content\/uploads\/sites\/2\/2026\/03\/MANUAL_DE_AQUISICAO_DE_TPF___PRIMARIO.pdf\"><span style=\"color: #003366;\">Manual de aquisi\u00e7\u00e3o de TPF no mercado prim\u00e1rio<\/span><\/a><\/li>\n<li><span style=\"color: #003366;\"><a href=\"http:\/\/www.ipasemar.pa.gov.br\/transparencia\/wp-content\/uploads\/sites\/2\/2026\/03\/M-44-Manual-de-Credenciamento-Rev.02.pdf\">Manual de Credenciamento<\/a> <\/span><\/li>\n<li><a href=\"http:\/\/www.ipasemar.pa.gov.br\/transparencia\/wp-content\/uploads\/sites\/2\/2026\/03\/M-25-Manual-da-autorizacao-para-aplicacao-e-resgate-Rev.00.pdf\"><span style=\"color: #003366;\">Manual da autoriza\u00e7\u00e3o para aplica\u00e7\u00e3o e resgate<\/span><\/a><\/li>\n<li><a href=\"http:\/\/www.ipasemar.pa.gov.br\/transparencia\/wp-content\/uploads\/sites\/2\/2026\/03\/M-12-Manual-de-Elaborcao-e-Aprovacao-da-PAI-Rev.00-1.pdf\"><span style=\"color: #003366;\">Manual de Elabora\u00e7\u00e3o e Aprova\u00e7\u00e3o da PAI<\/span><\/a><\/li>\n<\/ul>\n<h3><strong><span style=\"color: #003366;\">MAPEAMENTOS<\/span><\/strong><\/h3>\n<ul>\n<li><span style=\"color: #003366;\"><a href=\"https:\/\/www.ipasemar.pa.gov.br\/transparencia\/wp-content\/uploads\/sites\/2\/2023\/02\/M-05-Mapeamento-COMPREV-Rev.03.pdf\">Mapeamento COMPREV<\/a> <\/span><\/li>\n<li><span style=\"color: #003366;\"><a href=\"https:\/\/www.ipasemar.pa.gov.br\/transparencia\/wp-content\/uploads\/sites\/2\/2023\/02\/M-11-Mapeamento-de-Aposentadoria-por-Tempo-de-Contribuicao-Rev.-01.pdf\">Mapeamento de Aposentadoria por Tempo de Contribui\u00e7\u00e3o<\/a> <\/span><\/li>\n<li><a href=\"https:\/\/www.ipasemar.pa.gov.br\/transparencia\/wp-content\/uploads\/sites\/2\/2023\/02\/M-12-Mapeamento-de-Aposentadoria-por-Idade-Rev.00-01.pdf\"><span style=\"color: #003366;\">Mapeamento de Aposentadoria por Idade <\/span><\/a><\/li>\n<li><span style=\"color: #003366;\"><a href=\"https:\/\/www.ipasemar.pa.gov.br\/transparencia\/wp-content\/uploads\/sites\/2\/2023\/02\/M-13-Mapeamento-de-Aposentadoria-por-Invalidez-Rev.00-01.pdf\">Mapeamento de Aposentadoria por Invalidez<\/a> <\/span><\/li>\n<li><span style=\"color: #003366;\"><a href=\"https:\/\/www.ipasemar.pa.gov.br\/transparencia\/wp-content\/uploads\/sites\/2\/2023\/02\/M-14-Mapeamento-de-Aposentadoria-Compulsoria-Rev.00-01.pdf\">Mapeamento de Aposentadoria Compuls\u00f3ria<\/a> <\/span><\/li>\n<li><span style=\"color: #003366;\"><a href=\"https:\/\/www.ipasemar.pa.gov.br\/transparencia\/wp-content\/uploads\/sites\/2\/2023\/02\/M-15-Mapeamento-de-Abono-de-Permanencia-Rev.00-01.pdf\">Mapeamento de Abono de Perman\u00eancia<\/a> <\/span><\/li>\n<li><span style=\"color: #003366;\"><a href=\"https:\/\/www.ipasemar.pa.gov.br\/transparencia\/wp-content\/uploads\/sites\/2\/2023\/02\/M-16-Mapeamento-de-Pensao-por-Morte-de-Ativo-Rev.00-01.pdf\">Mapeamento de Pens\u00e3o por Morte de Ativo<\/a> <\/span><\/li>\n<li><span style=\"color: #003366;\"><a href=\"https:\/\/www.ipasemar.pa.gov.br\/transparencia\/wp-content\/uploads\/sites\/2\/2023\/02\/M-17-Mapeamento-de-Pensao-por-Morte-de-Inativo-Rev.00-01.pdf\">Mapeamento de Pens\u00e3o por Morte de Inativo<\/a> <\/span><\/li>\n<li><a href=\"https:\/\/www.ipasemar.pa.gov.br\/transparencia\/wp-content\/uploads\/sites\/2\/2023\/02\/M-26-Mapeamento-de-Emissao-de-Certidao-de-Tempo-de-Contribuicao-Rev.00-01.pdf\"><span style=\"color: #003366;\">Mapeamento de Emiss\u00e3o de Certid\u00e3o de Tempo de Contribui\u00e7\u00e3o<\/span><\/a><\/li>\n<li><span style=\"color: #003366;\"><a href=\"https:\/\/www.ipasemar.pa.gov.br\/transparencia\/wp-content\/uploads\/sites\/2\/2023\/02\/M-29-Mapeamento-de-Emissao-de-Boletos-de-Cobranca-Rev.00.pdf\">Mapeamento de Arrecada\u00e7\u00e3o<\/a> <\/span><\/li>\n<li><a href=\"https:\/\/www.ipasemar.pa.gov.br\/transparencia\/wp-content\/uploads\/sites\/2\/2023\/02\/M-36-Mapeamento-de-parcelamento-contribuicao-previdenciaria-em-atraso-servidor-Rev.00-01-NIL.pdf\"><span style=\"color: #003366;\">Mapeamento de parcelamento contribui\u00e7\u00e3o previdenci\u00e1ria em atraso servidor<\/span><\/a><\/li>\n<li><span style=\"color: #003366;\"><a href=\"https:\/\/www.ipasemar.pa.gov.br\/transparencia\/wp-content\/uploads\/sites\/2\/2023\/02\/M-44-Mapeamento-de-Credenciamento-Rev.00-01.pdf\">Mapeamento de Credenciamento<\/a> <\/span><\/li>\n<li><a href=\"https:\/\/www.ipasemar.pa.gov.br\/transparencia\/wp-content\/uploads\/sites\/2\/2023\/02\/M-48-Mapeamento-de-processo-de-contribuicao-previdenciaria-em-atraso-dos-servidores-licenciados-e-cedidos-Rev.00-01-NIL.pdf\"><span style=\"color: #003366;\">Mapeamento de processo de contribui\u00e7\u00e3o previdenci\u00e1ria em atraso dos servidores licenciados e cedidos<\/span><\/a><\/li>\n<li><span style=\"color: #003366;\"><a href=\"https:\/\/www.ipasemar.pa.gov.br\/transparencia\/wp-content\/uploads\/sites\/2\/2023\/02\/M-49-Mapeamento-de-parcelamento-e-Cobranca-de-Contribuicoes-Previdenciarias-atrasadas-dos-entes-NIL.pdf\">Mapeamento de parcelamento e Cobran\u00e7a de Contribui\u00e7\u00f5es Previdenci\u00e1rias atrasadas dos entes<\/a> <\/span><\/li>\n<li><a href=\"https:\/\/www.ipasemar.pa.gov.br\/transparencia\/wp-content\/uploads\/sites\/2\/2023\/02\/M-50-Mapeamento-de-revisao-de-processo-Rev.00-01.pdf\"><span style=\"color: #003366;\">Mapeamento de revis\u00e3o de processo<\/span><\/a><\/li>\n<li><a href=\"http:\/\/www.ipasemar.pa.gov.br\/transparencia\/wp-content\/uploads\/sites\/2\/2026\/03\/M-44-Mapeamento-de-Credenciamento-Rev.00-01.pdf\"><span style=\"color: #003366;\">Mapeamento de Credenciamento<\/span><\/a><\/li>\n<li><a href=\"http:\/\/www.ipasemar.pa.gov.br\/transparencia\/wp-content\/uploads\/sites\/2\/2026\/03\/M-25-Mapeamento-da-autorizacao-para-aplicacao-e-resgate-Rev.00.pdf\"><span style=\"color: #003366;\">Mapeamento da autoriza\u00e7\u00e3o para aplica\u00e7\u00e3o e resgate<\/span><\/a><\/li>\n<li><a href=\"http:\/\/www.ipasemar.pa.gov.br\/transparencia\/wp-content\/uploads\/sites\/2\/2026\/03\/M-12-Mapeamento-de-Elaboracao-e-aprovacao-PAI-Rev.00.pdf\"><span style=\"color: #003366;\">Mapeamento de Elabora\u00e7\u00e3o e aprova\u00e7\u00e3o PAI<\/span><\/a><\/li>\n<\/ul>\n","protected":false},"excerpt":{"rendered":"<p>MANUAIS Manual Comprev Manual de Aposentadoria por Tempo de Contribui\u00e7\u00e3o Manual de Aposentadoria por Idade Manual de Aposentadoria por Invalidez Manual de Aposentadoria Compuls\u00f3ria Manual de Abono de Perman\u00eancia Manual de Pens\u00e3o por Morte de Ativo Manual de Pens\u00e3o por Morte de Inativo Manual de Emiss\u00e3o de Certid\u00e3o de Tempo de Contribui\u00e7\u00e3o Manual de Arrecada\u00e7\u00e3o [&hellip;]<\/p>\n","protected":false},"author":3,"featured_media":0,"parent":0,"menu_order":0,"comment_status":"closed","ping_status":"closed","template":"","meta":{"footnotes":""},"class_list":["post-1720","page","type-page","status-publish","hentry"],"_links":{"self":[{"href":"https:\/\/www.ipasemar.pa.gov.br\/transparencia\/wp-json\/wp\/v2\/pages\/1720","targetHints":{"allow":["GET"]}}],"collection":[{"href":"https:\/\/www.ipasemar.pa.gov.br\/transparencia\/wp-json\/wp\/v2\/pages"}],"about":[{"href":"https:\/\/www.ipasemar.pa.gov.br\/transparencia\/wp-json\/wp\/v2\/types\/page"}],"author":[{"embeddable":true,"href":"https:\/\/www.ipasemar.pa.gov.br\/transparencia\/wp-json\/wp\/v2\/users\/3"}],"replies":[{"embeddable":true,"href":"https:\/\/www.ipasemar.pa.gov.br\/transparencia\/wp-json\/wp\/v2\/comments?post=1720"}],"version-history":[{"count":8,"href":"https:\/\/www.ipasemar.pa.gov.br\/transparencia\/wp-json\/wp\/v2\/pages\/1720\/revisions"}],"predecessor-version":[{"id":4122,"href":"https:\/\/www.ipasemar.pa.gov.br\/transparencia\/wp-json\/wp\/v2\/pages\/1720\/revisions\/4122"}],"wp:attachment":[{"href":"https:\/\/www.ipasemar.pa.gov.br\/transparencia\/wp-json\/wp\/v2\/media?parent=1720"}],"curies":[{"name":"wp","href":"https:\/\/api.w.org\/{rel}","templated":true}]}}