{"id":1742,"date":"2023-02-13T10:57:12","date_gmt":"2023-02-13T13:57:12","guid":{"rendered":"https:\/\/www.ipasemar.pa.gov.br\/transparencia\/?page_id=1742"},"modified":"2023-02-13T11:00:37","modified_gmt":"2023-02-13T14:00:37","slug":"instrumentos-de-planejamento-loa-ldo-e-ppa","status":"publish","type":"page","link":"https:\/\/www.ipasemar.pa.gov.br\/transparencia\/instrumentos-de-planejamento-loa-ldo-e-ppa\/","title":{"rendered":"Instrumentos de Planejamento (LOA, LDO e PPA)"},"content":{"rendered":"<h4><span style=\"color: #003366;\">\u00a0<\/span><\/h4>\n<ul>\n<li>\n<h4><span style=\"color: #003366;\"><a style=\"color: #003366;\" href=\"http:\/\/www.governotransparente.com.br\/transparencia\/44669490\/grupodearquivosprincipal\/16?datainfo=MTIwMjEwOTI5MTAyOVBQUA==&amp;clean=false\"><strong>Lei Or\u00e7ament\u00e1ria Anual (LOA).<\/strong><\/a><\/span><\/h4>\n<\/li>\n<li>\n<h4><span style=\"color: #003366;\"><a style=\"color: #003366;\" href=\"http:\/\/www.governotransparente.com.br\/transparencia\/44669490\/grupodearquivosprincipal\/17?datainfo=MTIwMjEwOTI5MTAyOVBQUA==&amp;clean=false\"><strong>L<\/strong><strong>ei de Diretrizes Or\u00e7ament\u00e1rias (LDO)<\/strong><strong>.<\/strong><\/a><\/span><\/h4>\n<\/li>\n<li>\n<h4><a href=\"http:\/\/www.governotransparente.com.br\/transparencia\/44669490\/grupodearquivosprincipal\/18?datainfo=MTIwMjEwOTI5MTAyOVBQUA==&amp;clean=false\"><strong><span style=\"color: #003366;\">Plano Plurianual (PPA).<\/span><\/strong><\/a><\/h4>\n<\/li>\n<\/ul>\n","protected":false},"excerpt":{"rendered":"<p>\u00a0 Lei Or\u00e7ament\u00e1ria Anual (LOA). Lei de Diretrizes Or\u00e7ament\u00e1rias (LDO). Plano Plurianual (PPA).<\/p>\n","protected":false},"author":3,"featured_media":0,"parent":0,"menu_order":0,"comment_status":"closed","ping_status":"closed","template":"","meta":{"footnotes":""},"class_list":["post-1742","page","type-page","status-publish","hentry"],"_links":{"self":[{"href":"https:\/\/www.ipasemar.pa.gov.br\/transparencia\/wp-json\/wp\/v2\/pages\/1742","targetHints":{"allow":["GET"]}}],"collection":[{"href":"https:\/\/www.ipasemar.pa.gov.br\/transparencia\/wp-json\/wp\/v2\/pages"}],"about":[{"href":"https:\/\/www.ipasemar.pa.gov.br\/transparencia\/wp-json\/wp\/v2\/types\/page"}],"author":[{"embeddable":true,"href":"https:\/\/www.ipasemar.pa.gov.br\/transparencia\/wp-json\/wp\/v2\/users\/3"}],"replies":[{"embeddable":true,"href":"https:\/\/www.ipasemar.pa.gov.br\/transparencia\/wp-json\/wp\/v2\/comments?post=1742"}],"version-history":[{"count":2,"href":"https:\/\/www.ipasemar.pa.gov.br\/transparencia\/wp-json\/wp\/v2\/pages\/1742\/revisions"}],"predecessor-version":[{"id":1745,"href":"https:\/\/www.ipasemar.pa.gov.br\/transparencia\/wp-json\/wp\/v2\/pages\/1742\/revisions\/1745"}],"wp:attachment":[{"href":"https:\/\/www.ipasemar.pa.gov.br\/transparencia\/wp-json\/wp\/v2\/media?parent=1742"}],"curies":[{"name":"wp","href":"https:\/\/api.w.org\/{rel}","templated":true}]}}