{"id":2027,"date":"2023-06-12T16:12:02","date_gmt":"2023-06-12T19:12:02","guid":{"rendered":"https:\/\/www.ipasemar.pa.gov.br\/transparencia\/?page_id=2027"},"modified":"2023-06-12T16:13:34","modified_gmt":"2023-06-12T19:13:34","slug":"prova-de-vida","status":"publish","type":"page","link":"https:\/\/www.ipasemar.pa.gov.br\/transparencia\/prova-de-vida\/","title":{"rendered":"Prova de Vida"},"content":{"rendered":"<h5 style=\"text-align: center;\"><span style=\"color: #003366;\">Documentos necess\u00e1rios<\/span><\/h5>\n<p>&nbsp;<\/p>\n<p><span style=\"color: #003366;\"><strong>I &#8211;<\/strong> Cadastro de Pessoa F\u00edsica &#8211; CPF;<\/span><\/p>\n<p><span style=\"color: #003366;\"><strong>II &#8211;<\/strong> Documento de identifica\u00e7\u00e3o com foto que esteja em bom estado de conserva\u00e7\u00e3o, podendo ser aceitos: C\u00e9dula de identidade &#8211; RG, Passaporte, Carteira Nacional de Habilita\u00e7\u00e3o &#8211; CNH, Carteira Profissional de Trabalho ou Carteira Funcional de Entidade de Classe ao qual o benefici\u00e1rio esteja vinculado;<\/span><\/p>\n<p><span style=\"color: #003366;\"><strong>III &#8211;<\/strong> Certid\u00e3o de Casamento ou Nascimento, ou Escritura P\u00fablica de Conviv\u00eancia Marital, e Declara\u00e7\u00e3o de estado Civil, se for o caso;<\/span><\/p>\n<p><span style=\"color: #003366;\"><strong>IV &#8211;<\/strong> Comprovante de resid\u00eancia atualizado, datado de no m\u00e1ximo 90 dias, sendo aceitos somente: contas de \u00e1gua, luz, telefone fixo, telefone m\u00f3vel, correspond\u00eancias banc\u00e1rias ou entidades p\u00fablicas.<\/span><\/p>\n<p>&nbsp;<\/p>\n","protected":false},"excerpt":{"rendered":"<p>Documentos necess\u00e1rios &nbsp; I &#8211; Cadastro de Pessoa F\u00edsica &#8211; CPF; II &#8211; Documento de identifica\u00e7\u00e3o com foto que esteja em bom estado de conserva\u00e7\u00e3o, podendo ser aceitos: C\u00e9dula de identidade &#8211; RG, Passaporte, Carteira Nacional de Habilita\u00e7\u00e3o &#8211; CNH, Carteira Profissional de Trabalho ou Carteira Funcional de Entidade de Classe ao qual o benefici\u00e1rio [&hellip;]<\/p>\n","protected":false},"author":3,"featured_media":0,"parent":0,"menu_order":0,"comment_status":"closed","ping_status":"closed","template":"","meta":{"footnotes":""},"class_list":["post-2027","page","type-page","status-publish","hentry"],"_links":{"self":[{"href":"https:\/\/www.ipasemar.pa.gov.br\/transparencia\/wp-json\/wp\/v2\/pages\/2027","targetHints":{"allow":["GET"]}}],"collection":[{"href":"https:\/\/www.ipasemar.pa.gov.br\/transparencia\/wp-json\/wp\/v2\/pages"}],"about":[{"href":"https:\/\/www.ipasemar.pa.gov.br\/transparencia\/wp-json\/wp\/v2\/types\/page"}],"author":[{"embeddable":true,"href":"https:\/\/www.ipasemar.pa.gov.br\/transparencia\/wp-json\/wp\/v2\/users\/3"}],"replies":[{"embeddable":true,"href":"https:\/\/www.ipasemar.pa.gov.br\/transparencia\/wp-json\/wp\/v2\/comments?post=2027"}],"version-history":[{"count":3,"href":"https:\/\/www.ipasemar.pa.gov.br\/transparencia\/wp-json\/wp\/v2\/pages\/2027\/revisions"}],"predecessor-version":[{"id":2030,"href":"https:\/\/www.ipasemar.pa.gov.br\/transparencia\/wp-json\/wp\/v2\/pages\/2027\/revisions\/2030"}],"wp:attachment":[{"href":"https:\/\/www.ipasemar.pa.gov.br\/transparencia\/wp-json\/wp\/v2\/media?parent=2027"}],"curies":[{"name":"wp","href":"https:\/\/api.w.org\/{rel}","templated":true}]}}