{"id":2429,"date":"2024-02-02T08:24:08","date_gmt":"2024-02-02T11:24:08","guid":{"rendered":"https:\/\/www.ipasemar.pa.gov.br\/transparencia\/?page_id=2429"},"modified":"2025-02-11T15:16:14","modified_gmt":"2025-02-11T18:16:14","slug":"portaria-de-diarias-2024","status":"publish","type":"page","link":"https:\/\/www.ipasemar.pa.gov.br\/transparencia\/portaria-de-diarias-2024\/","title":{"rendered":"Portaria de di\u00e1rias 2024"},"content":{"rendered":"<ul>\n<li><span style=\"color: #003366;\"><a style=\"color: #003366;\" href=\"http:\/\/www.ipasemar.pa.gov.br\/transparencia\/wp-content\/uploads\/sites\/2\/2024\/02\/DECLARACOES-DIARIAS.pdf\"><strong>Janeiro<\/strong> &#8211; N\u00c3O HOUVE PORTARIA DE DI\u00c1RIAS &#8211; DECLARA\u00c7\u00c3O<\/a><\/span><\/li>\n<li><span style=\"color: #003366;\"><a style=\"color: #003366;\" href=\"http:\/\/www.ipasemar.pa.gov.br\/transparencia\/wp-content\/uploads\/sites\/2\/2024\/03\/CCF_0003081.pdf\"><strong>Fevereiro<\/strong> &#8211; N\u00c3O HOUVE PORTARIA DE DI\u00c1RIAS &#8211; DECLARA\u00c7\u00c3O<\/a><\/span><\/li>\n<li><strong><span style=\"color: #003366;\"><a style=\"color: #003366;\" href=\"http:\/\/www.ipasemar.pa.gov.br\/transparencia\/wp-content\/uploads\/sites\/2\/2024\/04\/diarias-marco_compressed1.pdf\">Mar\u00e7o<\/a><\/span><\/strong><\/li>\n<li><a href=\"https:\/\/www.ipasemar.pa.gov.br\/wp-content\/uploads\/2024\/05\/DECLARACAO-DIARIAS.pdf\"><span style=\"color: #003366;\"><strong>Abril<\/strong> <\/span>&#8211; <span style=\"color: #003366;\">N\u00c3O HOUVE PORTARIA DE DI\u00c1RIAS &#8211; DECLARA\u00c7\u00c3O<\/span><\/a><\/li>\n<li><span style=\"color: #003366;\"><a style=\"color: #003366;\" href=\"http:\/\/www.ipasemar.pa.gov.br\/transparencia\/wp-content\/uploads\/sites\/2\/2024\/06\/CCF_000383.pdf\"><strong>Maio <\/strong>&#8211; N\u00c3O HOUVE PORTARIA DE DI\u00c1RIAS &#8211; DECLARA\u00c7\u00c3O<\/a><\/span><\/li>\n<li><strong><span style=\"color: #003366;\"><a style=\"color: #003366;\" href=\"http:\/\/www.ipasemar.pa.gov.br\/transparencia\/wp-content\/uploads\/sites\/2\/2024\/07\/portarias-06.2024.pdf\">Junho<\/a><\/span><\/strong><\/li>\n<li><a href=\"http:\/\/www.ipasemar.pa.gov.br\/transparencia\/wp-content\/uploads\/sites\/2\/2024\/08\/diarias.pdf\"><span style=\"color: #003366;\"><strong>Julho<\/strong> &#8211; N\u00c3O HOUVE PORTARIA DE DI\u00c1RIAS &#8211; DECLARA\u00c7\u00c3O<\/span><\/a><\/li>\n<li><a href=\"http:\/\/www.ipasemar.pa.gov.br\/transparencia\/wp-content\/uploads\/sites\/2\/2024\/08\/portarias-08.pdf\"><strong><span style=\"color: #003366;\">Agosto<\/span><\/strong><\/a><\/li>\n<li><a href=\"http:\/\/www.ipasemar.pa.gov.br\/transparencia\/wp-content\/uploads\/sites\/2\/2024\/10\/DIARIAS2.pdf\"><span style=\"color: #003366;\"><strong>Setembro<\/strong> &#8211; N\u00c3O HOUVE PORTARIA DE DI\u00c1RIAS &#8211; DECLARA\u00c7\u00c3O<\/span><\/a><\/li>\n<li><span style=\"color: #003366;\"><a style=\"color: #003366;\" href=\"http:\/\/www.ipasemar.pa.gov.br\/transparencia\/wp-content\/uploads\/sites\/2\/2024\/11\/CCF_00051211.pdf\"><strong>Outubro<\/strong> &#8211; N\u00c3O HOUVE PORTARIA DE DI\u00c1RIAS &#8211; DECLARA\u00c7\u00c3O<\/a><\/span><\/li>\n<li><a href=\"https:\/\/www.ipasemar.pa.gov.br\/wp-content\/uploads\/2024\/11\/PORTARIAS.pdf\"><span style=\"color: #003366;\"><strong>Novembro<\/strong><\/span><\/a><\/li>\n<li><strong><span style=\"color: #003366;\"><a style=\"color: #003366;\" href=\"https:\/\/drive.google.com\/file\/d\/1crySZCIoEtPZHBw9p5ytlcAeD0N4Ge8I\/view?usp=sharing\">Dezembro<\/a><\/span><\/strong><\/li>\n<\/ul>\n","protected":false},"excerpt":{"rendered":"<p>Janeiro &#8211; N\u00c3O HOUVE PORTARIA DE DI\u00c1RIAS &#8211; DECLARA\u00c7\u00c3O Fevereiro &#8211; N\u00c3O HOUVE PORTARIA DE DI\u00c1RIAS &#8211; DECLARA\u00c7\u00c3O Mar\u00e7o Abril &#8211; N\u00c3O HOUVE PORTARIA DE DI\u00c1RIAS &#8211; DECLARA\u00c7\u00c3O Maio &#8211; N\u00c3O HOUVE PORTARIA DE DI\u00c1RIAS &#8211; DECLARA\u00c7\u00c3O Junho Julho &#8211; N\u00c3O HOUVE PORTARIA DE DI\u00c1RIAS &#8211; DECLARA\u00c7\u00c3O Agosto Setembro &#8211; N\u00c3O HOUVE PORTARIA DE DI\u00c1RIAS [&hellip;]<\/p>\n","protected":false},"author":3,"featured_media":0,"parent":0,"menu_order":0,"comment_status":"closed","ping_status":"closed","template":"","meta":{"footnotes":""},"class_list":["post-2429","page","type-page","status-publish","hentry"],"_links":{"self":[{"href":"https:\/\/www.ipasemar.pa.gov.br\/transparencia\/wp-json\/wp\/v2\/pages\/2429","targetHints":{"allow":["GET"]}}],"collection":[{"href":"https:\/\/www.ipasemar.pa.gov.br\/transparencia\/wp-json\/wp\/v2\/pages"}],"about":[{"href":"https:\/\/www.ipasemar.pa.gov.br\/transparencia\/wp-json\/wp\/v2\/types\/page"}],"author":[{"embeddable":true,"href":"https:\/\/www.ipasemar.pa.gov.br\/transparencia\/wp-json\/wp\/v2\/users\/3"}],"replies":[{"embeddable":true,"href":"https:\/\/www.ipasemar.pa.gov.br\/transparencia\/wp-json\/wp\/v2\/comments?post=2429"}],"version-history":[{"count":20,"href":"https:\/\/www.ipasemar.pa.gov.br\/transparencia\/wp-json\/wp\/v2\/pages\/2429\/revisions"}],"predecessor-version":[{"id":3268,"href":"https:\/\/www.ipasemar.pa.gov.br\/transparencia\/wp-json\/wp\/v2\/pages\/2429\/revisions\/3268"}],"wp:attachment":[{"href":"https:\/\/www.ipasemar.pa.gov.br\/transparencia\/wp-json\/wp\/v2\/media?parent=2429"}],"curies":[{"name":"wp","href":"https:\/\/api.w.org\/{rel}","templated":true}]}}