{"id":2496,"date":"2024-02-21T13:48:14","date_gmt":"2024-02-21T16:48:14","guid":{"rendered":"https:\/\/www.ipasemar.pa.gov.br\/transparencia\/?page_id=2496"},"modified":"2026-03-12T08:33:14","modified_gmt":"2026-03-12T11:33:14","slug":"relatorio-anual-de-investimentos","status":"publish","type":"page","link":"https:\/\/www.ipasemar.pa.gov.br\/transparencia\/relatorio-anual-de-investimentos\/","title":{"rendered":"Relat\u00f3rio Anual de Investimentos"},"content":{"rendered":"<h4><span style=\"color: #003366;\">2025<\/span><\/h4>\n<ul>\n<li><span style=\"color: #003366;\"><a href=\"https:\/\/www.ipasemar.pa.gov.br\/transparencia\/wp-content\/uploads\/sites\/2\/2026\/01\/relatorio-dinamico1.pdf\">Relat\u00f3rio\u00a0 \u00a0<\/a> \u00a0 \u00a0 \u00a0 \u00a0 \u00a0 \u00a0 \u00a0 \u00a0 \u00a0 \u00a0 \u00a0 \u00a0 \u00a0\u00a0<em> \u00a0 \u00a0<a href=\"https:\/\/www.ipasemar.pa.gov.br\/transparencia\/wp-content\/uploads\/sites\/2\/2026\/01\/SEI_1456818_ATA_CAI___Conselho_de_Administracao_do_IPASEMAR.pdf\"> Ata de aprova\u00e7\u00e3o<\/a><\/em><\/span><\/li>\n<\/ul>\n<h4><span style=\"color: #003366;\">2024<\/span><\/h4>\n<ul>\n<li><span style=\"color: #003366;\"><a href=\"https:\/\/drive.google.com\/file\/d\/1n6jYmSpGSyH-tNM1aLUqVdmo92EFEC9e\/view\">Relat\u00f3rio\u00a0 \u00a0<\/a> \u00a0 \u00a0 \u00a0 \u00a0 \u00a0 \u00a0 \u00a0 \u00a0 \u00a0 \u00a0 \u00a0 \u00a0 \u00a0 \u00a0 \u00a0\u00a0 <a href=\"https:\/\/drive.google.com\/file\/d\/1q3EDIOeaEylHeD36PawHjiJqwPisuZvH\/view\"><em>Ata de aprova\u00e7\u00e3o<\/em><\/a><\/span><\/li>\n<\/ul>\n<h4><span style=\"color: #003366;\"><a style=\"color: #003366;\" href=\"https:\/\/drive.google.com\/file\/d\/1ACB3_27UTpDvr6EMd1SCBXfO8i8xyQQI\/view\">2023<\/a><\/span><\/h4>\n<ul>\n<li><span style=\"color: #ff0000;\"><span style=\"color: #003366;\"><a href=\"https:\/\/drive.google.com\/file\/d\/1ACB3_27UTpDvr6EMd1SCBXfO8i8xyQQI\/view\">Relat\u00f3rio \u00a0 \u00a0<\/a> \u00a0 \u00a0 \u00a0\u00a0\u00a0\u00a0\u00a0\u00a0\u00a0\u00a0\u00a0\u00a0\u00a0\u00a0\u00a0\u00a0\u00a0\u00a0\u00a0\u00a0\u00a0\u00a0\u00a0\u00a0\u00a0\u00a0 <a href=\"https:\/\/drive.google.com\/file\/d\/13xHTjHRM-_dfejYR_bUnIoojDZMv5L0-\/view\"><em>Ata de aprova\u00e7\u00e3o<\/em><\/a><\/span><\/span><\/li>\n<\/ul>\n","protected":false},"excerpt":{"rendered":"<p>2025 Relat\u00f3rio\u00a0 \u00a0 \u00a0 \u00a0 \u00a0 \u00a0 \u00a0 \u00a0 \u00a0 \u00a0 \u00a0 \u00a0 \u00a0 \u00a0 \u00a0\u00a0 \u00a0 \u00a0 Ata de aprova\u00e7\u00e3o 2024 Relat\u00f3rio\u00a0 \u00a0 \u00a0 \u00a0 \u00a0 \u00a0 \u00a0 \u00a0 \u00a0 \u00a0 \u00a0 \u00a0 \u00a0 \u00a0 \u00a0 \u00a0 \u00a0\u00a0 Ata de aprova\u00e7\u00e3o 2023 Relat\u00f3rio \u00a0 \u00a0 \u00a0 \u00a0 \u00a0\u00a0\u00a0\u00a0\u00a0\u00a0\u00a0\u00a0\u00a0\u00a0\u00a0\u00a0\u00a0\u00a0\u00a0\u00a0\u00a0\u00a0\u00a0\u00a0\u00a0\u00a0\u00a0\u00a0 Ata de aprova\u00e7\u00e3o<\/p>\n","protected":false},"author":3,"featured_media":0,"parent":0,"menu_order":0,"comment_status":"closed","ping_status":"closed","template":"","meta":{"footnotes":""},"class_list":["post-2496","page","type-page","status-publish","hentry"],"_links":{"self":[{"href":"https:\/\/www.ipasemar.pa.gov.br\/transparencia\/wp-json\/wp\/v2\/pages\/2496","targetHints":{"allow":["GET"]}}],"collection":[{"href":"https:\/\/www.ipasemar.pa.gov.br\/transparencia\/wp-json\/wp\/v2\/pages"}],"about":[{"href":"https:\/\/www.ipasemar.pa.gov.br\/transparencia\/wp-json\/wp\/v2\/types\/page"}],"author":[{"embeddable":true,"href":"https:\/\/www.ipasemar.pa.gov.br\/transparencia\/wp-json\/wp\/v2\/users\/3"}],"replies":[{"embeddable":true,"href":"https:\/\/www.ipasemar.pa.gov.br\/transparencia\/wp-json\/wp\/v2\/comments?post=2496"}],"version-history":[{"count":7,"href":"https:\/\/www.ipasemar.pa.gov.br\/transparencia\/wp-json\/wp\/v2\/pages\/2496\/revisions"}],"predecessor-version":[{"id":4104,"href":"https:\/\/www.ipasemar.pa.gov.br\/transparencia\/wp-json\/wp\/v2\/pages\/2496\/revisions\/4104"}],"wp:attachment":[{"href":"https:\/\/www.ipasemar.pa.gov.br\/transparencia\/wp-json\/wp\/v2\/media?parent=2496"}],"curies":[{"name":"wp","href":"https:\/\/api.w.org\/{rel}","templated":true}]}}