{"id":2988,"date":"2024-09-18T11:15:31","date_gmt":"2024-09-18T14:15:31","guid":{"rendered":"https:\/\/www.ipasemar.pa.gov.br\/transparencia\/?page_id=2988"},"modified":"2025-09-02T15:34:50","modified_gmt":"2025-09-02T18:34:50","slug":"praticas-de-equidade","status":"publish","type":"page","link":"https:\/\/www.ipasemar.pa.gov.br\/transparencia\/praticas-de-equidade\/","title":{"rendered":"Pr\u00e1ticas de Equidade"},"content":{"rendered":"<ul>\n<li><a href=\"https:\/\/drive.google.com\/drive\/folders\/1hxXfPH4GaR_00pnRueceubnrCUdG2qgh?usp=sharing\"><span style=\"color: #003366;\">CERTIFICA\u00c7\u00c3O PROFISSIONAL<\/span><\/a><\/li>\n<li><a href=\"https:\/\/drive.google.com\/drive\/folders\/12q1TE0p2zyQgSY8bZ8zRT5ZCacduQGpV?usp=sharing\"><span style=\"color: #003366;\">N\u00cdVEL SUPERIOR<\/span><\/a><\/li>\n<li><a href=\"https:\/\/drive.google.com\/drive\/folders\/18tFoRGAeBjEZd-MEhZpvgbEEX_9K6mID?usp=sharing\"><span style=\"color: #003366;\">EXPERI\u00caNCIA NAS \u00c1REAS DE ATUA\u00c7\u00c3O DO RPPS<\/span><\/a><\/li>\n<li><span style=\"color: #003366;\"><a style=\"color: #003366;\" href=\"https:\/\/drive.google.com\/drive\/folders\/1POSVZenTTTDzmZl4BmYpMDQh9Iocawi7?usp=sharing\">EVENTO e-Social 1207-2024<\/a><\/span><\/li>\n<li><span style=\"color: #003366;\"><a style=\"color: #003366;\" href=\"http:\/\/www.ipasemar.pa.gov.br\/transparencia\/wp-content\/uploads\/sites\/2\/2025\/09\/Extrato-Processamento-E-Social2.pdf\">DCTFWeb<\/a><\/span><\/li>\n<\/ul>\n","protected":false},"excerpt":{"rendered":"<p>CERTIFICA\u00c7\u00c3O PROFISSIONAL N\u00cdVEL SUPERIOR EXPERI\u00caNCIA NAS \u00c1REAS DE ATUA\u00c7\u00c3O DO RPPS EVENTO e-Social 1207-2024 DCTFWeb<\/p>\n","protected":false},"author":3,"featured_media":0,"parent":0,"menu_order":0,"comment_status":"closed","ping_status":"closed","template":"","meta":{"footnotes":""},"class_list":["post-2988","page","type-page","status-publish","hentry"],"_links":{"self":[{"href":"https:\/\/www.ipasemar.pa.gov.br\/transparencia\/wp-json\/wp\/v2\/pages\/2988","targetHints":{"allow":["GET"]}}],"collection":[{"href":"https:\/\/www.ipasemar.pa.gov.br\/transparencia\/wp-json\/wp\/v2\/pages"}],"about":[{"href":"https:\/\/www.ipasemar.pa.gov.br\/transparencia\/wp-json\/wp\/v2\/types\/page"}],"author":[{"embeddable":true,"href":"https:\/\/www.ipasemar.pa.gov.br\/transparencia\/wp-json\/wp\/v2\/users\/3"}],"replies":[{"embeddable":true,"href":"https:\/\/www.ipasemar.pa.gov.br\/transparencia\/wp-json\/wp\/v2\/comments?post=2988"}],"version-history":[{"count":3,"href":"https:\/\/www.ipasemar.pa.gov.br\/transparencia\/wp-json\/wp\/v2\/pages\/2988\/revisions"}],"predecessor-version":[{"id":3721,"href":"https:\/\/www.ipasemar.pa.gov.br\/transparencia\/wp-json\/wp\/v2\/pages\/2988\/revisions\/3721"}],"wp:attachment":[{"href":"https:\/\/www.ipasemar.pa.gov.br\/transparencia\/wp-json\/wp\/v2\/media?parent=2988"}],"curies":[{"name":"wp","href":"https:\/\/api.w.org\/{rel}","templated":true}]}}