{"id":3259,"date":"2025-02-10T12:07:29","date_gmt":"2025-02-10T15:07:29","guid":{"rendered":"https:\/\/www.ipasemar.pa.gov.br\/transparencia\/?page_id=3259"},"modified":"2026-01-15T15:18:33","modified_gmt":"2026-01-15T18:18:33","slug":"relatorio-trimestral-de-acompanhamento-do-fundo-piata-fi-rf-lp-previdenciario-credito-privado","status":"publish","type":"page","link":"https:\/\/www.ipasemar.pa.gov.br\/transparencia\/relatorio-trimestral-de-acompanhamento-do-fundo-piata-fi-rf-lp-previdenciario-credito-privado\/","title":{"rendered":"Relat\u00f3rio Trimestral de acompanhamento do fundo Piat\u00e3 FI RF LP Previdenci\u00e1rio Cr\u00e9dito Privado"},"content":{"rendered":"<h3><span style=\"color: #003366;\"><strong>2025<\/strong><\/span><\/h3>\n<ul>\n<li><span style=\"color: #003366;\"><a style=\"color: #003366;\" href=\"http:\/\/www.ipasemar.pa.gov.br\/transparencia\/wp-content\/uploads\/sites\/2\/2025\/05\/RELATORIO-TRIMESTRAL-PIATA-1T2025-ASSINADO.pdf\"><span style=\"color: #003366;\">1\u00ba Trimestre<\/span><\/a><\/span><\/li>\n<li><span style=\"color: #003366;\"><a style=\"color: #003366;\" href=\"http:\/\/www.ipasemar.pa.gov.br\/transparencia\/wp-content\/uploads\/sites\/2\/2025\/08\/RELATORIO-TRIMESTRAL-PIATA-2T2025.pdf\">2\u00ba Trimestre<\/a><\/span><\/li>\n<li><span style=\"color: #003366;\"><a style=\"color: #003366;\" href=\"https:\/\/drive.google.com\/file\/d\/1KqCoRTL2bFyMfXoCNAgn-IEoAN85sjsP\/view?usp=sharing\">3\u00ba Trimestre<\/a><\/span><\/li>\n<\/ul>\n<h3><strong><span style=\"color: #003366;\">2024<\/span><\/strong><\/h3>\n<ul>\n<li><span style=\"color: #003366;\"><a style=\"color: #003366;\" href=\"https:\/\/drive.google.com\/file\/d\/1faJtC6JX72yQSIixpMhyDEjA21DRpNdV\/view?usp=sharing\">1\u00ba Trimestre<\/a><\/span><\/li>\n<li><span style=\"color: #003366;\"><a style=\"color: #003366;\" href=\"https:\/\/drive.google.com\/file\/d\/1cDeNIjCWf34YZt1egmMUpsqXXlI2kMGA\/view?usp=sharing\">2\u00ba Trimestre<\/a><\/span><\/li>\n<li><span style=\"color: #003366;\"><a style=\"color: #003366;\" href=\"https:\/\/drive.google.com\/file\/d\/1Qqo1qcbsMq_U0u5Cs5zOvotdaEJeR0_-\/view?usp=sharing\">3\u00ba Trimestre<\/a><\/span><\/li>\n<li><span style=\"color: #003366;\"><a style=\"color: #003366;\" href=\"https:\/\/drive.google.com\/file\/d\/1WyAAmLFEIeVumNXtDHix1Y49ESOO66HF\/view?usp=sharing\">4\u00ba Trimestre<\/a><\/span><\/li>\n<\/ul>\n","protected":false},"excerpt":{"rendered":"<p>2025 1\u00ba Trimestre 2\u00ba Trimestre 3\u00ba Trimestre 2024 1\u00ba Trimestre 2\u00ba Trimestre 3\u00ba Trimestre 4\u00ba Trimestre<\/p>\n","protected":false},"author":3,"featured_media":0,"parent":0,"menu_order":0,"comment_status":"closed","ping_status":"closed","template":"","meta":{"footnotes":""},"class_list":["post-3259","page","type-page","status-publish","hentry"],"_links":{"self":[{"href":"https:\/\/www.ipasemar.pa.gov.br\/transparencia\/wp-json\/wp\/v2\/pages\/3259","targetHints":{"allow":["GET"]}}],"collection":[{"href":"https:\/\/www.ipasemar.pa.gov.br\/transparencia\/wp-json\/wp\/v2\/pages"}],"about":[{"href":"https:\/\/www.ipasemar.pa.gov.br\/transparencia\/wp-json\/wp\/v2\/types\/page"}],"author":[{"embeddable":true,"href":"https:\/\/www.ipasemar.pa.gov.br\/transparencia\/wp-json\/wp\/v2\/users\/3"}],"replies":[{"embeddable":true,"href":"https:\/\/www.ipasemar.pa.gov.br\/transparencia\/wp-json\/wp\/v2\/comments?post=3259"}],"version-history":[{"count":5,"href":"https:\/\/www.ipasemar.pa.gov.br\/transparencia\/wp-json\/wp\/v2\/pages\/3259\/revisions"}],"predecessor-version":[{"id":3994,"href":"https:\/\/www.ipasemar.pa.gov.br\/transparencia\/wp-json\/wp\/v2\/pages\/3259\/revisions\/3994"}],"wp:attachment":[{"href":"https:\/\/www.ipasemar.pa.gov.br\/transparencia\/wp-json\/wp\/v2\/media?parent=3259"}],"curies":[{"name":"wp","href":"https:\/\/api.w.org\/{rel}","templated":true}]}}