{"id":3363,"date":"2025-04-01T10:48:23","date_gmt":"2025-04-01T13:48:23","guid":{"rendered":"https:\/\/www.ipasemar.pa.gov.br\/transparencia\/?page_id=3363"},"modified":"2025-08-28T11:55:42","modified_gmt":"2025-08-28T14:55:42","slug":"3363-2","status":"publish","type":"page","link":"https:\/\/www.ipasemar.pa.gov.br\/transparencia\/3363-2\/","title":{"rendered":""},"content":{"rendered":"<h4><a href=\"https:\/\/www.ipasemar.pa.gov.br\/transparencia\/16o-premio-nacional-de-boas-praticas-de-gestao-previdenciaria-da-aneprem\/\">16\u00ba PR\u00caMIO NACIONAL DE BOAS PR\u00c1TICAS DE GEST\u00c3O PREVIDENCI\u00c1RIA DA ANEPREM<\/a><\/h4>\n","protected":false},"excerpt":{"rendered":"<p>16\u00ba PR\u00caMIO NACIONAL DE BOAS PR\u00c1TICAS DE GEST\u00c3O PREVIDENCI\u00c1RIA DA ANEPREM<\/p>\n","protected":false},"author":3,"featured_media":0,"parent":0,"menu_order":0,"comment_status":"closed","ping_status":"closed","template":"","meta":{"footnotes":""},"class_list":["post-3363","page","type-page","status-publish","hentry"],"_links":{"self":[{"href":"https:\/\/www.ipasemar.pa.gov.br\/transparencia\/wp-json\/wp\/v2\/pages\/3363","targetHints":{"allow":["GET"]}}],"collection":[{"href":"https:\/\/www.ipasemar.pa.gov.br\/transparencia\/wp-json\/wp\/v2\/pages"}],"about":[{"href":"https:\/\/www.ipasemar.pa.gov.br\/transparencia\/wp-json\/wp\/v2\/types\/page"}],"author":[{"embeddable":true,"href":"https:\/\/www.ipasemar.pa.gov.br\/transparencia\/wp-json\/wp\/v2\/users\/3"}],"replies":[{"embeddable":true,"href":"https:\/\/www.ipasemar.pa.gov.br\/transparencia\/wp-json\/wp\/v2\/comments?post=3363"}],"version-history":[{"count":4,"href":"https:\/\/www.ipasemar.pa.gov.br\/transparencia\/wp-json\/wp\/v2\/pages\/3363\/revisions"}],"predecessor-version":[{"id":3663,"href":"https:\/\/www.ipasemar.pa.gov.br\/transparencia\/wp-json\/wp\/v2\/pages\/3363\/revisions\/3663"}],"wp:attachment":[{"href":"https:\/\/www.ipasemar.pa.gov.br\/transparencia\/wp-json\/wp\/v2\/media?parent=3363"}],"curies":[{"name":"wp","href":"https:\/\/api.w.org\/{rel}","templated":true}]}}