{"id":3698,"date":"2025-09-01T14:15:24","date_gmt":"2025-09-01T17:15:24","guid":{"rendered":"https:\/\/www.ipasemar.pa.gov.br\/transparencia\/?page_id=3698"},"modified":"2026-04-24T16:45:30","modified_gmt":"2026-04-24T19:45:30","slug":"investimentos","status":"publish","type":"page","link":"https:\/\/www.ipasemar.pa.gov.br\/transparencia\/investimentos\/","title":{"rendered":"INVESTIMENTOS"},"content":{"rendered":"<ul>\n<li><span style=\"color: #003366;\"><a style=\"color: #003366;\" href=\"https:\/\/www.ipasemar.pa.gov.br\/transparencia\/?page_id=500&amp;preview=true\">Atas<\/a><\/span><\/li>\n<li><a href=\"https:\/\/www.ipasemar.pa.gov.br\/transparencia\/composicao-da-carteira-de-investimentos-do-rpps-2\/\"><span style=\"color: #003366;\">Composi\u00e7\u00e3o da Carteira de Investimentos<\/span><\/a><\/li>\n<li><span style=\"color: #003366;\"><a style=\"color: #003366;\" href=\"https:\/\/www.ipasemar.pa.gov.br\/transparencia\/dair-2\/\">DAIR<\/a><\/span><\/li>\n<li><span style=\"color: #003366;\"><a style=\"color: #003366;\" href=\"http:\/\/www.ipasemar.pa.gov.br\/transparencia\/wp-content\/uploads\/sites\/2\/2025\/03\/REGIMENTO-INTERNO-DO-COINVEST2.pdf\">Regimento Interno<\/a><\/span><\/li>\n<li><a href=\"http:\/\/www.ipasemar.pa.gov.br\/transparencia\/wp-content\/uploads\/sites\/2\/2025\/07\/FUNDOS-ANALISADOS-ADMINISTRADORES-E-GESTORES.pdf\"><span style=\"color: #003366;\">Rela\u00e7\u00e3o de Fundos Credenciados<\/span><\/a><\/li>\n<li><a href=\"https:\/\/drive.google.com\/file\/d\/1gQtd2NLq1sK_5W26pxSg9bpv8LW-wST9\/view?usp=sharing\"><span style=\"color: #003366;\">Rela\u00e7\u00e3o das Entidades credenciadas para atuar com o RPPS\u00a0 e respectiva data de atualiza\u00e7\u00e3o do credenciamento<\/span><\/a><\/li>\n<li><span style=\"color: #003366;\"><a style=\"color: #003366;\" href=\"https:\/\/drive.google.com\/file\/d\/1444BECPWTS1YDEqsZDuICIUPUG1nieo4\/view\">Retorno da Carteira x Meta<\/a><\/span><\/li>\n<\/ul>\n","protected":false},"excerpt":{"rendered":"<p>Atas Composi\u00e7\u00e3o da Carteira de Investimentos DAIR Regimento Interno Rela\u00e7\u00e3o de Fundos Credenciados Rela\u00e7\u00e3o das Entidades credenciadas para atuar com o RPPS\u00a0 e respectiva data de atualiza\u00e7\u00e3o do credenciamento Retorno da Carteira x Meta<\/p>\n","protected":false},"author":3,"featured_media":0,"parent":0,"menu_order":0,"comment_status":"closed","ping_status":"closed","template":"","meta":{"footnotes":""},"class_list":["post-3698","page","type-page","status-publish","hentry"],"_links":{"self":[{"href":"https:\/\/www.ipasemar.pa.gov.br\/transparencia\/wp-json\/wp\/v2\/pages\/3698","targetHints":{"allow":["GET"]}}],"collection":[{"href":"https:\/\/www.ipasemar.pa.gov.br\/transparencia\/wp-json\/wp\/v2\/pages"}],"about":[{"href":"https:\/\/www.ipasemar.pa.gov.br\/transparencia\/wp-json\/wp\/v2\/types\/page"}],"author":[{"embeddable":true,"href":"https:\/\/www.ipasemar.pa.gov.br\/transparencia\/wp-json\/wp\/v2\/users\/3"}],"replies":[{"embeddable":true,"href":"https:\/\/www.ipasemar.pa.gov.br\/transparencia\/wp-json\/wp\/v2\/comments?post=3698"}],"version-history":[{"count":11,"href":"https:\/\/www.ipasemar.pa.gov.br\/transparencia\/wp-json\/wp\/v2\/pages\/3698\/revisions"}],"predecessor-version":[{"id":4175,"href":"https:\/\/www.ipasemar.pa.gov.br\/transparencia\/wp-json\/wp\/v2\/pages\/3698\/revisions\/4175"}],"wp:attachment":[{"href":"https:\/\/www.ipasemar.pa.gov.br\/transparencia\/wp-json\/wp\/v2\/media?parent=3698"}],"curies":[{"name":"wp","href":"https:\/\/api.w.org\/{rel}","templated":true}]}}