{"id":3909,"date":"2026-01-09T16:30:25","date_gmt":"2026-01-09T19:30:25","guid":{"rendered":"https:\/\/www.ipasemar.pa.gov.br\/transparencia\/?page_id=3909"},"modified":"2026-01-09T16:30:25","modified_gmt":"2026-01-09T19:30:25","slug":"carta-ao-cidadao-2","status":"publish","type":"page","link":"https:\/\/www.ipasemar.pa.gov.br\/transparencia\/carta-ao-cidadao-2\/","title":{"rendered":"Carta ao Cidad\u00e3o"},"content":{"rendered":"<h4><a href=\"https:\/\/drive.google.com\/file\/d\/1V9bF0fCEdPmCEukI35kB7HFhTuQVuLrI\/view\"><span style=\"color: #003366;\">Primeira edi\u00e7\u00e3o<\/span><\/a><\/h4>\n<h4><a href=\"https:\/\/drive.google.com\/file\/d\/16nLlo8GEq5IdNofsagIaPyyteVnzPTAA\/view\"><span style=\"color: #003366;\">Segunda edi\u00e7\u00e3o<\/span><\/a><\/h4>\n","protected":false},"excerpt":{"rendered":"<p>Primeira edi\u00e7\u00e3o Segunda edi\u00e7\u00e3o<\/p>\n","protected":false},"author":3,"featured_media":0,"parent":0,"menu_order":0,"comment_status":"closed","ping_status":"closed","template":"","meta":{"footnotes":""},"class_list":["post-3909","page","type-page","status-publish","hentry"],"_links":{"self":[{"href":"https:\/\/www.ipasemar.pa.gov.br\/transparencia\/wp-json\/wp\/v2\/pages\/3909","targetHints":{"allow":["GET"]}}],"collection":[{"href":"https:\/\/www.ipasemar.pa.gov.br\/transparencia\/wp-json\/wp\/v2\/pages"}],"about":[{"href":"https:\/\/www.ipasemar.pa.gov.br\/transparencia\/wp-json\/wp\/v2\/types\/page"}],"author":[{"embeddable":true,"href":"https:\/\/www.ipasemar.pa.gov.br\/transparencia\/wp-json\/wp\/v2\/users\/3"}],"replies":[{"embeddable":true,"href":"https:\/\/www.ipasemar.pa.gov.br\/transparencia\/wp-json\/wp\/v2\/comments?post=3909"}],"version-history":[{"count":1,"href":"https:\/\/www.ipasemar.pa.gov.br\/transparencia\/wp-json\/wp\/v2\/pages\/3909\/revisions"}],"predecessor-version":[{"id":3910,"href":"https:\/\/www.ipasemar.pa.gov.br\/transparencia\/wp-json\/wp\/v2\/pages\/3909\/revisions\/3910"}],"wp:attachment":[{"href":"https:\/\/www.ipasemar.pa.gov.br\/transparencia\/wp-json\/wp\/v2\/media?parent=3909"}],"curies":[{"name":"wp","href":"https:\/\/api.w.org\/{rel}","templated":true}]}}