{"id":4044,"date":"2026-02-05T16:56:43","date_gmt":"2026-02-05T19:56:43","guid":{"rendered":"https:\/\/www.ipasemar.pa.gov.br\/transparencia\/?page_id=4044"},"modified":"2026-02-05T16:56:43","modified_gmt":"2026-02-05T19:56:43","slug":"relatorio-de-acompanhamento-da-execucao-da-politica-anual-de-investimentos-do-ipasemar","status":"publish","type":"page","link":"https:\/\/www.ipasemar.pa.gov.br\/transparencia\/relatorio-de-acompanhamento-da-execucao-da-politica-anual-de-investimentos-do-ipasemar\/","title":{"rendered":"RELAT\u00d3RIO DE ACOMPANHAMENTO DA EXECU\u00c7\u00c3O DA POL\u00cdTICA ANUAL DE INVESTIMENTOS DO IPASEMAR"},"content":{"rendered":"<h4><a href=\"http:\/\/www.ipasemar.pa.gov.br\/transparencia\/wp-content\/uploads\/sites\/2\/2026\/02\/SEI_1476442_Relatorio-8.pdf\"><strong><span style=\"color: #003366;\">2025<\/span><\/strong><\/a><\/h4>\n<h4><a href=\"https:\/\/drive.google.com\/file\/d\/14qrT44o0uowulF3ps26PgxxeeLqwIoJY\/view\"><strong><span style=\"color: #003366;\">2024<\/span><\/strong><\/a><\/h4>\n","protected":false},"excerpt":{"rendered":"<p>2025 2024<\/p>\n","protected":false},"author":3,"featured_media":0,"parent":0,"menu_order":0,"comment_status":"closed","ping_status":"closed","template":"","meta":{"footnotes":""},"class_list":["post-4044","page","type-page","status-publish","hentry"],"_links":{"self":[{"href":"https:\/\/www.ipasemar.pa.gov.br\/transparencia\/wp-json\/wp\/v2\/pages\/4044","targetHints":{"allow":["GET"]}}],"collection":[{"href":"https:\/\/www.ipasemar.pa.gov.br\/transparencia\/wp-json\/wp\/v2\/pages"}],"about":[{"href":"https:\/\/www.ipasemar.pa.gov.br\/transparencia\/wp-json\/wp\/v2\/types\/page"}],"author":[{"embeddable":true,"href":"https:\/\/www.ipasemar.pa.gov.br\/transparencia\/wp-json\/wp\/v2\/users\/3"}],"replies":[{"embeddable":true,"href":"https:\/\/www.ipasemar.pa.gov.br\/transparencia\/wp-json\/wp\/v2\/comments?post=4044"}],"version-history":[{"count":1,"href":"https:\/\/www.ipasemar.pa.gov.br\/transparencia\/wp-json\/wp\/v2\/pages\/4044\/revisions"}],"predecessor-version":[{"id":4045,"href":"https:\/\/www.ipasemar.pa.gov.br\/transparencia\/wp-json\/wp\/v2\/pages\/4044\/revisions\/4045"}],"wp:attachment":[{"href":"https:\/\/www.ipasemar.pa.gov.br\/transparencia\/wp-json\/wp\/v2\/media?parent=4044"}],"curies":[{"name":"wp","href":"https:\/\/api.w.org\/{rel}","templated":true}]}}