{"id":4060,"date":"2026-02-09T11:40:24","date_gmt":"2026-02-09T14:40:24","guid":{"rendered":"https:\/\/www.ipasemar.pa.gov.br\/transparencia\/?page_id=4060"},"modified":"2026-04-30T11:20:26","modified_gmt":"2026-04-30T14:20:26","slug":"relatorios-detalhados-sobre-a-rentabilidade-os-riscos-das-diversas-modalidades-de-operacoes-realizadas-nas-aplicacoes-dos-recursos-do-rpps-e-a-aderencia-a-politica-anual-de-investimentos-e-suas-revi","status":"publish","type":"page","link":"https:\/\/www.ipasemar.pa.gov.br\/transparencia\/relatorios-detalhados-sobre-a-rentabilidade-os-riscos-das-diversas-modalidades-de-operacoes-realizadas-nas-aplicacoes-dos-recursos-do-rpps-e-a-aderencia-a-politica-anual-de-investimentos-e-suas-revi\/","title":{"rendered":"Relat\u00f3rios detalhados, sobre a rentabilidade, os riscos das diversas modalidades de opera\u00e7\u00f5es realizadas nas aplica\u00e7\u00f5es dos recursos do RPPS e a ader\u00eancia \u00e0 pol\u00edtica anual de investimentos e suas revis\u00f5es e submet\u00ea-los \u00e0s inst\u00e2ncias superiores de delibera\u00e7\u00e3o e controle"},"content":{"rendered":"<div class=\"wpb_text_column wpb_content_element\">\n<div class=\"wpb_wrapper\">\n<h5>2026<\/h5>\n<ul>\n<li><a href=\"http:\/\/www.ipasemar.pa.gov.br\/transparencia\/wp-content\/uploads\/sites\/2\/2026\/02\/relatorio-dinamico.pdf\"><span style=\"color: #003366;\">Janeiro<\/span><\/a><\/li>\n<li><a href=\"https:\/\/drive.google.com\/file\/d\/1fxJ9tL0GpjqkJe9NX6tN3DpM9OQg4TLe\/view?usp=sharing\"><span style=\"color: #003366;\">Fevereiro<\/span><\/a><\/li>\n<li><a href=\"https:\/\/drive.google.com\/file\/d\/16nGa4_TrhfCuu_NqoyoVF0d6SRFxjVut\/view?usp=sharing\"><span style=\"color: #003366;\">Mar\u00e7o<\/span><\/a><\/li>\n<\/ul>\n<h5>2025<\/h5>\n<p><span style=\"color: #003366;\"><strong>Atas que apreciam os Relat\u00f3rios<\/strong><\/span><\/p>\n<ul>\n<li><span style=\"color: #003366;\"><a style=\"color: #003366;\" href=\"http:\/\/www.ipasemar.pa.gov.br\/transparencia\/wp-content\/uploads\/sites\/2\/2025\/02\/relatorio-dinamico1.pdf\">Janeiro<\/a><\/span><\/li>\n<li><span style=\"color: #003366;\"><a style=\"color: #003366;\" href=\"https:\/\/drive.google.com\/file\/d\/1o1-eHEWlwR6RmCM_kWTeU1TbXiBa0wYL\/view?usp=sharing\">Fevereiro<\/a><\/span><\/li>\n<li><span style=\"color: #003366;\"><a style=\"color: #003366;\" href=\"http:\/\/www.ipasemar.pa.gov.br\/transparencia\/wp-content\/uploads\/sites\/2\/2025\/05\/investimentos-03.2025.pdf\">Mar\u00e7o<\/a><\/span><\/li>\n<li><span style=\"color: #003366;\"><a style=\"color: #003366;\" href=\"https:\/\/drive.google.com\/file\/d\/1RBeyZRMyxfwl-T0F8VRE_S2lb_LTjl58\/view?usp=sharing\">Abril<\/a><\/span><\/li>\n<li><span style=\"color: #003366;\"><a style=\"color: #003366;\" href=\"http:\/\/www.ipasemar.pa.gov.br\/transparencia\/wp-content\/uploads\/sites\/2\/2025\/07\/investimentos-05.25.pdf\">Maio<\/a><\/span><\/li>\n<li><span style=\"color: #003366;\"><a style=\"color: #003366;\" href=\"http:\/\/www.ipasemar.pa.gov.br\/transparencia\/wp-content\/uploads\/sites\/2\/2025\/07\/06.2025.pdf\">Junho<\/a><\/span><\/li>\n<li><span style=\"color: #003366;\"><a style=\"color: #003366;\" href=\"http:\/\/www.ipasemar.pa.gov.br\/transparencia\/wp-content\/uploads\/sites\/2\/2025\/08\/Relatorio.pdf\">Julho <\/a><\/span><\/li>\n<li><span style=\"color: #003366;\"><a style=\"color: #003366;\" href=\"http:\/\/www.ipasemar.pa.gov.br\/transparencia\/wp-content\/uploads\/sites\/2\/2025\/09\/relatorio-de-investimentos-08.2025.pdf\">Agosto<\/a><\/span><\/li>\n<li><span style=\"color: #003366;\"><a style=\"color: #003366;\" href=\"https:\/\/drive.google.com\/file\/d\/1lezWLMKf_LrGdIgxDNuwybyQtFOub8_J\/view?usp=sharing\">Setembro<\/a><\/span><\/li>\n<li><span style=\"color: #003366;\"><a style=\"color: #003366;\" href=\"http:\/\/www.ipasemar.pa.gov.br\/transparencia\/wp-content\/uploads\/sites\/2\/2025\/11\/relatorio-dinamico.pdf\">Outubro<\/a><\/span><\/li>\n<li><span style=\"color: #003366;\"><a style=\"color: #003366;\" href=\"http:\/\/www.ipasemar.pa.gov.br\/transparencia\/wp-content\/uploads\/sites\/2\/2026\/01\/carteira-de-investimentos-11.2025.pdf\">Novembro<\/a><\/span><\/li>\n<li><a href=\"http:\/\/www.ipasemar.pa.gov.br\/transparencia\/wp-content\/uploads\/sites\/2\/2026\/01\/relatorio-dinamico1.pdf\"><span style=\"color: #003366;\">Dezembro<\/span><\/a><\/li>\n<\/ul>\n<h5>2024<\/h5>\n<p><span style=\"color: #003366;\"><a style=\"color: #003366;\" href=\"https:\/\/www.ipasemar.pa.gov.br\/transparencia\/3104-2\/\"><strong>Atas que apreciaram os Relat\u00f3rios<\/strong><\/a><\/span><\/p>\n<p><span style=\"color: #003366;\"><a style=\"color: #003366;\" href=\"http:\/\/www.ipasemar.pa.gov.br\/transparencia\/wp-content\/uploads\/sites\/2\/2025\/03\/carteira-2024.pdf\">Carteira de Investimentos do IPASEMAR (por enquadramentos)<\/a><\/span><\/p>\n<ul>\n<li><span style=\"color: #003366;\"><a style=\"color: #003366;\" href=\"https:\/\/drive.google.com\/file\/d\/14rz_YoElsBEeJXu7V4Y1xL3lrD8JT2Kv\/view?usp=sharing\">Janeiro<\/a><\/span><\/li>\n<li><span style=\"color: #003366;\"><a style=\"color: #003366;\" href=\"https:\/\/drive.google.com\/file\/d\/1kVY2RcPhGGyzXdDBJ5TVr_o-lbfBbZr7\/view?usp=sharing\">Fevereiro<\/a>\u00a0<em><br \/>\n<\/em><\/span><\/li>\n<li><span style=\"color: #003366;\"><a style=\"color: #003366;\" href=\"https:\/\/www.ipasemar.pa.gov.br\/wp-content\/uploads\/2024\/04\/relatorio-de-investimentos-03.2024.pdf\">Mar\u00e7o<\/a>\u00a0<\/span><\/li>\n<li><span style=\"color: #003366;\"><a style=\"color: #003366;\" href=\"https:\/\/drive.google.com\/file\/d\/1i7QD14zr9gPhosKQP3pTervO7lNiYfJ-\/view?usp=sharing\">Abril<\/a><\/span><\/li>\n<li><span style=\"color: #003366;\"><a style=\"color: #003366;\" href=\"http:\/\/www.ipasemar.pa.gov.br\/transparencia\/wp-content\/uploads\/sites\/2\/2024\/06\/05.2024.pdf\">Maio<\/a><\/span><\/li>\n<li><span style=\"color: #003366;\"><a style=\"color: #003366;\" href=\"https:\/\/drive.google.com\/file\/d\/1QKmae6axp6QXJdq7Andq9oQrKU_TznfF\/view?usp=sharing\">Junho<\/a><\/span><\/li>\n<li><span style=\"color: #003366;\"><a style=\"color: #003366;\" href=\"http:\/\/www.ipasemar.pa.gov.br\/transparencia\/wp-content\/uploads\/sites\/2\/2024\/08\/relatorio-dinamico.pdf\">Julho<\/a><\/span><\/li>\n<li><span style=\"color: #003366;\"><a style=\"color: #003366;\" href=\"https:\/\/drive.google.com\/file\/d\/1SmHloIh0xpfitbB6--sJmYrLL7U2mMIf\/view?usp=sharing\">Agosto<\/a><\/span><\/li>\n<li><span style=\"color: #003366;\"><a style=\"color: #003366;\" href=\"http:\/\/www.ipasemar.pa.gov.br\/transparencia\/wp-content\/uploads\/sites\/2\/2024\/10\/09.2024.pdf\">Setembro<\/a><\/span><\/li>\n<li><span style=\"color: #003366;\"><a style=\"color: #003366;\" href=\"https:\/\/drive.google.com\/file\/d\/10t-3Q22dg_ypwVrCFMmJuj-PH5h-kpw0\/view?usp=sharing\">Outubro<\/a><\/span><\/li>\n<li><span style=\"color: #003366;\"><a style=\"color: #003366;\" href=\"https:\/\/drive.google.com\/file\/d\/1COEEBs6tAVrZ0PrOvKqv2yANbvzuZOke\/view?usp=sharing\">Novembro<\/a>\u00a0<\/span><\/li>\n<li><span style=\"color: #003366;\"><a style=\"color: #003366;\" href=\"https:\/\/drive.google.com\/file\/d\/1n6jYmSpGSyH-tNM1aLUqVdmo92EFEC9e\/view?usp=sharing\">Dezembro<\/a>\u00a0<\/span><\/li>\n<\/ul>\n<\/div>\n<\/div>\n<div class=\"wpb_text_column wpb_content_element\">\n<div class=\"wpb_wrapper\">\n<h5>2023<\/h5>\n<p><a href=\"https:\/\/www.ipasemar.pa.gov.br\/transparencia\/atas-conselho-fiscal-2\/\"><strong><span style=\"color: #003366;\">Atas que apreciaram os Relat\u00f3rios<\/span><\/strong><\/a><\/p>\n<ul>\n<li><span style=\"color: #003366;\"><a style=\"color: #003366;\" href=\"https:\/\/drive.google.com\/file\/d\/1J4lH94bwncL32jJIY4aVjNWPMq_Af3dL\/view?usp=share_link\">Janeiro <\/a><\/span><\/li>\n<li><span style=\"color: #003366;\"><a style=\"color: #003366;\" href=\"https:\/\/drive.google.com\/file\/d\/1PBJt00IzzJoszTzK_qC0Th3v6n07sUSp\/view?usp=share_link\">Fevereiro<\/a><\/span><\/li>\n<li><span style=\"color: #003366;\"><a style=\"color: #003366;\" href=\"https:\/\/drive.google.com\/file\/d\/1Doqol68qlVV-_zwa17bK8paoFcpp3ND7\/view?usp=share_link\">Mar\u00e7o<\/a>\u00a0<\/span><\/li>\n<li><span style=\"color: #003366;\"><a style=\"color: #003366;\" href=\"https:\/\/drive.google.com\/file\/d\/1DUGnWYVf3ixwiSqEjEq-LpdWd0DccXd-\/view?usp=share_link\">Abril <\/a><\/span><\/li>\n<li><span style=\"color: #003366;\"><a style=\"color: #003366;\" href=\"https:\/\/drive.google.com\/file\/d\/1YF3xJhYxF3upMTNJsBaF05VrFHmrPbGq\/view?usp=sharing\">Maio<\/a><\/span><\/li>\n<li><span style=\"color: #003366;\"><a style=\"color: #003366;\" href=\"https:\/\/drive.google.com\/file\/d\/17jmQL3xWfyYRy0eB0T4hDeZ8fbFSS5uy\/view?usp=sharing\">Junho<\/a>\u00a0<\/span><\/li>\n<li><span style=\"color: #003366;\"><a style=\"color: #003366;\" href=\"https:\/\/drive.google.com\/file\/d\/1yptgCP8bjd4aE-_lksEpGyXhEZf47_9U\/view?usp=sharing\">Julho<\/a>\u00a0<\/span><\/li>\n<li><span style=\"color: #003366;\"><a style=\"color: #003366;\" href=\"https:\/\/drive.google.com\/file\/d\/1ibT-umDuCMlqqVjjdda4e1YqS2QpMwPY\/view?usp=sharing\">Agosto<\/a><\/span><\/li>\n<li><span style=\"color: #003366;\"><a style=\"color: #003366;\" href=\"https:\/\/www.ipasemar.pa.gov.br\/transparencia\/wp-content\/uploads\/sites\/2\/2023\/10\/di-blasi-mesclado.pdf\">Setembro<\/a>\u00a0<\/span><\/li>\n<li><span style=\"color: #003366;\"><a style=\"color: #003366;\" href=\"https:\/\/www.ipasemar.pa.gov.br\/transparencia\/wp-content\/uploads\/sites\/2\/2023\/11\/investimentos-10.2023.pdf.\">Outubro<\/a>\u00a0<\/span><\/li>\n<li><span style=\"color: #003366;\"><a style=\"color: #003366;\" href=\"https:\/\/drive.google.com\/file\/d\/1UUSytd7WS8gz6s0g1ocVXVUm0DIRZAl3\/view?usp=sharing\">Novembro<\/a><\/span><\/li>\n<li><span style=\"color: #003366;\"><a style=\"color: #003366;\" href=\"https:\/\/drive.google.com\/file\/d\/1mva7lMPjQfvWf78iZRt3tFDumwiDV2XC\/view?usp=sharing\">Dezembro<\/a><\/span><\/li>\n<li><a href=\"https:\/\/drive.google.com\/file\/d\/1mva7lMPjQfvWf78iZRt3tFDumwiDV2XC\/view?usp=sharing\"><strong><span style=\"color: #003366;\">Anual<\/span><\/strong><\/a><\/li>\n<\/ul>\n<\/div>\n<\/div>\n<div class=\"wpb_text_column wpb_content_element\">\n<div class=\"wpb_wrapper\">\n<h5>2022<\/h5>\n<p><em>Os pareceres se encontram anexados aos relat\u00f3rios<\/em><\/p>\n<ul>\n<li><span style=\"color: #003366;\"><a style=\"color: #003366;\" href=\"https:\/\/www.ipasemar.pa.gov.br\/wp-content\/uploads\/2022\/05\/janeiro-completo.pdf\">Janeiro<\/a><\/span><\/li>\n<li><span style=\"color: #003366;\"><a style=\"color: #003366;\" href=\"https:\/\/www.ipasemar.pa.gov.br\/wp-content\/uploads\/2022\/05\/fevereiro-completo.pdf\">Fevereiro<\/a><\/span><\/li>\n<li><span style=\"color: #003366;\"><a style=\"color: #003366;\" href=\"https:\/\/www.ipasemar.pa.gov.br\/wp-content\/uploads\/2022\/05\/marco-completo.pdf\">Mar\u00e7o<\/a><\/span><\/li>\n<li><span style=\"color: #003366;\"><a style=\"color: #003366;\" href=\"https:\/\/drive.google.com\/file\/d\/19kRvfON2jaCMzexJ1U6dYXrZlo3CsN2O\/view?usp=sharing\">Abril<\/a><\/span><\/li>\n<li><span style=\"color: #003366;\"><a style=\"color: #003366;\" href=\"https:\/\/drive.google.com\/file\/d\/1l9dVIZrdHK7LtiSMbvkxaw82fQVfMyw_\/view?usp=sharing\">Maio<\/a><\/span><\/li>\n<li><span style=\"color: #003366;\"><a style=\"color: #003366;\" href=\"https:\/\/www.ipasemar.pa.gov.br\/transparencia\/wp-content\/uploads\/sites\/2\/2022\/08\/junho-2022_merged.pdf\">Junho<\/a><\/span><\/li>\n<li><span style=\"color: #003366;\"><a style=\"color: #003366;\" href=\"https:\/\/www.ipasemar.pa.gov.br\/wp-content\/uploads\/2022\/08\/ilovepdf_merged24.pdf\">Julho<\/a><\/span><\/li>\n<li><span style=\"color: #003366;\"><a style=\"color: #003366;\" href=\"https:\/\/drive.google.com\/file\/d\/1oPcYc5EV90GVI1yYaiPs9ciy1Z66L8zu\/view?usp=share_link\">Agosto<\/a><\/span><\/li>\n<li><span style=\"color: #003366;\"><a style=\"color: #003366;\" href=\"https:\/\/drive.google.com\/file\/d\/1y1ElXhv1ozoPgAVTUE4h0bspiVxQ-0xf\/view?usp=share_link\">Setembro<\/a><\/span><\/li>\n<li><span style=\"color: #003366;\"><a style=\"color: #003366;\" href=\"https:\/\/drive.google.com\/file\/d\/1eojcj8GAVRrJzBu-_RWJjPQYsRMZpMIf\/view?usp=share_link\">Outubro<\/a><\/span><\/li>\n<li><span style=\"color: #003366;\"><a style=\"color: #003366;\" href=\"https:\/\/drive.google.com\/file\/d\/1oGNTRwGOYwhIkchjgsjiVDQ3reLuDCAf\/view?usp=share_link\">Novembro<\/a><\/span><\/li>\n<li><span style=\"color: #003366;\"><a style=\"color: #003366;\" href=\"https:\/\/drive.google.com\/file\/d\/16DDmt3vv9iSPjNDPBUZLO7exmk2_sRbu\/view?usp=share_link\">Dezembro<\/a><\/span><\/li>\n<li><a href=\"https:\/\/drive.google.com\/file\/d\/16DDmt3vv9iSPjNDPBUZLO7exmk2_sRbu\/view?usp=share_link\"><strong><span style=\"color: #003366;\">Anual<\/span><\/strong><\/a><\/li>\n<\/ul>\n<\/div>\n<\/div>\n<div class=\"wpb_text_column wpb_content_element\">\n<div class=\"wpb_wrapper\">\n<h5>2021<\/h5>\n<p><em>Os pareceres se encontram anexados aos relat\u00f3rios<\/em><\/p>\n<ul>\n<li><span style=\"color: #003366;\"><a style=\"color: #003366;\" href=\"https:\/\/www.ipasemar.pa.gov.br\/wp-content\/uploads\/2022\/06\/ilovepdf_merged16.pdf\">Janeiro<\/a>\u00a0<\/span><\/li>\n<li><span style=\"color: #003366;\"><a style=\"color: #003366;\" href=\"https:\/\/drive.google.com\/file\/d\/123hErDTw4jkTm6jQur8ATbyW8j6Rv2sd\/view?usp=sharing\">Fevereiro<\/a><\/span><\/li>\n<li><span style=\"color: #003366;\"><a style=\"color: #003366;\" href=\"https:\/\/drive.google.com\/file\/d\/1XQYvpnD7fMhfpODJyqkL4dPTbuSd9sen\/view?usp=sharing\">Mar\u00e7o<\/a><\/span><\/li>\n<li><span style=\"color: #003366;\"><a style=\"color: #003366;\" href=\"https:\/\/drive.google.com\/file\/d\/126qUg8jdCSTXd2dNsixOxRkSSHxbZiYo\/view?usp=sharing\">Abril<\/a><\/span><\/li>\n<li><span style=\"color: #003366;\"><a style=\"color: #003366;\" href=\"https:\/\/drive.google.com\/file\/d\/1OK3XHpSDnJxnHENDDnVTvITRvfaiBx2I\/view?usp=sharing\">Maio<\/a>\u00a0<\/span><\/li>\n<li><span style=\"color: #003366;\"><a style=\"color: #003366;\" href=\"https:\/\/drive.google.com\/file\/d\/1uzI56b2xkU9G7tgUWxy4B-RSENhJ7oRS\/view?usp=sharing\">Junho<\/a><\/span><\/li>\n<li><span style=\"color: #003366;\"><a style=\"color: #003366;\" href=\"https:\/\/drive.google.com\/file\/d\/1bFseJeitmk70S3ftoeY9yuVXr6PhLpp9\/view?usp=sharing\">Julho<\/a><\/span><\/li>\n<li><span style=\"color: #003366;\"><a style=\"color: #003366;\" href=\"https:\/\/drive.google.com\/file\/d\/1S05GYQ1_ih4I9DjWXQCCHVoJ_7Yn0mSK\/view?usp=sharing\">Agosto<\/a><\/span><\/li>\n<li><span style=\"color: #003366;\"><a style=\"color: #003366;\" href=\"https:\/\/drive.google.com\/file\/d\/1utY-RG1sk33uCVso7RVEh2el5vEopm2p\/view?usp=sharing\">Setembro<\/a><\/span><\/li>\n<li><span style=\"color: #003366;\"><a style=\"color: #003366;\" href=\"https:\/\/drive.google.com\/file\/d\/1H8ZilevaszIB6EEzJwoPq1PmMHmZlGDb\/view?usp=sharing\">Outubro<\/a>\u00a0<\/span><\/li>\n<li><span style=\"color: #003366;\"><a style=\"color: #003366;\" href=\"https:\/\/drive.google.com\/file\/d\/1gNcsuTPopGIZ8pefQY5dwSkzm14R6zCV\/view?usp=sharing\">Novembro<\/a><\/span><\/li>\n<li><span style=\"color: #003366;\"><a style=\"color: #003366;\" href=\"https:\/\/drive.google.com\/file\/d\/1_V-JK6BjbHJWS-Yl7DXQQjygn9Sdt3ah\/view?usp=sharing\">Dezembro<\/a><\/span><\/li>\n<li><a href=\"https:\/\/www.ipasemar.pa.gov.br\/transparencia\/wp-content\/uploads\/sites\/2\/2022\/05\/RELATORIO-ANUAL-2021-COM-ANEXOS.pdf\"><strong><span style=\"color: #003366;\">Anual<\/span><\/strong><\/a><\/li>\n<\/ul>\n<\/div>\n<\/div>\n","protected":false},"excerpt":{"rendered":"<p>2026 Janeiro Fevereiro Mar\u00e7o 2025 Atas que apreciam os Relat\u00f3rios Janeiro Fevereiro Mar\u00e7o Abril Maio Junho Julho Agosto Setembro Outubro Novembro Dezembro 2024 Atas que apreciaram os Relat\u00f3rios Carteira de Investimentos do IPASEMAR (por enquadramentos) Janeiro Fevereiro\u00a0 Mar\u00e7o\u00a0 Abril Maio Junho Julho Agosto Setembro Outubro Novembro\u00a0 Dezembro\u00a0 2023 Atas que apreciaram os Relat\u00f3rios Janeiro Fevereiro [&hellip;]<\/p>\n","protected":false},"author":3,"featured_media":0,"parent":0,"menu_order":0,"comment_status":"closed","ping_status":"closed","template":"","meta":{"footnotes":""},"class_list":["post-4060","page","type-page","status-publish","hentry"],"_links":{"self":[{"href":"https:\/\/www.ipasemar.pa.gov.br\/transparencia\/wp-json\/wp\/v2\/pages\/4060","targetHints":{"allow":["GET"]}}],"collection":[{"href":"https:\/\/www.ipasemar.pa.gov.br\/transparencia\/wp-json\/wp\/v2\/pages"}],"about":[{"href":"https:\/\/www.ipasemar.pa.gov.br\/transparencia\/wp-json\/wp\/v2\/types\/page"}],"author":[{"embeddable":true,"href":"https:\/\/www.ipasemar.pa.gov.br\/transparencia\/wp-json\/wp\/v2\/users\/3"}],"replies":[{"embeddable":true,"href":"https:\/\/www.ipasemar.pa.gov.br\/transparencia\/wp-json\/wp\/v2\/comments?post=4060"}],"version-history":[{"count":5,"href":"https:\/\/www.ipasemar.pa.gov.br\/transparencia\/wp-json\/wp\/v2\/pages\/4060\/revisions"}],"predecessor-version":[{"id":4214,"href":"https:\/\/www.ipasemar.pa.gov.br\/transparencia\/wp-json\/wp\/v2\/pages\/4060\/revisions\/4214"}],"wp:attachment":[{"href":"https:\/\/www.ipasemar.pa.gov.br\/transparencia\/wp-json\/wp\/v2\/media?parent=4060"}],"curies":[{"name":"wp","href":"https:\/\/api.w.org\/{rel}","templated":true}]}}