{"id":4068,"date":"2026-02-09T12:09:09","date_gmt":"2026-02-09T15:09:09","guid":{"rendered":"https:\/\/www.ipasemar.pa.gov.br\/transparencia\/?page_id=4068"},"modified":"2026-04-24T17:10:04","modified_gmt":"2026-04-24T20:10:04","slug":"composicao-da-carteira-de-investimentos-do-rpps-2","status":"publish","type":"page","link":"https:\/\/www.ipasemar.pa.gov.br\/transparencia\/composicao-da-carteira-de-investimentos-do-rpps-2\/","title":{"rendered":"Composi\u00e7\u00e3o da Carteira de Investimentos do RPPS"},"content":{"rendered":"<h6><span style=\"color: #003366;\">Abaixo: Para ter acesso ao relat\u00f3rio detalhado dos Investimentos, clique no m\u00eas, para acesso ao banco, conta e ag\u00eancia nos quais s\u00e3o realizadas as aplica\u00e7\u00f5es clique em <span style=\"color: #ff0000;\">Banco, Conta e Ag\u00eancia<\/span> e para acesso ao parecer do Comit\u00ea de Investimentos clique em <span style=\"color: #008000;\">Parecer<\/span>.<\/span><\/h6>\n<h5><span style=\"color: #003366;\">2026<\/span><\/h5>\n<ul>\n<li><span style=\"color: #003366;\"><a style=\"color: #003366;\" href=\"http:\/\/www.ipasemar.pa.gov.br\/transparencia\/wp-content\/uploads\/sites\/2\/2026\/02\/relatorio-dinamico.pdf\">Janeiro<\/a> &#8211; <a style=\"color: #003366;\" href=\"https:\/\/drive.google.com\/file\/d\/1CpHrG4pybEqhKOmSVXb0FWEz5FgbaBHa\/view?usp=sharing\"><span style=\"color: #ff0000;\">Banco, Conta e Ag\u00eancia<\/span><\/a> &#8211; <span style=\"color: #008000;\">Parecer<\/span><\/span><\/li>\n<li><a href=\"https:\/\/drive.google.com\/file\/d\/1fxJ9tL0GpjqkJe9NX6tN3DpM9OQg4TLe\/view?usp=sharing\"><span style=\"color: #003366;\">Fevereiro<\/span><\/a> &#8211; <a href=\"https:\/\/drive.google.com\/file\/d\/1RIfqieFhsCv9IW4KUHrWITlFXrRSqsvd\/view?usp=sharing\"><span style=\"color: #ff0000;\">Banco, Conta e Ag\u00eancia<\/span><\/a> &#8211; <a href=\"https:\/\/drive.google.com\/file\/d\/1B7Cv-FuYfpFEje2yK0fbvCkGHmu1FlN7\/view?usp=sharing\"><span style=\"color: #008000;\">Parecer<\/span><\/a><\/li>\n<li><a href=\"https:\/\/drive.google.com\/file\/d\/16nGa4_TrhfCuu_NqoyoVF0d6SRFxjVut\/view?usp=sharing\"><span style=\"color: #003366;\">Mar\u00e7o<\/span><\/a> &#8211; <a href=\"https:\/\/drive.google.com\/file\/d\/1DU7OeaWZM6YPb4ke9gskbzSsfRQn3leu\/view?usp=sharing\"><span style=\"color: #ff0000;\">Banco, Conta e Ag\u00eancia<\/span><\/a> &#8211; <a href=\"https:\/\/drive.google.com\/file\/d\/1ZHsvPsvfW9RhRt6K9Y3h1nGQfybTSWgc\/view?usp=sharing\"><span style=\"color: #008000;\">Parecer<\/span><\/a><\/li>\n<\/ul>\n<h5><span style=\"color: #003366;\">2025<\/span><\/h5>\n<p><span style=\"color: #003366;\"><strong>Atas que apreciam os Relat\u00f3rios<\/strong><\/span><\/p>\n<p><span style=\"color: #003366;\"><a style=\"color: #003366;\" href=\"http:\/\/www.ipasemar.pa.gov.br\/transparencia\/wp-content\/uploads\/sites\/2\/2026\/03\/POSICAO-DA-CARTEIRA-31-12-2025.pdf\">Carteira de Investimentos do IPASEMAR (por enquadramentos)<\/a><\/span><\/p>\n<ul>\n<li><span style=\"color: #003366;\"><a style=\"color: #003366;\" href=\"http:\/\/www.ipasemar.pa.gov.br\/transparencia\/wp-content\/uploads\/sites\/2\/2025\/02\/relatorio-dinamico1.pdf\">Janeiro<\/a> &#8211; <a style=\"color: #003366;\" href=\"https:\/\/drive.google.com\/file\/d\/12QMjGbpxnWBK9m3HHekxBt5kIolXh0EV\/view?usp=sharing\"><span style=\"color: #ff0000;\">Banco, Conta e Ag\u00eancia<\/span><\/a> &#8211; <a style=\"color: #003366;\" href=\"http:\/\/www.ipasemar.pa.gov.br\/transparencia\/wp-content\/uploads\/sites\/2\/2025\/06\/PARECER-02-2025-COINVEST.pdf\"><span style=\"color: #008000;\">Parecer<\/span><\/a><\/span><\/li>\n<li><span style=\"color: #003366;\"><a style=\"color: #003366;\" href=\"https:\/\/drive.google.com\/file\/d\/1o1-eHEWlwR6RmCM_kWTeU1TbXiBa0wYL\/view?usp=sharing\">Fevereiro<\/a> &#8211; <a style=\"color: #003366;\" href=\"https:\/\/drive.google.com\/file\/d\/1m5suMkjfL_Q3DxsK8fBBkZ40IOa1xquP\/view?usp=sharing\"><span style=\"color: #ff0000;\">Banco, Conta e Ag\u00eancia<\/span><\/a> &#8211;<a style=\"color: #003366;\" href=\"https:\/\/drive.google.com\/file\/d\/1HgVpIt7i3yKYPu9K_fOXENrhsaF4HmWS\/view?usp=sharing\"><span style=\"color: #008000;\"> Parecer<\/span><\/a><\/span><\/li>\n<li><span style=\"color: #003366;\"><a style=\"color: #003366;\" href=\"http:\/\/www.ipasemar.pa.gov.br\/transparencia\/wp-content\/uploads\/sites\/2\/2025\/05\/investimentos-03.2025.pdf\">Mar\u00e7o<\/a> &#8211; <span style=\"color: #ff0000;\"><a style=\"color: #ff0000;\" href=\"https:\/\/drive.google.com\/file\/d\/11aFa35UyH23m-nmf6RAiha9_tsi1y9aU\/view?usp=sharing\">Banco, Conta e Ag\u00eancia<\/a><\/span> &#8211; <a style=\"color: #003366;\" href=\"http:\/\/www.ipasemar.pa.gov.br\/transparencia\/wp-content\/uploads\/sites\/2\/2025\/05\/PARECER-04-2025-COINVEST-1.pdf\"><span style=\"color: #008000;\">Parecer<\/span><\/a><\/span><\/li>\n<li><span style=\"color: #003366;\"><a style=\"color: #003366;\" href=\"https:\/\/drive.google.com\/file\/d\/1RBeyZRMyxfwl-T0F8VRE_S2lb_LTjl58\/view?usp=sharing\">Abril<\/a> &#8211;<span style=\"color: #ff0000;\"> <a style=\"color: #ff0000;\" href=\"https:\/\/drive.google.com\/file\/d\/1lEB6H9AuADkBH5BVk-ixjIbecMtRaWDF\/view?usp=sharing\">Banco, Conta e Ag\u00eancia<\/a><\/span> &#8211; <a style=\"color: #003366;\" href=\"http:\/\/www.ipasemar.pa.gov.br\/transparencia\/wp-content\/uploads\/sites\/2\/2025\/06\/PARECER-05-2025-COINVEST-ASSINADO.pdf\"><span style=\"color: #008000;\">Parecer<\/span><\/a><\/span><\/li>\n<li><span style=\"color: #003366;\"><a style=\"color: #003366;\" href=\"http:\/\/www.ipasemar.pa.gov.br\/transparencia\/wp-content\/uploads\/sites\/2\/2025\/07\/investimentos-05.25.pdf\">Maio<\/a> &#8211; <a style=\"color: #003366;\" href=\"https:\/\/drive.google.com\/file\/d\/1-XnP4zLOH2kSEPKueR24L-SLfq5teZpi\/view?usp=sharing\"><span style=\"color: #ff0000;\">Banco, Conta e Ag\u00eancia<\/span><\/a> &#8211; <a style=\"color: #003366;\" href=\"http:\/\/www.ipasemar.pa.gov.br\/transparencia\/wp-content\/uploads\/sites\/2\/2025\/07\/PARECER-06-2025-COINVEST.pdf\"><span style=\"color: #008000;\">Parecer<\/span><\/a><\/span><\/li>\n<li><span style=\"color: #003366;\"><a style=\"color: #003366;\" href=\"http:\/\/www.ipasemar.pa.gov.br\/transparencia\/wp-content\/uploads\/sites\/2\/2025\/07\/06.2025.pdf\">Junho<\/a> &#8211; <a style=\"color: #003366;\" href=\"https:\/\/drive.google.com\/file\/d\/1A3KocJ2ebYxTRQKKsM2XGLeeeVaFJ_Tx\/view?usp=sharing\"><span style=\"color: #ff0000;\">Banco, Conta e Ag\u00eancia<\/span><\/a> &#8211; <a style=\"color: #003366;\" href=\"http:\/\/www.ipasemar.pa.gov.br\/transparencia\/wp-content\/uploads\/sites\/2\/2025\/08\/PARECER-06-2025-COINVEST1.pdf\"><span style=\"color: #008000;\">Parecer<\/span><\/a><\/span><\/li>\n<li><span style=\"color: #003366;\"><a style=\"color: #003366;\" href=\"http:\/\/www.ipasemar.pa.gov.br\/transparencia\/wp-content\/uploads\/sites\/2\/2025\/08\/Relatorio.pdf\">Julho <\/a>&#8211; <span style=\"color: #ff0000;\"><a style=\"color: #ff0000;\" href=\"https:\/\/drive.google.com\/file\/d\/1ZIGj9fwNKXpYub3fl_n3HZIB6KYx9uF2\/view?usp=sharing\">Banco, Conta e Ag\u00eancia<\/a><\/span> &#8211; <a style=\"color: #003366;\" href=\"https:\/\/drive.google.com\/file\/d\/16sd6IjjLEAGmP4VccyjaMZhfd9dp0Sc9\/view?usp=sharing\"><span style=\"color: #008000;\">Parecer<\/span><\/a><\/span><\/li>\n<li><span style=\"color: #003366;\"><a style=\"color: #003366;\" href=\"http:\/\/www.ipasemar.pa.gov.br\/transparencia\/wp-content\/uploads\/sites\/2\/2025\/09\/relatorio-de-investimentos-08.2025.pdf\">Agosto<\/a> &#8211; <a style=\"color: #003366;\" href=\"https:\/\/drive.google.com\/file\/d\/12jhDT7pgnd8F0e1M86qxannuXutuGI8V\/view?usp=sharing\"><span style=\"color: #ff0000;\">Banco, Conta e Ag\u00eancia<\/span><\/a> &#8211; <a style=\"color: #003366;\" href=\"https:\/\/drive.google.com\/file\/d\/1f2uaW3ReDuuxTOoZj8ndbIl7q0YPkpZB\/view?usp=sharing\"><span style=\"color: #008000;\">Parecer<\/span><\/a><\/span><\/li>\n<li><span style=\"color: #003366;\"><a style=\"color: #003366;\" href=\"https:\/\/drive.google.com\/file\/d\/1lezWLMKf_LrGdIgxDNuwybyQtFOub8_J\/view?usp=sharing\">Setembro<\/a> &#8211; <span style=\"color: #ff0000;\"><a style=\"color: #ff0000;\" href=\"https:\/\/drive.google.com\/file\/d\/1u3gKmBWScDlJn9NFF8eazjOIggT3-H4D\/view?usp=sharing\">Banco, Conta e Ag\u00eancia<\/a><\/span> &#8211; <a style=\"color: #003366;\" href=\"https:\/\/www.ipasemar.pa.gov.br\/wp-content\/uploads\/2025\/10\/PARECER-10-2025-COINVEST.pdf\"><span style=\"color: #008000;\">Parecer<\/span><\/a><\/span><\/li>\n<li><span style=\"color: #003366;\"><a style=\"color: #003366;\" href=\"http:\/\/www.ipasemar.pa.gov.br\/transparencia\/wp-content\/uploads\/sites\/2\/2025\/11\/relatorio-dinamico.pdf\">Outubro<\/a> &#8211; <a style=\"color: #003366;\" href=\"https:\/\/drive.google.com\/file\/d\/1jpfblDkXst1e37tv5eCl7xS_srVnqR02\/view?usp=sharing\"><span style=\"color: #ff0000;\">Banco, Conta e Ag\u00eancia<\/span><\/a> &#8211; <a style=\"color: #003366;\" href=\"http:\/\/www.ipasemar.pa.gov.br\/transparencia\/wp-content\/uploads\/sites\/2\/2025\/11\/PARECER-11-2025-COINVEST.pdf\"><span style=\"color: #008000;\">Parecer<\/span><\/a><\/span><\/li>\n<li><span style=\"color: #003366;\"><a style=\"color: #003366;\" href=\"http:\/\/www.ipasemar.pa.gov.br\/transparencia\/wp-content\/uploads\/sites\/2\/2026\/01\/carteira-de-investimentos-11.2025.pdf\">Novembro<\/a> &#8211; <a style=\"color: #003366;\" href=\"https:\/\/drive.google.com\/file\/d\/1LotaRuYA2u2LjfOhcQzcyj4B32tQpmev\/view?usp=sharing\"><span style=\"color: #ff0000;\">Banco, Conta e Ag\u00eancia<\/span><\/a> &#8211; <a style=\"color: #003366;\" href=\"https:\/\/drive.google.com\/file\/d\/1UoAPxWBkyGwkOZwmoZZQKUT7si8xe1vh\/view?usp=sharing\"><span style=\"color: #008000;\">Parecer<\/span><\/a><\/span><\/li>\n<li><span style=\"color: #003366;\"><a style=\"color: #003366;\" href=\"http:\/\/www.ipasemar.pa.gov.br\/transparencia\/wp-content\/uploads\/sites\/2\/2026\/01\/relatorio-dinamico1.pdf\">Dezembro<\/a> &#8211; <a style=\"color: #003366;\" href=\"https:\/\/drive.google.com\/file\/d\/1LBgSpPljFmo6vLTaJfQ0ALMvt8SDEl92\/view?usp=sharing\"><span style=\"color: #ff0000;\">Banco, Conta e Ag\u00eancia<\/span><\/a> &#8211; <a style=\"color: #003366;\" href=\"https:\/\/drive.google.com\/file\/d\/1F6GsmfxGphFIVT8uKM85AbvReyEh0Erh\/view?usp=sharing\"><span style=\"color: #008000;\">Parecer<\/span><\/a><\/span><\/li>\n<\/ul>\n<h5><span style=\"color: #003366;\">2024<\/span><\/h5>\n<p><span style=\"color: #003366;\"><a style=\"color: #003366;\" href=\"https:\/\/www.ipasemar.pa.gov.br\/transparencia\/3104-2\/\"><strong>Atas que apreciaram os Relat\u00f3rios<\/strong><\/a><\/span><\/p>\n<p><span style=\"color: #003366;\"><a style=\"color: #003366;\" href=\"http:\/\/www.ipasemar.pa.gov.br\/transparencia\/wp-content\/uploads\/sites\/2\/2025\/03\/carteira-2024.pdf\">Carteira de Investimentos do IPASEMAR (por enquadramentos)<\/a><\/span><\/p>\n<ul>\n<li><span style=\"color: #003366;\"><a style=\"color: #003366;\" href=\"https:\/\/drive.google.com\/file\/d\/14rz_YoElsBEeJXu7V4Y1xL3lrD8JT2Kv\/view?usp=sharing\">Janeiro<\/a> &#8211; <a style=\"color: #003366;\" href=\"https:\/\/drive.google.com\/file\/d\/1jCdgSL9_-4lJwATttuEajiOlLPh1GMo2\/view?usp=sharing\"><span style=\"color: #ff0000;\">Banco, Conta e Ag\u00eancia<\/span><\/a> &#8211; <a style=\"color: #003366;\" href=\"http:\/\/www.ipasemar.pa.gov.br\/transparencia\/wp-content\/uploads\/sites\/2\/2024\/02\/PARECER-02-2024-COINVEST.pdf\"><span style=\"color: #008000;\">Parecer<\/span><\/a><\/span><\/li>\n<li><span style=\"color: #003366;\"><a style=\"color: #003366;\" href=\"https:\/\/drive.google.com\/file\/d\/1kVY2RcPhGGyzXdDBJ5TVr_o-lbfBbZr7\/view?usp=sharing\">Fevereiro<\/a>\u00a0&#8211; <span style=\"color: #ff0000;\"><a style=\"color: #ff0000;\" href=\"https:\/\/drive.google.com\/file\/d\/1Z3a8z-oneHjcNyrTcgCzjzUTspvuo3Cx\/view?usp=sharing\">Banco, Conta e Ag\u00eancia <\/a><\/span>&#8211; <a style=\"color: #003366;\" href=\"https:\/\/www.ipasemar.pa.gov.br\/wp-content\/uploads\/2024\/03\/PARECER-03-2024-COINVEST.pdf\"><span style=\"color: #008000;\">Parecer<\/span><\/a><em><br \/>\n<\/em><\/span><\/li>\n<li><span style=\"color: #003366;\"><a style=\"color: #003366;\" href=\"https:\/\/www.ipasemar.pa.gov.br\/wp-content\/uploads\/2024\/04\/relatorio-de-investimentos-03.2024.pdf\">Mar\u00e7o<\/a> &#8211; <span style=\"color: #ff0000;\"><a style=\"color: #ff0000;\" href=\"https:\/\/drive.google.com\/file\/d\/12dIi99oQk2QoJQLWxz05Sy-RUFEBuAm7\/view?usp=sharin\">Banco, Conta e Ag\u00eancia<\/a><\/span> &#8211; <a style=\"color: #003366;\" href=\"http:\/\/www.ipasemar.pa.gov.br\/transparencia\/wp-content\/uploads\/sites\/2\/2024\/05\/PARECER-04-2024-COINVEST.pdf\"><span style=\"color: #008000;\">Parecer<\/span><\/a><\/span><\/li>\n<li><span style=\"color: #003366;\"><a style=\"color: #003366;\" href=\"https:\/\/drive.google.com\/file\/d\/1i7QD14zr9gPhosKQP3pTervO7lNiYfJ-\/view?usp=sharing\">Abril<\/a> &#8211; <a style=\"color: #003366;\" href=\"https:\/\/drive.google.com\/file\/d\/1ko5R7cbT_tP_lQ7IMmzZ4JYK7y-7SMij\/view?usp=sharing\"><span style=\"color: #ff0000;\">Banco, Conta e Ag\u00eancia<\/span><\/a> &#8211; <a style=\"color: #003366;\" href=\"http:\/\/www.ipasemar.pa.gov.br\/transparencia\/wp-content\/uploads\/sites\/2\/2024\/05\/PARECER-05-2024-COINVEST.pdf\"><span style=\"color: #008000;\">Parecer<\/span><\/a><\/span><\/li>\n<li><span style=\"color: #003366;\"><a style=\"color: #003366;\" href=\"http:\/\/www.ipasemar.pa.gov.br\/transparencia\/wp-content\/uploads\/sites\/2\/2024\/06\/05.2024.pdf\">Maio <\/a>&#8211; <a style=\"color: #003366;\" href=\"https:\/\/drive.google.com\/file\/d\/1AjklnJubE6QdQ026ZqDlOqlg9loguI9V\/view?usp=sharing\"><span style=\"color: #ff0000;\">Banco, Conta e Ag\u00eancia<\/span><\/a> &#8211; <a style=\"color: #003366;\" href=\"http:\/\/www.ipasemar.pa.gov.br\/transparencia\/wp-content\/uploads\/sites\/2\/2024\/07\/parecer.pdf\"><span style=\"color: #008000;\">Parecer<\/span><\/a><\/span><\/li>\n<li><span style=\"color: #003366;\"><a style=\"color: #003366;\" href=\"https:\/\/drive.google.com\/file\/d\/1QKmae6axp6QXJdq7Andq9oQrKU_TznfF\/view?usp=sharing\">Junho<\/a> &#8211; <a style=\"color: #003366;\" href=\"https:\/\/drive.google.com\/file\/d\/1Xu_CksOFYmmyMhx-9RGtsQQIy4STvImG\/view?usp=sharing\"><span style=\"color: #ff0000;\">Banco, Conta e Ag\u00eancia<\/span><\/a> &#8211; <a style=\"color: #003366;\" href=\"http:\/\/www.ipasemar.pa.gov.br\/transparencia\/wp-content\/uploads\/sites\/2\/2025\/10\/PARECER-07-2025-COINVEST.pdf\"><span style=\"color: #008000;\">Parecer<\/span><\/a><\/span><\/li>\n<li><span style=\"color: #003366;\"><a style=\"color: #003366;\" href=\"http:\/\/www.ipasemar.pa.gov.br\/transparencia\/wp-content\/uploads\/sites\/2\/2024\/08\/relatorio-dinamico.pdf\">Julho<\/a> &#8211; <span style=\"color: #ff0000;\"><a style=\"color: #ff0000;\" href=\"http:\/\/www.ipasemar.pa.gov.br\/transparencia\/wp-content\/uploads\/sites\/2\/2024\/08\/BANCO-AGENCIA-E-CONTA-07.pdf\">Banco, Conta e Ag\u00eancia<\/a><\/span> &#8211; <a style=\"color: #003366;\" href=\"http:\/\/www.ipasemar.pa.gov.br\/transparencia\/wp-content\/uploads\/sites\/2\/2024\/08\/Image_003.pdf\"><span style=\"color: #008000;\">Parecer<\/span><\/a><\/span><\/li>\n<li><span style=\"color: #003366;\"><a style=\"color: #003366;\" href=\"https:\/\/drive.google.com\/file\/d\/1SmHloIh0xpfitbB6--sJmYrLL7U2mMIf\/view?usp=sharing\">Agosto<\/a> &#8211; <a style=\"color: #003366;\" href=\"https:\/\/drive.google.com\/file\/d\/1L9g5HSv0izCkVMWHVCxB4_yvSY8OWYSF\/view?usp=sharing\"><span style=\"color: #ff0000;\">Banco, Conta e Ag\u00eancia<\/span><\/a> &#8211; <span style=\"color: #008000;\"><a style=\"color: #008000;\" href=\"http:\/\/www.ipasemar.pa.gov.br\/transparencia\/wp-content\/uploads\/sites\/2\/2024\/09\/PARECER-n\u00b0-09_2024-Comite-de-Inveatimentos1.pdf\">Parecer<\/a><\/span><\/span><\/li>\n<li><span style=\"color: #003366;\"><a style=\"color: #003366;\" href=\"http:\/\/www.ipasemar.pa.gov.br\/transparencia\/wp-content\/uploads\/sites\/2\/2024\/10\/09.2024.pdf\">Setembro<\/a> &#8211; <span style=\"color: #ff0000;\">Banco, Conta e Ag\u00eancia<\/span> &#8211; <a style=\"color: #003366;\" href=\"http:\/\/www.ipasemar.pa.gov.br\/transparencia\/wp-content\/uploads\/sites\/2\/2024\/11\/parecer-010.2024.pdf\"><span style=\"color: #008000;\">Parecer<\/span><\/a><\/span><\/li>\n<li><span style=\"color: #003366;\"><a style=\"color: #003366;\" href=\"https:\/\/drive.google.com\/file\/d\/10t-3Q22dg_ypwVrCFMmJuj-PH5h-kpw0\/view?usp=sharing\">Outubro<\/a> &#8211;<span style=\"color: #ff0000;\"> <a style=\"color: #ff0000;\" href=\"https:\/\/drive.google.com\/file\/d\/1IicjdoDGvVH6viLKhczD1DxK0_SuoEcy\/view?usp=sharing\">Banco, Conta e Ag\u00eancia<\/a><\/span> &#8211; <a style=\"color: #003366;\" href=\"https:\/\/drive.google.com\/file\/d\/13jFTBN7IMrtMKB7ohSXGnQr6_Q9pRq5K\/view?usp=sharing\"><span style=\"color: #008000;\">Parecer<\/span><\/a><\/span><\/li>\n<li><span style=\"color: #003366;\"><a style=\"color: #003366;\" href=\"https:\/\/drive.google.com\/file\/d\/1COEEBs6tAVrZ0PrOvKqv2yANbvzuZOke\/view?usp=sharing\">Novembro<\/a> &#8211; <a style=\"color: #003366;\" href=\"https:\/\/drive.google.com\/file\/d\/1NrJkapboCDsvuyYJdDlEBeMnzwKmo5dG\/view?usp=sharing\"><span style=\"color: #ff0000;\">Banco, Conta e Ag\u00eancia<\/span> <\/a>&#8211; <a style=\"color: #003366;\" href=\"https:\/\/drive.google.com\/file\/d\/13jFTBN7IMrtMKB7ohSXGnQr6_Q9pRq5K\/view?usp=sharing\"><span style=\"color: #008000;\">Parecer<\/span><\/a><\/span><\/li>\n<li><span style=\"color: #003366;\"><a style=\"color: #003366;\" href=\"https:\/\/drive.google.com\/file\/d\/1n6jYmSpGSyH-tNM1aLUqVdmo92EFEC9e\/view?usp=sharing\">Dezembro<\/a> &#8211; <a style=\"color: #003366;\" href=\"https:\/\/drive.google.com\/file\/d\/1IFf3kuhSDkh3UBh5ZIXsJb_0lGHLGzqp\/view?usp=sharing\"><span style=\"color: #ff0000;\">Banco, Conta e Ag\u00eancia<\/span> <\/a>&#8211; <\/span><a href=\"http:\/\/www.ipasemar.pa.gov.br\/transparencia\/wp-content\/uploads\/sites\/2\/2025\/06\/PARECER-01-2025-COINVEST.pdf\"><span style=\"color: #003366;\"><span style=\"color: #008000;\">Parecer<\/span><\/span><\/a><\/li>\n<\/ul>\n","protected":false},"excerpt":{"rendered":"<p>Abaixo: Para ter acesso ao relat\u00f3rio detalhado dos Investimentos, clique no m\u00eas, para acesso ao banco, conta e ag\u00eancia nos quais s\u00e3o realizadas as aplica\u00e7\u00f5es clique em Banco, Conta e Ag\u00eancia e para acesso ao parecer do Comit\u00ea de Investimentos clique em Parecer. 2026 Janeiro &#8211; Banco, Conta e Ag\u00eancia &#8211; Parecer Fevereiro &#8211; Banco, [&hellip;]<\/p>\n","protected":false},"author":3,"featured_media":0,"parent":0,"menu_order":0,"comment_status":"closed","ping_status":"closed","template":"","meta":{"footnotes":""},"class_list":["post-4068","page","type-page","status-publish","hentry"],"_links":{"self":[{"href":"https:\/\/www.ipasemar.pa.gov.br\/transparencia\/wp-json\/wp\/v2\/pages\/4068","targetHints":{"allow":["GET"]}}],"collection":[{"href":"https:\/\/www.ipasemar.pa.gov.br\/transparencia\/wp-json\/wp\/v2\/pages"}],"about":[{"href":"https:\/\/www.ipasemar.pa.gov.br\/transparencia\/wp-json\/wp\/v2\/types\/page"}],"author":[{"embeddable":true,"href":"https:\/\/www.ipasemar.pa.gov.br\/transparencia\/wp-json\/wp\/v2\/users\/3"}],"replies":[{"embeddable":true,"href":"https:\/\/www.ipasemar.pa.gov.br\/transparencia\/wp-json\/wp\/v2\/comments?post=4068"}],"version-history":[{"count":10,"href":"https:\/\/www.ipasemar.pa.gov.br\/transparencia\/wp-json\/wp\/v2\/pages\/4068\/revisions"}],"predecessor-version":[{"id":4188,"href":"https:\/\/www.ipasemar.pa.gov.br\/transparencia\/wp-json\/wp\/v2\/pages\/4068\/revisions\/4188"}],"wp:attachment":[{"href":"https:\/\/www.ipasemar.pa.gov.br\/transparencia\/wp-json\/wp\/v2\/media?parent=4068"}],"curies":[{"name":"wp","href":"https:\/\/api.w.org\/{rel}","templated":true}]}}