{"id":4099,"date":"2026-03-09T17:52:36","date_gmt":"2026-03-09T20:52:36","guid":{"rendered":"https:\/\/www.ipasemar.pa.gov.br\/transparencia\/?page_id=4099"},"modified":"2026-04-24T17:22:15","modified_gmt":"2026-04-24T20:22:15","slug":"portarias-de-diarias-2026","status":"publish","type":"page","link":"https:\/\/www.ipasemar.pa.gov.br\/transparencia\/portarias-de-diarias-2026\/","title":{"rendered":"Portarias de Di\u00e1rias 2026"},"content":{"rendered":"<ul>\n<li><span style=\"color: #003366;\">Janeiro<\/span><\/li>\n<li><span style=\"color: #003366;\"><a style=\"color: #003366;\" href=\"http:\/\/www.ipasemar.pa.gov.br\/transparencia\/wp-content\/uploads\/sites\/2\/2026\/03\/diarias.pdf\">Fevereiro <strong>(N\u00e3o houve portarias de di\u00e1rias)<\/strong><\/a><\/span><\/li>\n<li><span style=\"color: #003366;\"><a style=\"color: #003366;\" href=\"https:\/\/drive.google.com\/file\/d\/11T2CM9pdcVXG-kz6fqvqneZrWyBEHxDh\/view?usp=sharing\">Mar\u00e7o<\/a><\/span><\/li>\n<li><span style=\"color: #003366;\"><a style=\"color: #003366;\" href=\"https:\/\/drive.google.com\/file\/d\/1_ov5eZvnhsmn363l0veWX5ev5ViE9uWL\/view?usp=sharing\">Abril<\/a><\/span><\/li>\n<\/ul>\n","protected":false},"excerpt":{"rendered":"<p>Janeiro Fevereiro (N\u00e3o houve portarias de di\u00e1rias) Mar\u00e7o Abril<\/p>\n","protected":false},"author":3,"featured_media":0,"parent":0,"menu_order":0,"comment_status":"closed","ping_status":"closed","template":"","meta":{"footnotes":""},"class_list":["post-4099","page","type-page","status-publish","hentry"],"_links":{"self":[{"href":"https:\/\/www.ipasemar.pa.gov.br\/transparencia\/wp-json\/wp\/v2\/pages\/4099","targetHints":{"allow":["GET"]}}],"collection":[{"href":"https:\/\/www.ipasemar.pa.gov.br\/transparencia\/wp-json\/wp\/v2\/pages"}],"about":[{"href":"https:\/\/www.ipasemar.pa.gov.br\/transparencia\/wp-json\/wp\/v2\/types\/page"}],"author":[{"embeddable":true,"href":"https:\/\/www.ipasemar.pa.gov.br\/transparencia\/wp-json\/wp\/v2\/users\/3"}],"replies":[{"embeddable":true,"href":"https:\/\/www.ipasemar.pa.gov.br\/transparencia\/wp-json\/wp\/v2\/comments?post=4099"}],"version-history":[{"count":4,"href":"https:\/\/www.ipasemar.pa.gov.br\/transparencia\/wp-json\/wp\/v2\/pages\/4099\/revisions"}],"predecessor-version":[{"id":4192,"href":"https:\/\/www.ipasemar.pa.gov.br\/transparencia\/wp-json\/wp\/v2\/pages\/4099\/revisions\/4192"}],"wp:attachment":[{"href":"https:\/\/www.ipasemar.pa.gov.br\/transparencia\/wp-json\/wp\/v2\/media?parent=4099"}],"curies":[{"name":"wp","href":"https:\/\/api.w.org\/{rel}","templated":true}]}}