{"id":500,"date":"2022-04-12T15:38:14","date_gmt":"2022-04-12T18:38:14","guid":{"rendered":"https:\/\/www.ipasemar.pa.gov.br\/transparencia\/?page_id=500"},"modified":"2026-04-24T08:56:47","modified_gmt":"2026-04-24T11:56:47","slug":"500-2","status":"publish","type":"page","link":"https:\/\/www.ipasemar.pa.gov.br\/transparencia\/500-2\/","title":{"rendered":"Atas do Comit\u00ea de Investimentos"},"content":{"rendered":"<div class=\"wpb-content-wrapper\"><div class=\"vc_row wpb_row vc_row-fluid\"><div class=\"wpb_column vc_column_container vc_col-sm-2\"><div class=\"vc_column-inner\"><div class=\"wpb_wrapper\">\n\t<div class=\"wpb_text_column wpb_content_element\" >\n\t\t<div class=\"wpb_wrapper\">\n\t\t\t<h2><span style=\"color: #003366;\">2021<\/span><\/h2>\n<ul>\n<li><span style=\"color: #003366;\"><a style=\"color: #003366;\" href=\"https:\/\/www.ipasemar.pa.gov.br\/transparencia\/wp-content\/uploads\/sites\/2\/2022\/04\/ATA012021.pdf\">Janeiro<\/a><\/span><\/li>\n<li><span style=\"color: #003366;\"><a style=\"color: #003366;\" href=\"https:\/\/www.ipasemar.pa.gov.br\/transparencia\/wp-content\/uploads\/sites\/2\/2022\/04\/ATA022021.pdf\">Fevereiro<\/a><\/span><\/li>\n<li><span style=\"color: #003366;\"><a style=\"color: #003366;\" href=\"https:\/\/www.ipasemar.pa.gov.br\/transparencia\/wp-content\/uploads\/sites\/2\/2022\/04\/ATA032021.pdf\">Mar\u00e7o<\/a><\/span><\/li>\n<li><span style=\"color: #003366;\"><a style=\"color: #003366;\" href=\"https:\/\/www.ipasemar.pa.gov.br\/transparencia\/wp-content\/uploads\/sites\/2\/2022\/04\/ATA042021.pdf\"> Abril<\/a><\/span><\/li>\n<li><span style=\"color: #003366;\"><a style=\"color: #003366;\" href=\"https:\/\/www.ipasemar.pa.gov.br\/transparencia\/wp-content\/uploads\/sites\/2\/2022\/04\/ATA052021_compressed1.pdf\">Maio<\/a><\/span><\/li>\n<li><span style=\"color: #003366;\"><a style=\"color: #003366;\" href=\"https:\/\/www.ipasemar.pa.gov.br\/transparencia\/wp-content\/uploads\/sites\/2\/2022\/04\/ATA062021_compressed1.pdf\">Junho<\/a><\/span><\/li>\n<li><span style=\"color: #003366;\"><a style=\"color: #003366;\" href=\"https:\/\/www.ipasemar.pa.gov.br\/transparencia\/wp-content\/uploads\/sites\/2\/2022\/04\/ATA072021_compressed1.pdf\">Julho<\/a><\/span><\/li>\n<li><span style=\"color: #003366;\"><a style=\"color: #003366;\" href=\"https:\/\/www.ipasemar.pa.gov.br\/transparencia\/wp-content\/uploads\/sites\/2\/2022\/04\/ATA082021COINVEST_compressed1.pdf\">Agosto<\/a><\/span><\/li>\n<li><span style=\"color: #003366;\"><a style=\"color: #003366;\" href=\"https:\/\/www.ipasemar.pa.gov.br\/transparencia\/wp-content\/uploads\/sites\/2\/2022\/04\/ATA0092021COMITEDEINVESTIMENTO001044.pdf\">Setembro<\/a><\/span><\/li>\n<li><span style=\"color: #003366;\"><a style=\"color: #003366;\" href=\"https:\/\/www.ipasemar.pa.gov.br\/transparencia\/wp-content\/uploads\/sites\/2\/2022\/04\/ATA202110COMITDEINVESTIMENTOS_compressed1.pdf\">Outubro<\/a><\/span><\/li>\n<li><span style=\"color: #003366;\"><a style=\"color: #003366;\" href=\"https:\/\/www.ipasemar.pa.gov.br\/transparencia\/wp-content\/uploads\/sites\/2\/2022\/04\/ATAcomite11_compressed1.pdf\">Novembro<\/a><\/span><\/li>\n<li><span style=\"color: #003366;\"><a style=\"color: #003366;\" href=\"https:\/\/www.ipasemar.pa.gov.br\/transparencia\/wp-content\/uploads\/sites\/2\/2022\/04\/ATACOMITEDEINVESTIMENTO122021_compressed1.pdf\">Dezembro<\/a><\/span><\/li>\n<\/ul>\n\n\t\t<\/div>\n\t<\/div>\n<\/div><\/div><\/div><div class=\"wpb_column vc_column_container vc_col-sm-2\"><div class=\"vc_column-inner\"><div class=\"wpb_wrapper\">\n\t<div class=\"wpb_text_column wpb_content_element\" >\n\t\t<div class=\"wpb_wrapper\">\n\t\t\t<h2><span style=\"color: #003366;\">2022<\/span><\/h2>\n<ul>\n<li><span style=\"color: #003366;\"><a style=\"color: #003366;\" href=\"https:\/\/drive.google.com\/file\/d\/1l0hPuKNYbvN7brJzGzwoVT6FAWIIO1aQ\/view?usp=sharing\">Janeiro<\/a><\/span><\/li>\n<li><span style=\"color: #003366;\"><a style=\"color: #003366;\" href=\"https:\/\/drive.google.com\/file\/d\/1NSsB5QE3PWOAoaX7ZDWSELziJyPWz18v\/view?usp=sharing\">Janeiro &#8211; Extraordin\u00e1ria<\/a><\/span><\/li>\n<li><span style=\"color: #003366;\"><a style=\"color: #003366;\" href=\"https:\/\/drive.google.com\/file\/d\/1-Uv0-Q7jfQ4KydxsLYRLhZlIuWnUTkJF\/view?usp=sharing\">Fevereiro<\/a><\/span><\/li>\n<li><span style=\"color: #003366;\"><a style=\"color: #003366;\" href=\"https:\/\/drive.google.com\/file\/d\/1ODrOqRINp-tGHjxLMOVXWq6bDHLKqkK8\/view?usp=sharing\">Mar\u00e7o<\/a><\/span><\/li>\n<li><span style=\"color: #003366;\"><a style=\"color: #003366;\" href=\"https:\/\/drive.google.com\/file\/d\/1YyVRe3Yy5oKTS35ea29iYvAnXyl7bbup\/view?usp=sharing\">Abril<\/a><\/span><\/li>\n<li><span style=\"color: #003366;\"><a style=\"color: #003366;\" href=\"https:\/\/drive.google.com\/file\/d\/1O5VXdk0H4hSzcoA5P78yhbNHY1DMqmsp\/view?usp=sharing\">Abril &#8211; Extraordin\u00e1ria<\/a><\/span><\/li>\n<li><span style=\"color: #003366;\"><a style=\"color: #003366;\" href=\"https:\/\/drive.google.com\/file\/d\/1NdWUqHDq7FJl4HTvMbd7vfgwp5Vlx47G\/view?usp=sharing\">Maio<\/a><\/span><\/li>\n<li><span style=\"color: #003366;\"><a style=\"color: #003366;\" href=\"https:\/\/drive.google.com\/file\/d\/1WwFM_jacATRIW8jTqU6EO3NRtwos1Tyn\/view?usp=sharing\">Junho<\/a><\/span><\/li>\n<li><span style=\"color: #003366;\"><a style=\"color: #003366;\" href=\"https:\/\/drive.google.com\/file\/d\/1AiXegowW-Z9B3kqQdzOZ84nEsLJrJ3Kn\/view?usp=sharing\">Julho<\/a><\/span><\/li>\n<li><span style=\"color: #003366;\"><a style=\"color: #003366;\" href=\"https:\/\/www.ipasemar.pa.gov.br\/wp-content\/uploads\/2022\/09\/Ata-10-2022-COI.pdf\">Agosto<\/a><\/span><\/li>\n<li><span style=\"color: #003366;\"><a style=\"color: #003366;\" href=\"https:\/\/drive.google.com\/file\/d\/1neTRpE5zeQEx0m8GWH2--69SWELVuZQF\/view?usp=sharing\">Setembro<\/a><\/span><\/li>\n<li><span style=\"color: #003366;\"><a style=\"color: #003366;\" href=\"https:\/\/drive.google.com\/file\/d\/1phQbLGdCuTfrohQI6NUc0Kkp4fo6Wi40\/view?usp=share_link\">Outubro<\/a><\/span><\/li>\n<li><span style=\"color: #003366;\"><a style=\"color: #003366;\" href=\"https:\/\/drive.google.com\/file\/d\/1JFbzm-5_HMHA118RgYDizO5lg2tCi48x\/view?usp=share_link\">Novembro<\/a><\/span><\/li>\n<li><span style=\"color: #003366;\"><a style=\"color: #003366;\" href=\"https:\/\/drive.google.com\/file\/d\/1nIwXZXMdmLY1lXxr0yBF9-aB4N6TlApU\/view?usp=share_link\">Novembro &#8211; Extraordin\u00e1ria<\/a><\/span><\/li>\n<li><span style=\"color: #333399;\"><a style=\"color: #333399;\" href=\"https:\/\/drive.google.com\/file\/d\/1gNAEL6zPdTEcrhPFGTBmjHQElcMoyi7N\/view?usp=share_link\"><span style=\"color: #003366;\">Dezembro<\/span><\/a><\/span><\/li>\n<\/ul>\n\n\t\t<\/div>\n\t<\/div>\n<\/div><\/div><\/div><div class=\"wpb_column vc_column_container vc_col-sm-2\"><div class=\"vc_column-inner\"><div class=\"wpb_wrapper\">\n\t<div class=\"wpb_text_column wpb_content_element\" >\n\t\t<div class=\"wpb_wrapper\">\n\t\t\t<h2><span style=\"color: #003366;\">2023<\/span><\/h2>\n<ul>\n<li><span style=\"color: #003366;\"><a style=\"color: #003366;\" href=\"https:\/\/drive.google.com\/file\/d\/1YeZtJ-4rCjcRyKB4l-RlhcRpTrY2AL9x\/view?usp=share_link\">Janeiro<\/a><\/span><\/li>\n<li><span style=\"color: #003366;\"><a style=\"color: #003366;\" href=\"https:\/\/drive.google.com\/file\/d\/1bWXIHA8XL4GhJ0uT-kgTkahK6cD-3_vj\/view?usp=share_link\">Fevereiro<\/a><\/span><\/li>\n<li><span style=\"color: #003366;\"><a style=\"color: #003366;\" href=\"https:\/\/www.ipasemar.pa.gov.br\/transparencia\/wp-content\/uploads\/sites\/2\/2023\/03\/ATA-003-28.02.2023-EXTRAORDINARIA_2_.pdf\">Fevereiro &#8211; Extraordin\u00e1ria<\/a><\/span><\/li>\n<li><span style=\"color: #003366;\"><a style=\"color: #003366;\" href=\"https:\/\/drive.google.com\/file\/d\/1G_JF_YhLc9_E5swZkOtEXcvKdPrycnYD\/view?usp=share_link\">Mar\u00e7o<\/a><\/span><\/li>\n<li><span style=\"color: #003366;\"><a style=\"color: #003366;\" href=\"https:\/\/drive.google.com\/file\/d\/1Spr3FcwJXV5zlhNjP28aZqL1gqxUjOJ-\/view?usp=share_link\">Abril<\/a><\/span><\/li>\n<li><span style=\"color: #003366;\"><a style=\"color: #003366;\" href=\"https:\/\/drive.google.com\/file\/d\/1fLSM-XZG-mugkRsTlgT6bfqlJzXYbxms\/view?usp=share_link\">Maio<\/a><\/span><\/li>\n<li><span style=\"color: #003366;\"><a style=\"color: #003366;\" href=\"https:\/\/drive.google.com\/file\/d\/1YZT1okUbJDXCBwX6UJF3ZrTDtvbH9XmX\/view?usp=sharing\">Junho<\/a><\/span><\/li>\n<li><span style=\"color: #003366;\"><a style=\"color: #003366;\" href=\"https:\/\/www.ipasemar.pa.gov.br\/transparencia\/wp-content\/uploads\/sites\/2\/2023\/07\/ATA-08-2023-COINVEST3.pdf\">Julho<\/a><\/span><\/li>\n<li><span style=\"color: #003366;\"><a style=\"color: #003366;\" href=\"https:\/\/drive.google.com\/file\/d\/1M8xYPIuSkJcWF8j75KG2hlXkVDdOfNQe\/view?usp=sharing\">Agosto<\/a><\/span><\/li>\n<li><span style=\"color: #003366;\"><a style=\"color: #003366;\" href=\"https:\/\/drive.google.com\/file\/d\/1pfO636Q-e82FvEOJZj6P2f1jqtJs1UOq\/view?usp=sharing\">Setembro<\/a><\/span><\/li>\n<li><span style=\"color: #003366;\"><a style=\"color: #003366;\" href=\"https:\/\/www.ipasemar.pa.gov.br\/transparencia\/wp-content\/uploads\/sites\/2\/2023\/10\/ATA-11-2023-COINVEST-compactado.pdf\">Outubro<\/a><\/span><\/li>\n<li><span style=\"color: #003366;\"><a style=\"color: #003366;\" href=\"https:\/\/drive.google.com\/file\/d\/1zn4w_Mk6X45zOYI5UQ1tIG2VxLRlU8Il\/view?usp=sharing\">Novembro<\/a><\/span><\/li>\n<li><span style=\"color: #333399;\"><a style=\"color: #333399;\" href=\"https:\/\/drive.google.com\/file\/d\/1xZc_qkXOHq64PoRZVzTd9DEeG6IShDqw\/view?usp=sharing\"><span style=\"color: #003366;\">Dezembro<\/span><\/a><\/span><\/li>\n<\/ul>\n\n\t\t<\/div>\n\t<\/div>\n<\/div><\/div><\/div><div class=\"wpb_column vc_column_container vc_col-sm-2\"><div class=\"vc_column-inner\"><div class=\"wpb_wrapper\">\n\t<div class=\"wpb_text_column wpb_content_element\" >\n\t\t<div class=\"wpb_wrapper\">\n\t\t\t<h2><span style=\"color: #003366;\">2024<\/span><\/h2>\n<ul>\n<li><span style=\"color: #003366;\"><a style=\"color: #003366;\" href=\"https:\/\/drive.google.com\/file\/d\/1DkVPTxtLImX-YPU_YynCbAqUO9r9imTU\/view?usp=sharing\">Janeiro<\/a><\/span><\/li>\n<li><a href=\"https:\/\/drive.google.com\/file\/d\/1r6TJ1kwp1uXS81YFSjXb1jYpIMAwRFBX\/view?usp=sharing\"><span style=\"color: #333399;\"><span style=\"color: #003366;\">Fevereiro<\/span><\/span><\/a><\/li>\n<li><span style=\"color: #003366;\"><a style=\"color: #003366;\" href=\"https:\/\/drive.google.com\/file\/d\/14eP2ODP4fF1rgHLYrqSYdPnY7RnjTrWh\/view?usp=sharing\">Mar\u00e7o<\/a><\/span><\/li>\n<li><span style=\"color: #003366;\"><a style=\"color: #003366;\" href=\"https:\/\/drive.google.com\/file\/d\/1ce6jNBM3pGB9_gmCI1ftAdV6mMHAftoH\/view?usp=sharing\">Abril<\/a><\/span><\/li>\n<li><span style=\"color: #003366;\"><a style=\"color: #003366;\" href=\"http:\/\/www.ipasemar.pa.gov.br\/transparencia\/wp-content\/uploads\/sites\/2\/2024\/06\/BRN3C2AF45522C4_249662.pdf\">Maio<\/a><\/span><\/li>\n<li><span style=\"color: #003366;\"><a style=\"color: #003366;\" href=\"https:\/\/drive.google.com\/file\/d\/1UUUlHPPqckN5moW96olWLXXuqJzbye1N\/view?usp=sharing\">Junho<\/a><\/span><\/li>\n<li><a href=\"http:\/\/www.ipasemar.pa.gov.br\/transparencia\/wp-content\/uploads\/sites\/2\/2024\/08\/ATA-07-2024-COINVEST.pdf\"><span style=\"color: #003366;\">Julho<\/span><\/a><\/li>\n<li><a href=\"http:\/\/www.ipasemar.pa.gov.br\/transparencia\/wp-content\/uploads\/sites\/2\/2024\/08\/ata-comite-20.08.pdf\"><span style=\"color: #003366;\">Agosto<\/span><\/a><\/li>\n<li><span style=\"color: #003366;\"><a style=\"color: #003366;\" href=\"http:\/\/www.ipasemar.pa.gov.br\/transparencia\/wp-content\/uploads\/sites\/2\/2024\/09\/ATA-09-2024-COINVEST.pdf\">Setembro<\/a><\/span><\/li>\n<li><span style=\"color: #003366;\"><a style=\"color: #003366;\" href=\"https:\/\/www.ipasemar.pa.gov.br\/wp-content\/uploads\/2024\/10\/ATA_254140.pdf\">Outubro<\/a><\/span><\/li>\n<li><span style=\"color: #003366;\"><a style=\"color: #003366;\" href=\"http:\/\/www.ipasemar.pa.gov.br\/transparencia\/wp-content\/uploads\/sites\/2\/2024\/12\/ATA-11-2024-COINVEST.pdf\">Novembro<\/a><\/span><\/li>\n<li><span style=\"color: #003366;\"><a style=\"color: #003366;\" href=\"http:\/\/www.ipasemar.pa.gov.br\/transparencia\/wp-content\/uploads\/sites\/2\/2024\/12\/ATA-12-2024-COINVEST.pdf\">Novembro (Extraordin\u00e1ria)<\/a><\/span><\/li>\n<li><a href=\"https:\/\/drive.google.com\/file\/d\/1MPw9wC3cOY2P5Mmh-77f9uCH4_rmKllz\/view?usp=sharing\"><span style=\"color: #003366;\">Dezembro<\/span><\/a><\/li>\n<\/ul>\n\n\t\t<\/div>\n\t<\/div>\n<\/div><\/div><\/div><div class=\"wpb_column vc_column_container vc_col-sm-2\"><div class=\"vc_column-inner\"><div class=\"wpb_wrapper\">\n\t<div class=\"wpb_text_column wpb_content_element\" >\n\t\t<div class=\"wpb_wrapper\">\n\t\t\t<h2><span style=\"color: #003366;\">2025<\/span><\/h2>\n<ul>\n<li><a href=\"https:\/\/drive.google.com\/file\/d\/1K50yPUHHnEmWrxXdMDKxPCesHGSQBUtR\/view?usp=sharing\"><span style=\"color: #003366;\">Janeiro<\/span><\/a><\/li>\n<li><a href=\"https:\/\/drive.google.com\/file\/d\/14VhVkzokvmUS_R90nQm3Qg6bcrMwkhOD\/view?usp=sharing\"><span style=\"color: #003366;\">Fevereiro<\/span><\/a><\/li>\n<li><a href=\"https:\/\/drive.google.com\/file\/d\/1WAbVms4Gqtj_Q56TbQIVyluCpjO-WOox\/view?usp=sharing\"><span style=\"color: #003366;\">Fevereiro &#8211; Extraordin\u00e1ria<\/span><\/a><\/li>\n<li><a href=\"https:\/\/drive.google.com\/file\/d\/1zciEy5fkyTqA-H-fd9IJ9Rv23vnwkQDO\/view?usp=sharing\"><span style=\"color: #003366;\">Mar\u00e7o<\/span><\/a><\/li>\n<li><a href=\"http:\/\/www.ipasemar.pa.gov.br\/transparencia\/wp-content\/uploads\/sites\/2\/2025\/05\/ATA-05-2025-COINVEST1.pdf\"><span style=\"color: #003366;\">Abril<\/span><\/a><\/li>\n<li><a href=\"http:\/\/www.ipasemar.pa.gov.br\/transparencia\/wp-content\/uploads\/sites\/2\/2025\/05\/ATA-06-2025-COINVEST2.pdf\"><span style=\"color: #003366;\">Abril (2\u00baparte)<\/span><\/a><\/li>\n<li><span style=\"color: #003366;\"><a style=\"color: #003366;\" href=\"https:\/\/drive.google.com\/file\/d\/1-s7jgW0_hpyA9gVdV6vw5DhVTjcEdbz1\/view?usp=sharing\">Maio<\/a><\/span><\/li>\n<li><span style=\"color: #003366;\"><a style=\"color: #003366;\" href=\"http:\/\/www.ipasemar.pa.gov.br\/transparencia\/wp-content\/uploads\/sites\/2\/2025\/06\/ATA-08-2025-COINVEST.pdf\">Junho<\/a><\/span><\/li>\n<li><span style=\"color: #003366;\"><a style=\"color: #003366;\" href=\"http:\/\/www.ipasemar.pa.gov.br\/transparencia\/wp-content\/uploads\/sites\/2\/2025\/07\/ATA-09-2025-COINVEST.pdf\">Julho<\/a><\/span><\/li>\n<li><span style=\"color: #003366;\"><a style=\"color: #003366;\" href=\"http:\/\/www.ipasemar.pa.gov.br\/transparencia\/wp-content\/uploads\/sites\/2\/2025\/08\/ATA-10-2025-COINVEST-2.pdf\">Agosto<\/a><\/span><\/li>\n<li><a href=\"http:\/\/www.ipasemar.pa.gov.br\/transparencia\/wp-content\/uploads\/sites\/2\/2026\/01\/ATA-15-2025-COINVEST-EXTRAORDINARIA-1.pdf\"><span style=\"color: #003366;\">Setembro &#8211; Extraordin\u00e1ria<\/span><\/a><\/li>\n<li><span style=\"color: #003366;\"><a style=\"color: #003366;\" href=\"https:\/\/www.ipasemar.pa.gov.br\/wp-content\/uploads\/2025\/09\/ATA-12-2025-COINVEST2.pdf\">Setembro<\/a><\/span><\/li>\n<li><span style=\"color: #003366;\"><a style=\"color: #003366;\" href=\"https:\/\/www.ipasemar.pa.gov.br\/wp-content\/uploads\/2025\/10\/ATA-13-2025-COINVEST.pdf\">Outubro<\/a><\/span><\/li>\n<li><span style=\"color: #003366;\"><a style=\"color: #003366;\" href=\"http:\/\/www.ipasemar.pa.gov.br\/transparencia\/wp-content\/uploads\/sites\/2\/2025\/11\/ATA-14-2025-COINVEST2.pdf\">Novembro<\/a><\/span><\/li>\n<li><a href=\"http:\/\/www.ipasemar.pa.gov.br\/transparencia\/wp-content\/uploads\/sites\/2\/2026\/01\/ATA-16-2025-COINVEST.pdf\"><span style=\"color: #003366;\">Dezembro<\/span><\/a><\/li>\n<\/ul>\n\n\t\t<\/div>\n\t<\/div>\n<\/div><\/div><\/div><div class=\"wpb_column vc_column_container vc_col-sm-2\"><div class=\"vc_column-inner\"><div class=\"wpb_wrapper\">\n\t<div class=\"wpb_text_column wpb_content_element\" >\n\t\t<div class=\"wpb_wrapper\">\n\t\t\t<h2><span style=\"color: #003366;\">2026<\/span><\/h2>\n<ul>\n<li><a href=\"http:\/\/www.ipasemar.pa.gov.br\/transparencia\/wp-content\/uploads\/sites\/2\/2026\/01\/SEI_1455174_Ata_de_Reuniao_Ordinaria-4.pdf\"><span style=\"color: #003366;\">Janeiro<\/span><\/a><\/li>\n<li><span style=\"color: #003366;\"><a style=\"color: #003366;\" href=\"http:\/\/www.ipasemar.pa.gov.br\/transparencia\/wp-content\/uploads\/sites\/2\/2026\/02\/SEI_1480469_Ata_de_Reuniao_Extraordinaria.pdf\">Janeiro &#8211; Extraordin\u00e1ria<\/a><\/span><\/li>\n<li><a href=\"http:\/\/www.ipasemar.pa.gov.br\/transparencia\/wp-content\/uploads\/sites\/2\/2026\/02\/SEI_1568405_Ata_de_Reuniao_Ordinaria-1.pdf\"><span style=\"color: #003366;\">Fevereiro<\/span><\/a><\/li>\n<li><span style=\"color: #003366;\"><a style=\"color: #003366;\" href=\"https:\/\/drive.google.com\/file\/d\/1PjiLntca3OVakZdSA3E79aGy9M4YYdg2\/view?usp=sharing\">Mar\u00e7o<\/a><\/span><\/li>\n<li><span style=\"color: #003366;\"><a style=\"color: #003366;\" href=\"https:\/\/drive.google.com\/file\/d\/1QDlGPq_q1X19xW6-pj8fu4d5iNfmIjmu\/view?usp=sharing\">Abril<\/a><\/span><\/li>\n<\/ul>\n\n\t\t<\/div>\n\t<\/div>\n<\/div><\/div><\/div><\/div>\n<\/div>","protected":false},"excerpt":{"rendered":"2021 Janeiro Fevereiro Mar\u00e7o Abril Maio Junho Julho Agosto Setembro Outubro Novembro Dezembro 2022 Janeiro Janeiro - Extraordin\u00e1ria Fevereiro Mar\u00e7o Abril Abril - Extraordin\u00e1ria Maio Junho Julho Agosto Setembro Outubro Novembro Novembro - Extraordin\u00e1ria Dezembro 2023 Janeiro Fevereiro Fevereiro - Extraordin\u00e1ria Mar\u00e7o Abril Maio Junho Julho Agosto Setembro Outubro Novembro Dezembro 2024 Janeiro Fevereiro Mar\u00e7o [...]","protected":false},"author":3,"featured_media":0,"parent":0,"menu_order":0,"comment_status":"closed","ping_status":"closed","template":"","meta":{"footnotes":""},"class_list":["post-500","page","type-page","status-publish","hentry"],"_links":{"self":[{"href":"https:\/\/www.ipasemar.pa.gov.br\/transparencia\/wp-json\/wp\/v2\/pages\/500","targetHints":{"allow":["GET"]}}],"collection":[{"href":"https:\/\/www.ipasemar.pa.gov.br\/transparencia\/wp-json\/wp\/v2\/pages"}],"about":[{"href":"https:\/\/www.ipasemar.pa.gov.br\/transparencia\/wp-json\/wp\/v2\/types\/page"}],"author":[{"embeddable":true,"href":"https:\/\/www.ipasemar.pa.gov.br\/transparencia\/wp-json\/wp\/v2\/users\/3"}],"replies":[{"embeddable":true,"href":"https:\/\/www.ipasemar.pa.gov.br\/transparencia\/wp-json\/wp\/v2\/comments?post=500"}],"version-history":[{"count":94,"href":"https:\/\/www.ipasemar.pa.gov.br\/transparencia\/wp-json\/wp\/v2\/pages\/500\/revisions"}],"predecessor-version":[{"id":4172,"href":"https:\/\/www.ipasemar.pa.gov.br\/transparencia\/wp-json\/wp\/v2\/pages\/500\/revisions\/4172"}],"wp:attachment":[{"href":"https:\/\/www.ipasemar.pa.gov.br\/transparencia\/wp-json\/wp\/v2\/media?parent=500"}],"curies":[{"name":"wp","href":"https:\/\/api.w.org\/{rel}","templated":true}]}}