{"id":560,"date":"2022-04-18T10:05:23","date_gmt":"2022-04-18T13:05:23","guid":{"rendered":"https:\/\/www.ipasemar.pa.gov.br\/transparencia\/?page_id=560"},"modified":"2025-09-04T09:16:41","modified_gmt":"2025-09-04T12:16:41","slug":"normativos-sobre-diarias","status":"publish","type":"page","link":"https:\/\/www.ipasemar.pa.gov.br\/transparencia\/normativos-sobre-diarias\/","title":{"rendered":"normativos sobre di\u00e1rias"},"content":{"rendered":"<div class=\"wpb-content-wrapper\"><div class=\"vc_row wpb_row vc_row-fluid\"><div class=\"wpb_column vc_column_container vc_col-sm-12\"><div class=\"vc_column-inner\"><div class=\"wpb_wrapper\">\n\t<div class=\"wpb_text_column wpb_content_element\" >\n\t\t<div class=\"wpb_wrapper\">\n\t\t\t<h5><a href=\"http:\/\/www.ipasemar.pa.gov.br\/transparencia\/wp-content\/uploads\/sites\/2\/2025\/09\/Famep-Diarias.pdf\"><span style=\"color: #003366;\"><strong>Decreto n\u00ba 537. de Setembro de 2025<\/strong><\/span><\/a><\/h5>\n<p style=\"padding-left: 40px;\"><span style=\"color: #003366;\">Regulamenta a concess\u00e3o de di\u00e1rias aos servidores p\u00fablicos municipais.<\/span><\/p>\n<h5><a href=\"https:\/\/drive.google.com\/file\/d\/1nhesYpqayW86uf6EHI_kSkO6SDDDjGS5\/view?usp=sharing\"><strong><span style=\"color: #003366;\">Decreto n\u00b0 62, de 13 de Novembro de 2017<\/span><\/strong><\/a><\/h5>\n<p style=\"padding-left: 40px;\"><span style=\"color: #003366;\">Regulamenta a concess\u00e3o de di\u00e1rias aos servidores p\u00fablicos municipais, e d\u00e1 outras provid\u00eancias.<\/span><\/p>\n<h5><a href=\"https:\/\/drive.google.com\/file\/d\/1mM65EM3n_ZrEuOGvsOWyatLgbCYoqvS2\/view?usp=sharing\"><span style=\"color: #003366;\"><strong>Decreto n\u00ba 54\/2017-GP, de 21 de Setembro de 2017 &#8211; REVOGADO<\/strong><\/span><\/a><\/h5>\n<p style=\"padding-left: 40px;\"><span style=\"color: #003366;\">Regulamenta a concess\u00e3o de di\u00e1rias aos servidores p\u00fablicos municipais, e d\u00e1 outras provid\u00eancias.<\/span><\/p>\n<h5><a href=\"https:\/\/drive.google.com\/file\/d\/1KbKKU_DO-_mkiH-Q7Wa5v2kKdS88rYGJ\/view?usp=sharing\"><span style=\"color: #003366;\"><strong>Decreto n\u00ba 46\/2017-GP, de 25 de Agosto de 2017 &#8211; REVOGADO<\/strong><\/span><\/a><\/h5>\n<p style=\"padding-left: 40px;\"><span style=\"color: #003366;\">Disp\u00f5e sobre altera\u00e7\u00e3o do Art. 1\u00ba do decreto n\u00ba 030\/2010-Gp de 12 de janeiro de 2010, que regulamenta a concess\u00e3o de di\u00e1rias aos servidores p\u00fablicos municipais, e d\u00e1 outras provid\u00eancias.<\/span><\/p>\n<h5><a href=\"https:\/\/drive.google.com\/file\/d\/1n1s033dVJpTEV4fwz8uQLbi3YcxNYAhV\/view?usp=sharing\"><span style=\"color: #003366;\"><strong>Decreto n\u00ba 030, de 12 de Janeiro de 2010 &#8211; REVOGADO<\/strong><\/span><\/a><\/h5>\n<p style=\"padding-left: 40px;\"><span style=\"color: #003366;\">Regulamenta a concess\u00e3o de di\u00e1rias aos servidores p\u00fablicos municipais e d\u00e1 outra provid\u00eancias.<\/span><\/p>\n\n\t\t<\/div>\n\t<\/div>\n<\/div><\/div><\/div><\/div>\n<\/div>","protected":false},"excerpt":{"rendered":"Decreto n\u00ba 537. de Setembro de 2025 Regulamenta a concess\u00e3o de di\u00e1rias aos servidores p\u00fablicos municipais. Decreto n\u00b0 62, de 13 de Novembro de 2017 Regulamenta a concess\u00e3o de di\u00e1rias aos servidores p\u00fablicos municipais, e d\u00e1 outras provid\u00eancias. Decreto n\u00ba 54\/2017-GP, de 21 de Setembro de 2017 - REVOGADO Regulamenta a concess\u00e3o de di\u00e1rias aos [...]","protected":false},"author":3,"featured_media":0,"parent":0,"menu_order":0,"comment_status":"closed","ping_status":"closed","template":"","meta":{"footnotes":""},"class_list":["post-560","page","type-page","status-publish","hentry"],"_links":{"self":[{"href":"https:\/\/www.ipasemar.pa.gov.br\/transparencia\/wp-json\/wp\/v2\/pages\/560","targetHints":{"allow":["GET"]}}],"collection":[{"href":"https:\/\/www.ipasemar.pa.gov.br\/transparencia\/wp-json\/wp\/v2\/pages"}],"about":[{"href":"https:\/\/www.ipasemar.pa.gov.br\/transparencia\/wp-json\/wp\/v2\/types\/page"}],"author":[{"embeddable":true,"href":"https:\/\/www.ipasemar.pa.gov.br\/transparencia\/wp-json\/wp\/v2\/users\/3"}],"replies":[{"embeddable":true,"href":"https:\/\/www.ipasemar.pa.gov.br\/transparencia\/wp-json\/wp\/v2\/comments?post=560"}],"version-history":[{"count":13,"href":"https:\/\/www.ipasemar.pa.gov.br\/transparencia\/wp-json\/wp\/v2\/pages\/560\/revisions"}],"predecessor-version":[{"id":3726,"href":"https:\/\/www.ipasemar.pa.gov.br\/transparencia\/wp-json\/wp\/v2\/pages\/560\/revisions\/3726"}],"wp:attachment":[{"href":"https:\/\/www.ipasemar.pa.gov.br\/transparencia\/wp-json\/wp\/v2\/media?parent=560"}],"curies":[{"name":"wp","href":"https:\/\/api.w.org\/{rel}","templated":true}]}}