{"id":584,"date":"2022-04-18T11:13:02","date_gmt":"2022-04-18T14:13:02","guid":{"rendered":"https:\/\/www.ipasemar.pa.gov.br\/transparencia\/?page_id=584"},"modified":"2024-03-13T16:04:49","modified_gmt":"2024-03-13T19:04:49","slug":"receitas-publicas","status":"publish","type":"page","link":"https:\/\/www.ipasemar.pa.gov.br\/transparencia\/receitas-publicas\/","title":{"rendered":"Receitas P\u00fablicas"},"content":{"rendered":"<div class=\"wpb-content-wrapper\"><div class=\"vc_row wpb_row vc_row-fluid\"><div class=\"wpb_column vc_column_container vc_col-sm-12\"><div class=\"vc_column-inner\"><div class=\"wpb_wrapper\">\n\t<div class=\"wpb_text_column wpb_content_element\" >\n\t\t<div class=\"wpb_wrapper\">\n\t\t\t<h4><a href=\"http:\/\/www.governotransparente.com.br\/transparencia\/receitas\/44669490?datainfo=MTIwMjEwOTI4MDgyN1BQUA==&amp;clean=false\">Receitas P\u00fablicas <span style=\"color: #ff0000;\">(Clique aqui)<\/span><\/a><\/h4>\n<p>&nbsp;<\/p>\n<p style=\"padding-left: 40px;\"><a href=\"http:\/\/www.governotransparente.com.br\/transparencia\/receitas\/44669490?datainfo=MTIwMjEwOTI4MDgyN1BQUA==&amp;clean=false\"><em><span style=\"color: #000000;\">Passo 1 &#8211; Ap\u00f3s clicar em receitas p\u00fablicas, escolha a op\u00e7\u00e3o<\/span> <span style=\"color: #ff0000;\">Receitas Or\u00e7. arrecadada\u00a0 \u00a0 \u00a0 \u00a0 \u00a0 \u00a0 \u00a0 \u00a0 \u00a0 \u00a0 \u00a0 \u00a0 \u00a0 \u00a0 \u00a0 \u00a0 \u00a0 \u00a0 \u00a0 \u00a0 \u00a0 \u00a0 \u00a0 \u00a0 \u00a0 \u00a0 \u00a0 \u00a0 \u00a0 \u00a0 \u00a0 \u00a0 \u00a0 \u00a0 \u00a0 \u00a0 \u00a0 \u00a0 \u00a0 \u00a0 \u00a0 \u00a0 <span style=\"color: #000000;\">\u00a0 \u00a0 \u00a0 \u00a0 \u00a0 \u00a0 \u00a0 \u00a0 \u00a0 \u00a0 \u00a0 \u00a0 \u00a0 \u00a0 \u00a0 \u00a0 \u00a0 \u00a0 \u00a0 \u00a0 \u00a0 \u00a0 \u00a0 \u00a0 \u00a0 \u00a0 \u00a0 \u00a0 \u00a0 \u00a0 \u00a0 \u00a0 \u00a0 \u00a0 \u00a0 \u00a0 \u00a0 \u00a0 \u00a0\u00a0\u00a0\u00a0\u00a0\u00a0\u00a0\u00a0\u00a0\u00a0 \u00a0 \u00a0 \u00a0 \u00a0\u00a0 <\/span><\/span><span style=\"color: #000000;\">Passo 2 &#8211; Em seguida selecione o exerc\u00edcio, o intervalo de per\u00edodo e selecione a Unidade Gestora <\/span><\/em><span style=\"color: #ff0000;\"><em>&#8220;Instituto de Previd\u00eancia dos Serv. de Marab\u00e1.&#8221;\u00a0<\/em><\/span><\/a><\/p>\n\n\t\t<\/div>\n\t<\/div>\n<\/div><\/div><\/div><\/div>\n<\/div>","protected":false},"excerpt":{"rendered":"Receitas P\u00fablicas (Clique aqui) &nbsp; Passo 1 - Ap\u00f3s clicar em receitas p\u00fablicas, escolha a op\u00e7\u00e3o Receitas Or\u00e7. arrecadada\u00a0 \u00a0 \u00a0 \u00a0 \u00a0 \u00a0 \u00a0 \u00a0 \u00a0 \u00a0 \u00a0 \u00a0 \u00a0 \u00a0 \u00a0 \u00a0 \u00a0 \u00a0 \u00a0 \u00a0 \u00a0 \u00a0 \u00a0 \u00a0 \u00a0 \u00a0 \u00a0 \u00a0 \u00a0 \u00a0 \u00a0 \u00a0 \u00a0 \u00a0 \u00a0 \u00a0 \u00a0 [...]","protected":false},"author":3,"featured_media":0,"parent":0,"menu_order":0,"comment_status":"closed","ping_status":"closed","template":"","meta":{"footnotes":""},"class_list":["post-584","page","type-page","status-publish","hentry"],"_links":{"self":[{"href":"https:\/\/www.ipasemar.pa.gov.br\/transparencia\/wp-json\/wp\/v2\/pages\/584","targetHints":{"allow":["GET"]}}],"collection":[{"href":"https:\/\/www.ipasemar.pa.gov.br\/transparencia\/wp-json\/wp\/v2\/pages"}],"about":[{"href":"https:\/\/www.ipasemar.pa.gov.br\/transparencia\/wp-json\/wp\/v2\/types\/page"}],"author":[{"embeddable":true,"href":"https:\/\/www.ipasemar.pa.gov.br\/transparencia\/wp-json\/wp\/v2\/users\/3"}],"replies":[{"embeddable":true,"href":"https:\/\/www.ipasemar.pa.gov.br\/transparencia\/wp-json\/wp\/v2\/comments?post=584"}],"version-history":[{"count":31,"href":"https:\/\/www.ipasemar.pa.gov.br\/transparencia\/wp-json\/wp\/v2\/pages\/584\/revisions"}],"predecessor-version":[{"id":2627,"href":"https:\/\/www.ipasemar.pa.gov.br\/transparencia\/wp-json\/wp\/v2\/pages\/584\/revisions\/2627"}],"wp:attachment":[{"href":"https:\/\/www.ipasemar.pa.gov.br\/transparencia\/wp-json\/wp\/v2\/media?parent=584"}],"curies":[{"name":"wp","href":"https:\/\/api.w.org\/{rel}","templated":true}]}}