{"id":597,"date":"2022-04-18T11:43:32","date_gmt":"2022-04-18T14:43:32","guid":{"rendered":"https:\/\/www.ipasemar.pa.gov.br\/transparencia\/?page_id=597"},"modified":"2024-08-22T09:42:31","modified_gmt":"2024-08-22T12:42:31","slug":"despesas-publicas","status":"publish","type":"page","link":"https:\/\/www.ipasemar.pa.gov.br\/transparencia\/despesas-publicas\/","title":{"rendered":"Despesas P\u00fablicas"},"content":{"rendered":"<h4><a href=\"http:\/\/www.governotransparente.com.br\/transparencia\/despesas\/opcoes\/44669490?datainfo=MTIwMjEwOTI4MDgyN1BQUA==&amp;clean=false\"><span style=\"color: #003366;\">Despesas P\u00fablicas (<em>Empenho, Liquida\u00e7\u00e3o e Pagamento<\/em>) &#8211;<\/span> <span style=\"color: #ff0000;\">(Clique aqui)<\/span><\/a><\/h4>\n<p><a href=\"http:\/\/www.governotransparente.com.br\/transparencia\/despesas\/opcoes\/44669490?datainfo=MTIwMjEwOTI4MDgyN1BQUA==&amp;clean=false\"><span style=\"color: #000000;\"><em>Passo 1 &#8211; Ap\u00f3s clicar, selecione o item <span style=\"color: #ff0000;\">\u201cDespesas Empenhadas\u201d<\/span>, em seguida selecione a op\u00e7\u00e3o desejada, Despesas Empenhadas, Despesas Liquidadas ou Despesas Pagas.<\/em><\/span><\/a><\/p>\n<p><a href=\"http:\/\/www.governotransparente.com.br\/transparencia\/despesas\/opcoes\/44669490?datainfo=MTIwMjEwOTI4MDgyN1BQUA==&amp;clean=false\"><span style=\"color: #000000;\"><em>Passo 2 &#8211; Ap\u00f3s escolher a op\u00e7\u00e3o desejada selecione o Exerc\u00edcio, Data de In\u00edcio e Fim e em seguida selecione a Unidade Gestora <span style=\"color: #ff0000;\">Instituto De Previd\u00eancia dos Serv. de Marab\u00e1<\/span> e clique em consultar.\u00a0 \u00a0 \u00a0 \u00a0 \u00a0 \u00a0 \u00a0 \u00a0 \u00a0 \u00a0 \u00a0 \u00a0 \u00a0 \u00a0 \u00a0 \u00a0 \u00a0 \u00a0 \u00a0 \u00a0 \u00a0 \u00a0 \u00a0 \u00a0 \u00a0 \u00a0 \u00a0 \u00a0 \u00a0 \u00a0 \u00a0 \u00a0 \u00a0 \u00a0 \u00a0 \u00a0 \u00a0 \u00a0 \u00a0 \u00a0 \u00a0 \u00a0 \u00a0 \u00a0 \u00a0 \u00a0 \u00a0 \u00a0 \u00a0 \u00a0 \u00a0 \u00a0 \u00a0 \u00a0 \u00a0 \u00a0 \u00a0 \u00a0 \u00a0 \u00a0 \u00a0 \u00a0 \u00a0 \u00a0 \u00a0 \u00a0 \u00a0 \u00a0 \u00a0 \u00a0 \u00a0 \u00a0 \u00a0 \u00a0 \u00a0 \u00a0 \u00a0 \u00a0 \u00a0 \u00a0 \u00a0 \u00a0 \u00a0 \u00a0 \u00a0 \u00a0 \u00a0 \u00a0 \u00a0 \u00a0 \u00a0 \u00a0 \u00a0 \u00a0 \u00a0 \u00a0 \u00a0 \u00a0 \u00a0 \u00a0 \u00a0 \u00a0 \u00a0 \u00a0 \u00a0 \u00a0 \u00a0 \u00a0 \u00a0 \u00a0 \u00a0 \u00a0 \u00a0 \u00a0 \u00a0 \u00a0 \u00a0 \u00a0 \u00a0 \u00a0 \u00a0 \u00a0 \u00a0 \u00a0 \u00a0 \u00a0 \u00a0 \u00a0 \u00a0 \u00a0 \u00a0 \u00a0 \u00a0 \u00a0 \u00a0 \u00a0 \u00a0 \u00a0 \u00a0 \u00a0 \u00a0 \u00a0 \u00a0 \u00a0 \u00a0 \u00a0 \u00a0 \u00a0 \u00a0 \u00a0 \u00a0 \u00a0 \u00a0 \u00a0 \u00a0 \u00a0 \u00a0 \u00a0 \u00a0 \u00a0 \u00a0 \u00a0 \u00a0 \u00a0 \u00a0 \u00a0 \u00a0 \u00a0 \u00a0\u00a0 \u00a0 \u00a0 \u00a0 \u00a0 \u00a0 Passo 3 &#8211; Para consultar as Notas Fiscais\/Chave de Acesso selecione o item \u201cDespesas Liquidadas\u201d, selecione o Exerc\u00edcio, Data de In\u00edcio e Fim, e em seguida selecione a <span style=\"color: #ff0000;\">Unidade Gestora Instituto De Previd\u00eancia dos Serv. de Marab\u00e1<\/span>, clique em consultar e seguida <span style=\"color: #ff0000;\">anexo<\/span>.<\/em><\/span><\/a><\/p>\n","protected":false},"excerpt":{"rendered":"<p>Despesas P\u00fablicas (Empenho, Liquida\u00e7\u00e3o e Pagamento) &#8211; (Clique aqui) Passo 1 &#8211; Ap\u00f3s clicar, selecione o item \u201cDespesas Empenhadas\u201d, em seguida selecione a op\u00e7\u00e3o desejada, Despesas Empenhadas, Despesas Liquidadas ou Despesas Pagas. Passo 2 &#8211; Ap\u00f3s escolher a op\u00e7\u00e3o desejada selecione o Exerc\u00edcio, Data de In\u00edcio e Fim e em seguida selecione a Unidade Gestora [&hellip;]<\/p>\n","protected":false},"author":3,"featured_media":0,"parent":0,"menu_order":0,"comment_status":"closed","ping_status":"closed","template":"","meta":{"footnotes":""},"class_list":["post-597","page","type-page","status-publish","hentry"],"_links":{"self":[{"href":"https:\/\/www.ipasemar.pa.gov.br\/transparencia\/wp-json\/wp\/v2\/pages\/597","targetHints":{"allow":["GET"]}}],"collection":[{"href":"https:\/\/www.ipasemar.pa.gov.br\/transparencia\/wp-json\/wp\/v2\/pages"}],"about":[{"href":"https:\/\/www.ipasemar.pa.gov.br\/transparencia\/wp-json\/wp\/v2\/types\/page"}],"author":[{"embeddable":true,"href":"https:\/\/www.ipasemar.pa.gov.br\/transparencia\/wp-json\/wp\/v2\/users\/3"}],"replies":[{"embeddable":true,"href":"https:\/\/www.ipasemar.pa.gov.br\/transparencia\/wp-json\/wp\/v2\/comments?post=597"}],"version-history":[{"count":14,"href":"https:\/\/www.ipasemar.pa.gov.br\/transparencia\/wp-json\/wp\/v2\/pages\/597\/revisions"}],"predecessor-version":[{"id":2925,"href":"https:\/\/www.ipasemar.pa.gov.br\/transparencia\/wp-json\/wp\/v2\/pages\/597\/revisions\/2925"}],"wp:attachment":[{"href":"https:\/\/www.ipasemar.pa.gov.br\/transparencia\/wp-json\/wp\/v2\/media?parent=597"}],"curies":[{"name":"wp","href":"https:\/\/api.w.org\/{rel}","templated":true}]}}