{"id":616,"date":"2022-04-18T14:26:29","date_gmt":"2022-04-18T17:26:29","guid":{"rendered":"https:\/\/www.ipasemar.pa.gov.br\/transparencia\/?page_id=616"},"modified":"2026-03-18T09:50:28","modified_gmt":"2026-03-18T12:50:28","slug":"dair-2","status":"publish","type":"page","link":"https:\/\/www.ipasemar.pa.gov.br\/transparencia\/dair-2\/","title":{"rendered":"DAIR"},"content":{"rendered":"<div class=\"wpb-content-wrapper\"><div class=\"vc_row wpb_row vc_row-fluid\"><div class=\"wpb_column vc_column_container vc_col-sm-2\"><div class=\"vc_column-inner\"><div class=\"wpb_wrapper\">\n\t<div class=\"wpb_text_column wpb_content_element\" >\n\t\t<div class=\"wpb_wrapper\">\n\t\t\t<h2><span style=\"color: #003366;\">2026<\/span><\/h2>\n<ul>\n<li><a href=\"http:\/\/www.ipasemar.pa.gov.br\/transparencia\/wp-content\/uploads\/sites\/2\/2025\/05\/DAIR-1.pdf\"><span style=\"color: #003366;\">Janeiro<\/span><\/a><\/li>\n<\/ul>\n<p>* Prazo pra envio do DAIR de FEVREIRO DE 2026 \u00e9 at\u00e9 o dia 31\/03\/2026<\/p>\n\n\t\t<\/div>\n\t<\/div>\n<\/div><\/div><\/div><div class=\"wpb_column vc_column_container vc_col-sm-2\"><div class=\"vc_column-inner\"><div class=\"wpb_wrapper\">\n\t<div class=\"wpb_text_column wpb_content_element\" >\n\t\t<div class=\"wpb_wrapper\">\n\t\t\t<h2><span style=\"color: #003366;\">2025<\/span><\/h2>\n<ul>\n<li><a href=\"http:\/\/www.ipasemar.pa.gov.br\/transparencia\/wp-content\/uploads\/sites\/2\/2025\/05\/DAIR-1.pdf\"><span style=\"color: #003366;\">Janeiro<\/span><\/a><\/li>\n<li><span style=\"color: #003366;\"><a style=\"color: #003366;\" href=\"http:\/\/www.ipasemar.pa.gov.br\/transparencia\/wp-content\/uploads\/sites\/2\/2025\/05\/DAIR-02.pdf\">Fevereiro<\/a><\/span><\/li>\n<li><a href=\"http:\/\/www.ipasemar.pa.gov.br\/transparencia\/wp-content\/uploads\/sites\/2\/2025\/05\/DAIR-03.pdf\"><span style=\"color: #003366;\">Mar\u00e7o<\/span><\/a><\/li>\n<li><span style=\"color: #003366;\"><a style=\"color: #003366;\" href=\"https:\/\/drive.google.com\/file\/d\/1rNeJtR4LC7Sd_uzxn6g0aaO2FvXHP66y\/view?usp=sharing\">Abril<\/a><\/span><\/li>\n<li><span style=\"color: #003366;\"><a style=\"color: #003366;\" href=\"https:\/\/drive.google.com\/file\/d\/1oepTJLO1EMe65tr9COWFP6fT0Rbn6xP1\/view?usp=sharing\">Maio<\/a><\/span><\/li>\n<li><span style=\"color: #003366;\"><a style=\"color: #003366;\" href=\"http:\/\/www.ipasemar.pa.gov.br\/transparencia\/wp-content\/uploads\/sites\/2\/2025\/07\/DAIR-06.20251.pdf\">Junho<\/a><\/span><\/li>\n<li><span style=\"color: #003366;\"><a style=\"color: #003366;\" href=\"https:\/\/drive.google.com\/file\/d\/1tB_ONyx7QmRimCevx6bXULxNvV25FuAW\/view?usp=sharing\">Julho<\/a><\/span><\/li>\n<li><span style=\"color: #003366;\"><a style=\"color: #003366;\" href=\"https:\/\/drive.google.com\/file\/d\/13pB1ZBZZyQHO49fDWVGRcL03kmu2AmzS\/view?usp=sharing\">Agosto<\/a><\/span><\/li>\n<li><span style=\"color: #003366;\"><a style=\"color: #003366;\" href=\"https:\/\/drive.google.com\/file\/d\/18CajtUTpsP1qynR_7S_9iTOCb-3Gh8m5\/view?usp=sharing\">Setembro<\/a><\/span><\/li>\n<li><span style=\"color: #003366;\"><a style=\"color: #003366;\" href=\"https:\/\/drive.google.com\/file\/d\/1YbnDL_6e2LQC7zhQzY4ALHHKHMl5KmNZ\/view?usp=sharing\">Outubro<\/a><\/span><\/li>\n<li><span style=\"color: #003366;\"><a style=\"color: #003366;\" href=\"https:\/\/drive.google.com\/file\/d\/1M-aSWZTsgQ8u4o4p5B40TGS-wpwIfrwA\/view?usp=sharing\">Novembro<\/a><\/span><\/li>\n<li><span style=\"color: #003366;\"><a style=\"color: #003366;\" href=\"http:\/\/www.ipasemar.pa.gov.br\/transparencia\/wp-content\/uploads\/sites\/2\/2026\/02\/DAIR-12.2025.pdf\">Dezembro<\/a><\/span><\/li>\n<\/ul>\n<p>* Prazo pra envio do DAIR de JANEIRO DE 2026 \u00e9 at\u00e9 o dia 28\/02\/2026<\/p>\n\n\t\t<\/div>\n\t<\/div>\n<\/div><\/div><\/div><div class=\"wpb_column vc_column_container vc_col-sm-2\"><div class=\"vc_column-inner\"><div class=\"wpb_wrapper\">\n\t<div class=\"wpb_text_column wpb_content_element\" >\n\t\t<div class=\"wpb_wrapper\">\n\t\t\t<h2><span style=\"color: #003366;\">2024<\/span><\/h2>\n<ul>\n<li><span style=\"color: #003366;\"><a style=\"color: #003366;\" href=\"http:\/\/www.ipasemar.pa.gov.br\/transparencia\/wp-content\/uploads\/sites\/2\/2024\/02\/DAIR-01.2024.pdf\">Janeiro<\/a><\/span><\/li>\n<li><span style=\"color: #003366;\"><a style=\"color: #003366;\" href=\"https:\/\/www.ipasemar.pa.gov.br\/wp-content\/uploads\/2024\/04\/DAIR-02.2024-compressed.pdf\">Fevereiro<\/a><\/span><\/li>\n<li><span style=\"color: #003366;\"><a style=\"color: #003366;\" href=\"http:\/\/www.ipasemar.pa.gov.br\/transparencia\/wp-content\/uploads\/sites\/2\/2024\/05\/DAIR-03.2024.pdf\">Mar\u00e7o<\/a><\/span><\/li>\n<li><span style=\"color: #003366;\"><a style=\"color: #003366;\" href=\"https:\/\/drive.google.com\/file\/d\/1Vd5b8ZPdwfOt4w1FJr5G5cVPacFbVhR1\/view?usp=sharing\">Abril<\/a><\/span><\/li>\n<li><span style=\"color: #003366;\"><a style=\"color: #003366;\" href=\"http:\/\/www.ipasemar.pa.gov.br\/transparencia\/wp-content\/uploads\/sites\/2\/2024\/07\/DAIR-05_compressed.pdf\">Maio<\/a><\/span><\/li>\n<li><span style=\"color: #003366;\"><a style=\"color: #003366;\" href=\"http:\/\/www.ipasemar.pa.gov.br\/transparencia\/wp-content\/uploads\/sites\/2\/2024\/08\/DAIR-06.2024_compressed.pdf\">Junho<\/a><\/span><\/li>\n<li><span style=\"color: #003366;\"><a style=\"color: #003366;\" href=\"https:\/\/drive.google.com\/file\/d\/1He5xFUgRkkWAq3ll1FHgeMtDjfbvZVl_\/view?usp=sharing\">Julho<\/a><\/span><\/li>\n<li><a href=\"http:\/\/www.ipasemar.pa.gov.br\/transparencia\/wp-content\/uploads\/sites\/2\/2024\/09\/dair088.pdf\"><span style=\"color: #003366;\">Agosto<\/span><\/a><\/li>\n<li><span style=\"color: #003366;\"><a style=\"color: #003366;\" href=\"https:\/\/drive.google.com\/file\/d\/1iWhhRKm1ZSNx7BF78YlsmgfIN7o-PZsZ\/view?usp=sharing\">Setembro<\/a><\/span><\/li>\n<li><a href=\"https:\/\/drive.google.com\/file\/d\/1AOkGZuawRggnuQqntwEzD649N53K24P-\/view?usp=sharing\"><span style=\"color: #003366;\">Outubro<\/span><\/a><\/li>\n<li><span style=\"color: #003366;\"><a style=\"color: #003366;\" href=\"https:\/\/drive.google.com\/file\/d\/1F4x1KERRArdHRYFHKXTwIixQa1XuRokP\/view?usp=sharing\">Novembro<\/a><\/span><\/li>\n<li><a href=\"https:\/\/drive.google.com\/file\/d\/1q2PmvrvoPdNtgcd_ror6cZGy0KdqkDm7\/view?usp=sharing\"><span style=\"color: #003366;\">Dezembro<\/span><\/a><span class=\"fontstyle0\"><br \/>\n<\/span><\/li>\n<\/ul>\n\n\t\t<\/div>\n\t<\/div>\n<\/div><\/div><\/div><div class=\"wpb_column vc_column_container vc_col-sm-2\"><div class=\"vc_column-inner\"><div class=\"wpb_wrapper\">\n\t<div class=\"wpb_text_column wpb_content_element\" >\n\t\t<div class=\"wpb_wrapper\">\n\t\t\t<h2><span style=\"color: #003366;\">2023<\/span><\/h2>\n<ul>\n<li><a href=\"https:\/\/drive.google.com\/file\/d\/1YawNSe70RG7uUIeqeKtBSfCRhlQfWxH7\/view?usp=share_link\">Janeiro<\/a><\/li>\n<li><a href=\"https:\/\/www.ipasemar.pa.gov.br\/transparencia\/wp-content\/uploads\/sites\/2\/2023\/04\/dair-02.2023.pdf\">Fevereiro<\/a><\/li>\n<li><a href=\"https:\/\/drive.google.com\/file\/d\/1qp2mMEAFlBa2PylsbvabcZmGZSbg0C5O\/view?usp=share_link\">Mar\u00e7o<\/a><\/li>\n<li><a href=\"https:\/\/drive.google.com\/file\/d\/1ZX_DnDlydmRQEZEAG6LNiOqxj3JCPLBI\/view?usp=sharing\">Abril<\/a><\/li>\n<li><a href=\"https:\/\/drive.google.com\/file\/d\/1bGL8DEpH9pcz-j_poTlTAjoVxmQbzYRz\/view?usp=sharing\">Maio<\/a><\/li>\n<li><span style=\"color: #003366;\"><a style=\"color: #003366;\" href=\"https:\/\/drive.google.com\/file\/d\/13pYex1xTAbRLRVgj_dfV1_sBnls9x0Po\/view?usp=sharing\">Junho<\/a><\/span><\/li>\n<li><a href=\"https:\/\/drive.google.com\/file\/d\/1SijnfPRJdOmefSskW-BJeT27qogEPedL\/view?usp=sharing\">Julho<\/a><\/li>\n<li><a href=\"https:\/\/www.ipasemar.pa.gov.br\/wp-content\/uploads\/2023\/10\/dair-08.pdf\">Agosto<\/a><\/li>\n<li><a href=\"https:\/\/www.ipasemar.pa.gov.br\/transparencia\/wp-content\/uploads\/sites\/2\/2023\/11\/DAIR-09.2023-compressed.pdf\">Setembro<\/a><\/li>\n<li><a href=\"https:\/\/www.ipasemar.pa.gov.br\/transparencia\/wp-content\/uploads\/sites\/2\/2023\/12\/DAIR-10.2023.pdf\">Outubro<\/a><\/li>\n<li><a href=\"https:\/\/drive.google.com\/file\/d\/1QqBvhpGsuqLz1VbLiLFruRhC4UZxQJNQ\/view?usp=sharing\">Novembro<\/a><\/li>\n<li><a href=\"http:\/\/www.ipasemar.pa.gov.br\/transparencia\/wp-content\/uploads\/sites\/2\/2024\/02\/DAIR-12.2023.pdf\">Dezembro<\/a><\/li>\n<\/ul>\n\n\t\t<\/div>\n\t<\/div>\n<\/div><\/div><\/div><div class=\"wpb_column vc_column_container vc_col-sm-2\"><div class=\"vc_column-inner\"><div class=\"wpb_wrapper\">\n\t<div class=\"wpb_text_column wpb_content_element\" >\n\t\t<div class=\"wpb_wrapper\">\n\t\t\t<h2><span style=\"color: #003366;\">2022<\/span><\/h2>\n<ul>\n<li><a href=\"https:\/\/drive.google.com\/file\/d\/1KsqYI4VxPwz5Hntxv19zsmipJR64KfR9\/view?usp=sharing\">Janeiro<\/a><\/li>\n<li><a href=\"https:\/\/drive.google.com\/file\/d\/1sIacN86tUk8s0x9CNKaVDXag96vsH6nh\/view?usp=sharing\"><span style=\"color: #003366;\">Fevereiro<\/span><\/a><\/li>\n<li><a href=\"https:\/\/drive.google.com\/file\/d\/1uJet1TOWNAapZgoVR8wqSau01KZJ8B6y\/view?usp=sharing\"><span style=\"color: #003366;\">Mar\u00e7o<\/span><\/a><\/li>\n<li><a href=\"https:\/\/drive.google.com\/file\/d\/1D7PWO1Kr1ANuE79EecgNnZg7gIFRSxyg\/view?usp=sharing\"><span style=\"color: #003366;\">Abril<\/span><\/a><\/li>\n<li><a href=\"https:\/\/drive.google.com\/file\/d\/1-urwrTBgCgk8BJVLlgHlM6VeRbUiQhAA\/view?usp=sharing\"><span style=\"color: #003366;\">Maio<\/span><\/a><\/li>\n<li><a href=\"https:\/\/drive.google.com\/file\/d\/11hHLp5aYUjCZKsKcOs3GbYMYNCm98wDX\/view?usp=sharing\"><span style=\"color: #003366;\">Junho<\/span><\/a><\/li>\n<li><a href=\"https:\/\/drive.google.com\/file\/d\/14xM93MQa5PbrfboT_hT-_UhPRXymDl0D\/view?usp=sharing\"><span style=\"color: #003366;\">Julho<\/span><\/a><\/li>\n<li><span style=\"color: #003366;\"><a style=\"color: #003366;\" href=\"https:\/\/drive.google.com\/file\/d\/1oi7PHpRpI5q05OrFq-Lrc_9EF1K-iM8-\/view?usp=share_link\">Agosto<\/a><\/span><\/li>\n<li><a href=\"https:\/\/drive.google.com\/file\/d\/1H_aBUDIajUPLL81zADGdW88LV5CiHCV3\/view?usp=share_link\"><span style=\"color: #003366;\">Setembro<\/span><\/a><\/li>\n<li><a href=\"https:\/\/drive.google.com\/file\/d\/1qbQQCm5RbSnJ0FbTULJEUOC6gotF3IdV\/view?usp=share_link\">Outubro<\/a><\/li>\n<li><a href=\"https:\/\/drive.google.com\/file\/d\/1ER6wjFel1Bu8AMdERgXO-R801SFLr3Hq\/view?usp=share_link\">Novembro<\/a><\/li>\n<li><span style=\"color: #003366;\"><a style=\"color: #003366;\" href=\"https:\/\/drive.google.com\/file\/d\/1JREdZFEjzBnJS_9_VuldZbw77jiVEJ6C\/view?usp=share_link\">Dezembro<\/a><\/span><\/li>\n<\/ul>\n\n\t\t<\/div>\n\t<\/div>\n<\/div><\/div><\/div><div class=\"wpb_column vc_column_container vc_col-sm-2\"><div class=\"vc_column-inner\"><div class=\"wpb_wrapper\">\n\t<div class=\"wpb_text_column wpb_content_element\" >\n\t\t<div class=\"wpb_wrapper\">\n\t\t\t<h2><span style=\"color: #003366;\">2021<\/span><\/h2>\n<ul>\n<li><a href=\"https:\/\/drive.google.com\/file\/d\/1P1_9FAIYvaTcviR-tdm-RWcTbTvAg6Ls\/view?usp=sharing\">Janeiro<\/a><\/li>\n<li><a href=\"https:\/\/drive.google.com\/file\/d\/1tSXDpNDlEmIOkcQtn3qv1JSf5vcLh13k\/view?usp=sharing\">Fevereiro<\/a><\/li>\n<li><a href=\"https:\/\/drive.google.com\/file\/d\/12ooWX_WbbXTJGQrwRJZWnXWNw7DyG315\/view?usp=sharing\">Mar\u00e7o<\/a><\/li>\n<li><a href=\"https:\/\/drive.google.com\/file\/d\/15o3Hw410PK24YdFO_9FV3vUbDKbaR0GU\/view?usp=sharing\">Abril<\/a><\/li>\n<li><a href=\"https:\/\/drive.google.com\/file\/d\/1F36-Vp5M1w4KwWdh3kJkvGP8u1lJXR6f\/view?usp=sharing\">Maio<\/a><\/li>\n<li><a href=\"https:\/\/drive.google.com\/file\/d\/1ykkVeAJy1DC3Ejzv6gc2ZUTIjO_4QeTD\/view?usp=sharing\">Junho<\/a><\/li>\n<li><a href=\"https:\/\/drive.google.com\/file\/d\/1zz3OUBG2YAm7suOxHLbXyI40yoCPYwa5\/view?usp=sharing\">Julho<\/a><\/li>\n<li><a href=\"https:\/\/drive.google.com\/file\/d\/12vSSD8u2a325zHg7Rt1gDx6BB8YhT-8q\/view?usp=sharing\">Agosto<\/a><\/li>\n<li><a href=\"https:\/\/drive.google.com\/file\/d\/1IaR1_g5QmnNwgF49pTLfYBOJNrxsryp9\/view?usp=sharing\">Setembro<\/a><\/li>\n<li><a href=\"https:\/\/drive.google.com\/file\/d\/1gSFz4BRg7o7RXFaCpe954vATkRkiw8ON\/view?usp=sharing\">Outubro<\/a><\/li>\n<li><a href=\"https:\/\/drive.google.com\/file\/d\/13i7JvYhi73mZRVJRP8b6uwZXwGe3z8ob\/view?usp=sharing\">Novembro<\/a><\/li>\n<li><a href=\"https:\/\/drive.google.com\/file\/d\/1PmakGPaFQlvemjeDoC_PHGoMzPXJuWgu\/view?usp=sharing\">Dezembro<\/a><\/li>\n<\/ul>\n\n\t\t<\/div>\n\t<\/div>\n<\/div><\/div><\/div><\/div>\n<\/div>","protected":false},"excerpt":{"rendered":"2026 Janeiro * Prazo pra envio do DAIR de FEVREIRO DE 2026 \u00e9 at\u00e9 o dia 31\/03\/2026 2025 Janeiro Fevereiro Mar\u00e7o Abril Maio Junho Julho Agosto Setembro Outubro Novembro Dezembro * Prazo pra envio do DAIR de JANEIRO DE 2026 \u00e9 at\u00e9 o dia 28\/02\/2026 2024 Janeiro Fevereiro Mar\u00e7o Abril Maio Junho Julho Agosto Setembro [...]","protected":false},"author":3,"featured_media":0,"parent":0,"menu_order":0,"comment_status":"closed","ping_status":"closed","template":"","meta":{"footnotes":""},"class_list":["post-616","page","type-page","status-publish","hentry"],"_links":{"self":[{"href":"https:\/\/www.ipasemar.pa.gov.br\/transparencia\/wp-json\/wp\/v2\/pages\/616","targetHints":{"allow":["GET"]}}],"collection":[{"href":"https:\/\/www.ipasemar.pa.gov.br\/transparencia\/wp-json\/wp\/v2\/pages"}],"about":[{"href":"https:\/\/www.ipasemar.pa.gov.br\/transparencia\/wp-json\/wp\/v2\/types\/page"}],"author":[{"embeddable":true,"href":"https:\/\/www.ipasemar.pa.gov.br\/transparencia\/wp-json\/wp\/v2\/users\/3"}],"replies":[{"embeddable":true,"href":"https:\/\/www.ipasemar.pa.gov.br\/transparencia\/wp-json\/wp\/v2\/comments?post=616"}],"version-history":[{"count":64,"href":"https:\/\/www.ipasemar.pa.gov.br\/transparencia\/wp-json\/wp\/v2\/pages\/616\/revisions"}],"predecessor-version":[{"id":4135,"href":"https:\/\/www.ipasemar.pa.gov.br\/transparencia\/wp-json\/wp\/v2\/pages\/616\/revisions\/4135"}],"wp:attachment":[{"href":"https:\/\/www.ipasemar.pa.gov.br\/transparencia\/wp-json\/wp\/v2\/media?parent=616"}],"curies":[{"name":"wp","href":"https:\/\/api.w.org\/{rel}","templated":true}]}}