{"id":631,"date":"2022-04-18T16:40:33","date_gmt":"2022-04-18T19:40:33","guid":{"rendered":"https:\/\/www.ipasemar.pa.gov.br\/transparencia\/?page_id=631"},"modified":"2026-01-09T16:08:01","modified_gmt":"2026-01-09T19:08:01","slug":"leis-do-rpps","status":"publish","type":"page","link":"https:\/\/www.ipasemar.pa.gov.br\/transparencia\/leis-do-rpps\/","title":{"rendered":"LEIS DO RPPS"},"content":{"rendered":"<div class=\"wpb-content-wrapper\"><div class=\"vc_row wpb_row vc_row-fluid\"><div class=\"wpb_column vc_column_container vc_col-sm-12\"><div class=\"vc_column-inner\"><div class=\"wpb_wrapper\">\n\t<div class=\"wpb_text_column wpb_content_element\" >\n\t\t<div class=\"wpb_wrapper\">\n\t\t\t<h6><a href=\"https:\/\/drive.google.com\/file\/d\/1JY476NMR_0xuIw_Lbh0T27VezhafHBsa\/view?usp=sharing\"><strong><span style=\"color: #003366;\">LEI 18.568, DE 09 DE DEZEMBRO DE 2025<\/span><\/strong><\/a><\/h6>\n<p style=\"padding-left: 40px;\"><a href=\"https:\/\/drive.google.com\/file\/d\/1JY476NMR_0xuIw_Lbh0T27VezhafHBsa\/view?usp=sharing\"><span style=\"color: #003366;\">Altera a Lei Municipal n\u00ba 18.465 de 28 maio de 2025 que disp\u00f5e sobre concess\u00e3o de reajuste salarial aos servidores p\u00fablicos municipais da Administra\u00e7\u00e3o Direta, Indireta e fundacional do poder executivo do munic\u00edpio de Marab\u00e1.<\/span><\/a><\/p>\n<h6><a href=\"http:\/\/www.ipasemar.pa.gov.br\/transparencia\/wp-content\/uploads\/sites\/2\/2025\/08\/Lei_no_18.465__de_2025.pdf\"><strong><span style=\"color: #003366;\">LEI N\u00ba 18.465, DE 28 DE MAIO DE 2025<\/span><\/strong><\/a><\/h6>\n<p style=\"padding-left: 40px;\"><span style=\"color: #003366;\"><em>Concede reajuste salarial aos servidores p\u00fablicos municipais da Administra\u00e7\u00e3o Direta, Indireta e Fundacional do Poder Executivo do Munic\u00edpio de Marab\u00e1.<\/em><\/span><\/p>\n<h6><a href=\"http:\/\/www.ipasemar.pa.gov.br\/transparencia\/wp-content\/uploads\/sites\/2\/2024\/11\/LEI-IPASEMAR.pdf\"><strong><span class=\"fontstyle0\" style=\"color: #003366;\">LEI COMPLEMENTAR N\u00ba 21, DE 13 DE NOVEMBRO DE 2024 <\/span><\/strong><\/a><\/h6>\n<p style=\"padding-left: 40px;\"><a href=\"http:\/\/www.ipasemar.pa.gov.br\/transparencia\/wp-content\/uploads\/sites\/2\/2024\/11\/LEI-IPASEMAR.pdf\"><em><span class=\"fontstyle0\" style=\"color: #003366;\"> Altera a Lei Complementar n\u00b0 17, de 4 de janeiro de 2023, que consolida a legisla\u00e7\u00e3o do Regime Pr\u00f3prio de Previd\u00eancia Social (RPPS) do Munic\u00edpio de Marab\u00e1 para dispor sobre o Plano de Amortiza\u00e7\u00e3o para equacionamento do d\u00e9ficit atuarial do RPPS.<\/span><\/em><\/a><\/p>\n<h6><strong><span style=\"color: #003366;\"><a style=\"color: #003366;\" href=\"http:\/\/www.ipasemar.pa.gov.br\/transparencia\/wp-content\/uploads\/sites\/2\/2025\/01\/LEI-N-18.357-4-DE-JULHO-DE-2024001-compressed.pdf\">LEI N\u00ba 18.357, DE 4 DE JULHO DE 2024.<\/a><\/span><\/strong><\/h6>\n<p style=\"padding-left: 40px;\"><span style=\"color: #003366;\"><a style=\"color: #003366;\" href=\"http:\/\/www.ipasemar.pa.gov.br\/transparencia\/wp-content\/uploads\/sites\/2\/2025\/01\/LEI-N-18.357-4-DE-JULHO-DE-2024001-compressed.pdf\"><em>Fixa o subs\u00eddio mensal do Prefeito Municipal, do Vice-Prefeito Municipal, dos Secret\u00e1rios Municipais e dos Secret\u00e1rios Adjuntos Municipais para o quadri\u00eanio 2025\/2028, a iniciar-se em 1\u00ba de janeiro de 2025.<\/em> <\/a><\/span><\/p>\n<h6><a href=\"http:\/\/www.ipasemar.pa.gov.br\/transparencia\/wp-content\/uploads\/sites\/2\/2025\/04\/Lei.pdf\"><span style=\"color: #003366;\"><strong>LEI N\u00ba 18.353, DE 28 DE JUNHO DE 2024<\/strong><\/span><\/a><\/h6>\n<p style=\"padding-left: 40px;\"><a href=\"http:\/\/www.ipasemar.pa.gov.br\/transparencia\/wp-content\/uploads\/sites\/2\/2025\/04\/Lei.pdf\"><span style=\"color: #003366;\"><em>Disp\u00f5e sobre a preven\u00e7\u00e3o e o combate ao ass\u00e9dio no \u00e2mbito da Administra\u00e7\u00e3o P\u00fablica<\/em><\/span><\/a><\/p>\n<h6><span style=\"color: #003366;\"><a style=\"color: #003366;\" href=\"https:\/\/drive.google.com\/file\/d\/1fx20oIJREUUsl1DmJRsgi3DdlipQ_K9I\/view?usp=sharing\"><strong>LEI COMPLEMENTAR N\u00ba 20, DE 04 DE JANEIRO DE 2024<\/strong><\/a><\/span><\/h6>\n<p style=\"padding-left: 40px;\"><span style=\"color: #003366;\"><a style=\"color: #003366;\" href=\"https:\/\/drive.google.com\/file\/d\/1fx20oIJREUUsl1DmJRsgi3DdlipQ_K9I\/view?usp=sharing\"><em>ALTERA A LEI COMPLEMENTAR N\u00ba 17, DE 04 DE JANEIRO DE 2023 QUE CONSOLIDOU A LEGISLA\u00c7\u00c3O DO REGIME PR\u00d3PRIO DE PREVID\u00caNCIA SOCIAL (RPPS) DE MARAB\u00c1<\/em><\/a><\/span><\/p>\n<h6><span style=\"color: #003366;\"><a style=\"color: #003366;\" href=\"https:\/\/www.ipasemar.pa.gov.br\/transparencia\/wp-content\/uploads\/sites\/2\/2023\/10\/lei-complementar-18-compactado.pdf\"><strong>LEI COMPLEMENTAR\u00a0 N\u00ba 18\u00a0 DE 20 DE SETEMBRO DE 2023<\/strong><\/a><\/span><\/h6>\n<p style=\"padding-left: 40px;\"><span style=\"color: #003366;\"><a style=\"color: #003366;\" href=\"https:\/\/www.ipasemar.pa.gov.br\/transparencia\/wp-content\/uploads\/sites\/2\/2023\/10\/lei-complementar-18-compactado.pdf\"><em>Altera a Lei complementar n\u00b0 17, de 4 de janeiro de 2023, que consolida a legisla\u00e7\u00e3o do Regime Pr\u00f3prio de Previd\u00eancia Social &#8211; RPPS do Munic\u00edpio de Marab\u00e1<\/em><\/a><\/span><\/p>\n<h6><a href=\"http:\/\/www.ipasemar.pa.gov.br\/transparencia\/wp-content\/uploads\/sites\/2\/2025\/02\/LEI-COMPLEMENTAR-17-DE-4-DE-JANEIRO-DE-2023-merged.pdf\"><span style=\"color: #003366;\"><strong>LEI COMPLEMENTAR N\u00ba 17 DE 04 DE JANEIRO DE 2023<\/strong><\/span><\/a><\/h6>\n<p style=\"padding-left: 40px;\"><span style=\"color: #003366;\"><em><a href=\"http:\/\/www.ipasemar.pa.gov.br\/transparencia\/wp-content\/uploads\/sites\/2\/2025\/02\/LEI-COMPLEMENTAR-17-DE-4-DE-JANEIRO-DE-2023-merged.pdf\">Consolida e legisla\u00e7\u00e3o do Regime Pr\u00f3prio de Previd\u00eancia Social &#8211; RPPS do Munic\u00edpio de Marab\u00e1 no estado do Par\u00e1, adequando-se \u00e0 Emenda Constitucional n\u00ba 103, de 12 de novembro de 2019.<\/a>\u00a0 <\/em><\/span><\/p>\n<h6><span style=\"color: #003366;\"><a style=\"color: #003366;\" href=\"https:\/\/www.ipasemar.pa.gov.br\/transparencia\/wp-content\/uploads\/sites\/2\/2022\/05\/Lei-Complementar-no-14-2022.pdf\"><strong>LEI COMPLEMENTAR 14 DE 29 DE MAR\u00c7O DE 2022<\/strong><\/a><\/span><\/h6>\n<p style=\"padding-left: 40px;\"><span style=\"color: #003366;\"><em>Institui o Regime de Previd\u00eancia Complementar no \u00e2mbito do Munic\u00edpio de Marab\u00e1, Estado do Par\u00e1, fixa o limite m\u00e1ximo para a concess\u00e3o de aposentadorias e pens\u00f5es pelo Regime Pr\u00f3prio de Previd\u00eancia Social de que trata o art. 40 da Constitui\u00e7\u00e3o Federal, e d\u00e1 outras provid\u00eancias.<\/em><\/span><\/p>\n<h6><span style=\"color: #003366;\"><a style=\"color: #003366;\" href=\"https:\/\/www.ipasemar.pa.gov.br\/transparencia\/wp-content\/uploads\/sites\/2\/2022\/05\/LEI-18-013.pdf\"><strong>Lei 18.013 de 29\/12\/2020<\/strong><\/a><\/span><\/h6>\n<p style=\"padding-left: 40px;\"><span style=\"color: #003366;\"><em>Disp\u00f5e sobre a redefini\u00e7\u00e3o de al\u00edquotas de contribui\u00e7\u00f5es previdenci\u00e1rias destinadas ao regime pr\u00f3prio de previd\u00eancia social do munic\u00edpio de Marab\u00e1<\/em><\/span><\/p>\n<h6><span style=\"color: #003366;\"><a style=\"color: #003366;\" href=\"https:\/\/www.ipasemar.pa.gov.br\/transparencia\/wp-content\/uploads\/sites\/2\/2022\/05\/Lei-n\u00b0-18.012-2020.pdf\"><strong>Lei n\u00ba 18.012 de 29 de Dezembro de 2020<\/strong><\/a><\/span><\/h6>\n<p style=\"padding-left: 40px;\"><span style=\"color: #003366;\"><em>Estabelece \u00edndice de reajuste do benef\u00edcio vale alimenta\u00e7\u00e3o aos servidores municipais, e revoga a Lei municipal n\u00ba 17.668, de 31 de Mar\u00e7o de 2015<\/em><\/span><\/p>\n<h6><span style=\"color: #003366;\"><a style=\"color: #003366;\" href=\"https:\/\/drive.google.com\/file\/d\/1g2TzC2tgh2L6GfrUrfqYPYh1xbRVRsHN\/view?usp=sharing\"><strong>LEI 18.013 DE 29 DE DEZEMBRO DE 2019<\/strong><\/a><\/span><\/h6>\n<p style=\"padding-left: 40px;\"><span style=\"color: #003366;\"><em>Disp\u00f5e sobre a redefini\u00e7\u00e3o de al\u00edquotas de contribui\u00e7\u00f5es previdenci\u00e1rias destinadas ao regime pr\u00f3prio de previd\u00eancia social do munic\u00edpio de Mara<\/em>b\u00e1<\/span><\/p>\n<h6><span style=\"color: #003366;\"><a style=\"color: #003366;\" href=\"https:\/\/drive.google.com\/file\/d\/1L_eiVC8u3au9NST2tuZVoO-UBJrfRXCC\/view?usp=sharing\"><strong>LEI ORG\u00c2NICA DO MUNIC\u00cdPIO DE MARAB\u00c1<\/strong><\/a><\/span><\/h6>\n<p style=\"padding-left: 40px;\"><span style=\"color: #003366;\"><em>Texto consolidado com as modifica\u00e7\u00f5es introduzidas pela Emenda \u00e0 Lei Org\u00e2nica n.\u00ba 52, de 27 de Novembro de 2018 \u2013 Emenda de Revis\u00e3o<\/em><\/span><\/p>\n<h6><span style=\"color: #003366;\"><a style=\"color: #003366;\" href=\"https:\/\/drive.google.com\/file\/d\/12hzG_2pKLcoSHVXsi6Zuiss69oE_qkgZ\/view?usp=sharing\"><strong>Lei 17.808 de 14 de Novembro de 2017<\/strong><\/a><\/span><\/h6>\n<p style=\"padding-left: 40px;\"><span style=\"color: #003366;\"><em>Disp\u00f5e sobre o acesso a informa\u00e7\u00e3o previsto no inciso XXXIII so art. 5\u00ba, no inciso II do par\u00e1grafo 3\u00ba do art. 37 e no par\u00e1grafo 2\u00ba do art. 216 da Constitui\u00e7\u00e3o Federal.<\/em><\/span><\/p>\n<h6><span style=\"color: #003366;\"><a style=\"color: #003366;\" href=\"https:\/\/drive.google.com\/file\/d\/1eGOLUIZ6VUFtstEvtUNCOIOSRAAGL_IT\/view?usp=sharing\"><strong>LEI N\u00ba 17.756, DE 20 DE DEZEMBRO DE 2016<\/strong><\/a><\/span><\/h6>\n<p style=\"padding-left: 40px;\"><span style=\"color: #003366;\"><em>Legisla\u00e7\u00e3o Previdenci\u00e1ria e as normas que regulam o instituto de previd\u00eancia social dos servidores p\u00fablicos do munic\u00edpio de marab\u00e1 com tabela remunerat\u00f3ria dos cargos e fun\u00e7\u00f5es<\/em><\/span><\/p>\n<h6><span style=\"color: #003366;\"><a style=\"color: #003366;\" href=\"https:\/\/drive.google.com\/file\/d\/1nTA91V4bVEtaQoS7E57Ld9AmsuhfCg-F\/view?usp=sharing\"><strong>Lei n\u00ba 17371-A de 23 de Outubro de 2009<\/strong><\/a><\/span><\/h6>\n<p style=\"padding-left: 40px;\"><span style=\"color: #003366;\"><em>Altera a Lei Municipal n\u00ba 13.907\/96, e d\u00e1 outras provid\u00eancias.<\/em><\/span><\/p>\n<h6><span style=\"color: #003366;\"><a style=\"color: #003366;\" href=\"https:\/\/drive.google.com\/file\/d\/1EGcpfONjf3z52-4aJc1_GgbtB_-Obji6\/view?usp=sharing\"><strong>Lei n\u00ba 17.800, de 30 de Outubro de 2017<\/strong><\/a><\/span><\/h6>\n<p style=\"padding-left: 40px;\"><span style=\"color: #003366;\"><em>Disp\u00f5e sobre altera\u00e7\u00e3o dos artigos 77,94,119 e 121 da lei Municipal n\u00ba 17.331<\/em><\/span><\/p>\n<h6><span style=\"color: #003366;\"><a style=\"color: #003366;\" href=\"https:\/\/drive.google.com\/file\/d\/1_YxLX40NNMDPOSY4zROgYmEvGUzZ9M2C\/view?usp=sharing\"><strong>Lei n\u00ba 17.733, de 30 de Junho de 2016<\/strong><\/a><\/span><\/h6>\n<p style=\"padding-left: 40px;\"><span style=\"color: #003366;\"><em>Altera os artigos 59 e 71 da lei Municipal n\u00ba 17.552\/2012 para adequa\u00e7\u00e3o a portaria n\u00ba 402.<\/em><\/span><\/p>\n<h6><span style=\"color: #003366;\"><a style=\"color: #003366;\" href=\"https:\/\/drive.google.com\/file\/d\/15FG7e2P09SJwudCB6G4XfjutGIvZ6r1W\/view?usp=sharing\"><strong>Lei n\u00ba 17.553, de 12 de Dezembro de 2012<\/strong><\/a><\/span><\/h6>\n<p style=\"padding-left: 40px;\"><span style=\"color: #003366;\"><em>Altera dispositivos da Lei n\u00ba 17.495, de 09 de janeiro de 2012 e expede outras provid\u00eancias.<\/em><\/span><\/p>\n<h6><span style=\"color: #003366;\"><a style=\"color: #003366;\" href=\"https:\/\/drive.google.com\/file\/d\/1hfsl_SlLSQaeqZSNiem-MpP-I89hG4Vf\/view?usp=sharing\"><strong>Lei n\u00ba 17.552, de 12 de Dezembro de 2012<\/strong><\/a><\/span><\/h6>\n<p style=\"padding-left: 40px;\"><span style=\"color: #003366;\"><em>Consolida as altera\u00e7\u00f5es promovidas na Lei Municipal n\u00ba 13.907\/96 de Janeiro de 1996, remunera e altera a reda\u00e7\u00e3o dos seus artigos e d\u00e1 outras provid\u00ean<\/em>cias.<\/span><\/p>\n<h6><span style=\"color: #003366;\"><a style=\"color: #003366;\" href=\"https:\/\/drive.google.com\/file\/d\/1Z4HGWBgnNLn4RJ3Kvs69pvoPn343uu58\/view?usp=sharing\"><strong>Lei n\u00ba 17.495 de Janeiro de 2012<\/strong><\/a><\/span><\/h6>\n<p style=\"padding-left: 40px;\"><span style=\"color: #003366;\"><em>Disp\u00f5e sobre a estrutura administrativa do Ipasemar, define Planos de Cargos, Carreiras e Vencimentos dos Servidores e expede outras provid\u00eancias.<\/em><\/span><\/p>\n<h6><span style=\"color: #003366;\"><a style=\"color: #003366;\" href=\"https:\/\/drive.google.com\/file\/d\/1dVpHF_uCopl-eAoA01M7DZWJXBK0AXuH\/view?usp=sharing\"><strong>Lei n\u00ba 17.494 de 09 de Janeiro de 2012<\/strong><\/a><\/span><\/h6>\n<p style=\"padding-left: 40px;\"><span style=\"color: #003366;\"><em>Altera dispositivos da Lei n\u00ba 13.907 de 31 de Janeiro de 1996 e expede outras provid\u00eancias.<\/em><\/span><\/p>\n<h6><span style=\"color: #003366;\"><a style=\"color: #003366;\" href=\"https:\/\/drive.google.com\/file\/d\/1P7cTHoasszIAh0AcguUoGatm7QdR8M2n\/view?usp=sharing\"><strong>Lei n\u00ba 17.493 de janeiro de 2012<\/strong><\/a><\/span><\/h6>\n<p style=\"padding-left: 40px;\"><span style=\"color: #003366;\"><em>Autoriza ao Poder Executivo a Doa\u00e7\u00e3o de bem Im\u00f3vel Urbano ao Ipasemar<\/em><\/span><\/p>\n<h6><span style=\"color: #003366;\"><a style=\"color: #003366;\" href=\"https:\/\/drive.google.com\/file\/d\/1G-Mud-_TzRVwb51Ap7n7HJV3TNxtoJW4\/view?usp=sharing\"><strong>Lei n\u00ba 17.370, de 10 de Setembro de 2009<\/strong><\/a><\/span><\/h6>\n<p style=\"padding-left: 40px;\"><span style=\"color: #003366;\"><em>Altera a Lei Municipal n\u00ba 13.907\/96 e d\u00e1 outras provid\u00eancias.<\/em><\/span><\/p>\n<h6><span style=\"color: #003366;\"><strong><a style=\"color: #003366;\" href=\"https:\/\/www.ipasemar.pa.gov.br\/transparencia\/wp-content\/uploads\/sites\/2\/2023\/07\/17391-2009-Cria-e-regulamenta-a-ouvidoria-publica-no-ambito-do-municipio-de-Maraba.pdf\">lei n\u00b0 17.391 de 30 de Novembro de 2009<\/a><\/strong><\/span><\/h6>\n<p style=\"padding-left: 40px;\"><span style=\"color: #003366;\"><em><a style=\"color: #003366;\" href=\"https:\/\/www.ipasemar.pa.gov.br\/transparencia\/wp-content\/uploads\/sites\/2\/2023\/07\/17391-2009-Cria-e-regulamenta-a-ouvidoria-publica-no-ambito-do-municipio-de-Maraba.pdf\">Cria e regulamenta a Ouvidoria p\u00fablica municipal de Marab\u00e1 e d\u00e1 outras provid\u00eancias.<\/a><\/em><\/span><\/p>\n<h6><span style=\"color: #003366;\"><a style=\"color: #003366;\" href=\"https:\/\/drive.google.com\/file\/d\/10EoUr5mqW38dVZe5QZMoLl4MQGwtwMbC\/view?usp=sharing\"><strong>Lei Municipal n\u00ba 17.265, de 03 de Janeiro de 2008<\/strong><\/a><\/span><\/h6>\n<p style=\"padding-left: 40px;\"><span style=\"color: #003366;\"><em>Altera a Lei MUnicipal n\u00ba 13.907 de 31\/01\/1996<\/em><\/span><\/p>\n<h6><span style=\"color: #003366;\"><a style=\"color: #003366;\" href=\"https:\/\/drive.google.com\/file\/d\/1OYSXqS2He1ZvX-A8j9i2cjubr5eXGgN4\/view?usp=sharing\"><strong>LEI N\u00ba. 17.331, DE 30 DE DEZEMBRO DE 2008<\/strong><\/a><\/span><\/h6>\n<p style=\"padding-left: 40px;\"><span style=\"color: #003366;\"><em>Da nova reda\u00e7\u00e3o e altera o Regime Jur\u00eddico \u00danico dos Servidores P\u00fablicos Civis da Administra\u00e7\u00e3o direta, das Autarquias e Funda\u00e7\u00f5es P\u00fablicas do Munic\u00edpio de Marab\u00e1, Estado do Par\u00e1.<\/em><\/span><\/p>\n<h6><span style=\"color: #003366;\"><a style=\"color: #003366;\" href=\"https:\/\/drive.google.com\/file\/d\/1F2MfICSLYr7KMNXaOaRnHvLmJhmqCbyo\/view?usp=sharing\"><strong>Lei n\u00ba 17.170, de 01 de setembro de 2005<\/strong><\/a><\/span><\/h6>\n<p style=\"padding-left: 40px;\"><span style=\"color: #003366;\"><em>Altera, cria e revoga dispositivos da Lei Municipal n\u00ba 13.907\/96 e d\u00e1 outras provid\u00eancias.<\/em><\/span><\/p>\n<h6><span style=\"color: #003366;\"><a style=\"color: #003366;\" href=\"https:\/\/drive.google.com\/file\/d\/1FxYpskFT0CgSOtyVmOFgptChl5tNOf4b\/view?usp=sharing\"><strong>Lei n\u00ba 17.160, de 27 de abril de 2005<\/strong><\/a><\/span><\/h6>\n<p style=\"padding-left: 40px;\"><span style=\"color: #003366;\"><em>Disp\u00f5e sobre altera\u00e7\u00f5es da Lei municipal n\u00ba 13.907\/96<\/em><\/span><\/p>\n<h6><span style=\"color: #003366;\"><a style=\"color: #003366;\" href=\"https:\/\/drive.google.com\/file\/d\/17zTDpEOjIuI4KN_zq3iOxF8KodazC5vw\/view?usp=sharing\"><strong>Lei n\u00ba 16.805, de 05 de outubro de 2001<\/strong><\/a><\/span><\/h6>\n<p style=\"padding-left: 40px;\"><span style=\"color: #003366;\">D<em>isp\u00f5e sobre altera\u00e7\u00f5es na Lei n\u00ba 13.907\/96 que criou o Ipasemar e d\u00e1 outras provid\u00eancias<\/em><\/span><\/p>\n<h6><span style=\"color: #003366;\"><a style=\"color: #003366;\" href=\"https:\/\/drive.google.com\/file\/d\/1S2At4mXQvuw35Vg4rspguHP4B-N2V8eV\/view?usp=sharing\"><strong>Lei n\u00ba 16.196 de 31 de Dezembro de 1999<\/strong><\/a><\/span><\/h6>\n<p style=\"padding-left: 40px;\"><span style=\"color: #003366;\"><em>Disp\u00f5e sobre altera\u00e7\u00f5es na Lei n\u00ba 13.907\/96 que criou o Ipasemar e d\u00e1 outras provid\u00eancias.<\/em><\/span><\/p>\n<h6><span style=\"color: #003366;\"><a style=\"color: #003366;\" href=\"https:\/\/drive.google.com\/file\/d\/1Uat1_EvJ0ikJUDzb-bm6-GtY8rSsO9CM\/view?usp=sharing\"><strong>Lei Municipal n\u00ba 13.907\/96<\/strong><\/a><\/span><\/h6>\n<p style=\"padding-left: 40px;\"><span style=\"color: #003366;\"><em>Lei de cria\u00e7\u00e3o do Ipasemar<\/em><\/span><\/p>\n\n\t\t<\/div>\n\t<\/div>\n<\/div><\/div><\/div><\/div>\n<\/div>","protected":false},"excerpt":{"rendered":"LEI 18.568, DE 09 DE DEZEMBRO DE 2025 Altera a Lei Municipal n\u00ba 18.465 de 28 maio de 2025 que disp\u00f5e sobre concess\u00e3o de reajuste salarial aos servidores p\u00fablicos municipais da Administra\u00e7\u00e3o Direta, Indireta e fundacional do poder executivo do munic\u00edpio de Marab\u00e1. LEI N\u00ba 18.465, DE 28 DE MAIO DE 2025 Concede reajuste salarial [...]","protected":false},"author":3,"featured_media":0,"parent":0,"menu_order":0,"comment_status":"closed","ping_status":"closed","template":"","meta":{"footnotes":""},"class_list":["post-631","page","type-page","status-publish","hentry"],"_links":{"self":[{"href":"https:\/\/www.ipasemar.pa.gov.br\/transparencia\/wp-json\/wp\/v2\/pages\/631","targetHints":{"allow":["GET"]}}],"collection":[{"href":"https:\/\/www.ipasemar.pa.gov.br\/transparencia\/wp-json\/wp\/v2\/pages"}],"about":[{"href":"https:\/\/www.ipasemar.pa.gov.br\/transparencia\/wp-json\/wp\/v2\/types\/page"}],"author":[{"embeddable":true,"href":"https:\/\/www.ipasemar.pa.gov.br\/transparencia\/wp-json\/wp\/v2\/users\/3"}],"replies":[{"embeddable":true,"href":"https:\/\/www.ipasemar.pa.gov.br\/transparencia\/wp-json\/wp\/v2\/comments?post=631"}],"version-history":[{"count":53,"href":"https:\/\/www.ipasemar.pa.gov.br\/transparencia\/wp-json\/wp\/v2\/pages\/631\/revisions"}],"predecessor-version":[{"id":3901,"href":"https:\/\/www.ipasemar.pa.gov.br\/transparencia\/wp-json\/wp\/v2\/pages\/631\/revisions\/3901"}],"wp:attachment":[{"href":"https:\/\/www.ipasemar.pa.gov.br\/transparencia\/wp-json\/wp\/v2\/media?parent=631"}],"curies":[{"name":"wp","href":"https:\/\/api.w.org\/{rel}","templated":true}]}}