{"id":742,"date":"2022-04-20T09:32:39","date_gmt":"2022-04-20T12:32:39","guid":{"rendered":"https:\/\/www.ipasemar.pa.gov.br\/transparencia\/?page_id=742"},"modified":"2025-11-03T09:25:30","modified_gmt":"2025-11-03T12:25:30","slug":"resolucoes","status":"publish","type":"page","link":"https:\/\/www.ipasemar.pa.gov.br\/transparencia\/resolucoes\/","title":{"rendered":"Resolu\u00e7\u00f5es"},"content":{"rendered":"<div class=\"wpb-content-wrapper\"><div class=\"vc_row wpb_row vc_row-fluid\"><div class=\"wpb_column vc_column_container vc_col-sm-12\"><div class=\"vc_column-inner\"><div class=\"wpb_wrapper\"><div class=\"vc_btn3-container vc_btn3-inline vc_do_btn\" ><a style=\"background-color:#002c5b; color:#fcfcfc;\" class=\"vc_general vc_btn3 vc_btn3-size-md vc_btn3-shape-rounded vc_btn3-style-custom\" href=\"https:\/\/www.ipasemar.pa.gov.br\/transparencia\/resolucoes-anteriores-a-2020\/\" title=\"\" target=\"_blank\">RESOLU\u00c7\u00d5ES ANTERIOR \u00c0 2020<\/a><\/div><div class=\"vc_empty_space\"   style=\"height: 32px\"><span class=\"vc_empty_space_inner\"><\/span><\/div><div class=\"vc_btn3-container vc_btn3-inline vc_do_btn\" ><a style=\"background-color:#002c5b; color:#fcfcfc;\" class=\"vc_general vc_btn3 vc_btn3-size-md vc_btn3-shape-rounded vc_btn3-style-custom\" href=\"https:\/\/www.ipasemar.pa.gov.br\/resolucoes-de-2020-a-2023\/\" title=\"\" target=\"_blank\">RESOLU\u00c7\u00d5ES DOS ANOS 2020 \u00c0 2023<\/a><\/div>\n\t<div class=\"wpb_text_column wpb_content_element\" >\n\t\t<div class=\"wpb_wrapper\">\n\t\t\t<h5 style=\"text-align: center;\"><strong><span style=\"color: #003366;\">2025<\/span><\/strong><\/h5>\n<p><span style=\"color: #003366;\"><a style=\"color: #003366;\" href=\"https:\/\/drive.google.com\/file\/d\/1083QWgwR0mV3K0zHkSx3ic6F1E53Z6Y5\/view?usp=sharing\"><strong>RESOLU\u00c7\u00c3O N\u00ba 001\/2025<\/strong><\/a><\/span><\/p>\n<p style=\"padding-left: 40px;\"><span style=\"color: #003366;\"><a style=\"color: #003366;\" href=\"https:\/\/drive.google.com\/file\/d\/1083QWgwR0mV3K0zHkSx3ic6F1E53Z6Y5\/view?usp=sharing\"><em>ESTABELECE O CALEND\u00c1RIO DE REUNI\u00d5ES ORDIN\u00c1RIAS.<\/em><\/a><\/span><\/p>\n<p><span style=\"color: #003366;\"><a style=\"color: #003366;\" href=\"https:\/\/drive.google.com\/file\/d\/1JC-_5GRYX35bWNjWvlZq0w4cK7mpVuNd\/view?usp=sharing\"><strong>RESOLU\u00c7\u00c3O N\u00ba 002\/2025<\/strong><\/a><\/span><\/p>\n<p style=\"padding-left: 40px;\"><a href=\"https:\/\/drive.google.com\/file\/d\/1JC-_5GRYX35bWNjWvlZq0w4cK7mpVuNd\/view?usp=sharing\"><em> <span class=\"fontstyle0\"><span style=\"color: #003366;\">APROVA A REVIS\u00c3O DA POL\u00cdTICA DE SEGURAN\u00c7A DA INFORMA\u00c7\u00c3O NO \u00c2MBITO DO INSTITUTO DE PREVID\u00caNCIA SOCIAL DOS SERVIDORES P\u00daBLICOS DO MUNIC\u00cdPIO DE MARAB\u00c1 &#8211; IPASEMAR.<\/span><\/span><\/em><\/a><\/p>\n<p><span style=\"color: #003366;\"><a style=\"color: #003366;\" href=\"http:\/\/www.ipasemar.pa.gov.br\/transparencia\/wp-content\/uploads\/sites\/2\/2025\/02\/SEI_0419523_Resolucao_11.pdf\"><strong>RESOLU\u00c7\u00c3O N\u00ba 003\/2025<\/strong><\/a><\/span><\/p>\n<p style=\"padding-left: 40px;\"><span style=\"color: #003366;\"><a style=\"color: #003366;\" href=\"http:\/\/www.ipasemar.pa.gov.br\/transparencia\/wp-content\/uploads\/sites\/2\/2025\/02\/SEI_0419523_Resolucao_11.pdf\"><em>APROVA AS CONTAS RELATIVAS AO 3\u00ba QUADRIMESTRE DE EXERC\u00cdCIO DE 2024.<\/em><\/a><\/span><\/p>\n<p><a href=\"http:\/\/www.ipasemar.pa.gov.br\/transparencia\/wp-content\/uploads\/sites\/2\/2025\/02\/SEI_0420490_Resolucao_12.pdf\"><span style=\"color: #003366;\"><strong>RESOLU\u00c7\u00c3O N\u00ba 004\/2025<\/strong><\/span><\/a><\/p>\n<p style=\"padding-left: 40px;\"><a href=\"http:\/\/www.ipasemar.pa.gov.br\/transparencia\/wp-content\/uploads\/sites\/2\/2025\/02\/SEI_0420490_Resolucao_12.pdf\"><span style=\"color: #003366;\"><em>ADEQUA\u00c7\u00c3O DO REGIME INTERNO DO COMIT\u00ca DE INVESTIMENTOS DO IPASEMAR.<\/em><\/span><\/a><\/p>\n<p><span style=\"color: #003366;\"><strong><a style=\"color: #003366;\" href=\"http:\/\/www.ipasemar.pa.gov.br\/transparencia\/wp-content\/uploads\/sites\/2\/2025\/06\/SEI_0736740_Resolucao_14-1.pdf\">RESOLU\u00c7\u00c3O N\u00ba 005\/2025<\/a><\/strong><\/span><\/p>\n<p style=\"padding-left: 40px;\"><span style=\"color: #003366;\"><em> <span class=\"fontstyle0\">Aprovar as contas relativas ao 1\u00ba quadrimestre do exerc\u00edcio de 2025, com base nas informa\u00e7\u00f5es prestadas pela Diretora-Presidente do IPASEMAR, na documenta\u00e7\u00e3o apresentada, nos balancetes e seus anexos.\u00a0<\/span><\/em><\/span><\/p>\n<p><span style=\"color: #003366;\"><strong><a style=\"color: #003366;\" href=\"http:\/\/www.ipasemar.pa.gov.br\/transparencia\/wp-content\/uploads\/sites\/2\/2025\/11\/Resolucao-n.o-06-2025-CAI.pdf\">RESOLU\u00c7\u00c3O N\u00ba 006\/2025<\/a><\/strong><\/span><\/p>\n<p style=\"padding-left: 40px;\"><span style=\"color: #003366;\"><em><a style=\"color: #003366;\" href=\"http:\/\/www.ipasemar.pa.gov.br\/transparencia\/wp-content\/uploads\/sites\/2\/2025\/11\/Resolucao-n.o-06-2025-CAI.pdf\">Aprovar as contas relativas ao 2\u00ba quadrimestre do exerc\u00edcio de 2025.<\/a><\/em><\/span><\/p>\n<p>&nbsp;<\/p>\n<h5 style=\"text-align: center;\"><span style=\"color: #003366;\"><strong>2024<\/strong><\/span><\/h5>\n<p><span style=\"color: #003366;\"><a style=\"color: #003366;\" href=\"http:\/\/www.ipasemar.pa.gov.br\/transparencia\/wp-content\/uploads\/sites\/2\/2024\/01\/RESOLUCAO-001-2024-CAI1.pdf\"><strong>RESOLU\u00c7\u00c3O N\u00ba 001\/2024<\/strong><\/a><\/span><\/p>\n<p style=\"padding-left: 40px;\"><span style=\"color: #003366;\"><a style=\"color: #003366;\" href=\"http:\/\/www.ipasemar.pa.gov.br\/transparencia\/wp-content\/uploads\/sites\/2\/2024\/01\/RESOLUCAO-001-2024-CAI1.pdf\"><em>CALEND\u00c1RIO DE REUNI\u00d5ES DO CONSELHO DE ADMINISTRA\u00c7\u00c3O.<\/em><\/a><br \/>\n<\/span><\/p>\n<p><a href=\"http:\/\/www.ipasemar.pa.gov.br\/transparencia\/wp-content\/uploads\/sites\/2\/2024\/04\/RESOLUCAO-002-2024-CAI.pdf\"><strong><span style=\"color: #003366;\">RESOLU\u00c7\u00c3O N\u00ba 002\/2024<\/span><\/strong><\/a><\/p>\n<p style=\"padding-left: 40px;\"><a href=\"http:\/\/www.ipasemar.pa.gov.br\/transparencia\/wp-content\/uploads\/sites\/2\/2024\/04\/RESOLUCAO-002-2024-CAI.pdf\"><em><span style=\"color: #003366;\">REFERENTE AO PARECER EMITIDO PELO CONSELHO FISCAL DO IPASEMAR DE N\u00ba 001\/2024-CONFISC, REFERENTE AS DOCUMENTA\u00c7\u00d5ES CONT\u00c1BEIS DOS MESES DE SETEMBRO A DEZEMBRO DE 2023<\/span><\/em><\/a><\/p>\n<p><a href=\"http:\/\/www.ipasemar.pa.gov.br\/transparencia\/wp-content\/uploads\/sites\/2\/2024\/04\/RESOLUCAO-003-2024-RECADASTRAMENTO-compressed-1.pdf\"><span style=\"color: #003366;\"><strong>RESOLU\u00c7\u00c3O n\u00ba 003\/2024<\/strong><\/span><\/a><\/p>\n<p style=\"padding-left: 40px;\"><a href=\"http:\/\/www.ipasemar.pa.gov.br\/transparencia\/wp-content\/uploads\/sites\/2\/2024\/04\/RESOLUCAO-003-2024-RECADASTRAMENTO-compressed-1.pdf\"><span style=\"color: #003366;\"><em>DISP\u00d5E SOBRE OS PROCEDIMENTOS REFERENTES AO RECADASTRAMENTO DOS SERVIDORES ATIVOS, APOSENTADOS E PENSIONISTAS do Instituto de Previd\u00eancia Social dos Servidores P\u00fablicos do Munic\u00edpio de Marab\u00e1 \u2013 IPASEMAR.<\/em><\/span><\/a><\/p>\n<p><span style=\"color: #003366;\"><strong><a style=\"color: #003366;\" href=\"http:\/\/www.ipasemar.pa.gov.br\/transparencia\/wp-content\/uploads\/sites\/2\/2024\/05\/Resolucao-004-2024-CAI_compressed.pdf\">RESOLU\u00c7\u00c3O n\u00ba 004\/2024<\/a><\/strong><\/span><\/p>\n<p style=\"padding-left: 40px;\"><span style=\"color: #003366;\"><a style=\"color: #003366;\" href=\"http:\/\/www.ipasemar.pa.gov.br\/transparencia\/wp-content\/uploads\/sites\/2\/2024\/05\/Resolucao-004-2024-CAI_compressed.pdf\"><em>DISP\u00d5E SOBRE OS REQUISITOS E EXIG\u00caNCIAS APLIC\u00c1VEIS AOS MEMBROS E CANDIDATOS AOS CONSELHOS DE ADMINISTRA\u00c7\u00c3O E FISCAL DO IPASEMAR<\/em>.<\/a><\/span><\/p>\n<p><a href=\"http:\/\/www.ipasemar.pa.gov.br\/transparencia\/wp-content\/uploads\/sites\/2\/2024\/07\/Resolucao-005-2024-Aprovacao-1o-Quadrimestre-2024-compactado.pdf\"><span style=\"color: #003366;\"><strong>RESOLU\u00c7\u00c3O n\u00ba 005\/2024<\/strong><\/span><\/a><\/p>\n<p style=\"padding-left: 40px;\"><a href=\"http:\/\/www.ipasemar.pa.gov.br\/transparencia\/wp-content\/uploads\/sites\/2\/2024\/07\/Resolucao-005-2024-Aprovacao-1o-Quadrimestre-2024-compactado.pdf\"><span style=\"color: #003366;\"><em>DISP\u00d5E SOBRE A APROVA\u00c7\u00c3O DAS CONTAS RELATIVAS AO 1\u00ba QUADRIMESTRE DO EXERC\u00cdCIO DE 2024.<\/em><\/span><\/a><\/p>\n<p><a href=\"http:\/\/www.ipasemar.pa.gov.br\/transparencia\/wp-content\/uploads\/sites\/2\/2024\/11\/SEI_0159362_Resolucao_6.pdf\"><span style=\"color: #003366;\"><strong>RESOLU\u00c7\u00c3O n\u00ba 006\/2024<\/strong><\/span><\/a><\/p>\n<p style=\"padding-left: 40px;\"><a href=\"http:\/\/www.ipasemar.pa.gov.br\/transparencia\/wp-content\/uploads\/sites\/2\/2024\/11\/SEI_0159362_Resolucao_6.pdf\"><span style=\"color: #003366;\"><em>DISP\u00d5E SOBRE A APROVA\u00c7\u00c3O DAS CONTAS RELATIVAS AO 2\u00ba QUADRIMESTRE DE 2024<\/em><\/span><\/a><\/p>\n\n\t\t<\/div>\n\t<\/div>\n<\/div><\/div><\/div><\/div>\n<\/div>","protected":false},"excerpt":{"rendered":"RESOLU\u00c7\u00d5ES ANTERIOR \u00c0 2020RESOLU\u00c7\u00d5ES DOS ANOS 2020 \u00c0 2023 2025 RESOLU\u00c7\u00c3O N\u00ba 001\/2025 ESTABELECE O CALEND\u00c1RIO DE REUNI\u00d5ES ORDIN\u00c1RIAS. RESOLU\u00c7\u00c3O N\u00ba 002\/2025 APROVA A REVIS\u00c3O DA POL\u00cdTICA DE SEGURAN\u00c7A DA INFORMA\u00c7\u00c3O NO \u00c2MBITO DO INSTITUTO DE PREVID\u00caNCIA SOCIAL DOS SERVIDORES P\u00daBLICOS DO MUNIC\u00cdPIO DE MARAB\u00c1 - IPASEMAR. RESOLU\u00c7\u00c3O N\u00ba 003\/2025 APROVA AS CONTAS RELATIVAS AO [...]","protected":false},"author":3,"featured_media":0,"parent":0,"menu_order":0,"comment_status":"closed","ping_status":"closed","template":"","meta":{"footnotes":""},"class_list":["post-742","page","type-page","status-publish","hentry"],"_links":{"self":[{"href":"https:\/\/www.ipasemar.pa.gov.br\/transparencia\/wp-json\/wp\/v2\/pages\/742","targetHints":{"allow":["GET"]}}],"collection":[{"href":"https:\/\/www.ipasemar.pa.gov.br\/transparencia\/wp-json\/wp\/v2\/pages"}],"about":[{"href":"https:\/\/www.ipasemar.pa.gov.br\/transparencia\/wp-json\/wp\/v2\/types\/page"}],"author":[{"embeddable":true,"href":"https:\/\/www.ipasemar.pa.gov.br\/transparencia\/wp-json\/wp\/v2\/users\/3"}],"replies":[{"embeddable":true,"href":"https:\/\/www.ipasemar.pa.gov.br\/transparencia\/wp-json\/wp\/v2\/comments?post=742"}],"version-history":[{"count":52,"href":"https:\/\/www.ipasemar.pa.gov.br\/transparencia\/wp-json\/wp\/v2\/pages\/742\/revisions"}],"predecessor-version":[{"id":870,"href":"https:\/\/www.ipasemar.pa.gov.br\/transparencia\/wp-json\/wp\/v2\/pages\/742\/revisions\/870"}],"wp:attachment":[{"href":"https:\/\/www.ipasemar.pa.gov.br\/transparencia\/wp-json\/wp\/v2\/media?parent=742"}],"curies":[{"name":"wp","href":"https:\/\/api.w.org\/{rel}","templated":true}]}}