{"id":748,"date":"2022-04-20T09:52:25","date_gmt":"2022-04-20T12:52:25","guid":{"rendered":"https:\/\/www.ipasemar.pa.gov.br\/transparencia\/?page_id=748"},"modified":"2026-03-13T09:35:33","modified_gmt":"2026-03-13T12:35:33","slug":"aprs","status":"publish","type":"page","link":"https:\/\/www.ipasemar.pa.gov.br\/transparencia\/aprs\/","title":{"rendered":"Autoriza\u00e7\u00f5es de Aplica\u00e7\u00e3o e Resgates (APR)"},"content":{"rendered":"<div class=\"wpb-content-wrapper\"><div class=\"vc_row wpb_row vc_row-fluid\"><div class=\"wpb_column vc_column_container vc_col-sm-1\/5\"><div class=\"vc_column-inner\"><div class=\"wpb_wrapper\">\n\t<div class=\"wpb_text_column wpb_content_element\" >\n\t\t<div class=\"wpb_wrapper\">\n\t\t\t<h2><span style=\"color: #003366;\">2026<\/span><\/h2>\n<ul>\n<li><a href=\"https:\/\/drive.google.com\/file\/d\/18ZKYzHTbySgh5XpqGPUhKSsiaTXfDus7\/view?usp=sharing\"><span style=\"color: #003366;\">Janeiro<\/span><\/a>\n<ul>\n<li><span style=\"color: #008000;\"><a style=\"color: #008000;\" href=\"http:\/\/www.ipasemar.pa.gov.br\/transparencia\/wp-content\/uploads\/sites\/2\/2026\/03\/SEI_1487217_Atestado_de_Compatibilidade_de_Aplicacao_1.pdf\"><em>Atestado de Compatibilidade 001\/2026<\/em><\/a><\/span><\/li>\n<\/ul>\n<\/li>\n<\/ul>\n\n\t\t<\/div>\n\t<\/div>\n<\/div><\/div><\/div><div class=\"wpb_column vc_column_container vc_col-sm-1\/5\"><div class=\"vc_column-inner\"><div class=\"wpb_wrapper\">\n\t<div class=\"wpb_text_column wpb_content_element\" >\n\t\t<div class=\"wpb_wrapper\">\n\t\t\t<h2><span style=\"color: #003366;\">2025<\/span><\/h2>\n<ul>\n<li><a href=\"https:\/\/drive.google.com\/file\/d\/1U6gAlnbOpr84gjIPrZAuh4441CiaPMkj\/view?usp=sharing\"><span style=\"color: #003366;\">Janeiro<\/span><\/a><\/li>\n<li><span style=\"color: #003366;\"><a style=\"color: #003366;\" href=\"https:\/\/drive.google.com\/file\/d\/1xaFZxCYXW_dIqiJZ6OafoeO7lC-_NCZU\/view?usp=sharing\">Fevereiro<\/a><\/span>\n<ul>\n<li><em><span style=\"color: #008000;\"><a style=\"color: #008000;\" href=\"https:\/\/drive.google.com\/file\/d\/1QRSFG6dsTIgKfPCPuVWzSMnvMIcxCxmJ\/view?usp=sharing\">Atestado de Compatibilidade 001\/2025<\/a><\/span><\/em><\/li>\n<li><span style=\"color: #008000;\"><a style=\"color: #008000;\" href=\"https:\/\/drive.google.com\/file\/d\/1u3lB8dOkbUXTyk4APZ0rhfnFesuEOtpZ\/view?usp=sharing\"><em>Atestado de Compatibilidade 002\/2025<\/em><\/a><\/span><\/li>\n<\/ul>\n<\/li>\n<li><a href=\"https:\/\/drive.google.com\/file\/d\/1oC_Yof_j5ozPB53DYlBTxmHaFZOgVbE0\/view?usp=sharing\"><span style=\"color: #003366;\">Mar\u00e7o<\/span><\/a>\n<ul>\n<li><span style=\"color: #008000;\"><em><a style=\"color: #008000;\" href=\"https:\/\/drive.google.com\/file\/d\/1In1Vf97DbBmA27stl7u36SExm8OnvFbV\/view?usp=sharing\">Atestado de Compatibilidade 003\/2025<\/a><\/em><\/span><\/li>\n<\/ul>\n<\/li>\n<li><span style=\"color: #003366;\"><a style=\"color: #003366;\" href=\"https:\/\/drive.google.com\/file\/d\/1hGelUa97O4cWw7IbYp_4lPzNTe3f3I7P\/view?usp=sharing\">Abril<\/a><\/span><\/li>\n<li><a href=\"https:\/\/drive.google.com\/file\/d\/1-ce_kN191rLtTokdzjO332crsNKQuRu6\/view?usp=sharing\"><span style=\"color: #003366;\">Maio<\/span><\/a><\/li>\n<li><a href=\"https:\/\/drive.google.com\/file\/d\/1H5kOvNbZiu3tRA4E_gK7jOvhrUhrEHeh\/view?usp=sharing\"><span style=\"color: #003366;\">Junho<\/span><\/a><\/li>\n<li><a href=\"http:\/\/www.ipasemar.pa.gov.br\/transparencia\/wp-content\/uploads\/sites\/2\/2025\/08\/pdf24_merged58.pdf\"><span style=\"color: #003366;\">Julho<\/span><\/a><\/li>\n<li><a href=\"https:\/\/drive.google.com\/drive\/folders\/1J3P0cpen3bxLi9C8R6JN03iKGt42NOgp?usp=sharing\"><span style=\"color: #003366;\">Agosto<\/span><\/a><\/li>\n<li><span style=\"color: #003366;\"><a style=\"color: #003366;\" href=\"https:\/\/drive.google.com\/file\/d\/1lXhOADRGTQVlnMzfp3GDYltqHt2pz0ME\/view?usp=sharing\">Setembro<\/a><\/span><\/li>\n<li><a href=\"https:\/\/drive.google.com\/file\/d\/1UO6HjjBkrxlKzQXvpocnPz8kSU1DZtLK\/view?usp=sharing\"><span style=\"color: #003366;\">Outubro<\/span><\/a><\/li>\n<li><a href=\"https:\/\/drive.google.com\/file\/d\/1VVKDMfoccPjNUoHB_psAwTwSQg0o3VvG\/view?usp=sharing\"><span style=\"color: #003366;\">Novembro<\/span><\/a><\/li>\n<li><span style=\"color: #003366;\"><a style=\"color: #003366;\" href=\"https:\/\/drive.google.com\/file\/d\/1JRJ2qFS8fIcgumSESF7Un8eYUbl8BgBB\/view?usp=sharing\">Dezembro<\/a><\/span><\/li>\n<\/ul>\n\n\t\t<\/div>\n\t<\/div>\n<\/div><\/div><\/div><div class=\"wpb_column vc_column_container vc_col-sm-1\/5\"><div class=\"vc_column-inner\"><div class=\"wpb_wrapper\">\n\t<div class=\"wpb_text_column wpb_content_element\" >\n\t\t<div class=\"wpb_wrapper\">\n\t\t\t<h2><span style=\"color: #003366;\">2024<\/span><\/h2>\n<ul>\n<li><span style=\"color: #003366;\"><a style=\"color: #003366;\" href=\"https:\/\/drive.google.com\/file\/d\/1Tc3NZahm5MLwm1zH-Gl2UGxHX16WMfho\/view?usp=sharing\">Janeiro<\/a><\/span><\/li>\n<li><a href=\"https:\/\/drive.google.com\/file\/d\/1kt1w2cos-MB3D8HVU1mT10Op1lvrM3TS\/view?usp=sharing\"><span style=\"color: #003366;\">Fevereiro<\/span><\/a><\/li>\n<li><span style=\"color: #003366;\"><a style=\"color: #003366;\" href=\"https:\/\/drive.google.com\/file\/d\/1qwJHaDRx4If8uZbDhEvCSExHV_YuuA62\/view?usp=sharing\">Mar\u00e7o<\/a><\/span><\/li>\n<li><span style=\"color: #003366;\"><a style=\"color: #003366;\" href=\"https:\/\/drive.google.com\/file\/d\/1yxyHRavhe6X2tW_iQcRqI2uL0-kSYxJY\/view?usp=sharing\">Abril<\/a><\/span><\/li>\n<li><span style=\"color: #003366;\"><a style=\"color: #003366;\" href=\"http:\/\/www.ipasemar.pa.gov.br\/transparencia\/wp-content\/uploads\/sites\/2\/2024\/06\/APR-080-2024_merged.pdf\">Maio<\/a><\/span>\n<ul>\n<li><a href=\"http:\/\/www.ipasemar.pa.gov.br\/transparencia\/wp-content\/uploads\/sites\/2\/2024\/10\/ATESTADO-01-2024-COINVEST_compressed.pdf\"><span style=\"color: #008000;\"><em>Atestado de Compatibilidade de Aplica\u00e7\u00e3o 001\/2024<\/em><\/span><\/a><\/li>\n<\/ul>\n<\/li>\n<li><a href=\"https:\/\/drive.google.com\/file\/d\/1TqAuTP8lhZTkW3mr8CTdv_UPBue_dxZw\/view?usp=sharing\"><span style=\"color: #003366;\">Junho<\/span><\/a>\n<ul>\n<li><a href=\"http:\/\/www.ipasemar.pa.gov.br\/transparencia\/wp-content\/uploads\/sites\/2\/2024\/10\/ATESTADO-02-2024-COINVEST_compressed.pdf\"><em><span style=\"color: #008000;\">Atestado de Compatibilidade de Aplica\u00e7\u00e3o 002\/2024<\/span><\/em><\/a><\/li>\n<\/ul>\n<\/li>\n<li><span style=\"color: #003366;\"><a style=\"color: #003366;\" href=\"https:\/\/drive.google.com\/file\/d\/1u3FLXKG0msioTUhS8xyIOpcLAPfUflmj\/view?usp=sharing\">Julho<\/a><\/span>\n<ul>\n<li><span style=\"color: #008000;\"><em><a style=\"color: #008000;\" href=\"http:\/\/www.ipasemar.pa.gov.br\/transparencia\/wp-content\/uploads\/sites\/2\/2024\/08\/ATESTADO-03-2024-COINVEST.pdf\">Atestado de Compatibilidade de Aplica\u00e7\u00e3o 003\/2024<\/a><\/em><\/span><\/li>\n<li><a href=\"http:\/\/www.ipasemar.pa.gov.br\/transparencia\/wp-content\/uploads\/sites\/2\/2024\/08\/ATESTADO-04-2024-COINVEST.pdf\"><span style=\"color: #008000;\"><em>Atestado de Compatibilidade de Aplica\u00e7\u00e3o 004\/2024<\/em><\/span><\/a><\/li>\n<\/ul>\n<\/li>\n<li><span style=\"color: #003366;\"><a style=\"color: #003366;\" href=\"http:\/\/www.ipasemar.pa.gov.br\/transparencia\/wp-content\/uploads\/sites\/2\/2024\/09\/APR-129-2024-compressed.pdf\">Agosto<\/a><\/span><\/li>\n<li><span style=\"color: #003366;\"><a style=\"color: #003366;\" href=\"https:\/\/drive.google.com\/file\/d\/1p7uT7JWyKHGX5RXEgAunuNSq48Xqq2BG\/view?usp=sharing\">Setembro<\/a><\/span><\/li>\n<li><span style=\"color: #003366;\"><a style=\"color: #003366;\" href=\"https:\/\/drive.google.com\/file\/d\/14NKv4uZIDc7GAmpZ_dZ9UFoh7dMGnML9\/view?usp=sharing\">Outubro<\/a><\/span><\/li>\n<li><a href=\"https:\/\/drive.google.com\/file\/d\/1YzXM4-6HZ4d6punmFd065GjMiVDJ7xQI\/view?usp=sharing\"><span style=\"color: #003366;\">Novembro<\/span><\/a><\/li>\n<li><span style=\"color: #003366;\"><a style=\"color: #003366;\" href=\"https:\/\/drive.google.com\/file\/d\/1LWAxSFKX2luL2tb4hNLCK59h-q0vqEyN\/view?usp=sharing\">Dezembro<\/a><\/span><\/li>\n<\/ul>\n\n\t\t<\/div>\n\t<\/div>\n<\/div><\/div><\/div><div class=\"wpb_column vc_column_container vc_col-sm-1\/5\"><div class=\"vc_column-inner\"><div class=\"wpb_wrapper\">\n\t<div class=\"wpb_text_column wpb_content_element\" >\n\t\t<div class=\"wpb_wrapper\">\n\t\t\t<h2><span style=\"color: #003366;\">2023<\/span><\/h2>\n<ul>\n<li><span style=\"color: #003366;\"><a style=\"color: #003366;\" href=\"https:\/\/drive.google.com\/file\/d\/1WnYiWKqf2Q5GqnwmmeuFHhDSQpNYYsdv\/view?usp=share_link\">Janeiro<\/a><\/span><\/li>\n<li><span style=\"color: #003366;\"><a style=\"color: #003366;\" href=\"https:\/\/drive.google.com\/file\/d\/1v0JJSYj6NHCH75RPT6UlOvBaBkcDNLTp\/view?usp=share_link\">Fevereiro<\/a><\/span><\/li>\n<li><span style=\"color: #003366;\"><a style=\"color: #003366;\" href=\"https:\/\/drive.google.com\/file\/d\/1rkX32RGpZyiYTiNPwtXIpduSeUG93Kh-\/view?usp=share_link\">Mar\u00e7o<\/a><\/span><\/li>\n<li><span style=\"color: #003366;\"><a style=\"color: #003366;\" href=\"https:\/\/drive.google.com\/file\/d\/18a9OqmMpbHF085rW_b0o95vPRaDD2-Kd\/view?usp=share_link\">Abril<\/a><\/span><\/li>\n<li><span style=\"color: #003366;\"><a style=\"color: #003366;\" href=\"https:\/\/drive.google.com\/file\/d\/1kAgI1yvjWtG8ThBYK98CxLcmwE051h9E\/view?usp=sharing\">Maio<\/a><\/span><\/li>\n<li><span style=\"color: #003366;\"><a style=\"color: #003366;\" href=\"https:\/\/drive.google.com\/file\/d\/1ixz-yIi3ZIOMP-n5kINKkoZ3dH_VP3EJ\/view?usp=sharing\">Junho<\/a><\/span><\/li>\n<li><span style=\"color: #003366;\"><a style=\"color: #003366;\" href=\"https:\/\/drive.google.com\/file\/d\/1L6ophCM-0Wh3g3YVuW_8p4n9U5844YFz\/view?usp=sharing\">Julho<\/a><\/span><\/li>\n<li><span style=\"color: #003366;\"><a style=\"color: #003366;\" href=\"https:\/\/drive.google.com\/file\/d\/1-G3uyXEExCTpOz7P87rSkxpPmyPnCvsw\/view?usp=sharing\">Agosto<\/a><\/span><\/li>\n<li><a href=\"https:\/\/drive.google.com\/file\/d\/1TIB3ZShGVcp9FKDapSl_maBQ7FSL9gTw\/view?usp=sharing\"><span style=\"color: #003366;\">Setembro<\/span><\/a><\/li>\n<li><span style=\"color: #003366;\"><a style=\"color: #003366;\" href=\"https:\/\/drive.google.com\/file\/d\/1VrnV3k8VfJpGzdkzCPdxuAZRXcxxbv4v\/view?usp=sharing\">Outubro<\/a><\/span><\/li>\n<li><span style=\"color: #003366;\"><a style=\"color: #003366;\" href=\"https:\/\/drive.google.com\/file\/d\/1Uue3Um9aZnEz5DWQS7PrxWD2qpz-D18O\/view?usp=sharing\">Novembro<\/a><\/span><\/li>\n<li><span style=\"color: #333399;\"><a style=\"color: #333399;\" href=\"http:\/\/www.ipasemar.pa.gov.br\/transparencia\/wp-content\/uploads\/sites\/2\/2024\/01\/38732_merged1.pdf\"><span style=\"color: #003366;\">Dezembro<\/span><\/a><\/span><\/li>\n<\/ul>\n\n\t\t<\/div>\n\t<\/div>\n<\/div><\/div><\/div><div class=\"wpb_column vc_column_container vc_col-sm-1\/5\"><div class=\"vc_column-inner\"><div class=\"wpb_wrapper\"><div class=\"vc_btn3-container vc_btn3-inline vc_do_btn\" ><a class=\"vc_general vc_btn3 vc_btn3-size-md vc_btn3-shape-rounded vc_btn3-style-modern vc_btn3-color-grey\" href=\"https:\/\/www.ipasemar.pa.gov.br\/transparencia\/aprs-de-2021-e-2022\/\" title=\"\">Apr's de 2021 e 2022<\/a><\/div><\/div><\/div><\/div><\/div><div class=\"vc_row wpb_row vc_row-fluid\"><div class=\"wpb_column vc_column_container vc_col-sm-12\"><div class=\"vc_column-inner\"><div class=\"wpb_wrapper\">\n\t<div class=\"wpb_text_column wpb_content_element\" >\n\t\t<div class=\"wpb_wrapper\">\n\t\t\t\n\t\t<\/div>\n\t<\/div>\n<\/div><\/div><\/div><\/div>\n<\/div>","protected":false},"excerpt":{"rendered":"2026 Janeiro Atestado de Compatibilidade 001\/2026 2025 Janeiro Fevereiro Atestado de Compatibilidade 001\/2025 Atestado de Compatibilidade 002\/2025 Mar\u00e7o Atestado de Compatibilidade 003\/2025 Abril Maio Junho Julho Agosto Setembro Outubro Novembro Dezembro 2024 Janeiro Fevereiro Mar\u00e7o Abril Maio Atestado de Compatibilidade de Aplica\u00e7\u00e3o 001\/2024 Junho Atestado de Compatibilidade de Aplica\u00e7\u00e3o 002\/2024 Julho Atestado de Compatibilidade de [...]","protected":false},"author":3,"featured_media":0,"parent":0,"menu_order":0,"comment_status":"closed","ping_status":"closed","template":"","meta":{"footnotes":""},"class_list":["post-748","page","type-page","status-publish","hentry"],"_links":{"self":[{"href":"https:\/\/www.ipasemar.pa.gov.br\/transparencia\/wp-json\/wp\/v2\/pages\/748","targetHints":{"allow":["GET"]}}],"collection":[{"href":"https:\/\/www.ipasemar.pa.gov.br\/transparencia\/wp-json\/wp\/v2\/pages"}],"about":[{"href":"https:\/\/www.ipasemar.pa.gov.br\/transparencia\/wp-json\/wp\/v2\/types\/page"}],"author":[{"embeddable":true,"href":"https:\/\/www.ipasemar.pa.gov.br\/transparencia\/wp-json\/wp\/v2\/users\/3"}],"replies":[{"embeddable":true,"href":"https:\/\/www.ipasemar.pa.gov.br\/transparencia\/wp-json\/wp\/v2\/comments?post=748"}],"version-history":[{"count":84,"href":"https:\/\/www.ipasemar.pa.gov.br\/transparencia\/wp-json\/wp\/v2\/pages\/748\/revisions"}],"predecessor-version":[{"id":4128,"href":"https:\/\/www.ipasemar.pa.gov.br\/transparencia\/wp-json\/wp\/v2\/pages\/748\/revisions\/4128"}],"wp:attachment":[{"href":"https:\/\/www.ipasemar.pa.gov.br\/transparencia\/wp-json\/wp\/v2\/media?parent=748"}],"curies":[{"name":"wp","href":"https:\/\/api.w.org\/{rel}","templated":true}]}}