{"id":757,"date":"2022-04-20T11:06:24","date_gmt":"2022-04-20T14:06:24","guid":{"rendered":"https:\/\/www.ipasemar.pa.gov.br\/transparencia\/?page_id=757"},"modified":"2026-04-24T10:53:01","modified_gmt":"2026-04-24T13:53:01","slug":"avaliacao-atuarial","status":"publish","type":"page","link":"https:\/\/www.ipasemar.pa.gov.br\/transparencia\/avaliacao-atuarial\/","title":{"rendered":"avalia\u00e7\u00e3o atuarial"},"content":{"rendered":"<div class=\"wpb-content-wrapper\"><div class=\"vc_row wpb_row vc_row-fluid\"><div class=\"wpb_column vc_column_container vc_col-sm-12\"><div class=\"vc_column-inner\"><div class=\"wpb_wrapper\">\n\t<div class=\"wpb_text_column wpb_content_element\" >\n\t\t<div class=\"wpb_wrapper\">\n\t\t\t<h5><span style=\"color: #003366;\"><strong>Resultados da Avalia\u00e7\u00e3o Atuarial<\/strong><\/span><\/h5>\n<ul>\n<li><span style=\"color: #003366;\"><a style=\"color: #003366;\" href=\"https:\/\/drive.google.com\/file\/d\/1iI9HkUbgnXqiKPEsnpAyLCPhu-EPI2i2\/view?usp=sharing\">2026<\/a><\/span><\/li>\n<li><a href=\"http:\/\/www.ipasemar.pa.gov.br\/transparencia\/wp-content\/uploads\/sites\/2\/2025\/07\/AvaliacaoAtuarialMarabaDEZ2024_compressed.pdf\"><span style=\"color: #003366;\">2025<\/span><\/a><\/li>\n<li><span style=\"color: #003366;\"><a style=\"color: #003366;\" href=\"http:\/\/www.ipasemar.pa.gov.br\/transparencia\/wp-content\/uploads\/sites\/2\/2024\/04\/RESULTADO-DA-AVALIACAO-ATUARIAL-2024.pdf\">2024<\/a><\/span><\/li>\n<li><span style=\"color: #003366;\"><a style=\"color: #003366;\" href=\"https:\/\/www.ipasemar.pa.gov.br\/transparencia\/wp-content\/uploads\/sites\/2\/2023\/06\/Avaliacao-Atuarial-Maraba-DEZ-2022.pdf\"><em>2023<\/em><\/a><\/span><\/li>\n<li><a href=\"https:\/\/drive.google.com\/file\/d\/1ml37vhuQZ16UHUVFLaw9oMSYxAEkfgJn\/view?usp=sharing\"><span style=\"color: #003366;\"><em>2022<\/em><\/span><\/a><\/li>\n<li><a href=\"https:\/\/drive.google.com\/file\/d\/1zUCOYbzOSjKiGwR-E0AWEFmBTbEkASHU\/view?usp=sharing\"><span style=\"color: #003366;\"><em>2021<\/em><\/span><\/a><\/li>\n<li><a href=\"https:\/\/drive.google.com\/file\/d\/16B66JSFxQY8QwRfKXtAGSwUq4Kb1DotD\/view?usp=sharing\"><span style=\"color: #003366;\"><em>2020<\/em><\/span><\/a><\/li>\n<\/ul>\n<h5><span style=\"color: #003366;\"><strong>Demonstrativo de Resultados da Avalia\u00e7\u00e3o Atuarial<\/strong><\/span><\/h5>\n<ul>\n<li><span style=\"color: #003366;\"><a style=\"color: #003366;\" href=\"http:\/\/www.ipasemar.pa.gov.br\/transparencia\/wp-content\/uploads\/sites\/2\/2025\/04\/DEMONSTRATIVO-DE-RESULTADOS-DA-AVALIACAO-ATUARIAL-DRAA-2025.pdf\">2025<\/a><\/span><\/li>\n<li><span style=\"color: #003366;\"><a style=\"color: #003366;\" href=\"http:\/\/www.ipasemar.pa.gov.br\/transparencia\/wp-content\/uploads\/sites\/2\/2024\/04\/DRAA-2024.pdf\">2024<\/a><\/span><\/li>\n<li><span style=\"color: #003366;\"><a style=\"color: #003366;\" href=\"https:\/\/www.ipasemar.pa.gov.br\/transparencia\/wp-content\/uploads\/sites\/2\/2023\/06\/DEMONSTRATIVO-DE-RESULTADOS-DA-AVALIACAO-ATUARIAL-DRAA.pdf\"><em>2023<\/em><\/a><\/span><\/li>\n<li><a href=\"https:\/\/www.ipasemar.pa.gov.br\/transparencia\/wp-content\/uploads\/sites\/2\/2022\/05\/demonstrativo-draa-2022.pdf\"><em><span style=\"color: #003366;\">2022<\/span><\/em><\/a><\/li>\n<li><a href=\"https:\/\/drive.google.com\/file\/d\/1nQ1Rx9dYX6I2RTw5W9lTlJoUoL-NYmdL\/view?usp=sharing\"><span style=\"color: #003366;\"><em>2021<\/em><\/span><\/a><\/li>\n<li><a href=\"https:\/\/drive.google.com\/file\/d\/1y9LKgCvv6hObIETn-pfjzcrjCuWkOotJ\/view?usp=sharing\"><em><span style=\"color: #003366;\">2020<\/span><\/em><\/a><\/li>\n<\/ul>\n<p>&nbsp;<\/p>\n<h5><a href=\"https:\/\/www.ipasemar.pa.gov.br\/transparencia\/wp-content\/uploads\/sites\/2\/2023\/06\/Carteira-de-Atuario-Richard.pdf\"><strong>Registro\/Certifica\u00e7\u00e3o em \u00d3rg\u00e3o de Classe do Atu\u00e1rio (Atual)<\/strong><\/a><\/h5>\n<h5><a href=\"https:\/\/drive.google.com\/file\/d\/15AOicM4rclU7buH4j5Q3Pz4c_e_rqKux\/view?usp=sharing\"><span style=\"color: #003366;\"><strong>Registro\/Certifica\u00e7\u00e3o em \u00d3rg\u00e3o de Classe do Atu\u00e1rio<\/strong><\/span><\/a><\/h5>\n\n\t\t<\/div>\n\t<\/div>\n<\/div><\/div><\/div><\/div>\n<\/div>","protected":false},"excerpt":{"rendered":"Resultados da Avalia\u00e7\u00e3o Atuarial 2026 2025 2024 2023 2022 2021 2020 Demonstrativo de Resultados da Avalia\u00e7\u00e3o Atuarial 2025 2024 2023 2022 2021 2020 &nbsp; Registro\/Certifica\u00e7\u00e3o em \u00d3rg\u00e3o de Classe do Atu\u00e1rio (Atual) Registro\/Certifica\u00e7\u00e3o em \u00d3rg\u00e3o de Classe do Atu\u00e1rio","protected":false},"author":3,"featured_media":0,"parent":0,"menu_order":0,"comment_status":"closed","ping_status":"closed","template":"","meta":{"footnotes":""},"class_list":["post-757","page","type-page","status-publish","hentry"],"_links":{"self":[{"href":"https:\/\/www.ipasemar.pa.gov.br\/transparencia\/wp-json\/wp\/v2\/pages\/757","targetHints":{"allow":["GET"]}}],"collection":[{"href":"https:\/\/www.ipasemar.pa.gov.br\/transparencia\/wp-json\/wp\/v2\/pages"}],"about":[{"href":"https:\/\/www.ipasemar.pa.gov.br\/transparencia\/wp-json\/wp\/v2\/types\/page"}],"author":[{"embeddable":true,"href":"https:\/\/www.ipasemar.pa.gov.br\/transparencia\/wp-json\/wp\/v2\/users\/3"}],"replies":[{"embeddable":true,"href":"https:\/\/www.ipasemar.pa.gov.br\/transparencia\/wp-json\/wp\/v2\/comments?post=757"}],"version-history":[{"count":9,"href":"https:\/\/www.ipasemar.pa.gov.br\/transparencia\/wp-json\/wp\/v2\/pages\/757\/revisions"}],"predecessor-version":[{"id":4174,"href":"https:\/\/www.ipasemar.pa.gov.br\/transparencia\/wp-json\/wp\/v2\/pages\/757\/revisions\/4174"}],"wp:attachment":[{"href":"https:\/\/www.ipasemar.pa.gov.br\/transparencia\/wp-json\/wp\/v2\/media?parent=757"}],"curies":[{"name":"wp","href":"https:\/\/api.w.org\/{rel}","templated":true}]}}