{"id":769,"date":"2022-04-20T14:20:07","date_gmt":"2022-04-20T17:20:07","guid":{"rendered":"https:\/\/www.ipasemar.pa.gov.br\/transparencia\/?page_id=769"},"modified":"2026-04-30T11:06:01","modified_gmt":"2026-04-30T14:06:01","slug":"balancete-financeiro-2","status":"publish","type":"page","link":"https:\/\/www.ipasemar.pa.gov.br\/transparencia\/balancete-financeiro-2\/","title":{"rendered":"Balancete financeiro"},"content":{"rendered":"<div class=\"wpb-content-wrapper\"><div class=\"vc_row wpb_row vc_row-fluid\"><div class=\"wpb_column vc_column_container vc_col-sm-2\"><div class=\"vc_column-inner\"><div class=\"wpb_wrapper\">\n\t<div class=\"wpb_text_column wpb_content_element\" >\n\t\t<div class=\"wpb_wrapper\">\n\t\t\t<h4><strong><span style=\"color: #003366;\">2026<\/span><\/strong><\/h4>\n<ul>\n<li><a href=\"http:\/\/www.ipasemar.pa.gov.br\/transparencia\/wp-content\/uploads\/sites\/2\/2026\/04\/banalcete-financeiro-01.2026.pdf\"><span style=\"color: #003366;\">Janeiro<\/span><\/a><\/li>\n<li><a href=\"http:\/\/www.ipasemar.pa.gov.br\/transparencia\/wp-content\/uploads\/sites\/2\/2026\/04\/balancete-financeiro-02.2026.pdf\"><span style=\"color: #003366;\">Fevereiro<\/span><\/a><\/li>\n<li><a href=\"http:\/\/www.ipasemar.pa.gov.br\/transparencia\/wp-content\/uploads\/sites\/2\/2026\/04\/balancete-financeiro-03.2026.pdf\"><span style=\"color: #003366;\">Mar\u00e7o<\/span><\/a><\/li>\n<\/ul>\n<p><strong><span style=\"color: #ff0000;\">* O balancete financeiro do m\u00eas de Abril de 2026 estar\u00e1 dispon\u00edvel pelo nosso sistema cont\u00e1bil ap\u00f3s o fechamento da contabilidade do referido m\u00eas.<br \/>\n<\/span><\/strong><\/p>\n\n\t\t<\/div>\n\t<\/div>\n<\/div><\/div><\/div><div class=\"wpb_column vc_column_container vc_col-sm-2\"><div class=\"vc_column-inner\"><div class=\"wpb_wrapper\">\n\t<div class=\"wpb_text_column wpb_content_element\" >\n\t\t<div class=\"wpb_wrapper\">\n\t\t\t<h4><strong><span style=\"color: #003366;\">2025<\/span><\/strong><\/h4>\n<ul>\n<li><a href=\"http:\/\/www.ipasemar.pa.gov.br\/transparencia\/wp-content\/uploads\/sites\/2\/2025\/02\/BALANCETE-01.2025.pdf\"><span style=\"color: #003366;\">Janeiro<\/span><\/a><\/li>\n<li><span style=\"color: #003366;\"><a style=\"color: #003366;\" href=\"http:\/\/www.ipasemar.pa.gov.br\/transparencia\/wp-content\/uploads\/sites\/2\/2025\/04\/balanco-financeiro-02.2025.pdf\">Fevereiro<\/a><\/span><\/li>\n<li><span style=\"color: #003366;\"><a style=\"color: #003366;\" href=\"http:\/\/www.ipasemar.pa.gov.br\/transparencia\/wp-content\/uploads\/sites\/2\/2025\/05\/balancete-3.2025.pdf\">Mar\u00e7o<\/a><\/span><\/li>\n<li><span style=\"color: #003366;\"><a style=\"color: #003366;\" href=\"http:\/\/www.ipasemar.pa.gov.br\/transparencia\/wp-content\/uploads\/sites\/2\/2025\/06\/balancete-financeiro-04.2025.pdf\">Abril<\/a><\/span><\/li>\n<li><span style=\"color: #003366;\"><a style=\"color: #003366;\" href=\"http:\/\/www.ipasemar.pa.gov.br\/transparencia\/wp-content\/uploads\/sites\/2\/2025\/07\/balanco-financeiro-05.25.pdf\">Maio<\/a><\/span><\/li>\n<li><span style=\"color: #003366;\"><a style=\"color: #003366;\" href=\"http:\/\/www.ipasemar.pa.gov.br\/transparencia\/wp-content\/uploads\/sites\/2\/2025\/07\/balancete-financeiro-06.2025.pdf\">Junho<\/a><\/span><\/li>\n<li><span style=\"color: #003366;\"><a style=\"color: #003366;\" href=\"http:\/\/www.ipasemar.pa.gov.br\/transparencia\/wp-content\/uploads\/sites\/2\/2025\/08\/balancete-financeiro-07.2025.pdf\">Julho<\/a><\/span><\/li>\n<li><span style=\"color: #003366;\"><a style=\"color: #003366;\" href=\"http:\/\/www.ipasemar.pa.gov.br\/transparencia\/wp-content\/uploads\/sites\/2\/2025\/09\/balancete-financeiro-08.pdf\">Agosto<\/a><\/span><\/li>\n<li><span style=\"color: #003366;\"><a style=\"color: #003366;\" href=\"http:\/\/www.ipasemar.pa.gov.br\/transparencia\/wp-content\/uploads\/sites\/2\/2025\/11\/balancete-financeiro-09.pdf\">Setembro<\/a><\/span><\/li>\n<li><span style=\"color: #003366;\"><a style=\"color: #003366;\" href=\"http:\/\/www.ipasemar.pa.gov.br\/transparencia\/wp-content\/uploads\/sites\/2\/2026\/01\/balancete-10.pdf\">Outubro<\/a><\/span><\/li>\n<li><span style=\"color: #003366;\"><a style=\"color: #003366;\" href=\"http:\/\/www.ipasemar.pa.gov.br\/transparencia\/wp-content\/uploads\/sites\/2\/2026\/01\/balancete-11.pdf\">Novembro<\/a><\/span><\/li>\n<li>Dezembro<\/li>\n<\/ul>\n<p><strong><span style=\"color: #ff0000;\">* O balancete financeiro do m\u00eas de Janeiro de 2026 estar\u00e1 dispon\u00edvel pelo nosso sistema cont\u00e1bil ap\u00f3s o fechamento da contabilidade do referido m\u00eas.<br \/>\n<\/span><\/strong><\/p>\n\n\t\t<\/div>\n\t<\/div>\n<\/div><\/div><\/div><div class=\"wpb_column vc_column_container vc_col-sm-2\"><div class=\"vc_column-inner\"><div class=\"wpb_wrapper\">\n\t<div class=\"wpb_text_column wpb_content_element\" >\n\t\t<div class=\"wpb_wrapper\">\n\t\t\t<h4><strong><span style=\"color: #003366;\">2024<\/span><\/strong><\/h4>\n<ul>\n<li><a href=\"http:\/\/www.ipasemar.pa.gov.br\/transparencia\/wp-content\/uploads\/sites\/2\/2024\/02\/balancete-01-2024.pdf\"><span style=\"color: #003366;\">Janeiro<\/span><\/a><\/li>\n<li><span style=\"color: #003366;\"><a style=\"color: #003366;\" href=\"http:\/\/www.ipasemar.pa.gov.br\/transparencia\/wp-content\/uploads\/sites\/2\/2024\/04\/balancete-financeiro-02.2024.pdf\">Fevereiro<\/a><\/span><\/li>\n<li><span style=\"color: #003366;\"><a style=\"color: #003366;\" href=\"https:\/\/www.ipasemar.pa.gov.br\/wp-content\/uploads\/2024\/04\/balancete-financeiro-03.2024.pdf\">Mar\u00e7o<\/a><\/span><\/li>\n<li><span style=\"color: #003366;\"><a style=\"color: #003366;\" href=\"http:\/\/www.ipasemar.pa.gov.br\/transparencia\/wp-content\/uploads\/sites\/2\/2024\/06\/balanco-financeiro-abril.pdf\">Abril<\/a><\/span><\/li>\n<li><span style=\"color: #003366;\"><a style=\"color: #003366;\" href=\"http:\/\/www.ipasemar.pa.gov.br\/transparencia\/wp-content\/uploads\/sites\/2\/2024\/06\/financeiro-06.24.pdf\">Maio<\/a><\/span><\/li>\n<li><span style=\"color: #003366;\"><a style=\"color: #003366;\" href=\"http:\/\/www.ipasemar.pa.gov.br\/transparencia\/wp-content\/uploads\/sites\/2\/2024\/08\/balancete-junho-2024.pdf\">Junho<\/a><\/span><\/li>\n<li><span style=\"color: #003366;\"><a style=\"color: #003366;\" href=\"http:\/\/www.ipasemar.pa.gov.br\/transparencia\/wp-content\/uploads\/sites\/2\/2024\/09\/ba.pdf\">Julho<\/a><\/span><\/li>\n<li><span style=\"color: #003366;\"><a style=\"color: #003366;\" href=\"http:\/\/www.ipasemar.pa.gov.br\/transparencia\/wp-content\/uploads\/sites\/2\/2024\/10\/balanco-financeiro-08.2024.pdf\">Agosto<\/a><\/span><\/li>\n<li><span style=\"color: #003366;\"><a style=\"color: #003366;\" href=\"https:\/\/www.ipasemar.pa.gov.br\/wp-content\/uploads\/2024\/10\/balancete-setembro-2024.pdf\">Setembro<\/a><\/span><\/li>\n<li><span style=\"color: #003366;\"><a style=\"color: #003366;\" href=\"http:\/\/www.ipasemar.pa.gov.br\/transparencia\/wp-content\/uploads\/sites\/2\/2024\/12\/balancete-10.2024.pdf\">Outubro<\/a><\/span><\/li>\n<li><span style=\"color: #003366;\"><a style=\"color: #003366;\" href=\"http:\/\/www.ipasemar.pa.gov.br\/transparencia\/wp-content\/uploads\/sites\/2\/2025\/01\/balancete-11.2024.pdf\">Novembro<\/a><\/span><\/li>\n<li><span style=\"color: #003366;\"><a style=\"color: #003366;\" href=\"http:\/\/www.ipasemar.pa.gov.br\/transparencia\/wp-content\/uploads\/sites\/2\/2025\/02\/balancete-financeiro-12.2024.pdf\">Dezembro<\/a><\/span><\/li>\n<\/ul>\n\n\t\t<\/div>\n\t<\/div>\n<\/div><\/div><\/div><div class=\"wpb_column vc_column_container vc_col-sm-2\"><div class=\"vc_column-inner\"><div class=\"wpb_wrapper\">\n\t<div class=\"wpb_text_column wpb_content_element\" >\n\t\t<div class=\"wpb_wrapper\">\n\t\t\t<h4><strong><span style=\"color: #003366;\">2023<\/span><\/strong><\/h4>\n<ul>\n<li><a href=\"https:\/\/www.ipasemar.pa.gov.br\/transparencia\/wp-content\/uploads\/sites\/2\/2023\/03\/FINANCEIRO-IPASEMAR-012023.pdf\"><span style=\"color: #003366;\">Janeiro<\/span><\/a><\/li>\n<li><a href=\"https:\/\/www.ipasemar.pa.gov.br\/transparencia\/wp-content\/uploads\/sites\/2\/2023\/04\/bal-02.2023.pdf\">Fevereiro<\/a><\/li>\n<li><a href=\"https:\/\/www.ipasemar.pa.gov.br\/transparencia\/wp-content\/uploads\/sites\/2\/2023\/05\/balanc-marco.pdf\">Mar\u00e7o<\/a><\/li>\n<li><span style=\"color: #003366;\"><a style=\"color: #003366;\" href=\"https:\/\/www.ipasemar.pa.gov.br\/transparencia\/wp-content\/uploads\/sites\/2\/2023\/06\/balancete-financeiro-04.2023.pdf\">Abril<\/a><\/span><\/li>\n<li><a href=\"https:\/\/www.ipasemar.pa.gov.br\/transparencia\/wp-content\/uploads\/sites\/2\/2023\/08\/balancete-maio.pdf\">Maio<\/a><\/li>\n<li><a href=\"https:\/\/www.ipasemar.pa.gov.br\/transparencia\/wp-content\/uploads\/sites\/2\/2023\/08\/balancete-junho.pdf\">Junho<\/a><\/li>\n<li><a href=\"https:\/\/www.ipasemar.pa.gov.br\/transparencia\/wp-content\/uploads\/sites\/2\/2023\/10\/balancete-financeiro-julho-2023.pdf\">Julho<\/a><\/li>\n<li><a href=\"https:\/\/www.ipasemar.pa.gov.br\/transparencia\/wp-content\/uploads\/sites\/2\/2023\/10\/balancete-financeiro-agosto-2023.pdf\">Agosto<\/a><\/li>\n<li><a href=\"https:\/\/www.ipasemar.pa.gov.br\/transparencia\/wp-content\/uploads\/sites\/2\/2023\/11\/balancete-setembro-2023.pdf\">Setembro<\/a><\/li>\n<li><a href=\"https:\/\/www.ipasemar.pa.gov.br\/transparencia\/wp-content\/uploads\/sites\/2\/2023\/12\/balancete-financeiro-10.2023.pdf\">Outubro<\/a><\/li>\n<li><a href=\"http:\/\/www.ipasemar.pa.gov.br\/transparencia\/wp-content\/uploads\/sites\/2\/2024\/01\/balancete-novembro-2023.pdf\">Novembro<\/a><\/li>\n<li><a href=\"http:\/\/www.ipasemar.pa.gov.br\/transparencia\/wp-content\/uploads\/sites\/2\/2024\/01\/balancete-financeiro-12.2023.pdf\">Dezembro<\/a><\/li>\n<\/ul>\n\n\t\t<\/div>\n\t<\/div>\n<\/div><\/div><\/div><div class=\"wpb_column vc_column_container vc_col-sm-2\"><div class=\"vc_column-inner\"><div class=\"wpb_wrapper\">\n\t<div class=\"wpb_text_column wpb_content_element\" >\n\t\t<div class=\"wpb_wrapper\">\n\t\t\t<h4><strong><span style=\"color: #003366;\">2022<\/span><\/strong><\/h4>\n<ul>\n<li><a href=\"https:\/\/www.ipasemar.pa.gov.br\/transparencia\/wp-content\/uploads\/sites\/2\/2022\/05\/JANEIRO.pdf\"><span style=\"color: #003366;\">Janeiro<\/span><\/a><\/li>\n<li><a href=\"https:\/\/www.ipasemar.pa.gov.br\/transparencia\/wp-content\/uploads\/sites\/2\/2022\/05\/FEVEREIRO.pdf\"><span style=\"color: #003366;\">Fevereiro<\/span><\/a><\/li>\n<li><a href=\"https:\/\/www.ipasemar.pa.gov.br\/transparencia\/wp-content\/uploads\/sites\/2\/2022\/05\/MARCO.pdf\"><span style=\"color: #003366;\">Mar\u00e7o<\/span><\/a><\/li>\n<li><a href=\"https:\/\/www.ipasemar.pa.gov.br\/transparencia\/wp-content\/uploads\/sites\/2\/2022\/06\/ABRIL.pdf\"><span style=\"color: #003366;\">Abril<\/span><\/a><\/li>\n<li><span style=\"color: #003366;\"><a style=\"color: #003366;\" href=\"https:\/\/www.ipasemar.pa.gov.br\/wp-content\/uploads\/2022\/06\/balancete-financeiro-ate-maio.pdf\">Maio<\/a><\/span><\/li>\n<li><a href=\"https:\/\/www.ipasemar.pa.gov.br\/transparencia\/wp-content\/uploads\/sites\/2\/2022\/08\/JUNHO.pdf\"><span style=\"color: #003366;\">Junho<\/span><\/a><\/li>\n<li><a href=\"https:\/\/www.ipasemar.pa.gov.br\/transparencia\/wp-content\/uploads\/sites\/2\/2022\/08\/JULHO.pdf\"><span style=\"color: #003366;\">Julho<\/span><\/a><\/li>\n<li><a href=\"https:\/\/www.ipasemar.pa.gov.br\/transparencia\/wp-content\/uploads\/sites\/2\/2022\/11\/balancete-agosto.pdf\">Agosto<\/a><\/li>\n<li><a href=\"https:\/\/www.ipasemar.pa.gov.br\/transparencia\/wp-content\/uploads\/sites\/2\/2022\/11\/balancete-setembro.pdf\">Setembro<\/a><\/li>\n<li><span style=\"color: #003366;\"><a style=\"color: #003366;\" href=\"https:\/\/www.ipasemar.pa.gov.br\/transparencia\/wp-content\/uploads\/sites\/2\/2023\/01\/BALANCETE-OUTUBRO-2022.pdf\">Outubro<\/a><\/span><\/li>\n<li><a href=\"https:\/\/www.ipasemar.pa.gov.br\/transparencia\/wp-content\/uploads\/sites\/2\/2023\/01\/BALANCETE-NOVEMBRO-2022.pdf\">Novembro<\/a><\/li>\n<li><a href=\"https:\/\/drive.google.com\/file\/d\/1R87vl4wP5-TLhVTo6owrqtKR3sRuPLTQ\/view?usp=share_link\">Dezembro<\/a><\/li>\n<\/ul>\n<p style=\"padding-left: 80px;\"><strong><em>\u00a0<\/em><\/strong><\/p>\n\n\t\t<\/div>\n\t<\/div>\n<\/div><\/div><\/div><div class=\"wpb_column vc_column_container vc_col-sm-2\"><div class=\"vc_column-inner\"><div class=\"wpb_wrapper\">\n\t<div class=\"wpb_text_column wpb_content_element\" >\n\t\t<div class=\"wpb_wrapper\">\n\t\t\t<h4><strong><span style=\"color: #003366;\">2021<\/span><\/strong><\/h4>\n<ul>\n<li><a href=\"https:\/\/www.ipasemar.pa.gov.br\/transparencia\/wp-content\/uploads\/sites\/2\/2022\/04\/BALANCETE-JANEIRO-2021.pdf\"><span style=\"color: #003366;\">Janeiro<\/span><\/a><\/li>\n<li><a href=\"https:\/\/www.ipasemar.pa.gov.br\/transparencia\/wp-content\/uploads\/sites\/2\/2022\/04\/BALANCETE-FEVEREIRO-2021.pdf\"><span style=\"color: #003366;\">Fevereiro<\/span><\/a><\/li>\n<li><a href=\"https:\/\/www.ipasemar.pa.gov.br\/transparencia\/wp-content\/uploads\/sites\/2\/2022\/04\/BALANCETE-MARCO-2021.pdf\"><span style=\"color: #003366;\">Mar\u00e7o<\/span><\/a><\/li>\n<li><a href=\"https:\/\/www.ipasemar.pa.gov.br\/transparencia\/wp-content\/uploads\/sites\/2\/2022\/04\/BALANCETE-ABRIL-2021.pdf\"><span style=\"color: #003366;\">Abril<\/span><\/a><\/li>\n<li><a href=\"https:\/\/www.ipasemar.pa.gov.br\/transparencia\/wp-content\/uploads\/sites\/2\/2022\/04\/BALANCETE-MAIO-2021.pdf\"><span style=\"color: #003366;\">Maio<\/span><\/a><\/li>\n<li><a href=\"https:\/\/www.ipasemar.pa.gov.br\/transparencia\/wp-content\/uploads\/sites\/2\/2022\/04\/FINANCEIRO-JUNHO.pdf\"><span style=\"color: #003366;\">Junho<\/span><\/a><\/li>\n<li><a href=\"https:\/\/www.ipasemar.pa.gov.br\/transparencia\/wp-content\/uploads\/sites\/2\/2022\/04\/FINANCEIRO-JULHO.pdf\"><span style=\"color: #003366;\">Julho<\/span><\/a><\/li>\n<li><a href=\"https:\/\/www.ipasemar.pa.gov.br\/transparencia\/wp-content\/uploads\/sites\/2\/2022\/04\/AGOSTO.pdf\"><span style=\"color: #003366;\">Agosto<\/span><\/a><\/li>\n<li><a href=\"https:\/\/www.ipasemar.pa.gov.br\/transparencia\/wp-content\/uploads\/sites\/2\/2022\/04\/SETEMBRO.pdf\"><span style=\"color: #003366;\">Setembro<\/span><\/a><\/li>\n<li><a href=\"https:\/\/www.ipasemar.pa.gov.br\/transparencia\/wp-content\/uploads\/sites\/2\/2022\/04\/OUTUBRO.pdf\"><span style=\"color: #003366;\">Outubro<\/span><\/a><\/li>\n<li><a href=\"https:\/\/www.ipasemar.pa.gov.br\/transparencia\/wp-content\/uploads\/sites\/2\/2022\/04\/NOVEMBRO.pdf\"><span style=\"color: #003366;\">Novembro<\/span><\/a><\/li>\n<li><a href=\"https:\/\/www.ipasemar.pa.gov.br\/transparencia\/wp-content\/uploads\/sites\/2\/2022\/04\/DEZEMBRO.pdf\"><span style=\"color: #003366;\">Dezembro<\/span><\/a><\/li>\n<\/ul>\n\n\t\t<\/div>\n\t<\/div>\n<\/div><\/div><\/div><\/div>\n<\/div>","protected":false},"excerpt":{"rendered":"2026 Janeiro Fevereiro Mar\u00e7o * O balancete financeiro do m\u00eas de Abril de 2026 estar\u00e1 dispon\u00edvel pelo nosso sistema cont\u00e1bil ap\u00f3s o fechamento da contabilidade do referido m\u00eas. 2025 Janeiro Fevereiro Mar\u00e7o Abril Maio Junho Julho Agosto Setembro Outubro Novembro Dezembro * O balancete financeiro do m\u00eas de Janeiro de 2026 estar\u00e1 dispon\u00edvel pelo nosso [...]","protected":false},"author":3,"featured_media":0,"parent":0,"menu_order":0,"comment_status":"closed","ping_status":"closed","template":"","meta":{"footnotes":""},"class_list":["post-769","page","type-page","status-publish","hentry"],"_links":{"self":[{"href":"https:\/\/www.ipasemar.pa.gov.br\/transparencia\/wp-json\/wp\/v2\/pages\/769","targetHints":{"allow":["GET"]}}],"collection":[{"href":"https:\/\/www.ipasemar.pa.gov.br\/transparencia\/wp-json\/wp\/v2\/pages"}],"about":[{"href":"https:\/\/www.ipasemar.pa.gov.br\/transparencia\/wp-json\/wp\/v2\/types\/page"}],"author":[{"embeddable":true,"href":"https:\/\/www.ipasemar.pa.gov.br\/transparencia\/wp-json\/wp\/v2\/users\/3"}],"replies":[{"embeddable":true,"href":"https:\/\/www.ipasemar.pa.gov.br\/transparencia\/wp-json\/wp\/v2\/comments?post=769"}],"version-history":[{"count":58,"href":"https:\/\/www.ipasemar.pa.gov.br\/transparencia\/wp-json\/wp\/v2\/pages\/769\/revisions"}],"predecessor-version":[{"id":4209,"href":"https:\/\/www.ipasemar.pa.gov.br\/transparencia\/wp-json\/wp\/v2\/pages\/769\/revisions\/4209"}],"wp:attachment":[{"href":"https:\/\/www.ipasemar.pa.gov.br\/transparencia\/wp-json\/wp\/v2\/media?parent=769"}],"curies":[{"name":"wp","href":"https:\/\/api.w.org\/{rel}","templated":true}]}}