{"id":832,"date":"2022-04-22T16:36:21","date_gmt":"2022-04-22T19:36:21","guid":{"rendered":"https:\/\/www.ipasemar.pa.gov.br\/transparencia\/?page_id=832"},"modified":"2025-05-09T14:48:53","modified_gmt":"2025-05-09T17:48:53","slug":"convenios-e-termo-de-adesao","status":"publish","type":"page","link":"https:\/\/www.ipasemar.pa.gov.br\/transparencia\/convenios-e-termo-de-adesao\/","title":{"rendered":"Conv\u00eanios e Termos de Ades\u00e3o\/Credenciamento"},"content":{"rendered":"<h4 style=\"padding-left: 40px;\"><span style=\"color: #003366;\"><em>2025<\/em><\/span><\/h4>\n<ul>\n<li><em><span style=\"color: #003366;\"><a style=\"color: #003366;\" href=\"http:\/\/www.ipasemar.pa.gov.br\/transparencia\/wp-content\/uploads\/sites\/2\/2025\/05\/CONVENIO-BANCO-DO-BRASIL80-1.pdf\">Conv\u00eanio que celebram entre si, o Banco do Brasil e o IPASEMAR, para concess\u00e3o de empr\u00e9stimos ou financiamentos aos servidores aposentados, pensionistas e agentes pol\u00edticos com pagamento mediante consigna\u00e7\u00e3o em folha de pagamento.<\/a><\/span><\/em><\/li>\n<li><a href=\"https:\/\/drive.google.com\/file\/d\/1n_8J6YmDSBb4t6rbLuAXdhB7eBf2jUjq\/view?usp=sharing\"><span style=\"color: #003366;\"><em>1\u00ba termo de credenciamento de concess\u00e3o de empr\u00e9stimos e financiamentos mediante consigna\u00e7\u00e3o em folha de pagamento que celebram entre si o instituto de previd\u00eancia social dos servidores p\u00fablicos do munic\u00edpio de marab\u00e1 \u2013 IPASEMAR e a caixa econ\u00f4mica federal.<\/em><\/span><\/a><\/li>\n<li><em><a href=\"https:\/\/drive.google.com\/file\/d\/121negUZBf2gDUB0P2aoG4YapBnIXLL4A\/view?usp=sharing\"><span style=\"color: #003366;\">2\u00ba termo de credenciamento de concess\u00e3o de empr\u00e9stimos e financiamentos mediante consigna\u00e7\u00e3o em folha de pagamento que celebram entre si o instituto de previd\u00eancia social dos servidores p\u00fablicos do munic\u00edpio de marab\u00e1 &#8211; IPASEMAR e o banco do brasil s.a.<\/span><\/a><\/em><\/li>\n<li><a href=\"https:\/\/drive.google.com\/file\/d\/17wHDAIEfbvtE5gENBhy3bwtn3jNLd87h\/view?usp=sharing\"><span style=\"color: #003366;\"><em>3\u00ba termo de credenciamento de concess\u00e3o de empr\u00e9stimos e financiamentos mediante consigna\u00e7\u00e3o em folha de pagamento que celebram entre si o instituto de previd\u00eancia social dos servidores p\u00fablicos do munic\u00edpio de marab\u00e1 &#8211; IPASEMAR e o banco Bradesco s\/a.<\/em><\/span><\/a><\/li>\n<\/ul>\n<h4 style=\"padding-left: 40px;\"><span style=\"color: #003366;\"><em>2024<\/em><\/span><\/h4>\n<ul>\n<li><em><a href=\"https:\/\/drive.google.com\/file\/d\/1YHcXL6nWYnbiug2Z9L08A0lZ7A-ABmD2\/view?usp=sharing\"><span style=\"color: #003366;\">1\u00ba termo de credenciamento de concess\u00e3o de empr\u00e9stimos e financiamentos mediante consigna\u00e7\u00e3o em folha de pagamento.<\/span><\/a><\/em><\/li>\n<\/ul>\n<h4 style=\"padding-left: 40px;\"><span style=\"color: #003366;\"><em>2023<\/em><\/span><\/h4>\n<p style=\"padding-left: 40px;\"><span style=\"color: #003366;\"><a style=\"color: #003366;\" href=\"https:\/\/www.ipasemar.pa.gov.br\/transparencia\/wp-content\/uploads\/sites\/2\/2023\/09\/DECLARACAO-PORTAL.pdf\"><em>Declara\u00e7\u00e3o de aus\u00eancia de Conv\u00eanios e Termos de ades\u00e3o no exerc\u00edcio de 2023<\/em><\/a><\/span><\/p>\n<ul>\n<li><a href=\"https:\/\/drive.google.com\/file\/d\/1gki5sr5_Ykm_7q6RlOM_AM_nrLZu_T8q\/view?usp=sharing\"><span style=\"color: #003366;\">Conv\u00eanio celebrado com o <\/span><em><span style=\"color: #003366;\">Sicredi do ano de 2021<\/span><\/em><\/a><\/li>\n<li><a href=\"https:\/\/drive.google.com\/file\/d\/1dmy-chD627imqzRczWmLELWzAZGDhVXF\/view?usp=sharing\"><span style=\"color: #003366;\">Conv\u00eanio celebrado com o <em>Banco do Brasil S.A do ano de 2019<\/em><\/span><\/a><\/li>\n<li><span style=\"color: #003366;\"><a style=\"color: #003366;\" href=\"https:\/\/drive.google.com\/file\/d\/1MRYlVWKlT_Vh8CeTCUQ5Vp2DCHEi_Kl2\/view?usp=sharing\">TERMO DE ADES\u00c3O celebrado com a Secretaria Especial de Previd\u00eancia e Trabalho do Minist\u00e9rio da Economia, relativo ao sistema de compensa\u00e7\u00e3o previdenci\u00e1ria (COMPREV) nos termos do Decreto n\u00ba 10.188, de 2019<\/a><\/span><\/li>\n<li><a href=\"https:\/\/drive.google.com\/file\/d\/1_pFuiTtK9LqW0tWL6u0w-1gfb1UR_vL0\/view?usp=sharing\"><span style=\"color: #003366;\">TERMO DE COMODATO celebrado entre o Ipasemar e a Empresa F\u00e1cil Solu\u00e7\u00f5es Tecnol\u00f3gicas em Inform\u00e1tica LTDA.<\/span> <\/a><\/li>\n<\/ul>\n","protected":false},"excerpt":{"rendered":"<p>2025 Conv\u00eanio que celebram entre si, o Banco do Brasil e o IPASEMAR, para concess\u00e3o de empr\u00e9stimos ou financiamentos aos servidores aposentados, pensionistas e agentes pol\u00edticos com pagamento mediante consigna\u00e7\u00e3o em folha de pagamento. 1\u00ba termo de credenciamento de concess\u00e3o de empr\u00e9stimos e financiamentos mediante consigna\u00e7\u00e3o em folha de pagamento que celebram entre si o [&hellip;]<\/p>\n","protected":false},"author":3,"featured_media":0,"parent":0,"menu_order":0,"comment_status":"closed","ping_status":"closed","template":"","meta":{"footnotes":""},"class_list":["post-832","page","type-page","status-publish","hentry"],"_links":{"self":[{"href":"https:\/\/www.ipasemar.pa.gov.br\/transparencia\/wp-json\/wp\/v2\/pages\/832","targetHints":{"allow":["GET"]}}],"collection":[{"href":"https:\/\/www.ipasemar.pa.gov.br\/transparencia\/wp-json\/wp\/v2\/pages"}],"about":[{"href":"https:\/\/www.ipasemar.pa.gov.br\/transparencia\/wp-json\/wp\/v2\/types\/page"}],"author":[{"embeddable":true,"href":"https:\/\/www.ipasemar.pa.gov.br\/transparencia\/wp-json\/wp\/v2\/users\/3"}],"replies":[{"embeddable":true,"href":"https:\/\/www.ipasemar.pa.gov.br\/transparencia\/wp-json\/wp\/v2\/comments?post=832"}],"version-history":[{"count":25,"href":"https:\/\/www.ipasemar.pa.gov.br\/transparencia\/wp-json\/wp\/v2\/pages\/832\/revisions"}],"predecessor-version":[{"id":3431,"href":"https:\/\/www.ipasemar.pa.gov.br\/transparencia\/wp-json\/wp\/v2\/pages\/832\/revisions\/3431"}],"wp:attachment":[{"href":"https:\/\/www.ipasemar.pa.gov.br\/transparencia\/wp-json\/wp\/v2\/media?parent=832"}],"curies":[{"name":"wp","href":"https:\/\/api.w.org\/{rel}","templated":true}]}}