{"id":945,"date":"2022-05-02T08:23:18","date_gmt":"2022-05-02T11:23:18","guid":{"rendered":"https:\/\/www.ipasemar.pa.gov.br\/transparencia\/?page_id=945"},"modified":"2025-08-29T10:43:42","modified_gmt":"2025-08-29T13:43:42","slug":"processo-licitatorio-2","status":"publish","type":"page","link":"https:\/\/www.ipasemar.pa.gov.br\/transparencia\/processo-licitatorio-2\/","title":{"rendered":"Processo licitat\u00f3rio\/Contratos administrativos"},"content":{"rendered":"<h6><a href=\"https:\/\/www.ipasemar.pa.gov.br\/transparencia\/licitacoes\/\"><strong><span style=\"color: #003366;\">Licita\u00e7\u00f5es <em><span style=\"color: #ff0000;\">(acesse aqui)<\/span><\/em><\/span><\/strong><\/a><\/h6>\n<h6><a href=\"https:\/\/drive.google.com\/drive\/folders\/1KBFsUex6CMvyrYnVGB_bsvm2KQulGugD?usp=sharing\"><span style=\"color: #003366;\"><strong>Termos de Contrato e Aditivos Vigentes <span style=\"color: #ff0000;\"><em>(acesse aqui)<\/em><\/span><\/strong><\/span><\/a><\/h6>\n<hr \/>\n<h5><strong><span style=\"color: #003366;\">GEOBRAS<\/span><\/strong><\/h5>\n<h6><span style=\"color: #003366;\"><a style=\"color: #003366;\" href=\"https:\/\/www.ipasemar.pa.gov.br\/wp-content\/uploads\/2022\/05\/DECLARAODEINEXISTNCIADEEDITALDELICITAOOBRASESERVIOSDEENGENHARIA-1.pdf\">Editais de Licita\u00e7\u00e3o\u00a0 &#8211; Obras e Servi\u00e7os de Engenharia<\/a><\/span><\/h6>\n<ul>\n<li><span style=\"color: #003366;\">2022 (N\u00e3o realizou)<\/span><\/li>\n<li><span style=\"color: #003366;\">2023 (N\u00e3o realizou)<\/span><\/li>\n<li><span style=\"color: #003366;\">2024 (N\u00e3o realizou)<\/span><\/li>\n<li><span style=\"color: #003366;\">2025 (N\u00e3o realizou at\u00e9 o momento)<\/span><\/li>\n<\/ul>\n<h6><span style=\"color: #003366;\"><a style=\"color: #003366;\" href=\"https:\/\/www.ipasemar.pa.gov.br\/wp-content\/uploads\/2022\/05\/DECLARAODEINEXISTNCIADEDISPENSAEINEXIGIBILIDADEOBRASESERVIOSDEENGENHARIA.pdf\">Resultado de licita\u00e7\u00f5es<\/a><a style=\"color: #003366;\" href=\"https:\/\/www.ipasemar.pa.gov.br\/wp-content\/uploads\/2022\/05\/DECLARAODEINEXISTNCIADEEDITALDELICITAOOBRASESERVIOSDEENGENHARIA-1.pdf\">&#8211; Obras e Servi\u00e7os de Engenharia<\/a><\/span><\/h6>\n<ul>\n<li><span style=\"color: #003366;\">2022 (N\u00e3o realizou)<\/span><\/li>\n<li><span style=\"color: #003366;\">2023 (N\u00e3o realizou)<\/span><\/li>\n<li><span style=\"color: #003366;\">2024 (N\u00e3o realizou)<\/span><\/li>\n<li><span style=\"color: #003366;\">2025 (N\u00e3o realizou at\u00e9 o momento)<\/span><\/li>\n<\/ul>\n<h6><span style=\"color: #003366;\"><a style=\"color: #003366;\" href=\"https:\/\/www.ipasemar.pa.gov.br\/wp-content\/uploads\/2022\/05\/DECLARAODEINEXISTNCIADEDISPENSAEINEXIGIBILIDADEOBRASESERVIOSDEENGENHARIA.pdf\">Dispensa e Inexigibilidade<\/a><a style=\"color: #003366;\" href=\"https:\/\/www.ipasemar.pa.gov.br\/wp-content\/uploads\/2022\/05\/DECLARAODEINEXISTNCIADEEDITALDELICITAOOBRASESERVIOSDEENGENHARIA-1.pdf\">&#8211; Obras e Servi\u00e7os de Engenharia<\/a><\/span><\/h6>\n<ul>\n<li><span style=\"color: #003366;\">2022 (N\u00e3o realizou)<\/span><\/li>\n<li><span style=\"color: #003366;\">2023 (N\u00e3o realizou)<\/span><\/li>\n<li><span style=\"color: #003366;\">2024 (N\u00e3o realizou)<\/span><\/li>\n<li><span style=\"color: #003366;\">2025 (N\u00e3o realizou at\u00e9 o momento)<\/span><\/li>\n<\/ul>\n<h6><span style=\"color: #003366;\"><a style=\"color: #003366;\" href=\"https:\/\/www.ipasemar.pa.gov.br\/wp-content\/uploads\/2022\/05\/DECLARAODEINEXISTNCIADETERMOSDECONTRATOEADITIVOSVIGENTESOBRASESERVIOSDEENGENHARIA.pdf\">Termo de Contratos e Aditivos<\/a><a style=\"color: #003366;\" href=\"https:\/\/www.ipasemar.pa.gov.br\/wp-content\/uploads\/2022\/05\/DECLARAODEINEXISTNCIADEEDITALDELICITAOOBRASESERVIOSDEENGENHARIA-1.pdf\">&#8211; Obras e Servi\u00e7os de Engenharia<\/a><\/span><\/h6>\n<ul>\n<li><span style=\"color: #003366;\">2022 (N\u00e3o realizou)<\/span><\/li>\n<li><span style=\"color: #003366;\">2023 (N\u00e3o realizou)<\/span><\/li>\n<li><span style=\"color: #003366;\">2024 (N\u00e3o realizou)<\/span><\/li>\n<li><span style=\"color: #003366;\">2025 (N\u00e3o realizou at\u00e9 o momento)<\/span><\/li>\n<\/ul>\n<h6><\/h6>\n","protected":false},"excerpt":{"rendered":"<p>Licita\u00e7\u00f5es (acesse aqui) Termos de Contrato e Aditivos Vigentes (acesse aqui) GEOBRAS Editais de Licita\u00e7\u00e3o\u00a0 &#8211; Obras e Servi\u00e7os de Engenharia 2022 (N\u00e3o realizou) 2023 (N\u00e3o realizou) 2024 (N\u00e3o realizou) 2025 (N\u00e3o realizou at\u00e9 o momento) Resultado de licita\u00e7\u00f5es&#8211; Obras e Servi\u00e7os de Engenharia 2022 (N\u00e3o realizou) 2023 (N\u00e3o realizou) 2024 (N\u00e3o realizou) 2025 (N\u00e3o [&hellip;]<\/p>\n","protected":false},"author":3,"featured_media":0,"parent":0,"menu_order":0,"comment_status":"closed","ping_status":"closed","template":"","meta":{"footnotes":""},"class_list":["post-945","page","type-page","status-publish","hentry"],"_links":{"self":[{"href":"https:\/\/www.ipasemar.pa.gov.br\/transparencia\/wp-json\/wp\/v2\/pages\/945","targetHints":{"allow":["GET"]}}],"collection":[{"href":"https:\/\/www.ipasemar.pa.gov.br\/transparencia\/wp-json\/wp\/v2\/pages"}],"about":[{"href":"https:\/\/www.ipasemar.pa.gov.br\/transparencia\/wp-json\/wp\/v2\/types\/page"}],"author":[{"embeddable":true,"href":"https:\/\/www.ipasemar.pa.gov.br\/transparencia\/wp-json\/wp\/v2\/users\/3"}],"replies":[{"embeddable":true,"href":"https:\/\/www.ipasemar.pa.gov.br\/transparencia\/wp-json\/wp\/v2\/comments?post=945"}],"version-history":[{"count":22,"href":"https:\/\/www.ipasemar.pa.gov.br\/transparencia\/wp-json\/wp\/v2\/pages\/945\/revisions"}],"predecessor-version":[{"id":3672,"href":"https:\/\/www.ipasemar.pa.gov.br\/transparencia\/wp-json\/wp\/v2\/pages\/945\/revisions\/3672"}],"wp:attachment":[{"href":"https:\/\/www.ipasemar.pa.gov.br\/transparencia\/wp-json\/wp\/v2\/media?parent=945"}],"curies":[{"name":"wp","href":"https:\/\/api.w.org\/{rel}","templated":true}]}}