{"id":955,"date":"2022-05-02T11:46:42","date_gmt":"2022-05-02T14:46:42","guid":{"rendered":"https:\/\/www.ipasemar.pa.gov.br\/transparencia\/?page_id=955"},"modified":"2026-01-27T10:23:23","modified_gmt":"2026-01-27T13:23:23","slug":"politica-anual-de-investimentos","status":"publish","type":"page","link":"https:\/\/www.ipasemar.pa.gov.br\/transparencia\/politica-anual-de-investimentos\/","title":{"rendered":"pol\u00edtica anual de investimentos"},"content":{"rendered":"<h5><a href=\"http:\/\/www.ipasemar.pa.gov.br\/transparencia\/wp-content\/uploads\/sites\/2\/2026\/01\/SEI_1480502_Politica_Anual_de_Investimentos.pdf\"><span style=\"color: #003366;\"><strong>Pol\u00edtica Anual de Investimentos 2026 (Adequa\u00e7\u00e3o a Resolu\u00e7\u00e3o CMN n\u00ba 5.272, de 18 de dezembro de 2025)<\/strong><\/span><\/a><\/h5>\n<p><span style=\"color: #003366;\"><em>Em conformidade com a legisla\u00e7\u00e3o vigente aplic\u00e1vel aos investimentos dos Regimes Pr\u00f3prios de Previd\u00eancia Social (RPPS), especialmente a Resolu\u00e7\u00e3o CMN n\u00ba 5.272, de 18 de dezembro de 2025, e a Portaria MTP n\u00ba 1.467, de 2 de junho de 2022, o Instituto de Previd\u00eancia Social dos Servidores P\u00fablicos do Munic\u00edpio de Marab\u00e1 (IPASEMAR), por meio de seu Conselho de Administra\u00e7\u00e3o, apresenta a Pol\u00edtica de Investimentos para o exerc\u00edcio de 2026.<\/em><\/span><br \/>\n<span style=\"color: #003366;\"><em>Este documento estabelece as diretrizes que fundamentam e orientam todo o processo decis\u00f3rio relacionado aos investimentos dos recursos previdenci\u00e1rios do IPASEMAR, servindo como instrumento essencial para assegurar a consist\u00eancia na gest\u00e3o dos recursos ao longo do tempo. O objetivo \u00e9 garantir o equil\u00edbrio econ\u00f4mico-financeiro entre ativos e passivos, observando rigorosamente os princ\u00edpios de seguran\u00e7a, rentabilidade, solv\u00eancia, liquidez, motiva\u00e7\u00e3o, adequa\u00e7\u00e3o \u00e0 natureza das obriga\u00e7\u00f5es e transpar\u00eancia. A Pol\u00edtica de Investimentos foi elaborada pelo Comit\u00ea de Investimentos e aprovada pelo Conselho de Administra\u00e7\u00e3o do IPASEMAR, conforme registrado nas atas n\u00ba 02\/2026-COINVEST-EXTRAORDINARIA, de 23 de janeiro de 2026, e n\u00ba 02\/2026-CAI- EXTRAORDINARIA, de 26 de janeiro de 2026. Este novo texto adequa a Pol\u00edtica de Investimentos 2026, aprovada pelo Conselho de Administra\u00e7\u00e3o do <\/em><\/span><span style=\"color: #003366;\"><em>IPASEMAR, conforme registrado na ata n\u00ba 013\/2025-CAI, de 17 de dezembro de 2025, a Resolu\u00e7\u00e3o CMN n\u00ba 5.272,<\/em><\/span><br \/>\n<span style=\"color: #003366;\"><em>de 18 de dezembro de 2025, em conformidade com a Portaria MPS n\u00ba 2.582, de 26 de dezembro de 2025.<\/em><\/span><\/p>\n<h5><a href=\"http:\/\/www.ipasemar.pa.gov.br\/transparencia\/wp-content\/uploads\/sites\/2\/2026\/01\/SEI_1379767_Aviso_1-1.pdf\"><span style=\"color: #003366;\"><strong>Pol\u00edtica Anual de Investimentos 2026<\/strong><\/span><\/a><\/h5>\n<p><span class=\"fontstyle0\" style=\"color: #003366;\"><em> Em conformidade com a legisla\u00e7\u00e3o vigente aplic\u00e1vel aos investimentos dos Regimes Pr\u00f3prios de Previd\u00eancia Social (RPPS), especialmente a Resolu\u00e7\u00e3o CMN n\u00ba 4.963, de 25 de novembro de 2021, e a Portaria MTP n\u00ba 1.467, de 2 de junho de 2022, o Instituto de Previd\u00eancia Social dos Servidores P\u00fablicos do Munic\u00edpio de Marab\u00e1 (IPASEMAR), por meio de seu Conselho de Administra\u00e7\u00e3o, apresenta a Pol\u00edtica de Investimentos para o exerc\u00edcio de 2026.<\/em><br \/>\n<em>Este documento estabelece as diretrizes que fundamentam e orientam todo o processo decis\u00f3rio relacionado aos investimentos dos recursos previdenci\u00e1rios do IPASEMAR, servindo como instrumento essencial para assegurar a consist\u00eancia na gest\u00e3o dos recursos ao longo do tempo. O objetivo \u00e9 garantir o equil\u00edbrio econ\u00f4mico-financeiro entre ativos e passivos, observando rigorosamente os princ\u00edpios de seguran\u00e7a, rentabilidade, solv\u00eancia, liquidez, motiva\u00e7\u00e3o, adequa\u00e7\u00e3o \u00e0 natureza das obriga\u00e7\u00f5es e transpar\u00eancia. A Pol\u00edtica de Investimentos foi elaborada pelo Comit\u00ea de Investimentos e aprovada pelo Conselho de Administra\u00e7\u00e3o do IPASEMAR, conforme registrado nas atas n\u00ba 16\/2025-COINVEST, de 15 de dezembro de 2025, e n\u00ba 13\/2025-CAI, de 17 de dezembro de 2025.<\/em>\u00a0<\/span><\/p>\n<h5><a href=\"http:\/\/www.ipasemar.pa.gov.br\/transparencia\/wp-content\/uploads\/sites\/2\/2025\/08\/SEI_0820358_Oficio_14.pdf\"><span style=\"color: #003366;\"><strong>Pol\u00edtica Anual de Investimentos 2025 (Revisada)<\/strong><\/span><\/a><\/h5>\n<p><a href=\"http:\/\/www.ipasemar.pa.gov.br\/transparencia\/wp-content\/uploads\/sites\/2\/2025\/08\/SEI_0820358_Oficio_14.pdf\"><span style=\"color: #003366;\"><em>Atendendo \u00e0 legisla\u00e7\u00e3o pertinente aos investimentos dos Regimes Pr\u00f3prios de Previd\u00eancia Social (RPPS), em especial \u00e0 Resolu\u00e7\u00e3o CMN n.\u00ba 4.963, de 25 de novembro de 2021 e a Portaria MTP n.\u00ba 1.467 de 02 de junho de 2022, o Instituto de Previd\u00eancia Social dos Servidores P\u00fablicos do Munic\u00edpio de Marab\u00e1 (IPASEMAR), por meio de seu Conselho de Administra\u00e7\u00e3o, apresenta a vers\u00e3o\u00a0 atualizada da Pol\u00edtica de Investimentos do IPASEMAR para o ano de 2025. <\/em><\/span><\/a><\/p>\n<p><a href=\"http:\/\/www.ipasemar.pa.gov.br\/transparencia\/wp-content\/uploads\/sites\/2\/2025\/08\/SEI_0820358_Oficio_14.pdf\"><span style=\"color: #003366;\"><em>Trata-se das diretrizes que fundamentam e norteiam todo o processo de tomada de decis\u00e3o relativa aos investimentos dos recursos previdenci\u00e1rios do IPASEMAR, utilizada como instrumento necess\u00e1rio para garantir a consist\u00eancia da gest\u00e3o dos recursos no decorrer do tempo visando \u00e0 manuten\u00e7\u00e3o do equil\u00edbrio econ\u00f4mico-financeiro entre os seus ativos e passivos, em observ\u00e2ncia aos princ\u00edpios da seguran\u00e7a, rentabilidade, solv\u00eancia, liquidez, motiva\u00e7\u00e3o, adequa\u00e7\u00e3o \u00e0 natureza de suas obriga\u00e7\u00f5es e transpar\u00eancia.<\/em><\/span><\/a><\/p>\n<p><a href=\"http:\/\/www.ipasemar.pa.gov.br\/transparencia\/wp-content\/uploads\/sites\/2\/2025\/08\/SEI_0820358_Oficio_14.pdf\"><span style=\"color: #003366;\"><em>Foi elaborada pelo Comit\u00ea de Investimentos e aprovada pelo Conselho de Administra\u00e7\u00e3o do IPASEMAR, por ocasi\u00e3o de suas respectivas reuni\u00f5es ordin\u00e1rias, conforme registro nas atas de n.\u00ba 09\/2025-COINVEST, de 15 de julho de 2025 e n.\u00ba 08\/2025-CAI, de 17 de julho de 2025.<\/em><\/span><\/a><\/p>\n<h5><a href=\"http:\/\/www.ipasemar.pa.gov.br\/transparencia\/wp-content\/uploads\/sites\/2\/2025\/08\/SEI_0820358_Oficio_14.pdf\"><span style=\"color: #003366;\"><strong>Pol\u00edtica Anual d<\/strong><\/span><\/a><a href=\"https:\/\/drive.google.com\/file\/d\/1w65SxqJsDT0dkEjExHSrhGMWSLr24jQj\/view?usp=sharing\"><span style=\"color: #003366;\"><strong>e Investimentos 2025<\/strong><\/span><\/a><\/h5>\n<p><a href=\"https:\/\/drive.google.com\/file\/d\/1w65SxqJsDT0dkEjExHSrhGMWSLr24jQj\/view?usp=sharing\"><span style=\"color: #003366;\"><em><span class=\"fontstyle0\"> Atendendo \u00e0 legisla\u00e7\u00e3o pertinente aos investimentos dos Regimes Pr\u00f3prios de Previd\u00eancia Social \u2013 RPPS, em especial \u00e0 Resolu\u00e7\u00e3o CMN n\u00ba. 4.963, de 25 de novembro de 2021 e a Portaria MTP 1.467 de 02 de junho de 2022 (texto consolidado), o Regime Pr\u00f3prio de Previd\u00eancia Social, por meio de seu Conselho de Administra\u00e7\u00e3o, est\u00e1 apresentando a vers\u00e3o da Pol\u00edtica de Investimentos do Instituto de Previd\u00eancia para o ano de 2025, devidamente aprovada por este Conselho.<br \/>\nTrata-se de uma formalidade legal que fundamenta e norteia todo o processo de tomada de decis\u00e3o relativa aos investimentos do Instituto de Previd\u00eancia Social dos Servidores P\u00fablicos do Munic\u00edpio utilizado como instrumento necess\u00e1rio para garantir a consist\u00eancia da gest\u00e3o dos recursos no decorrer do tempo e visar \u00e0 manuten\u00e7\u00e3o do equil\u00edbrio econ\u00f4mico financeiro entre os seus ativos e passivos, em observ\u00e2ncia aos princ\u00edpios da seguran\u00e7a, rentabilidade, solv\u00eancia, liquidez, motiva\u00e7\u00e3o, adequa\u00e7\u00e3o \u00e0 natureza de suas obriga\u00e7\u00f5es e transpar\u00eancia. Foi discutida e aprovada pelo Conselho de Administra\u00e7\u00e3o do Instituto de Previd\u00eancia Social dos Servidores P\u00fablicos do Munic\u00edpio de Marab\u00e1 &#8211; IPASEMAR em reuni\u00e3o ordin\u00e1ria, com registro na Ata de n.\u00ba 14\/2024, de 27 de dezembro de 2024.<\/span><\/em><\/span><\/a><\/p>\n<p>&nbsp;<\/p>\n<h5><a href=\"https:\/\/drive.google.com\/file\/d\/1NHPJQl_rvFgc2NnV41gfsYviBVdngJ4F\/view?usp=sharing\"><strong><span style=\"color: #003366;\">Pol\u00edtica Anual de Investimentos 2024 (Revisada)<\/span><\/strong><\/a><\/h5>\n<p><a href=\"https:\/\/drive.google.com\/file\/d\/1NHPJQl_rvFgc2NnV41gfsYviBVdngJ4F\/view?usp=sharing\"><span style=\"color: #003366;\"><em>O Instituto de Previd\u00eancia Social dos Servidores P\u00fablicos do Munic\u00edpio de Marab\u00e1 \u2013 IPASEMAR \u00e9 constitu\u00eddo na forma da legisla\u00e7\u00e3o pertinente em vigor, com car\u00e1ter n\u00e3o econ\u00f4mico e sem fins lucrativos, com autonomia administrativa, patrimonial e financeira. \u00a0Sua fun\u00e7\u00e3o \u00e9 administrar e executar a previd\u00eancia social dos servidores p\u00fablicos de Marab\u00e1, conforme estabelece a Lei n.\u00b0 17.756 de 20 de dezembro de 2016, Lei Complementar n.\u00b0 17 de 4 de janeiro de 2023 e suas altera\u00e7\u00f5es, Resolu\u00e7\u00e3o CMN n.\u00b0 4.963 de 25 de novembro de 2021 e Portaria MTP n.\u00b01.467 de 2 de junho de 2022 e suas altera\u00e7\u00f5es, que cont\u00e9m as diretrizes de aplica\u00e7\u00e3o dos recursos garantidores do plano de benef\u00edcio administrado pelo IPASEMAR. A presente Pol\u00edtica de Investimentos \u2013 PI constitui-se uma formalidade legal que estabelece as diretrizes, fundamenta e norteia todo o processo de tomada de decis\u00e3o de investimentos dos recursos previdenci\u00e1rios do IPASEMAR, utilizada como instrumento necess\u00e1rio para garantir a consist\u00eancia da gest\u00e3o dos recursos no decorrer do tempo e visar \u00e0 manuten\u00e7\u00e3o do equil\u00edbrio econ\u00f4mico-financeiro entre os seus ativos e passivos, em observ\u00e2ncia aos princ\u00edpios da seguran\u00e7a, rentabilidade, solv\u00eancia, liquidez, motiva\u00e7\u00e3o, adequa\u00e7\u00e3o \u00e0 natureza de suas obriga\u00e7\u00f5es e transpar\u00eancia. Foi discutida e aprovada pelo Conselho de Administra\u00e7\u00e3o do Instituto de Previd\u00eancia Social dos Servidores P\u00fablicos do Munic\u00edpio de Marab\u00e1 &#8211; IPASEMAR em reuni\u00e3o ordin\u00e1ria, com registro na Ata de n.\u00b0 13\/2023, de 21 de dezembro de 2023, e posteriormente revisada com aprova\u00e7\u00e3o pelo Conselho de Administra\u00e7\u00e3o do IPASEMAR em reuni\u00e3o ordin\u00e1ria, com registro na Ata de n.\u00b0 02\/2024, de 23 de fevereiro de 2024.<\/em><\/span><\/a><\/p>\n<h5><a href=\"https:\/\/drive.google.com\/file\/d\/1r9u4Js66m_z91Yp_WaXpFWexfA23r-OF\/view?usp=sharing\"><span style=\"color: #003366;\"><strong>Pol\u00edtica Anual de Investimentos 2024<\/strong><\/span><\/a><\/h5>\n<p><a href=\"https:\/\/drive.google.com\/file\/d\/1r9u4Js66m_z91Yp_WaXpFWexfA23r-OF\/view?usp=sharing\"><span style=\"color: #003366;\"><em>O Instituto de Previd\u00eancia Social dos Servidores P\u00fablicos do Munic\u00edpio de Marab\u00e1 \u2013 IPASEMAR \u00e9 constitu\u00eddo na forma da legisla\u00e7\u00e3o pertinente em vigor, com car\u00e1ter n\u00e3o econ\u00f4mico e sem fins lucrativos, com autonomia administrativa, patrimonial e financeira. \u00a0Sua fun\u00e7\u00e3o \u00e9 administrar e executar a previd\u00eancia social dos servidores p\u00fablicos de Marab\u00e1, conforme estabelece a Lei n.\u00b0 17.756 de 20 de dezembro de 2016, Lei Complementar n.\u00b0 17 de 4 de janeiro de 2023 e suas altera\u00e7\u00f5es, Resolu\u00e7\u00e3o CMN n.\u00b0 4.963 de 25 de novembro de 2021 e Portaria MTP n.\u00b01.467 de 2 de junho de 2022 e suas altera\u00e7\u00f5es, que cont\u00e9m as diretrizes de aplica\u00e7\u00e3o dos recursos garantidores do plano de benef\u00edcio administrado pelo IPASEMAR. A presente Pol\u00edtica de Investimentos \u2013 PI constitui-se uma formalidade legal que estabelece as diretrizes, fundamenta e norteia todo o processo de tomada de decis\u00e3o de investimentos dos recursos previdenci\u00e1rios do IPASEMAR, utilizada como instrumento necess\u00e1rio para garantir a consist\u00eancia da gest\u00e3o dos recursos no decorrer do tempo e visar \u00e0 manuten\u00e7\u00e3o do equil\u00edbrio econ\u00f4mico-financeiro entre os seus ativos e passivos, em observ\u00e2ncia aos princ\u00edpios da seguran\u00e7a, rentabilidade, solv\u00eancia, liquidez, motiva\u00e7\u00e3o, adequa\u00e7\u00e3o \u00e0 natureza de suas obriga\u00e7\u00f5es e transpar\u00eancia. Foi discutida e aprovada pelo Conselho de Administra\u00e7\u00e3o do Instituto de Previd\u00eancia Social dos Servidores P\u00fablicos do Munic\u00edpio de Marab\u00e1 &#8211; IPASEMAR em reuni\u00e3o ordin\u00e1ria, com registro na Ata de n.\u00b0 13\/2023, de 21 de dezembro de 2023.<\/em><\/span><\/a><\/p>\n<h5><a href=\"https:\/\/drive.google.com\/file\/d\/1U0TJobyyHzNEb9NsT_i450Pm2efDR80O\/view?usp=sharing\"><span style=\"color: #003366;\"><strong>Pol\u00edtica Anual de Investimentos 2023 (Revisada)<\/strong><\/span><\/a><\/h5>\n<p style=\"text-align: left;\"><span style=\"color: #003366;\"><a style=\"color: #003366;\" href=\"https:\/\/drive.google.com\/file\/d\/1U0TJobyyHzNEb9NsT_i450Pm2efDR80O\/view?usp=sharing\"><em>O Instituto de Previd\u00eancia Social dos Servidores P\u00fablicos do Munic\u00edpio de Marab\u00e1 \u2013 IPASEMAR \u00e9 constitu\u00eddo na forma da legisla\u00e7\u00e3o pertinente em vigor, com car\u00e1ter n\u00e3o econ\u00f4mico e sem fins lucrativos, com autonomia administrativa, patrimonial e financeira. \u00a0Sua fun\u00e7\u00e3o \u00e9 administrar e executar a previd\u00eancia social dos servidores p\u00fablicos de Marab\u00e1, conforme estabelece a Lei n\u00ba 17.756 de 20 de dezembro de 2016 e a Resolu\u00e7\u00e3o CMN n\u00ba 4963 de 25 de novembro de 2021, que cont\u00e9m as diretrizes de aplica\u00e7\u00e3o dos recursos garantidores do plano de benef\u00edcio administrado pelo IPASEMAR. A presente Pol\u00edtica de Investimentos (P.I.) trata-se de uma formalidade legal que fundamenta e norteia todo o processo de tomada de decis\u00e3o relativa aos investimentos do IPASEMAR utilizado como instrumento necess\u00e1rio para garantir a consist\u00eancia da gest\u00e3o dos recursos no decorrer do tempo e visar \u00e0 manuten\u00e7\u00e3o do equil\u00edbrio econ\u00f4mico-financeiro entre os seus ativos e passivos. Foi discutida e aprovada pelo Conselho de Administra\u00e7\u00e3o do Instituto de Previd\u00eancia Social dos Servidores P\u00fablicos do Munic\u00edpio de Marab\u00e1 &#8211; IPASEMAR na reuni\u00e3o ordin\u00e1ria ATA de n\u00ba 06\/2023 que ocorreu em 29 de Maio de 2023.<\/em><\/a><\/span><\/p>\n<h5><a href=\"https:\/\/drive.google.com\/file\/d\/14qXHKUmitM2ppz-YBjy3el71QUnDXl15\/view?usp=sharing\"><span style=\"color: #003366;\"><strong>Pol\u00edtica Anual de Investimentos 2022<\/strong><\/span><\/a><\/h5>\n<p><span style=\"color: #003366;\"><a style=\"color: #003366;\" href=\"https:\/\/drive.google.com\/file\/d\/14qXHKUmitM2ppz-YBjy3el71QUnDXl15\/view?usp=sharing\"><em>O Instituto de Previd\u00eancia Social dos Servidores P\u00fablicos do Munic\u00edpio de Marab\u00e1 \u2013 IPASEMAR \u00e9 constitu\u00eddo na forma da legisla\u00e7\u00e3o pertinente em vigor, com car\u00e1ter n\u00e3o econ\u00f4mico e sem fins lucrativos, com autonomia administrativa, patrimonial e financeira. Sua fun\u00e7\u00e3o \u00e9 administrar e executar a previd\u00eancia social dos servidores p\u00fablicos de Marab\u00e1, conforme estabelece a Lei n\u00ba 17.756 de 20 de dezembro de 2016 e a Resolu\u00e7\u00e3o CMN n\u00ba 4963 de 25 de novembro de 2021, que cont\u00e9m as diretrizes de aplica\u00e7\u00e3o dos recursos garantidores do plano de benef\u00edcio administrado pelo IPASEMAR. A presente Pol\u00edtica de Investimentos (P.I.) trata-se de uma formalidade legal que fundamenta e norteia todo o processo de tomada de decis\u00e3o relativa aos investimentos do IPASEMAR utilizado como instrumento necess\u00e1rio para garantir a consist\u00eancia da gest\u00e3o dos recursos no decorrer do tempo e visar \u00e0 manuten\u00e7\u00e3o do equil\u00edbrio econ\u00f4mico-financeiro entre os seus ativos e passivos. Foi discutida e aprovada pelo Conselho Administrativo do Instituto de Previd\u00eancia Social dos Servidores P\u00fablicos do Munic\u00edpio de Marab\u00e1 &#8211; IPASEMAR na reuni\u00e3o ordin\u00e1ria ATA de n\u00ba 002\/2022 que ocorreu em 21\/02\/2022<\/em><\/a><\/span><\/p>\n<h5><a href=\"https:\/\/drive.google.com\/file\/d\/1st2DYy56_HC1w5i1ERfBtC22iA1eMBr-\/view?usp=sharing\"><span style=\"color: #003366;\"><strong>Pol\u00edtica Anual de Investimentos 2021<\/strong><\/span><\/a><\/h5>\n<p><a href=\"https:\/\/drive.google.com\/file\/d\/1st2DYy56_HC1w5i1ERfBtC22iA1eMBr-\/view?usp=sharing\"><em>O Instituto de Previd\u00eancia Social dos Servidores P\u00fablicos do Munic\u00edpio de Marab\u00e1 &#8211; IPASEMAR, \u00e9 constitu\u00eddo na forma da legisla\u00e7\u00e3o pertinente em vigor, como pessoa jur\u00eddica de natureza aut\u00e1rquica, sob regime especial, dotado de autonomia administrativa, patrimonial e financeira. Sendo o \u00fanico \u00f3rg\u00e3o gestor do regime pr\u00f3prio de previd\u00eancia social dos servidores municipais dos poderes legislativo, executivo, inclu\u00eddas suas autarquias e funda\u00e7\u00f5es, de car\u00e1ter contributivo, em cumprimento \u00e0s disposi\u00e7\u00f5es de que trata o Art. 40 da Constitui\u00e7\u00e3o Federal, Lei n\u00ba 17.756 de 20 de dezembro de 2016 e a Resolu\u00e7\u00e3o CMN n\u00ba 3.992\/2010 e posteriores altera\u00e7\u00f5es, que cont\u00e9m as diretrizes de aplica\u00e7\u00e3o dos recursos garantidores do plano de benef\u00edcio administrado pelo Regime Pr\u00f3prio de Previd\u00eancia Social (RPPS). A presente Pol\u00edtica de Investimentos (P.I.) foi discutida e aprovada pelo Conselho Administrativo do Instituto de Previd\u00eancia Social dos Servidores P\u00fablicos do Munic\u00edpio de Marab\u00e1 &#8211; IPASEMAR na reuni\u00e3o ordin\u00e1ria ATA de n\u00ba 14\/2020 que ocorreu em 17 de dezembro de 2020.<\/em><\/a><\/p>\n<h5><a href=\"https:\/\/drive.google.com\/file\/d\/1Pqwmik0i9Ro6GY9uhPD12EqorK58SeuC\/view?usp=sharing\"><span style=\"color: #003366;\"><strong>Pol\u00edtica Anual de Investimentos 2020<\/strong><\/span><\/a><\/h5>\n<p><a href=\"https:\/\/drive.google.com\/file\/d\/1Pqwmik0i9Ro6GY9uhPD12EqorK58SeuC\/view?usp=sharing\"><em>A presente pol\u00edtica de investimentos estabelece os princ\u00edpios e diretrizes que devem reger os investimentos dos recursos IPASEMAR \u2013 Instituto de Previd\u00eancia dos Servidores Municipais de Marab\u00e1, de acordo com o Art. 3\u00ba da Resolu\u00e7\u00e3o CMN n\u00ba 3.922, de 25 de novembro de 2010 e a Portaria Minist\u00e9rio da Previd\u00eancia Social MPS 519\/2011, texto consolidado com a Portaria Minist\u00e9rio da Previd\u00eancia Social MPS 170\/2012, com vistas a promover a seguran\u00e7a, liquidez e rentabilidade necess\u00e1rias para assegurar o equil\u00edbrio entre seus ativos e passivos.<\/em><\/a><\/p>\n","protected":false},"excerpt":{"rendered":"<p>Pol\u00edtica Anual de Investimentos 2026 (Adequa\u00e7\u00e3o a Resolu\u00e7\u00e3o CMN n\u00ba 5.272, de 18 de dezembro de 2025) Em conformidade com a legisla\u00e7\u00e3o vigente aplic\u00e1vel aos investimentos dos Regimes Pr\u00f3prios de Previd\u00eancia Social (RPPS), especialmente a Resolu\u00e7\u00e3o CMN n\u00ba 5.272, de 18 de dezembro de 2025, e a Portaria MTP n\u00ba 1.467, de 2 de junho [&hellip;]<\/p>\n","protected":false},"author":3,"featured_media":0,"parent":0,"menu_order":0,"comment_status":"closed","ping_status":"closed","template":"","meta":{"footnotes":""},"class_list":["post-955","page","type-page","status-publish","hentry"],"_links":{"self":[{"href":"https:\/\/www.ipasemar.pa.gov.br\/transparencia\/wp-json\/wp\/v2\/pages\/955","targetHints":{"allow":["GET"]}}],"collection":[{"href":"https:\/\/www.ipasemar.pa.gov.br\/transparencia\/wp-json\/wp\/v2\/pages"}],"about":[{"href":"https:\/\/www.ipasemar.pa.gov.br\/transparencia\/wp-json\/wp\/v2\/types\/page"}],"author":[{"embeddable":true,"href":"https:\/\/www.ipasemar.pa.gov.br\/transparencia\/wp-json\/wp\/v2\/users\/3"}],"replies":[{"embeddable":true,"href":"https:\/\/www.ipasemar.pa.gov.br\/transparencia\/wp-json\/wp\/v2\/comments?post=955"}],"version-history":[{"count":23,"href":"https:\/\/www.ipasemar.pa.gov.br\/transparencia\/wp-json\/wp\/v2\/pages\/955\/revisions"}],"predecessor-version":[{"id":4029,"href":"https:\/\/www.ipasemar.pa.gov.br\/transparencia\/wp-json\/wp\/v2\/pages\/955\/revisions\/4029"}],"wp:attachment":[{"href":"https:\/\/www.ipasemar.pa.gov.br\/transparencia\/wp-json\/wp\/v2\/media?parent=955"}],"curies":[{"name":"wp","href":"https:\/\/api.w.org\/{rel}","templated":true}]}}